{"id":22697,"date":"2020-06-03T18:21:33","date_gmt":"2020-06-03T16:21:33","guid":{"rendered":"https:\/\/metropoliagzm.pl\/?page_id=22697"},"modified":"2022-02-25T11:12:40","modified_gmt":"2022-02-25T10:12:40","slug":"honorowy-patronat","status":"publish","type":"page","link":"http:\/\/metropoliagzm.pl\/de\/honorowy-patronat\/","title":{"rendered":"Ehrenschirmherrschaften"},"content":{"rendered":"<div class=\"wpb-content-wrapper\"><div class=\"pdf-block\"><div class=\"pdfprnt-buttons  pdfprnt-new pdfprnt-buttons-page pdfprnt-top-right\"><div class=\"jssocials-share jssocials-share-twitter\"><a target=\"_blank\" href=\"https:\/\/twitter.com\/share?url=http:\/\/metropoliagzm.pl\/de\/wp-json\/wp\/v2\/pages\/22697;text=22697\" class=\"jssocials-share-link\"><i class=\"fa fa-twitter jssocials-share-logo\"><\/i><\/a><\/div><div class=\"jssocials-share jssocials-share-facebook\"><a target=\"_blank\" href=\"https:\/\/facebook.com\/sharer\/sharer.php?u=http:\/\/metropoliagzm.pl\/de\/wp-json\/wp\/v2\/pages\/22697\" class=\"jssocials-share-link\"><i class=\"fa fa-facebook jssocials-share-logo\"><\/i><\/a><\/div><div class=\"jssocials-share jssocials-share-pinterest\"><a target=\"_blank\" href=\"https:\/\/pinterest.com\/pin\/create\/bookmarklet\/?&amp;url=http:\/\/metropoliagzm.pl\/de\/wp-json\/wp\/v2\/pages\/22697;description=22697\" class=\"jssocials-share-link\"><i class=\"fa fa-pinterest jssocials-share-logo\"><\/i><\/a><\/div><a href=\"http:\/\/metropoliagzm.pl\/de\/wp-json\/wp\/v2\/pages\/22697?print=pdf\" class=\"pdfprnt-button pdfprnt-button-pdf\" target=\"_blank\"><img decoding=\"async\" src=\"https:\/\/metropoliagzm.pl\/wp-content\/plugins\/pdf-print\/images\/pdf.png\" alt=\"image_pdf\" title=\"View PDF\" \/><\/a><a href=\"http:\/\/metropoliagzm.pl\/de\/wp-json\/wp\/v2\/pages\/22697?print=print\" class=\"pdfprnt-button pdfprnt-button-print\" target=\"_blank\"><img decoding=\"async\" src=\"https:\/\/metropoliagzm.pl\/wp-content\/plugins\/pdf-print\/images\/print.png\" alt=\"image_print\" title=\"Print Content\" \/><\/a><\/div><\/div><div class=\"post-block-pdf\"><div class=\"pdfprnt-buttons pdfprnt-buttons-page pdfprnt-top-right\"><a href=\"http:\/\/metropoliagzm.pl\/de\/wp-json\/wp\/v2\/pages\/22697?print=pdf\" class=\"pdfprnt-button pdfprnt-button-pdf\" target=\"_blank\"><img decoding=\"async\" src=\"https:\/\/metropoliagzm.pl\/wp-content\/plugins\/pdf-print\/images\/pdf.png\" alt=\"image_pdf\" title=\"View PDF\" \/><\/a><a href=\"http:\/\/metropoliagzm.pl\/de\/wp-json\/wp\/v2\/pages\/22697?print=print\" class=\"pdfprnt-button pdfprnt-button-print\" target=\"_blank\"><img decoding=\"async\" src=\"https:\/\/metropoliagzm.pl\/wp-content\/plugins\/pdf-print\/images\/print.png\" alt=\"image_print\" title=\"Print Content\" \/><\/a><\/div><div class=\"vc_row wpb_row vc_row-fluid\"><div class=\"wpb_column vc_column_container vc_col-sm-8\"><div class=\"vc_column-inner\"><div class=\"wpb_wrapper\">\n\t<div class=\"wpb_text_column wpb_content_element\" >\n\t\t<div class=\"wpb_wrapper\">\n\t\t\t<h3><strong>Honorowy <\/strong><strong>Patronat <\/strong><\/h3>\n<p>&nbsp;<\/p>\n<p>Honorowy Patronat\u00a0 Przewodnicz\u0105cego Zarz\u0105du G\u00f3rno\u015bl\u0105sko-Zag\u0142\u0119biowskiej Metropolii jest wyr\u00f3\u017cnieniem,\u00a0 podkre\u015blaj\u0105cym szczeg\u00f3lny charakter wydarzenia. Przewodnicz\u0105cy Zarz\u0105du G\u00f3rno\u015bl\u0105sko-Zag\u0142\u0119biowskiej Metropolii mo\u017ce obj\u0105\u0107 patronatem organizowane imprezy i wydarzenia o zasi\u0119gu metropolitalnym, regionalnym, og\u00f3lnopolskim lub mi\u0119dzynarodowym. Przyznanie Honorowego Patronatu lub cz\u0142onkostwa w Komitecie Honorowym nie oznacza deklaracji wsparcia finansowego i organizacyjnego przedsi\u0119wzi\u0119cia.<\/p>\n<p>&nbsp;<\/p>\n<p><strong>PLIKI DO POBRANIA<\/strong><\/p>\n<ul>\n<li><span style=\"color: #d7006d;\"><em><a style=\"color: #d7006d;\" href=\"https:\/\/metropoliagzm.pl\/wp-content\/uploads\/2019\/05\/Zarzadzenie_12_2018.pdf\" target=\"_blank\" rel=\"noopener noreferrer\">Regulamin przyznawania honorowego patronatu<\/a><\/em><\/span><\/li>\n<li><a href=\"https:\/\/metropoliagzm.pl\/wp-content\/uploads\/2022\/02\/WNIOSEK-O-OBJECIE-HONOROWYM-PATRONATEM.rtf\" target=\"_blank\" rel=\"noopener noreferrer\"><em><span style=\"color: #d7006d;\">Wniosek o obj\u0119cie honorowym patronatem<\/span><\/em><\/a><\/li>\n<\/ul>\n<p>&nbsp;<\/p>\n<p><strong>UWAGA!<\/strong><br \/>\nWniosek\u00a0 wraz za\u0142\u0105cznikami powinien by\u0107 z\u0142o\u017cony <strong>nie p\u00f3\u017aniej ni\u017c na dwa miesi\u0105ce<\/strong> przed planowan\u0105 dat\u0105 organizacji imprezy.<\/p>\n<p>Wype\u0142niony wniosek wraz z za\u0142\u0105cznikami nale\u017cy przes\u0142a\u0107 na adres:<\/p>\n<p style=\"padding-left: 40px;\"><strong><em>Urz\u0105d Metropolitalny G\u00f3rno\u015bl\u0105sko-Zag\u0142\u0119biowskiej Metropolii<\/em><\/strong><br \/>\n<strong><em>Departament Zarz\u0105du i Zgromadzenia Metropolii\u00a0<\/em><\/strong><br \/>\n<strong><em>ul. Barbary 21A, 40-053 Katowice<\/em><\/strong><\/p>\n<p>lub z\u0142o\u017cy\u0107 osobi\u015bcie w Kancelarii Og\u00f3lnej urz\u0119du z dopiskiem na kopercie \u201ePatronat Honorowy\u201d.<\/p>\n\n\t\t<\/div>\n\t<\/div>\n<\/div><\/div><\/div><div class=\"wpb_column vc_column_container vc_col-sm-4\"><div class=\"vc_column-inner\"><div class=\"wpb_wrapper\">\n\t<div class=\"wpb_text_column wpb_content_element\" >\n\t\t<div class=\"wpb_wrapper\">\n\t\t\t<h3><strong>Powi\u0105zane<\/strong><\/h3>\n<p>&nbsp;<\/p>\n<p><strong>Ksi\u0119ga Znaku \/ Logo Metropolii GZM<br \/>\n<\/strong><\/p>\n<ul>\n<li><em>Zak\u0142adka logo Metropolii GZM<br \/>\n<\/em><\/li>\n<li><span style=\"color: #d7006d;\"><em><a style=\"color: #d7006d;\" href=\"https:\/\/metropoliagzm.pl\/wp-content\/uploads\/2020\/02\/GZM-MANUAL-1-32str.pdf\" target=\"_blank\" rel=\"noopener noreferrer\">Ksi\u0119ga Znaku G\u00f3rno\u015bl\u0105sko-Zag\u0142\u0119biowksiej Metropolii<\/a><\/em><\/span><\/li>\n<\/ul>\n<p><strong>Tablice informacyjne do projekt\u00f3w<\/strong><\/p>\n<ul>\n<li>Tablice Informacyjne do projektu Metropolitalny Fundusz Solidarno\u015bci\n<ul>\n<li><em><span style=\"color: #d7006d;\"><a style=\"color: #d7006d;\" href=\"https:\/\/metropoliagzm.pl\/wp-content\/uploads\/2020\/06\/01-Wytyczne-Instrukcja-dotycz\u0105ce-przygotowania-tablic-informacyjnych-Metropolitalnego-Funduszu-Solidarno\u015bciowego.pdf\" target=\"_blank\" rel=\"noopener noreferrer\">Instrukcja<\/a><\/span><\/em><\/li>\n<li><a href=\"https:\/\/metropoliagzm.pl\/wp-content\/uploads\/2020\/06\/plik_pusty_Metropolitalny_Fundusz_Solidarnosci-do-edycji-w-programach-graficznych.pdf\" target=\"_blank\" rel=\"noopener noreferrer\"><em><span style=\"color: #d7006d;\">Plik do uzupe\u0142nienia<\/span><\/em><\/a><\/li>\n<\/ul>\n<\/li>\n<li>Tablice Informacyjne do projektu Program Dzia\u0142a\u0144 Na Rzecz Ograniczenia Niskiej Emisji\n<ul>\n<li><span style=\"color: #d7006d;\"><em><a style=\"color: #d7006d;\" href=\"https:\/\/metropoliagzm.pl\/wp-content\/uploads\/2020\/06\/01-Wytyczne-Instrukcja-dotycz\u0105ce-przygotowania-tablic-informacyjnych-Program-Dzia\u0142a\u0144-na-Rzecz-Ograniczenia-Niskiej-Emisji.pdf\" target=\"_blank\" rel=\"noopener noreferrer\">Instrukcja<\/a><\/em><\/span><\/li>\n<li><a href=\"https:\/\/metropoliagzm.pl\/wp-content\/uploads\/2020\/06\/plik_pusty_program_dzialan_na_rzecz_ograniczenia_niskiej_emisjido-edycji-w-programach-graficznych.pdf\" target=\"_blank\" rel=\"noopener noreferrer\"><em><span style=\"color: #d7006d;\">Plik do uzupe\u0142nienia<\/span><\/em><\/a><\/li>\n<\/ul>\n<\/li>\n<\/ul>\n\n\t\t<\/div>\n\t<\/div>\n<\/div><\/div><\/div><\/div><div class=\"wpb_column vc_column_container vc_col-sm-12\"><div class=\"vc_column-inner\"><div class=\"wpb_wrapper\"><\/div><\/div><\/div>\n<div class=\"post-author\" style=\"font-size:13px\">j.s.<\/div><\/div><\/div>","protected":false},"excerpt":{"rendered":"<p>j.s.<\/p>","protected":false},"author":157,"featured_media":0,"parent":0,"menu_order":0,"comment_status":"closed","ping_status":"closed","template":"","meta":{"_acf_changed":false,"footnotes":""},"class_list":["post-22697","page","type-page","status-publish","hentry"],"acf":[],"yoast_head":"<!-- This site is optimized with the Yoast SEO plugin v27.3 - https:\/\/yoast.com\/product\/yoast-seo-wordpress\/ -->\n<title>Honorowy Patronat - Metropolia GZM<\/title>\n<meta name=\"robots\" content=\"index, follow, max-snippet:-1, max-image-preview:large, max-video-preview:-1\" \/>\n<link rel=\"canonical\" href=\"https:\/\/metropoliagzm.pl\/de\/honorowy-patronat\/\" \/>\n<meta name=\"twitter:card\" content=\"summary_large_image\" \/>\n<meta name=\"twitter:title\" content=\"Honorowy Patronat - Metropolia GZM\" \/>\n<meta name=\"twitter:description\" content=\"j.s.\" \/>\n<meta name=\"twitter:label1\" content=\"Gesch\u00e4tzte Lesezeit\" \/>\n\t<meta name=\"twitter:data1\" content=\"1\u00a0Minute\" \/>\n<script type=\"application\/ld+json\" class=\"yoast-schema-graph\">{\"@context\":\"https:\\\/\\\/schema.org\",\"@graph\":[{\"@type\":\"WebPage\",\"@id\":\"https:\\\/\\\/metropoliagzm.pl\\\/honorowy-patronat\\\/\",\"url\":\"https:\\\/\\\/metropoliagzm.pl\\\/honorowy-patronat\\\/\",\"name\":\"Honorowy Patronat - Metropolia GZM\",\"isPartOf\":{\"@id\":\"https:\\\/\\\/metropoliagzm.pl\\\/en\\\/#website\"},\"datePublished\":\"2020-06-03T16:21:33+00:00\",\"dateModified\":\"2022-02-25T10:12:40+00:00\",\"breadcrumb\":{\"@id\":\"https:\\\/\\\/metropoliagzm.pl\\\/honorowy-patronat\\\/#breadcrumb\"},\"inLanguage\":\"de\",\"potentialAction\":[{\"@type\":\"ReadAction\",\"target\":[\"https:\\\/\\\/metropoliagzm.pl\\\/honorowy-patronat\\\/\"]}]},{\"@type\":\"BreadcrumbList\",\"@id\":\"https:\\\/\\\/metropoliagzm.pl\\\/honorowy-patronat\\\/#breadcrumb\",\"itemListElement\":[{\"@type\":\"ListItem\",\"position\":1,\"name\":\"Strona g\u0142\u00f3wna\",\"item\":\"https:\\\/\\\/metropoliagzm.pl\\\/\"},{\"@type\":\"ListItem\",\"position\":2,\"name\":\"Honorowy Patronat\"}]},{\"@type\":\"WebSite\",\"@id\":\"https:\\\/\\\/metropoliagzm.pl\\\/en\\\/#website\",\"url\":\"https:\\\/\\\/metropoliagzm.pl\\\/en\\\/\",\"name\":\"Metropolia GZM\",\"description\":\"Oficjalny portal G\u00f3rno\u015bl\u0105sko-Zag\u0142\u0119biowskiej Metropolii\",\"publisher\":{\"@id\":\"https:\\\/\\\/metropoliagzm.pl\\\/en\\\/#organization\"},\"potentialAction\":[{\"@type\":\"SearchAction\",\"target\":{\"@type\":\"EntryPoint\",\"urlTemplate\":\"https:\\\/\\\/metropoliagzm.pl\\\/en\\\/?s={search_term_string}\"},\"query-input\":{\"@type\":\"PropertyValueSpecification\",\"valueRequired\":true,\"valueName\":\"search_term_string\"}}],\"inLanguage\":\"de\"},{\"@type\":\"Organization\",\"@id\":\"https:\\\/\\\/metropoliagzm.pl\\\/en\\\/#organization\",\"name\":\"Metropolia GZM\",\"url\":\"https:\\\/\\\/metropoliagzm.pl\\\/en\\\/\",\"logo\":{\"@type\":\"ImageObject\",\"inLanguage\":\"de\",\"@id\":\"https:\\\/\\\/metropoliagzm.pl\\\/en\\\/#\\\/schema\\\/logo\\\/image\\\/\",\"url\":\"https:\\\/\\\/metropoliagzm.pl\\\/wp-content\\\/uploads\\\/2019\\\/03\\\/Sygnet-strona-glowna.png\",\"contentUrl\":\"https:\\\/\\\/metropoliagzm.pl\\\/wp-content\\\/uploads\\\/2019\\\/03\\\/Sygnet-strona-glowna.png\",\"width\":36,\"height\":45,\"caption\":\"Metropolia GZM\"},\"image\":{\"@id\":\"https:\\\/\\\/metropoliagzm.pl\\\/en\\\/#\\\/schema\\\/logo\\\/image\\\/\"}}]}<\/script>\n<!-- \/ Yoast SEO plugin. -->","yoast_head_json":{"title":"Honorowy Patronat - Metropolia GZM","robots":{"index":"index","follow":"follow","max-snippet":"max-snippet:-1","max-image-preview":"max-image-preview:large","max-video-preview":"max-video-preview:-1"},"canonical":"https:\/\/metropoliagzm.pl\/de\/honorowy-patronat\/","twitter_card":"summary_large_image","twitter_title":"Honorowy Patronat - Metropolia GZM","twitter_description":"j.s.","twitter_misc":{"Gesch\u00e4tzte Lesezeit":"1\u00a0Minute"},"schema":{"@context":"https:\/\/schema.org","@graph":[{"@type":"WebPage","@id":"https:\/\/metropoliagzm.pl\/honorowy-patronat\/","url":"https:\/\/metropoliagzm.pl\/honorowy-patronat\/","name":"Honorowy Patronat - Metropolia GZM","isPartOf":{"@id":"https:\/\/metropoliagzm.pl\/en\/#website"},"datePublished":"2020-06-03T16:21:33+00:00","dateModified":"2022-02-25T10:12:40+00:00","breadcrumb":{"@id":"https:\/\/metropoliagzm.pl\/honorowy-patronat\/#breadcrumb"},"inLanguage":"de","potentialAction":[{"@type":"ReadAction","target":["https:\/\/metropoliagzm.pl\/honorowy-patronat\/"]}]},{"@type":"BreadcrumbList","@id":"https:\/\/metropoliagzm.pl\/honorowy-patronat\/#breadcrumb","itemListElement":[{"@type":"ListItem","position":1,"name":"Strona g\u0142\u00f3wna","item":"https:\/\/metropoliagzm.pl\/"},{"@type":"ListItem","position":2,"name":"Honorowy Patronat"}]},{"@type":"WebSite","@id":"https:\/\/metropoliagzm.pl\/en\/#website","url":"https:\/\/metropoliagzm.pl\/en\/","name":"Metropolia GZM","description":"Oficjalny portal G\u00f3rno\u015bl\u0105sko-Zag\u0142\u0119biowskiej Metropolii","publisher":{"@id":"https:\/\/metropoliagzm.pl\/en\/#organization"},"potentialAction":[{"@type":"SearchAction","target":{"@type":"EntryPoint","urlTemplate":"https:\/\/metropoliagzm.pl\/en\/?s={search_term_string}"},"query-input":{"@type":"PropertyValueSpecification","valueRequired":true,"valueName":"search_term_string"}}],"inLanguage":"de"},{"@type":"Organization","@id":"https:\/\/metropoliagzm.pl\/en\/#organization","name":"Metropolia GZM","url":"https:\/\/metropoliagzm.pl\/en\/","logo":{"@type":"ImageObject","inLanguage":"de","@id":"https:\/\/metropoliagzm.pl\/en\/#\/schema\/logo\/image\/","url":"https:\/\/metropoliagzm.pl\/wp-content\/uploads\/2019\/03\/Sygnet-strona-glowna.png","contentUrl":"https:\/\/metropoliagzm.pl\/wp-content\/uploads\/2019\/03\/Sygnet-strona-glowna.png","width":36,"height":45,"caption":"Metropolia GZM"},"image":{"@id":"https:\/\/metropoliagzm.pl\/en\/#\/schema\/logo\/image\/"}}]}},"_links":{"self":[{"href":"http:\/\/metropoliagzm.pl\/de\/wp-json\/wp\/v2\/pages\/22697","targetHints":{"allow":["GET"]}}],"collection":[{"href":"http:\/\/metropoliagzm.pl\/de\/wp-json\/wp\/v2\/pages"}],"about":[{"href":"http:\/\/metropoliagzm.pl\/de\/wp-json\/wp\/v2\/types\/page"}],"author":[{"embeddable":true,"href":"http:\/\/metropoliagzm.pl\/de\/wp-json\/wp\/v2\/users\/157"}],"replies":[{"embeddable":true,"href":"http:\/\/metropoliagzm.pl\/de\/wp-json\/wp\/v2\/comments?post=22697"}],"version-history":[{"count":13,"href":"http:\/\/metropoliagzm.pl\/de\/wp-json\/wp\/v2\/pages\/22697\/revisions"}],"predecessor-version":[{"id":39246,"href":"http:\/\/metropoliagzm.pl\/de\/wp-json\/wp\/v2\/pages\/22697\/revisions\/39246"}],"wp:attachment":[{"href":"http:\/\/metropoliagzm.pl\/de\/wp-json\/wp\/v2\/media?parent=22697"}],"curies":[{"name":"wp","href":"https:\/\/api.w.org\/{rel}","templated":true}]}}