{"id":2851,"date":"2019-04-15T12:50:15","date_gmt":"2019-04-15T10:50:15","guid":{"rendered":"https:\/\/wpgzm.dev.euvic.pl\/?page_id=2851"},"modified":"2025-03-05T11:07:19","modified_gmt":"2025-03-05T10:07:19","slug":"metropolia-dzis","status":"publish","type":"page","link":"http:\/\/metropoliagzm.pl\/de\/metropolia-dzis\/","title":{"rendered":"Die Metropole heute"},"content":{"rendered":"<div class=\"wpb-content-wrapper\"><div class=\"pdf-block\"><div class=\"pdfprnt-buttons  pdfprnt-new pdfprnt-buttons-page pdfprnt-top-right\"><div class=\"jssocials-share jssocials-share-twitter\"><a target=\"_blank\" href=\"https:\/\/twitter.com\/share?url=http:\/\/metropoliagzm.pl\/de\/wp-json\/wp\/v2\/pages\/2851;text=2851\" class=\"jssocials-share-link\"><i class=\"fa fa-twitter jssocials-share-logo\"><\/i><\/a><\/div><div class=\"jssocials-share jssocials-share-facebook\"><a target=\"_blank\" href=\"https:\/\/facebook.com\/sharer\/sharer.php?u=http:\/\/metropoliagzm.pl\/de\/wp-json\/wp\/v2\/pages\/2851\" class=\"jssocials-share-link\"><i class=\"fa fa-facebook jssocials-share-logo\"><\/i><\/a><\/div><div class=\"jssocials-share jssocials-share-pinterest\"><a target=\"_blank\" href=\"https:\/\/pinterest.com\/pin\/create\/bookmarklet\/?&amp;url=http:\/\/metropoliagzm.pl\/de\/wp-json\/wp\/v2\/pages\/2851;description=2851\" class=\"jssocials-share-link\"><i class=\"fa fa-pinterest jssocials-share-logo\"><\/i><\/a><\/div><a href=\"http:\/\/metropoliagzm.pl\/de\/wp-json\/wp\/v2\/pages\/2851?print=pdf\" class=\"pdfprnt-button pdfprnt-button-pdf\" target=\"_blank\"><img decoding=\"async\" src=\"https:\/\/metropoliagzm.pl\/wp-content\/plugins\/pdf-print\/images\/pdf.png\" alt=\"image_pdf\" title=\"View PDF\" \/><\/a><a href=\"http:\/\/metropoliagzm.pl\/de\/wp-json\/wp\/v2\/pages\/2851?print=print\" class=\"pdfprnt-button pdfprnt-button-print\" target=\"_blank\"><img decoding=\"async\" src=\"https:\/\/metropoliagzm.pl\/wp-content\/plugins\/pdf-print\/images\/print.png\" alt=\"image_print\" title=\"Print Content\" \/><\/a><\/div><\/div><div class=\"post-block-pdf\"><div class=\"pdfprnt-buttons pdfprnt-buttons-page pdfprnt-top-right\"><a href=\"http:\/\/metropoliagzm.pl\/de\/wp-json\/wp\/v2\/pages\/2851?print=pdf\" class=\"pdfprnt-button pdfprnt-button-pdf\" target=\"_blank\"><img decoding=\"async\" src=\"https:\/\/metropoliagzm.pl\/wp-content\/plugins\/pdf-print\/images\/pdf.png\" alt=\"image_pdf\" title=\"View PDF\" \/><\/a><a href=\"http:\/\/metropoliagzm.pl\/de\/wp-json\/wp\/v2\/pages\/2851?print=print\" class=\"pdfprnt-button pdfprnt-button-print\" target=\"_blank\"><img decoding=\"async\" src=\"https:\/\/metropoliagzm.pl\/wp-content\/plugins\/pdf-print\/images\/print.png\" alt=\"image_print\" title=\"Print Content\" \/><\/a><\/div><div class=\"vc_row wpb_row vc_row-fluid\"><div class=\"wpb_column vc_column_container vc_col-sm-12\"><div class=\"vc_column-inner vc_custom_1557491363906\"><div class=\"wpb_wrapper\">\n\t<div  class=\"wpb_single_image wpb_content_element vc_align_left wpb_content_element\">\n\t\t\n\t\t<figure class=\"wpb_wrapper vc_figure\">\n\t\t\t<div class=\"vc_single_image-wrapper   vc_box_border_grey\"><img loading=\"lazy\" decoding=\"async\" width=\"1200\" height=\"340\" src=\"https:\/\/metropoliagzm.pl\/wp-content\/uploads\/2019\/09\/1200x340-Zakladki-menu-glownego_2_-Zam\u00f3wienia-publiczne.png\" class=\"vc_single_image-img attachment-full\" alt=\"\" title=\"1200x340 Zakladki menu glownego_2_ Zam\u00f3wienia publiczne\" srcset=\"https:\/\/metropoliagzm.pl\/wp-content\/uploads\/2019\/09\/1200x340-Zakladki-menu-glownego_2_-Zam\u00f3wienia-publiczne.png 1200w, https:\/\/metropoliagzm.pl\/wp-content\/uploads\/2019\/09\/1200x340-Zakladki-menu-glownego_2_-Zam\u00f3wienia-publiczne-300x85.png 300w, https:\/\/metropoliagzm.pl\/wp-content\/uploads\/2019\/09\/1200x340-Zakladki-menu-glownego_2_-Zam\u00f3wienia-publiczne-768x218.png 768w, https:\/\/metropoliagzm.pl\/wp-content\/uploads\/2019\/09\/1200x340-Zakladki-menu-glownego_2_-Zam\u00f3wienia-publiczne-1024x290.png 1024w, https:\/\/metropoliagzm.pl\/wp-content\/uploads\/2019\/09\/1200x340-Zakladki-menu-glownego_2_-Zam\u00f3wienia-publiczne-585x166.png 585w\" sizes=\"auto, (max-width: 1200px) 100vw, 1200px\" \/><\/div>\n\t\t<\/figure>\n\t<\/div>\n<\/div><\/div><\/div><\/div><div class=\"vc_row wpb_row vc_row-fluid\"><div class=\"wpb_column vc_column_container vc_col-sm-12\"><div class=\"vc_column-inner\"><div class=\"wpb_wrapper\">\n\t<div class=\"wpb_text_column wpb_content_element static-no-sidebar\" >\n\t\t<div class=\"wpb_wrapper\">\n\t\t\t<h1><strong>Die Metropole heute<\/strong><\/h1>\n<p><strong>41 miast i gmin o \u0142\u0105cznej powierzchni 2,5 tys. km kw., w kt\u00f3rych mieszka 2,1 mln mieszka\u0144c\u00f3w, dzia\u0142a 280 tys. firm i przedsi\u0119biorstw, wytwarzaj\u0105cych ok. 8 proc. PKB naszego kraju. To G\u00f3rno\u015bl\u0105sko-Zag\u0142\u0119biowska Metropolia \u2013 pierwsza metropolia w Polsce.\u00a0<\/strong><\/p>\n<p>Die Einwohner der Mitte der Woiwodschaft Schlesien hatten seit Jahren das Gef\u00fchl, dass sie in einem einheitlichen st\u00e4dtischen Organismus leben, in dem die Verwaltungsgrenzen einen rein formalen Charakter haben. Daher war auch die Entstehung der Metropole im Zentrum der Woiwodschaft Schlesien etwas ganz Nat\u00fcrliches.<\/p>\n<p>Unser wichtigstes Ziel ist es, Ma\u00dfnahmen einzuleiten, die die Qualit\u00e4t und den Komfort des Lebens der Einwohner durch die Einf\u00fchrung gemeinsamer L\u00f6sungen optimieren. Wir m\u00f6chten das Potenzial der Mitgliedsgemeinden nutzen, die Einwohner zur Kreativit\u00e4t anregen und zu Ver\u00e4nderungen inspirieren, die die Beschleunigung der wirtschaftlichen und gesellschaftlichen Prozesse erm\u00f6glichen und zur Erschaffung eines Wachstumszentrums f\u00fchren, das mit anderen Metropolgebieten im Land und auf der Welt konkurrieren kann.<\/p>\n<p>Specjalnie dedykowana nam ustawa, na mocy kt\u00f3rej GZM powsta\u0142a, okre\u015bli\u0142a list\u0119 zada\u0144, do kt\u00f3rych realizacji zostali\u015bmy powo\u0142ani:<\/p>\n<h2><strong>\u00d6FFENTLICHER VERKEHR<\/strong><\/h2>\n<p>Ein gut organisierter \u00f6ffentlicher Verkehr das ist nicht nur ein gemeinsames Zug-, Bus- und Stra\u00dfenbahnticket; ein bequemer \u00f6ffentlicher Nahverkehr, der daf\u00fcr sorgt, dass man z\u00fcgig Arbeit, Schule, Einkaufszentren oder Kino erreicht - bedeutet auch eine Entwicklung der Fahrradinfrastruktur und einer modernen Bahn. Das Schl\u00fcsselwort ist hier eine ausgewogene st\u00e4dtische Mobilit\u00e4t, d. h. eine Gew\u00e4hrleistung vieler Reisem\u00f6glichkeiten, unter Verwendung der - in einer gegebenen Situation - effektivsten Verkehrsmittel. Die Nahverkehrsbed\u00fcrfnisse der Einwohner ver\u00e4ndern sich und wir m\u00fcssen ihnen folgen. Unserer Ansicht nach wird die Zukunft der Mobilit\u00e4t in den St\u00e4dten in elektrischen Fahrzeugen, autonomen Fahrzeugen und im Carsharing bestehen. Es liegt an uns, den Einwohnern einen breiten F\u00e4cher an Nahverkehrsm\u00f6glichkeiten zu sichern, die an die Bed\u00fcrfnisse des Augenblicks und an die pers\u00f6nlichen Vorlieben angepasst sind.<\/p>\n<h2><strong>GESELLSCHAFTLICH-WIRTSCHAFTLICHE ENTWICKLUNG<\/strong><\/h2>\n<p>Gemeinsam handelnd, haben wir die Chance, noch effektiver zu werden. Dadurch k\u00f6nnen wir uns schneller entwickeln, ein starker Partner f\u00fcr andere, gro\u00dfe Stadtzentren im In- und Ausland werden. Wir m\u00f6chten aktiv am Prozess der auf Wissen gest\u00fctzten Wirtschaft teilnehmen; die Zusammenarbeit der in unserem Gebiet t\u00e4tigen Unternehmen koordinieren; die Entwicklung der Schl\u00fcsselbranchen inspirieren. Wir erkennen auch das Potenzial in der Zusammenarbeit auf der Linie Business-Wissenschaft-Selbstverwaltung und im gemeinsamen Handeln mit den Institutionen in der Businesssph\u00e4re sowie mit Hochschulen. Gerade auf dem Weg einer solchen gemeinsamen Aktivit\u00e4t suchen wir den Synergieeffekt zu erreichen, um unsere Chance auf das Interesse der Investoren am Angebot der St\u00e4dte und Gemeinden der Metropole GZM zu vergr\u00f6\u00dfern und die Qualit\u00e4t und den Komfort des Lebens der Einwohner zu verbessern.<\/p>\n<h2><strong>GESTALTUNG DER R\u00c4UMLICHEN ORDNUNG<\/strong><\/h2>\n<p>Das ist die F\u00fcrsorge daf\u00fcr, wie unsere Umgebung aussieht, damit sie wohlgeordnet ist, ihr System durchdacht und die angewendeten L\u00f6sungen - an die Bed\u00fcrfnisse der Einwohner angepasst sind. Unser Ziel ist, der r\u00e4umlichen Entwicklung einen homogenen, gleichm\u00e4\u00dfigen und rationalisierten Metropole-Charakter zu verleihen. Das ist auch eine Zusammenarbeit zugunsten der Entwicklung der Verkehrssysteme, darunter der Radwege.<\/p>\n<h2><strong>OCHRONA KLIMATU I ADAPTACJA DO JEGO ZMIAN<\/strong><\/h2>\n<p>Mamy \u015bwiadomo\u015b\u0107, \u017ce klimat si\u0119 zmienia i \u017ce jest to odczuwalne przede wszystkim w miastach. Podejmujemy dzia\u0142ania, kt\u00f3re pozwalaj\u0105 lepiej si\u0119 do zmian klimatu przystosowa\u0107. Uczymy si\u0119, jak gospodarowa\u0107 wod\u0105 opadow\u0105 i powstawaniu miejskich wysp ciep\u0142a. Chcemy, aby w naszych miastach mniej by\u0142o betonu, a wi\u0119cej zieleni.<\/p>\n<h2><strong>PROMOTION<\/strong><\/h2>\n<p>Das ist die Popularisierung im In- und Ausland aller Vorz\u00fcge der Metropole. Wir m\u00f6chten mit den falsch funktionierenden Stereotypen brachen und das Potenzial unseres Gebietes so zeigen, wie es wirklich ist. Die Metropole GZM das sind riesige wirtschaftliche, gesellschaftliche, intellektuelle, kommunikative und kulturelle Ressourcen.<\/p>\n<p>&nbsp;<\/p>\n<p>Die Metropole GZM umfasst 41 St\u00e4dte und Gemeinden, die sich in der Mitte der Woiwodschaft Schlesien befinden. Sie wurden symbolisch in f\u00fcnf Unterregione aufgeteilt:<\/p>\n<ul>\n<li>Unterregion Bytom: Bytom, O\u017carowice, Piekary \u015al\u0105skie, Radzionk\u00f3w, \u015awierklaniec, Tarnowskie G\u00f3ry, Zbros\u0142awice;<\/li>\n<li>Unterregion Gliwice: Gliwice, Giera\u0142towice, Knur\u00f3w, Pilchowice, Pyskowice, Rudziniec, So\u015bnicowice, Zabrze;<\/li>\n<li>Unterregion Katowice: Katowice, Chorz\u00f3w, Mys\u0142owice, Ruda \u015al\u0105ska, Siemianowice \u015al\u0105skie, \u015awi\u0119toch\u0142owice;<\/li>\n<li>Unterregion Sosnowiec: Sosnowiec, B\u0119dzin, Bobrowniki, Czelad\u017a, D\u0105browa G\u00f3rnicza, Mierz\u0119cice, Psary, Siewierz, S\u0142awk\u00f3w, Wojkowice;<\/li>\n<li>Unterregion Tychy: Tychy, Bieru\u0144, Bojszowy, Che\u0142m \u015al\u0105ski, Imielin, Kobi\u00f3r, L\u0119dziny, \u0141aziska G\u00f3rne, Miko\u0142\u00f3w, Wyry.<\/li>\n<\/ul>\n<p>Der Sitz der Beh\u00f6rden der Metropole GZM ist Katowice.<\/p>\n\n\t\t<\/div>\n\t<\/div>\n<\/div><\/div><\/div><\/div><div class=\"vc_row wpb_row vc_row-fluid\"><div class=\"wpb_column vc_column_container vc_col-sm-12\"><div class=\"vc_column-inner\"><div class=\"wpb_wrapper\">\r\n            \r\n            <div class=\"sh-empty-space vc_empty_space sh-empty-space-JDgqt2Zv3Q\" style=\"height: 32px\">\r\n                <span class=\"vc_empty_space_inner\"><\/span>\r\n            <\/div>\r\n\r\n        \n\t<div class=\"wpb_video_widget wpb_content_element vc_clearfix  static-no-sidebar  vc_video-aspect-ratio-169 vc_video-el-width-100 vc_video-align-center\" >\n\t\t<div class=\"wpb_wrapper\">\n\t\t\t\n\t\t\t<div class=\"wpb_video_wrapper\"><iframe loading=\"lazy\" title=\"Czy wiesz co to GZM?\" width=\"500\" height=\"281\" src=\"https:\/\/www.youtube.com\/embed\/0tAFTDasmng?feature=oembed\" frameborder=\"0\" allow=\"accelerometer; autoplay; clipboard-write; encrypted-media; gyroscope; picture-in-picture; web-share\" referrerpolicy=\"strict-origin-when-cross-origin\" allowfullscreen><\/iframe><\/div>\n\t\t<\/div>\n\t<\/div>\n<\/div><\/div><\/div><\/div>\n<div class=\"post-author\" style=\"font-size:13px\">admin tresc<\/div><\/div><\/div>","protected":false},"excerpt":{"rendered":"<p>admin tresc<\/p>","protected":false},"author":161,"featured_media":0,"parent":0,"menu_order":0,"comment_status":"closed","ping_status":"closed","template":"","meta":{"_acf_changed":false,"footnotes":""},"class_list":["post-2851","page","type-page","status-publish","hentry"],"acf":[],"yoast_head":"<!-- This site is optimized with the Yoast SEO plugin v27.3 - https:\/\/yoast.com\/product\/yoast-seo-wordpress\/ -->\n<title>Metropolia dzi\u015b - Metropolia GZM<\/title>\n<meta name=\"robots\" content=\"index, follow, max-snippet:-1, max-image-preview:large, max-video-preview:-1\" \/>\n<link rel=\"canonical\" href=\"https:\/\/metropoliagzm.pl\/de\/metropolia-dzis\/\" \/>\n<meta name=\"twitter:card\" content=\"summary_large_image\" \/>\n<meta name=\"twitter:title\" content=\"Metropolia dzi\u015b - Metropolia GZM\" \/>\n<meta name=\"twitter:description\" content=\"admin tresc\" \/>\n<meta name=\"twitter:label1\" content=\"Gesch\u00e4tzte Lesezeit\" \/>\n\t<meta name=\"twitter:data1\" content=\"4\u00a0Minuten\" \/>\n<script type=\"application\/ld+json\" class=\"yoast-schema-graph\">{\"@context\":\"https:\\\/\\\/schema.org\",\"@graph\":[{\"@type\":\"WebPage\",\"@id\":\"https:\\\/\\\/metropoliagzm.pl\\\/metropolia-dzis\\\/\",\"url\":\"https:\\\/\\\/metropoliagzm.pl\\\/metropolia-dzis\\\/\",\"name\":\"Metropolia dzi\u015b - Metropolia GZM\",\"isPartOf\":{\"@id\":\"https:\\\/\\\/metropoliagzm.pl\\\/en\\\/#website\"},\"datePublished\":\"2019-04-15T10:50:15+00:00\",\"dateModified\":\"2025-03-05T10:07:19+00:00\",\"breadcrumb\":{\"@id\":\"https:\\\/\\\/metropoliagzm.pl\\\/metropolia-dzis\\\/#breadcrumb\"},\"inLanguage\":\"de\",\"potentialAction\":[{\"@type\":\"ReadAction\",\"target\":[\"https:\\\/\\\/metropoliagzm.pl\\\/metropolia-dzis\\\/\"]}]},{\"@type\":\"BreadcrumbList\",\"@id\":\"https:\\\/\\\/metropoliagzm.pl\\\/metropolia-dzis\\\/#breadcrumb\",\"itemListElement\":[{\"@type\":\"ListItem\",\"position\":1,\"name\":\"Strona g\u0142\u00f3wna\",\"item\":\"https:\\\/\\\/metropoliagzm.pl\\\/\"},{\"@type\":\"ListItem\",\"position\":2,\"name\":\"Metropolia dzi\u015b\"}]},{\"@type\":\"WebSite\",\"@id\":\"https:\\\/\\\/metropoliagzm.pl\\\/en\\\/#website\",\"url\":\"https:\\\/\\\/metropoliagzm.pl\\\/en\\\/\",\"name\":\"Metropolia GZM\",\"description\":\"Oficjalny portal G\u00f3rno\u015bl\u0105sko-Zag\u0142\u0119biowskiej Metropolii\",\"publisher\":{\"@id\":\"https:\\\/\\\/metropoliagzm.pl\\\/en\\\/#organization\"},\"potentialAction\":[{\"@type\":\"SearchAction\",\"target\":{\"@type\":\"EntryPoint\",\"urlTemplate\":\"https:\\\/\\\/metropoliagzm.pl\\\/en\\\/?s={search_term_string}\"},\"query-input\":{\"@type\":\"PropertyValueSpecification\",\"valueRequired\":true,\"valueName\":\"search_term_string\"}}],\"inLanguage\":\"de\"},{\"@type\":\"Organization\",\"@id\":\"https:\\\/\\\/metropoliagzm.pl\\\/en\\\/#organization\",\"name\":\"Metropolia GZM\",\"url\":\"https:\\\/\\\/metropoliagzm.pl\\\/en\\\/\",\"logo\":{\"@type\":\"ImageObject\",\"inLanguage\":\"de\",\"@id\":\"https:\\\/\\\/metropoliagzm.pl\\\/en\\\/#\\\/schema\\\/logo\\\/image\\\/\",\"url\":\"https:\\\/\\\/metropoliagzm.pl\\\/wp-content\\\/uploads\\\/2019\\\/03\\\/Sygnet-strona-glowna.png\",\"contentUrl\":\"https:\\\/\\\/metropoliagzm.pl\\\/wp-content\\\/uploads\\\/2019\\\/03\\\/Sygnet-strona-glowna.png\",\"width\":36,\"height\":45,\"caption\":\"Metropolia GZM\"},\"image\":{\"@id\":\"https:\\\/\\\/metropoliagzm.pl\\\/en\\\/#\\\/schema\\\/logo\\\/image\\\/\"}}]}<\/script>\n<!-- \/ Yoast SEO plugin. -->","yoast_head_json":{"title":"Metropolia dzi\u015b - Metropolia GZM","robots":{"index":"index","follow":"follow","max-snippet":"max-snippet:-1","max-image-preview":"max-image-preview:large","max-video-preview":"max-video-preview:-1"},"canonical":"https:\/\/metropoliagzm.pl\/de\/metropolia-dzis\/","twitter_card":"summary_large_image","twitter_title":"Metropolia dzi\u015b - Metropolia GZM","twitter_description":"admin tresc","twitter_misc":{"Gesch\u00e4tzte Lesezeit":"4\u00a0Minuten"},"schema":{"@context":"https:\/\/schema.org","@graph":[{"@type":"WebPage","@id":"https:\/\/metropoliagzm.pl\/metropolia-dzis\/","url":"https:\/\/metropoliagzm.pl\/metropolia-dzis\/","name":"Metropolia dzi\u015b - Metropolia GZM","isPartOf":{"@id":"https:\/\/metropoliagzm.pl\/en\/#website"},"datePublished":"2019-04-15T10:50:15+00:00","dateModified":"2025-03-05T10:07:19+00:00","breadcrumb":{"@id":"https:\/\/metropoliagzm.pl\/metropolia-dzis\/#breadcrumb"},"inLanguage":"de","potentialAction":[{"@type":"ReadAction","target":["https:\/\/metropoliagzm.pl\/metropolia-dzis\/"]}]},{"@type":"BreadcrumbList","@id":"https:\/\/metropoliagzm.pl\/metropolia-dzis\/#breadcrumb","itemListElement":[{"@type":"ListItem","position":1,"name":"Strona g\u0142\u00f3wna","item":"https:\/\/metropoliagzm.pl\/"},{"@type":"ListItem","position":2,"name":"Metropolia dzi\u015b"}]},{"@type":"WebSite","@id":"https:\/\/metropoliagzm.pl\/en\/#website","url":"https:\/\/metropoliagzm.pl\/en\/","name":"Metropolia GZM","description":"Oficjalny portal G\u00f3rno\u015bl\u0105sko-Zag\u0142\u0119biowskiej Metropolii","publisher":{"@id":"https:\/\/metropoliagzm.pl\/en\/#organization"},"potentialAction":[{"@type":"SearchAction","target":{"@type":"EntryPoint","urlTemplate":"https:\/\/metropoliagzm.pl\/en\/?s={search_term_string}"},"query-input":{"@type":"PropertyValueSpecification","valueRequired":true,"valueName":"search_term_string"}}],"inLanguage":"de"},{"@type":"Organization","@id":"https:\/\/metropoliagzm.pl\/en\/#organization","name":"Metropolia GZM","url":"https:\/\/metropoliagzm.pl\/en\/","logo":{"@type":"ImageObject","inLanguage":"de","@id":"https:\/\/metropoliagzm.pl\/en\/#\/schema\/logo\/image\/","url":"https:\/\/metropoliagzm.pl\/wp-content\/uploads\/2019\/03\/Sygnet-strona-glowna.png","contentUrl":"https:\/\/metropoliagzm.pl\/wp-content\/uploads\/2019\/03\/Sygnet-strona-glowna.png","width":36,"height":45,"caption":"Metropolia GZM"},"image":{"@id":"https:\/\/metropoliagzm.pl\/en\/#\/schema\/logo\/image\/"}}]}},"_links":{"self":[{"href":"http:\/\/metropoliagzm.pl\/de\/wp-json\/wp\/v2\/pages\/2851","targetHints":{"allow":["GET"]}}],"collection":[{"href":"http:\/\/metropoliagzm.pl\/de\/wp-json\/wp\/v2\/pages"}],"about":[{"href":"http:\/\/metropoliagzm.pl\/de\/wp-json\/wp\/v2\/types\/page"}],"author":[{"embeddable":true,"href":"http:\/\/metropoliagzm.pl\/de\/wp-json\/wp\/v2\/users\/161"}],"replies":[{"embeddable":true,"href":"http:\/\/metropoliagzm.pl\/de\/wp-json\/wp\/v2\/comments?post=2851"}],"version-history":[{"count":31,"href":"http:\/\/metropoliagzm.pl\/de\/wp-json\/wp\/v2\/pages\/2851\/revisions"}],"predecessor-version":[{"id":46018,"href":"http:\/\/metropoliagzm.pl\/de\/wp-json\/wp\/v2\/pages\/2851\/revisions\/46018"}],"wp:attachment":[{"href":"http:\/\/metropoliagzm.pl\/de\/wp-json\/wp\/v2\/media?parent=2851"}],"curies":[{"name":"wp","href":"https:\/\/api.w.org\/{rel}","templated":true}]}}