{"id":2853,"date":"2019-04-15T12:50:44","date_gmt":"2019-04-15T10:50:44","guid":{"rendered":"https:\/\/wpgzm.dev.euvic.pl\/?page_id=2853"},"modified":"2021-03-15T14:32:37","modified_gmt":"2021-03-15T13:32:37","slug":"droga-do-metropolii","status":"publish","type":"page","link":"http:\/\/metropoliagzm.pl\/de\/droga-do-metropolii\/","title":{"rendered":"Der Weg zur Metropole"},"content":{"rendered":"<div class=\"wpb-content-wrapper\"><div class=\"pdf-block\"><div class=\"pdfprnt-buttons  pdfprnt-new pdfprnt-buttons-page pdfprnt-top-right\"><div class=\"jssocials-share jssocials-share-twitter\"><a target=\"_blank\" href=\"https:\/\/twitter.com\/share?url=http:\/\/metropoliagzm.pl\/de\/wp-json\/wp\/v2\/pages\/2853;text=2853\" class=\"jssocials-share-link\"><i class=\"fa fa-twitter jssocials-share-logo\"><\/i><\/a><\/div><div class=\"jssocials-share jssocials-share-facebook\"><a target=\"_blank\" href=\"https:\/\/facebook.com\/sharer\/sharer.php?u=http:\/\/metropoliagzm.pl\/de\/wp-json\/wp\/v2\/pages\/2853\" class=\"jssocials-share-link\"><i class=\"fa fa-facebook jssocials-share-logo\"><\/i><\/a><\/div><div class=\"jssocials-share jssocials-share-pinterest\"><a target=\"_blank\" href=\"https:\/\/pinterest.com\/pin\/create\/bookmarklet\/?&amp;url=http:\/\/metropoliagzm.pl\/de\/wp-json\/wp\/v2\/pages\/2853;description=2853\" class=\"jssocials-share-link\"><i class=\"fa fa-pinterest jssocials-share-logo\"><\/i><\/a><\/div><a href=\"http:\/\/metropoliagzm.pl\/de\/wp-json\/wp\/v2\/pages\/2853?print=pdf\" class=\"pdfprnt-button pdfprnt-button-pdf\" target=\"_blank\"><img decoding=\"async\" src=\"https:\/\/metropoliagzm.pl\/wp-content\/plugins\/pdf-print\/images\/pdf.png\" alt=\"image_pdf\" title=\"View PDF\" \/><\/a><a href=\"http:\/\/metropoliagzm.pl\/de\/wp-json\/wp\/v2\/pages\/2853?print=print\" class=\"pdfprnt-button pdfprnt-button-print\" target=\"_blank\"><img decoding=\"async\" src=\"https:\/\/metropoliagzm.pl\/wp-content\/plugins\/pdf-print\/images\/print.png\" alt=\"image_print\" title=\"Print Content\" \/><\/a><\/div><\/div><div class=\"post-block-pdf\"><div class=\"pdfprnt-buttons pdfprnt-buttons-page pdfprnt-top-right\"><a href=\"http:\/\/metropoliagzm.pl\/de\/wp-json\/wp\/v2\/pages\/2853?print=pdf\" class=\"pdfprnt-button pdfprnt-button-pdf\" target=\"_blank\"><img decoding=\"async\" src=\"https:\/\/metropoliagzm.pl\/wp-content\/plugins\/pdf-print\/images\/pdf.png\" alt=\"image_pdf\" title=\"View PDF\" \/><\/a><a href=\"http:\/\/metropoliagzm.pl\/de\/wp-json\/wp\/v2\/pages\/2853?print=print\" class=\"pdfprnt-button pdfprnt-button-print\" target=\"_blank\"><img decoding=\"async\" src=\"https:\/\/metropoliagzm.pl\/wp-content\/plugins\/pdf-print\/images\/print.png\" alt=\"image_print\" title=\"Print Content\" \/><\/a><\/div><div class=\"vc_row wpb_row vc_row-fluid\"><div class=\"wpb_column vc_column_container vc_col-sm-12\"><div class=\"vc_column-inner vc_custom_1557490999915\"><div class=\"wpb_wrapper\">\n\t<div  class=\"wpb_single_image wpb_content_element vc_align_left wpb_content_element\">\n\t\t\n\t\t<figure class=\"wpb_wrapper vc_figure\">\n\t\t\t<div class=\"vc_single_image-wrapper   vc_box_border_grey\"><img loading=\"lazy\" decoding=\"async\" width=\"1200\" height=\"340\" src=\"https:\/\/metropoliagzm.pl\/wp-content\/uploads\/2019\/09\/1200x340-Zakladki-menu-glownego_1_-droga-do-metropolii.png\" class=\"vc_single_image-img attachment-full\" alt=\"\" title=\"1200x340 Zakladki menu glownego_1_ droga do metropolii\" srcset=\"https:\/\/metropoliagzm.pl\/wp-content\/uploads\/2019\/09\/1200x340-Zakladki-menu-glownego_1_-droga-do-metropolii.png 1200w, https:\/\/metropoliagzm.pl\/wp-content\/uploads\/2019\/09\/1200x340-Zakladki-menu-glownego_1_-droga-do-metropolii-300x85.png 300w, https:\/\/metropoliagzm.pl\/wp-content\/uploads\/2019\/09\/1200x340-Zakladki-menu-glownego_1_-droga-do-metropolii-768x218.png 768w, https:\/\/metropoliagzm.pl\/wp-content\/uploads\/2019\/09\/1200x340-Zakladki-menu-glownego_1_-droga-do-metropolii-1024x290.png 1024w, https:\/\/metropoliagzm.pl\/wp-content\/uploads\/2019\/09\/1200x340-Zakladki-menu-glownego_1_-droga-do-metropolii-585x166.png 585w\" sizes=\"auto, (max-width: 1200px) 100vw, 1200px\" \/><\/div>\n\t\t<\/figure>\n\t<\/div>\n<\/div><\/div><\/div><\/div><div class=\"vc_row wpb_row vc_row-fluid\"><div class=\"wpb_column vc_column_container vc_col-sm-12\"><div class=\"vc_column-inner\"><div class=\"wpb_wrapper\">\n\t<div class=\"wpb_text_column wpb_content_element static-no-sidebar\" >\n\t\t<div class=\"wpb_wrapper\">\n\t\t\t<h1><strong>Der Weg zur Metropole<\/strong><\/h1>\n<p><strong>Die Bem\u00fchungen um die Entstehung der Metropole in der Mitte der Woiwodschaft Schlesien haben fast 20 Jahre in Anspruch genommen. W\u00e4hrend dieser ganzen Zeit haben die Mitglieder der Selbstverwaltung mehrfach bewiesen, dass sie zusammenarbeiten wollen. Sie waren sich n\u00e4mlich dessen bewusst, dass eine - sogar die gr\u00f6\u00dfte und reichste Stadt, die selbst\u00e4ndig funktioniert, nicht so stark w\u00e4re und nicht so viel anzubieten h\u00e4tte wie die Synergie vieler St\u00e4dte. Die Metropole GZM ist die erste gesetzlich ins Leben gerufene Metropole in Polen. <\/strong><\/p>\n<p>Die Einwohner von Oberschlesien und Zag\u0142\u0119bie D\u0105browskie (Dombrowaer Kohlenbecken) hatten schon lange das Gef\u00fchl, dass sie in einem einheitlichen st\u00e4dtischen Organismus leben, in dem die Verwaltungsgrenzen einen rein formalen Charakter haben. Daher war auch die Entstehung der Metropole im Zentrum der Woiwodschaft Schlesien etwas ganz Nat\u00fcrliches.<\/p>\n<p>Die Bem\u00fchungen darum dauern schon seit den Anf\u00e4ngen der Selbstverwaltungsreform in den 90ern an. des 20. Jahrhunderts an. Ein wichtiger Schritt war die Entstehung des Oberschlesischen Metropolverbandes im Jahr 2006. Er umfasste 14 gr\u00f6\u00dfte St\u00e4dte der schlesischen Konurbation. Die T\u00e4tigkeit des Verbandes legte das Fundament f\u00fcr weitere Arbeiten am Aufbau eines starken Metropolzentrums.<\/p>\n<p>Das Projekt des Metropolverbandgesetzes in der Woiwodschaft Schlesien traf am 10. Januar 2017 im Sejm an. Die Abstimmungen in den beiden Parlamentkammern fanden im M\u00e4rz 2017 statt: am 9. M\u00e4rz im Sejm und eine Woche sp\u00e4ter im Senat.<\/p>\n<p>Der langersehnte historische Moment traf am 4. April 2017 ein. An dem Tag wurde n\u00e4mlich in Katowice das die Metropole in der Woiwodschaft Schlesien ins Leben Gesetz durch den Pr\u00e4sidenten der Republik Polen unterzeichnet.<\/p>\n<p>Am 29. Juni 2017 wurde eine Verordnung des Ministerrates in der Sache der Bildung eines Metropolverbandes unter dem Namen \u201eG\u00f3rno\u015bl\u0105sko-Zag\u0142\u0119biowska Metropolia\u201c (Metropole GZM) erlassen. Zwei Tage sp\u00e4ter - am 1. Juli 2017 - ist die Metropole entstanden. Die erste Versammlung fand am 29. August 2017 statt, und am 12. September 2017 wurde die Verwaltung der Metropole gew\u00e4hlt. In den darauffolgenden Monaten wurden die Strukturen der Metropole GZM aufgebaut. Ab dem 1. Januar 2018 hat die Metropole mit der Realisierung ihrer gesetzlichen Aufgaben begonnen.<\/p>\n\n\t\t<\/div>\n\t<\/div>\n<\/div><\/div><\/div><\/div>\n<div class=\"post-author\" style=\"font-size:13px\">admin tresc<\/div><\/div><\/div>","protected":false},"excerpt":{"rendered":"<p>admin tresc<\/p>","protected":false},"author":161,"featured_media":0,"parent":0,"menu_order":0,"comment_status":"closed","ping_status":"closed","template":"","meta":{"_acf_changed":false,"footnotes":""},"class_list":["post-2853","page","type-page","status-publish","hentry"],"acf":[],"yoast_head":"<!-- This site is optimized with the Yoast SEO plugin v27.3 - https:\/\/yoast.com\/product\/yoast-seo-wordpress\/ -->\n<title>Droga do metropolii - Metropolia GZM<\/title>\n<meta name=\"robots\" content=\"index, follow, max-snippet:-1, max-image-preview:large, max-video-preview:-1\" \/>\n<link rel=\"canonical\" href=\"https:\/\/metropoliagzm.pl\/de\/droga-do-metropolii\/\" \/>\n<meta name=\"twitter:card\" content=\"summary_large_image\" \/>\n<meta name=\"twitter:title\" content=\"Droga do metropolii - Metropolia GZM\" \/>\n<meta name=\"twitter:description\" content=\"admin tresc\" \/>\n<meta name=\"twitter:label1\" content=\"Gesch\u00e4tzte Lesezeit\" \/>\n\t<meta name=\"twitter:data1\" content=\"2\u00a0Minuten\" \/>\n<script type=\"application\/ld+json\" class=\"yoast-schema-graph\">{\"@context\":\"https:\\\/\\\/schema.org\",\"@graph\":[{\"@type\":\"WebPage\",\"@id\":\"https:\\\/\\\/metropoliagzm.pl\\\/de\\\/droga-do-metropolii\\\/\",\"url\":\"https:\\\/\\\/metropoliagzm.pl\\\/de\\\/droga-do-metropolii\\\/\",\"name\":\"Droga do metropolii - Metropolia GZM\",\"isPartOf\":{\"@id\":\"https:\\\/\\\/metropoliagzm.pl\\\/en\\\/#website\"},\"datePublished\":\"2019-04-15T10:50:44+00:00\",\"dateModified\":\"2021-03-15T13:32:37+00:00\",\"breadcrumb\":{\"@id\":\"https:\\\/\\\/metropoliagzm.pl\\\/de\\\/droga-do-metropolii\\\/#breadcrumb\"},\"inLanguage\":\"de\",\"potentialAction\":[{\"@type\":\"ReadAction\",\"target\":[\"https:\\\/\\\/metropoliagzm.pl\\\/de\\\/droga-do-metropolii\\\/\"]}]},{\"@type\":\"BreadcrumbList\",\"@id\":\"https:\\\/\\\/metropoliagzm.pl\\\/de\\\/droga-do-metropolii\\\/#breadcrumb\",\"itemListElement\":[{\"@type\":\"ListItem\",\"position\":1,\"name\":\"Strona g\u0142\u00f3wna\",\"item\":\"https:\\\/\\\/metropoliagzm.pl\\\/\"},{\"@type\":\"ListItem\",\"position\":2,\"name\":\"Droga do metropolii\"}]},{\"@type\":\"WebSite\",\"@id\":\"https:\\\/\\\/metropoliagzm.pl\\\/en\\\/#website\",\"url\":\"https:\\\/\\\/metropoliagzm.pl\\\/en\\\/\",\"name\":\"Metropolia GZM\",\"description\":\"Oficjalny portal G\u00f3rno\u015bl\u0105sko-Zag\u0142\u0119biowskiej Metropolii\",\"publisher\":{\"@id\":\"https:\\\/\\\/metropoliagzm.pl\\\/en\\\/#organization\"},\"potentialAction\":[{\"@type\":\"SearchAction\",\"target\":{\"@type\":\"EntryPoint\",\"urlTemplate\":\"https:\\\/\\\/metropoliagzm.pl\\\/en\\\/?s={search_term_string}\"},\"query-input\":{\"@type\":\"PropertyValueSpecification\",\"valueRequired\":true,\"valueName\":\"search_term_string\"}}],\"inLanguage\":\"de\"},{\"@type\":\"Organization\",\"@id\":\"https:\\\/\\\/metropoliagzm.pl\\\/en\\\/#organization\",\"name\":\"Metropolia GZM\",\"url\":\"https:\\\/\\\/metropoliagzm.pl\\\/en\\\/\",\"logo\":{\"@type\":\"ImageObject\",\"inLanguage\":\"de\",\"@id\":\"https:\\\/\\\/metropoliagzm.pl\\\/en\\\/#\\\/schema\\\/logo\\\/image\\\/\",\"url\":\"https:\\\/\\\/metropoliagzm.pl\\\/wp-content\\\/uploads\\\/2019\\\/03\\\/Sygnet-strona-glowna.png\",\"contentUrl\":\"https:\\\/\\\/metropoliagzm.pl\\\/wp-content\\\/uploads\\\/2019\\\/03\\\/Sygnet-strona-glowna.png\",\"width\":36,\"height\":45,\"caption\":\"Metropolia GZM\"},\"image\":{\"@id\":\"https:\\\/\\\/metropoliagzm.pl\\\/en\\\/#\\\/schema\\\/logo\\\/image\\\/\"}}]}<\/script>\n<!-- \/ Yoast SEO plugin. -->","yoast_head_json":{"title":"Droga do metropolii - Metropolia GZM","robots":{"index":"index","follow":"follow","max-snippet":"max-snippet:-1","max-image-preview":"max-image-preview:large","max-video-preview":"max-video-preview:-1"},"canonical":"https:\/\/metropoliagzm.pl\/de\/droga-do-metropolii\/","twitter_card":"summary_large_image","twitter_title":"Droga do metropolii - Metropolia GZM","twitter_description":"admin tresc","twitter_misc":{"Gesch\u00e4tzte Lesezeit":"2\u00a0Minuten"},"schema":{"@context":"https:\/\/schema.org","@graph":[{"@type":"WebPage","@id":"https:\/\/metropoliagzm.pl\/de\/droga-do-metropolii\/","url":"https:\/\/metropoliagzm.pl\/de\/droga-do-metropolii\/","name":"Droga do metropolii - Metropolia GZM","isPartOf":{"@id":"https:\/\/metropoliagzm.pl\/en\/#website"},"datePublished":"2019-04-15T10:50:44+00:00","dateModified":"2021-03-15T13:32:37+00:00","breadcrumb":{"@id":"https:\/\/metropoliagzm.pl\/de\/droga-do-metropolii\/#breadcrumb"},"inLanguage":"de","potentialAction":[{"@type":"ReadAction","target":["https:\/\/metropoliagzm.pl\/de\/droga-do-metropolii\/"]}]},{"@type":"BreadcrumbList","@id":"https:\/\/metropoliagzm.pl\/de\/droga-do-metropolii\/#breadcrumb","itemListElement":[{"@type":"ListItem","position":1,"name":"Strona g\u0142\u00f3wna","item":"https:\/\/metropoliagzm.pl\/"},{"@type":"ListItem","position":2,"name":"Droga do metropolii"}]},{"@type":"WebSite","@id":"https:\/\/metropoliagzm.pl\/en\/#website","url":"https:\/\/metropoliagzm.pl\/en\/","name":"Metropolia GZM","description":"Oficjalny portal G\u00f3rno\u015bl\u0105sko-Zag\u0142\u0119biowskiej Metropolii","publisher":{"@id":"https:\/\/metropoliagzm.pl\/en\/#organization"},"potentialAction":[{"@type":"SearchAction","target":{"@type":"EntryPoint","urlTemplate":"https:\/\/metropoliagzm.pl\/en\/?s={search_term_string}"},"query-input":{"@type":"PropertyValueSpecification","valueRequired":true,"valueName":"search_term_string"}}],"inLanguage":"de"},{"@type":"Organization","@id":"https:\/\/metropoliagzm.pl\/en\/#organization","name":"Metropolia GZM","url":"https:\/\/metropoliagzm.pl\/en\/","logo":{"@type":"ImageObject","inLanguage":"de","@id":"https:\/\/metropoliagzm.pl\/en\/#\/schema\/logo\/image\/","url":"https:\/\/metropoliagzm.pl\/wp-content\/uploads\/2019\/03\/Sygnet-strona-glowna.png","contentUrl":"https:\/\/metropoliagzm.pl\/wp-content\/uploads\/2019\/03\/Sygnet-strona-glowna.png","width":36,"height":45,"caption":"Metropolia GZM"},"image":{"@id":"https:\/\/metropoliagzm.pl\/en\/#\/schema\/logo\/image\/"}}]}},"_links":{"self":[{"href":"http:\/\/metropoliagzm.pl\/de\/wp-json\/wp\/v2\/pages\/2853","targetHints":{"allow":["GET"]}}],"collection":[{"href":"http:\/\/metropoliagzm.pl\/de\/wp-json\/wp\/v2\/pages"}],"about":[{"href":"http:\/\/metropoliagzm.pl\/de\/wp-json\/wp\/v2\/types\/page"}],"author":[{"embeddable":true,"href":"http:\/\/metropoliagzm.pl\/de\/wp-json\/wp\/v2\/users\/161"}],"replies":[{"embeddable":true,"href":"http:\/\/metropoliagzm.pl\/de\/wp-json\/wp\/v2\/comments?post=2853"}],"version-history":[{"count":26,"href":"http:\/\/metropoliagzm.pl\/de\/wp-json\/wp\/v2\/pages\/2853\/revisions"}],"predecessor-version":[{"id":38051,"href":"http:\/\/metropoliagzm.pl\/de\/wp-json\/wp\/v2\/pages\/2853\/revisions\/38051"}],"wp:attachment":[{"href":"http:\/\/metropoliagzm.pl\/de\/wp-json\/wp\/v2\/media?parent=2853"}],"curies":[{"name":"wp","href":"https:\/\/api.w.org\/{rel}","templated":true}]}}