{"id":15337,"date":"2019-10-18T14:35:21","date_gmt":"2019-10-18T12:35:21","guid":{"rendered":"https:\/\/metropoliagzm.pl\/?page_id=15337"},"modified":"2026-04-27T08:29:13","modified_gmt":"2026-04-27T06:29:13","slug":"zarzad","status":"publish","type":"page","link":"https:\/\/metropoliagzm.pl\/de\/zarzad\/","title":{"rendered":"Management"},"content":{"rendered":"<div class=\"wpb-content-wrapper\"><div class=\"pdf-block\"><div class=\"pdfprnt-buttons  pdfprnt-new pdfprnt-buttons-page pdfprnt-top-right\"><div class=\"jssocials-share jssocials-share-twitter\"><a target=\"_blank\" href=\"https:\/\/twitter.com\/share?url=https:\/\/metropoliagzm.pl\/de\/wp-json\/wp\/v2\/pages\/15337;text=15337\" class=\"jssocials-share-link\"><i class=\"fa fa-twitter jssocials-share-logo\"><\/i><\/a><\/div><div class=\"jssocials-share jssocials-share-facebook\"><a target=\"_blank\" href=\"https:\/\/facebook.com\/sharer\/sharer.php?u=https:\/\/metropoliagzm.pl\/de\/wp-json\/wp\/v2\/pages\/15337\" class=\"jssocials-share-link\"><i class=\"fa fa-facebook jssocials-share-logo\"><\/i><\/a><\/div><div class=\"jssocials-share jssocials-share-pinterest\"><a target=\"_blank\" href=\"https:\/\/pinterest.com\/pin\/create\/bookmarklet\/?&amp;url=https:\/\/metropoliagzm.pl\/de\/wp-json\/wp\/v2\/pages\/15337;description=15337\" class=\"jssocials-share-link\"><i class=\"fa fa-pinterest jssocials-share-logo\"><\/i><\/a><\/div><a href=\"https:\/\/metropoliagzm.pl\/de\/wp-json\/wp\/v2\/pages\/15337?print=pdf\" class=\"pdfprnt-button pdfprnt-button-pdf\" target=\"_blank\"><img decoding=\"async\" src=\"https:\/\/metropoliagzm.pl\/wp-content\/plugins\/pdf-print\/images\/pdf.png\" alt=\"image_pdf\" title=\"View PDF\" \/><\/a><a href=\"https:\/\/metropoliagzm.pl\/de\/wp-json\/wp\/v2\/pages\/15337?print=print\" class=\"pdfprnt-button pdfprnt-button-print\" target=\"_blank\"><img decoding=\"async\" src=\"https:\/\/metropoliagzm.pl\/wp-content\/plugins\/pdf-print\/images\/print.png\" alt=\"image_print\" title=\"Print Content\" \/><\/a><\/div><\/div><div class=\"post-block-pdf\"><div class=\"pdfprnt-buttons pdfprnt-buttons-page pdfprnt-top-right\"><a href=\"https:\/\/metropoliagzm.pl\/de\/wp-json\/wp\/v2\/pages\/15337?print=pdf\" class=\"pdfprnt-button pdfprnt-button-pdf\" target=\"_blank\"><img decoding=\"async\" src=\"https:\/\/metropoliagzm.pl\/wp-content\/plugins\/pdf-print\/images\/pdf.png\" alt=\"image_pdf\" title=\"View PDF\" \/><\/a><a href=\"https:\/\/metropoliagzm.pl\/de\/wp-json\/wp\/v2\/pages\/15337?print=print\" class=\"pdfprnt-button pdfprnt-button-print\" target=\"_blank\"><img decoding=\"async\" src=\"https:\/\/metropoliagzm.pl\/wp-content\/plugins\/pdf-print\/images\/print.png\" alt=\"image_print\" title=\"Print Content\" \/><\/a><\/div><div class=\"vc_row wpb_row vc_row-fluid\"><div class=\"wpb_column vc_column_container vc_col-sm-12\"><div class=\"vc_column-inner vc_custom_1557491832744\"><div class=\"wpb_wrapper\">\n\t<div  class=\"wpb_single_image wpb_content_element vc_align_left wpb_content_element\">\n\t\t\n\t\t<figure class=\"wpb_wrapper vc_figure\">\n\t\t\t<div class=\"vc_single_image-wrapper   vc_box_border_grey\"><img loading=\"lazy\" decoding=\"async\" width=\"1200\" height=\"340\" src=\"https:\/\/metropoliagzm.pl\/wp-content\/uploads\/2019\/09\/1200x340-Zakladki-menu-glownego_1_-zarzad.png\" class=\"vc_single_image-img attachment-full\" alt=\"\" title=\"1200x340 Zakladki menu glownego_1_ zarzad\" srcset=\"https:\/\/metropoliagzm.pl\/wp-content\/uploads\/2019\/09\/1200x340-Zakladki-menu-glownego_1_-zarzad.png 1200w, https:\/\/metropoliagzm.pl\/wp-content\/uploads\/2019\/09\/1200x340-Zakladki-menu-glownego_1_-zarzad-300x85.png 300w, https:\/\/metropoliagzm.pl\/wp-content\/uploads\/2019\/09\/1200x340-Zakladki-menu-glownego_1_-zarzad-768x218.png 768w, https:\/\/metropoliagzm.pl\/wp-content\/uploads\/2019\/09\/1200x340-Zakladki-menu-glownego_1_-zarzad-1024x290.png 1024w, https:\/\/metropoliagzm.pl\/wp-content\/uploads\/2019\/09\/1200x340-Zakladki-menu-glownego_1_-zarzad-585x166.png 585w\" sizes=\"auto, (max-width: 1200px) 100vw, 1200px\" \/><\/div>\n\t\t<\/figure>\n\t<\/div>\n<\/div><\/div><\/div><\/div><div class=\"vc_row wpb_row vc_row-fluid\"><div class=\"wpb_column vc_column_container vc_col-sm-12\"><div class=\"vc_column-inner\"><div class=\"wpb_wrapper\">\n\t<div class=\"wpb_text_column wpb_content_element vc_custom_1664369892366\" >\n\t\t<div class=\"wpb_wrapper\">\n\t\t\t<p>Zarz\u0105d Metropolii GZM to organ wykonawczy, odpowiadaj\u0105cy za bie\u017c\u0105ce wykonywanie zada\u0144, do kt\u00f3rych realizacji GZM zosta\u0142a powo\u0142ana. W sk\u0142ad Zarz\u0105du wchodzi pi\u0119ciu cz\u0142onk\u00f3w, w tym Przewodnicz\u0105cy Zarz\u0105du i dw\u00f3ch Wiceprzewodnicz\u0105cych. Zarz\u0105d wybierany jest przez cz\u0142onk\u00f3w Zgromadzenia Metropolii, czyli przedstawicieli 41 miast i gmin w g\u0142osowaniu tajnym. G\u00f3rno\u015bl\u0105sko-Zag\u0142\u0119biowska Metropolia stosuje \u201ed\u017centelme\u0144sk\u0105 zasad\u0119\u201d, zgodnie z kt\u00f3r\u0105 w pi\u0119cioosobowym zarz\u0105dzie swojego reprezentanta ma ka\u017cdy z pi\u0119ciu podregion\u00f3w Metropolii, czyli podregion katowicki, sosnowiecki, bytomski, tyski oraz gliwicki.<\/p>\n\n\t\t<\/div>\n\t<\/div>\n<\/div><\/div><\/div><\/div><div class=\"vc_row wpb_row vc_row-fluid\"><div class=\"wpb_column vc_column_container vc_col-sm-3\"><div class=\"vc_column-inner\"><div class=\"wpb_wrapper\">\n\t<div class=\"wpb_text_column wpb_content_element\" >\n\t\t<div class=\"wpb_wrapper\">\n\t\t\t<p><img loading=\"lazy\" decoding=\"async\" class=\"size-medium wp-image-36366\" src=\"https:\/\/metropoliagzm.pl\/wp-content\/uploads\/2026\/04\/Pietraszek_Leszek_internet.jpg\" alt=\"\" width=\"300\" height=\"204\" \/><\/p>\n\n\t\t<\/div>\n\t<\/div>\n<\/div><\/div><\/div><div class=\"wpb_column vc_column_container vc_col-sm-9\"><div class=\"vc_column-inner\"><div class=\"wpb_wrapper\">\n\t<div class=\"wpb_text_column wpb_content_element\" >\n\t\t<div class=\"wpb_wrapper\">\n\t\t\t<p>Leszek Pietraszek, przewodnicz\u0105cy zarz\u0105du G\u00f3rno\u015bl\u0105sko-Zag\u0142\u0119biowskiej Metropolii. Z wykszta\u0142cenia politolog, absolwent studi\u00f3w MBA, wyk\u0142adowca akademicki, cz\u0142onek Rad eksperckich najwa\u017cniejszych uczelni akademickich wojew\u00f3dztwa \u015bl\u0105skiego, a tak\u017ce cz\u0142onek Polskiego Towarzystwa Ekonomicznego. Od listopada 2024 roku do kwietnia 2026 roku Wicemarsza\u0142ek Wojew\u00f3dztwa \u015al\u0105skiego. W zarz\u0105dzie wojew\u00f3dztwa by\u0142 odpowiedzialny za transformacj\u0119 i rozw\u00f3j, ochron\u0119 zdrowia, wsp\u00f3\u0142prac\u0119 mi\u0119dzynarodow\u0105 oraz sport i promocj\u0119 regionu. Aktywnie zaanga\u017cowany w transformacj\u0119 g\u00f3rnictwa na \u015al\u0105sku oraz jej konsekwencj\u0119 gospodarcze, ekonomiczne i spo\u0142eczne. By\u0142 tak\u017ce Prezesem Polskiej Grupy G\u00f3rniczej SA \u2013 najwi\u0119kszego europejskiego przedsi\u0119biorcy zajmuj\u0105cego si\u0119 wydobyciem i sprzeda\u017c\u0105 w\u0119gla kamiennego, a wcze\u015bniej funkcjonariuszem polskich s\u0142u\u017cb specjalnych \u2013 Urz\u0119du Ochrony Pa\u0144stwa i Agencji Bezpiecze\u0144stwa Wewn\u0119trznego. Kierowa\u0142 delegaturami ABW w Opolu i Katowicach. Po odej\u015bciu ze s\u0142u\u017cby pracowa\u0142 w podmiotach zajmuj\u0105cych si\u0119 infrastruktur\u0105 krytyczn\u0105, nast\u0119pnie przedsi\u0119biorca, kt\u00f3ry wsp\u00f3\u0142tworzy\u0142 i prowadzi\u0142 przedsi\u0119biorstwo zajmuj\u0105ce si\u0119 dzia\u0142alno\u015bci\u0105 doradcz\u0105. Cz\u0142onek Rad Nadzorczych podmiot\u00f3w rynku g\u00f3rniczego, medycznego, lotniczego oraz wodoci\u0105gowego.<br \/>\nSwoje bogate i wszechstronne do\u015bwiadczenie zawodowe wykorzystuje jako Przewodnicz\u0105cy Zarz\u0105du G\u00f3rno\u015bl\u0105sko Zag\u0142\u0119biowskiej Metropolii.\u00a0Za g\u0142\u00f3wne cele stawia sobie dynamiczny rozw\u00f3j GZM oparty na projektach, kt\u00f3re realnie wp\u0142yn\u0105 na popraw\u0119 jako\u015bci \u017cycia mieszka\u0144c\u00f3w Metropolii, jej wi\u0119ksz\u0105 rozpoznawalno\u015b\u0107 i rol\u0119 w Polsce oraz w Europie.<\/p>\n\n\t\t<\/div>\n\t<\/div>\n<\/div><\/div><\/div><\/div><div class=\"vc_row wpb_row vc_row-fluid\"><div class=\"wpb_column vc_column_container vc_col-sm-3\"><div class=\"vc_column-inner\"><div class=\"wpb_wrapper\">\n\t<div class=\"wpb_text_column wpb_content_element\" >\n\t\t<div class=\"wpb_wrapper\">\n\t\t\t<p><img loading=\"lazy\" decoding=\"async\" class=\"alignnone size-medium wp-image-45512\" src=\"https:\/\/metropoliagzm.pl\/wp-content\/uploads\/2024\/11\/Smietanski-300x200.jpg\" alt=\"\" width=\"300\" height=\"200\" srcset=\"https:\/\/metropoliagzm.pl\/wp-content\/uploads\/2024\/11\/Smietanski-300x200.jpg 300w, https:\/\/metropoliagzm.pl\/wp-content\/uploads\/2024\/11\/Smietanski-18x12.jpg 18w, https:\/\/metropoliagzm.pl\/wp-content\/uploads\/2024\/11\/Smietanski-585x391.jpg 585w, https:\/\/metropoliagzm.pl\/wp-content\/uploads\/2024\/11\/Smietanski.jpg 750w\" sizes=\"auto, (max-width: 300px) 100vw, 300px\" \/><\/p>\n\n\t\t<\/div>\n\t<\/div>\n<\/div><\/div><\/div><div class=\"wpb_column vc_column_container vc_col-sm-9\"><div class=\"vc_column-inner\"><div class=\"wpb_wrapper\">\n\t<div class=\"wpb_text_column wpb_content_element\" >\n\t\t<div class=\"wpb_wrapper\">\n\t\t\t<p>Igor \u015amieta\u0144ski, wiceprzewodnicz\u0105cy zarz\u0105du G\u00f3rno\u015bl\u0105sko-Zag\u0142\u0119biowskiej Metropolii. Tyszanin, prawnik, absolwent MBA Uniwersytetu Ekonomicznego w Krakowie, absolwent studi\u00f3w podyplomowych na Wydziale Zarz\u0105dzania Uniwersytetu Warszawskiego na kierunku menad\u017cer publiczny. Zwi\u0105zany zawodowo ze \u015al\u0105skim Urz\u0119dem Wojew\u00f3dzkim w Katowicach, w kt\u00f3rym kierowa\u0142 w latach 2006-2014 Wydzia\u0142em Infrastruktury. W tym okresie odpowiada\u0142 za przygotowanie formalno-prawne kluczowych inwestycji realizowanych na terenie wojew\u00f3dztwa \u015bl\u0105skiego, w tym: Zbiornik Racib\u00f3rz, autostrady A4 i A1, szereg dr\u00f3g ekspresowych i krajowych, Dworca G\u0142\u00f3wnego w Katowicach, rozbudowa Portu Lotniczego w Katowicach, i wielu innych. W latach 2007-2008 Pe\u0142nomocnik Wojewody \u015al\u0105skiego do Spraw Realizacji Postanowie\u0144 Uk\u0142adu z Schengen. Do zada\u0144 pe\u0142nomocnika nale\u017ca\u0142o zniesienie barier technicznych utrudniaj\u0105cych swobodny przep\u0142yw os\u00f3b w granicach Pa\u0144stw Cz\u0142onkowskich obj\u0119tych Uk\u0142adem oraz swobodnego przep\u0142ywu wszystkich os\u00f3b, w tym tak\u017ce obywateli Rzeczpospolitej Polskiej, na terenie obj\u0119tym Uk\u0142adem. W latach 2014-2023 pe\u0142ni\u0142 funkcj\u0119 zast\u0119pcy prezydenta Miasta Tychy ds. Gospodarki Przestrzennej. Odpowiada\u0142 w tym okresie za planowanie przestrzenne, budownictwo, opiek\u0119 nad zabytkami, gospodark\u0119 nieruchomo\u015bciami i geodezj\u0119.<\/p>\n\n\t\t<\/div>\n\t<\/div>\n<\/div><\/div><\/div><\/div><div class=\"vc_row wpb_row vc_row-fluid\"><div class=\"wpb_column vc_column_container vc_col-sm-3\"><div class=\"vc_column-inner\"><div class=\"wpb_wrapper\">\n\t<div class=\"wpb_text_column wpb_content_element\" >\n\t\t<div class=\"wpb_wrapper\">\n\t\t\t<p><img loading=\"lazy\" decoding=\"async\" class=\"alignnone wp-image-47574 size-medium\" src=\"https:\/\/metropoliagzm.pl\/wp-content\/uploads\/2025\/12\/DSC08235-a-300x200.jpg\" alt=\"\" width=\"300\" height=\"200\" srcset=\"https:\/\/metropoliagzm.pl\/wp-content\/uploads\/2025\/12\/DSC08235-a-300x200.jpg 300w, https:\/\/metropoliagzm.pl\/wp-content\/uploads\/2025\/12\/DSC08235-a-1024x683.jpg 1024w, https:\/\/metropoliagzm.pl\/wp-content\/uploads\/2025\/12\/DSC08235-a-768x512.jpg 768w, https:\/\/metropoliagzm.pl\/wp-content\/uploads\/2025\/12\/DSC08235-a-1536x1024.jpg 1536w, https:\/\/metropoliagzm.pl\/wp-content\/uploads\/2025\/12\/DSC08235-a-2048x1365.jpg 2048w, https:\/\/metropoliagzm.pl\/wp-content\/uploads\/2025\/12\/DSC08235-a-18x12.jpg 18w, https:\/\/metropoliagzm.pl\/wp-content\/uploads\/2025\/12\/DSC08235-a-585x390.jpg 585w\" sizes=\"auto, (max-width: 300px) 100vw, 300px\" \/><\/p>\n\n\t\t<\/div>\n\t<\/div>\n<\/div><\/div><\/div><div class=\"wpb_column vc_column_container vc_col-sm-9\"><div class=\"vc_column-inner\"><div class=\"wpb_wrapper\">\n\t<div class=\"wpb_text_column wpb_content_element\" >\n\t\t<div class=\"wpb_wrapper\">\n\t\t\t<p><span data-teams=\"true\">Jaros\u0142aw Zi\u0119ba<strong>,<\/strong> cz\u0142onek Zarz\u0105du G\u00f3rno\u015bl\u0105sko-Zag\u0142\u0119biowskiej Metropolii. Przedsi\u0119biorca, dzia\u0142acz sportowy i samorz\u0105dowiec, w latach 2024-2025 pe\u0142ni\u0142 funkcj\u0119 zast\u0119pcy prezydenta miasta Gliwice. Uko\u0144czy\u0142 studia magisterskie na Politechnice Wroc\u0142awskiej na Wydziale G\u00f3rnictwa i Geologii, zdobywaj\u0105c wykszta\u0142cenie techniczne, kt\u00f3re p\u00f3\u017aniej \u0142\u0105czy\u0142 z dzia\u0142alno\u015bci\u0105 biznesow\u0105. Absolwent studi\u00f3w MBA na Akademii WSB w D\u0105browie G\u00f3rniczej. Przez ponad 20 lat rozwija\u0142 karier\u0119 w bran\u017cy motoryzacyjnej, zajmuj\u0105c stanowiska kierownicze i zdobywaj\u0105c do\u015bwiadczenie w zarz\u0105dzaniu przedsi\u0119biorstwem oraz realizacji inwestycji. Poza dzia\u0142alno\u015bci\u0105 gospodarcz\u0105 znany jako aktywny dzia\u0142acz sportowy, szczeg\u00f3lnie wspieraj\u0105cy koszyk\u00f3wk\u0119. Przez wiele lat pe\u0142ni\u0142 funkcj\u0119 wiceprezesa Stowarzyszenia GTK Gliwice \u2013 klubu, kt\u00f3ry pod jego zaanga\u017cowaniem awansowa\u0142 z III ligi do ekstraklasy.<\/span><\/p>\n\n\t\t<\/div>\n\t<\/div>\n<\/div><\/div><\/div><\/div><div class=\"vc_row wpb_row vc_row-fluid\"><div class=\"wpb_column vc_column_container vc_col-sm-3\"><div class=\"vc_column-inner\"><div class=\"wpb_wrapper\">\n\t<div class=\"wpb_text_column wpb_content_element\" >\n\t\t<div class=\"wpb_wrapper\">\n\t\t\t<p><img loading=\"lazy\" decoding=\"async\" class=\"alignnone size-medium wp-image-44865\" src=\"https:\/\/metropoliagzm.pl\/wp-content\/uploads\/2024\/07\/Starnislaw-Korman-zarzad-GZM-2-183x300.png\" alt=\"\" width=\"183\" height=\"300\" srcset=\"https:\/\/metropoliagzm.pl\/wp-content\/uploads\/2024\/07\/Starnislaw-Korman-zarzad-GZM-2-183x300.png 183w, https:\/\/metropoliagzm.pl\/wp-content\/uploads\/2024\/07\/Starnislaw-Korman-zarzad-GZM-2-7x12.png 7w, https:\/\/metropoliagzm.pl\/wp-content\/uploads\/2024\/07\/Starnislaw-Korman-zarzad-GZM-2-585x961.png 585w, https:\/\/metropoliagzm.pl\/wp-content\/uploads\/2024\/07\/Starnislaw-Korman-zarzad-GZM-2.png 589w\" sizes=\"auto, (max-width: 183px) 100vw, 183px\" \/><\/p>\n\n\t\t<\/div>\n\t<\/div>\n<\/div><\/div><\/div><div class=\"wpb_column vc_column_container vc_col-sm-9\"><div class=\"vc_column-inner\"><div class=\"wpb_wrapper\">\n\t<div class=\"wpb_text_column wpb_content_element\" >\n\t\t<div class=\"wpb_wrapper\">\n\t\t\t<p>Stanis\u0142aw Korman, cz\u0142onek zarz\u0105du GZM. Bytomianin, do\u015bwiadczony urz\u0119dnik i samorz\u0105dowiec. W ostatnich latach \u00a0naczelnik Wydzia\u0142u Strategii, Funduszy Europejskich i Obs\u0142ugi Inwestora Urz\u0119du Miejskiego w Bytomiu. Jest absolwentem Akademii Wychowania Fizycznego im. Jerzego Kukuczki\u00a0w Katowicach. Uko\u0144czy\u0142 studia podyplomowe na kierunku \u201eManager sportu i turystyki\u201d, \u201eZarz\u0105dzenie Projektem\u201d oraz MBA. Od\u00a01994 roku pracuje w lub na rzecz r\u00f3\u017cnych instytucji samorz\u0105dowych. Przez\u00a0lata by\u0142 odpowiedzialny za pozyskanie dofinansowania i\u00a0nadzorowa\u0142 realizacj\u0119 wielomilionowych projekt\u00f3w. W latach 2014 &#8211; 2018 pe\u0142ni\u0142 funkcj\u0119 zast\u0119pcy prezydenta \u015awi\u0119toch\u0142owic.<\/p>\n\n\t\t<\/div>\n\t<\/div>\n<\/div><\/div><\/div><\/div><div class=\"vc_row wpb_row vc_row-fluid\"><div class=\"wpb_column vc_column_container vc_col-sm-12\"><div class=\"vc_column-inner\"><div class=\"wpb_wrapper\">\n\t<div class=\"wpb_text_column wpb_content_element\" >\n\t\t<div class=\"wpb_wrapper\">\n\t\t\t\n\t\t<\/div>\n\t<\/div>\n<\/div><\/div><\/div><\/div>\n<div class=\"post-author\" style=\"font-size:13px\">admin tresc<\/div><\/div><\/div>","protected":false},"excerpt":{"rendered":"<p>admin tresc<\/p>","protected":false},"author":161,"featured_media":0,"parent":0,"menu_order":0,"comment_status":"closed","ping_status":"closed","template":"","meta":{"_acf_changed":false,"footnotes":""},"class_list":["post-15337","page","type-page","status-publish","hentry"],"acf":[],"yoast_head":"<!-- This site is optimized with the Yoast SEO plugin v27.4 - https:\/\/yoast.com\/product\/yoast-seo-wordpress\/ -->\n<title>Zarz\u0105d - Metropolia GZM<\/title>\n<meta name=\"robots\" content=\"index, follow, max-snippet:-1, max-image-preview:large, max-video-preview:-1\" \/>\n<link rel=\"canonical\" href=\"https:\/\/metropoliagzm.pl\/de\/zarzad\/\" \/>\n<meta name=\"twitter:card\" content=\"summary_large_image\" \/>\n<meta name=\"twitter:title\" content=\"Zarz\u0105d - Metropolia GZM\" \/>\n<meta name=\"twitter:description\" content=\"admin tresc\" \/>\n<meta name=\"twitter:image\" content=\"https:\/\/metropoliagzm.pl\/wp-content\/uploads\/2026\/04\/Pietraszek_Leszek_internet.jpg\" \/>\n<meta name=\"twitter:label1\" content=\"Gesch\u00e4tzte Lesezeit\" \/>\n\t<meta name=\"twitter:data1\" content=\"5\u00a0Minuten\" \/>\n<script type=\"application\/ld+json\" class=\"yoast-schema-graph\">{\"@context\":\"https:\\\/\\\/schema.org\",\"@graph\":[{\"@type\":\"WebPage\",\"@id\":\"https:\\\/\\\/metropoliagzm.pl\\\/zarzad\\\/\",\"url\":\"https:\\\/\\\/metropoliagzm.pl\\\/zarzad\\\/\",\"name\":\"Zarz\u0105d - Metropolia GZM\",\"isPartOf\":{\"@id\":\"https:\\\/\\\/metropoliagzm.pl\\\/en\\\/#website\"},\"primaryImageOfPage\":{\"@id\":\"https:\\\/\\\/metropoliagzm.pl\\\/zarzad\\\/#primaryimage\"},\"image\":{\"@id\":\"https:\\\/\\\/metropoliagzm.pl\\\/zarzad\\\/#primaryimage\"},\"thumbnailUrl\":\"https:\\\/\\\/metropoliagzm.pl\\\/wp-content\\\/uploads\\\/2026\\\/04\\\/Pietraszek_Leszek_internet.jpg\",\"datePublished\":\"2019-10-18T12:35:21+00:00\",\"dateModified\":\"2026-04-27T06:29:13+00:00\",\"breadcrumb\":{\"@id\":\"https:\\\/\\\/metropoliagzm.pl\\\/zarzad\\\/#breadcrumb\"},\"inLanguage\":\"de\",\"potentialAction\":[{\"@type\":\"ReadAction\",\"target\":[\"https:\\\/\\\/metropoliagzm.pl\\\/zarzad\\\/\"]}]},{\"@type\":\"ImageObject\",\"inLanguage\":\"de\",\"@id\":\"https:\\\/\\\/metropoliagzm.pl\\\/zarzad\\\/#primaryimage\",\"url\":\"https:\\\/\\\/metropoliagzm.pl\\\/wp-content\\\/uploads\\\/2026\\\/04\\\/Pietraszek_Leszek_internet.jpg\",\"contentUrl\":\"https:\\\/\\\/metropoliagzm.pl\\\/wp-content\\\/uploads\\\/2026\\\/04\\\/Pietraszek_Leszek_internet.jpg\"},{\"@type\":\"BreadcrumbList\",\"@id\":\"https:\\\/\\\/metropoliagzm.pl\\\/zarzad\\\/#breadcrumb\",\"itemListElement\":[{\"@type\":\"ListItem\",\"position\":1,\"name\":\"Strona g\u0142\u00f3wna\",\"item\":\"https:\\\/\\\/metropoliagzm.pl\\\/\"},{\"@type\":\"ListItem\",\"position\":2,\"name\":\"Zarz\u0105d\"}]},{\"@type\":\"WebSite\",\"@id\":\"https:\\\/\\\/metropoliagzm.pl\\\/en\\\/#website\",\"url\":\"https:\\\/\\\/metropoliagzm.pl\\\/en\\\/\",\"name\":\"Metropolia GZM\",\"description\":\"Oficjalny portal G\u00f3rno\u015bl\u0105sko-Zag\u0142\u0119biowskiej Metropolii\",\"publisher\":{\"@id\":\"https:\\\/\\\/metropoliagzm.pl\\\/en\\\/#organization\"},\"potentialAction\":[{\"@type\":\"SearchAction\",\"target\":{\"@type\":\"EntryPoint\",\"urlTemplate\":\"https:\\\/\\\/metropoliagzm.pl\\\/en\\\/?s={search_term_string}\"},\"query-input\":{\"@type\":\"PropertyValueSpecification\",\"valueRequired\":true,\"valueName\":\"search_term_string\"}}],\"inLanguage\":\"de\"},{\"@type\":\"Organization\",\"@id\":\"https:\\\/\\\/metropoliagzm.pl\\\/en\\\/#organization\",\"name\":\"Metropolia GZM\",\"url\":\"https:\\\/\\\/metropoliagzm.pl\\\/en\\\/\",\"logo\":{\"@type\":\"ImageObject\",\"inLanguage\":\"de\",\"@id\":\"https:\\\/\\\/metropoliagzm.pl\\\/en\\\/#\\\/schema\\\/logo\\\/image\\\/\",\"url\":\"https:\\\/\\\/metropoliagzm.pl\\\/wp-content\\\/uploads\\\/2019\\\/03\\\/Sygnet-strona-glowna.png\",\"contentUrl\":\"https:\\\/\\\/metropoliagzm.pl\\\/wp-content\\\/uploads\\\/2019\\\/03\\\/Sygnet-strona-glowna.png\",\"width\":36,\"height\":45,\"caption\":\"Metropolia GZM\"},\"image\":{\"@id\":\"https:\\\/\\\/metropoliagzm.pl\\\/en\\\/#\\\/schema\\\/logo\\\/image\\\/\"}}]}<\/script>\n<!-- \/ Yoast SEO plugin. -->","yoast_head_json":{"title":"Zarz\u0105d - Metropolia GZM","robots":{"index":"index","follow":"follow","max-snippet":"max-snippet:-1","max-image-preview":"max-image-preview:large","max-video-preview":"max-video-preview:-1"},"canonical":"https:\/\/metropoliagzm.pl\/de\/zarzad\/","twitter_card":"summary_large_image","twitter_title":"Zarz\u0105d - Metropolia GZM","twitter_description":"admin tresc","twitter_image":"https:\/\/metropoliagzm.pl\/wp-content\/uploads\/2026\/04\/Pietraszek_Leszek_internet.jpg","twitter_misc":{"Gesch\u00e4tzte Lesezeit":"5\u00a0Minuten"},"schema":{"@context":"https:\/\/schema.org","@graph":[{"@type":"WebPage","@id":"https:\/\/metropoliagzm.pl\/zarzad\/","url":"https:\/\/metropoliagzm.pl\/zarzad\/","name":"Zarz\u0105d - Metropolia GZM","isPartOf":{"@id":"https:\/\/metropoliagzm.pl\/en\/#website"},"primaryImageOfPage":{"@id":"https:\/\/metropoliagzm.pl\/zarzad\/#primaryimage"},"image":{"@id":"https:\/\/metropoliagzm.pl\/zarzad\/#primaryimage"},"thumbnailUrl":"https:\/\/metropoliagzm.pl\/wp-content\/uploads\/2026\/04\/Pietraszek_Leszek_internet.jpg","datePublished":"2019-10-18T12:35:21+00:00","dateModified":"2026-04-27T06:29:13+00:00","breadcrumb":{"@id":"https:\/\/metropoliagzm.pl\/zarzad\/#breadcrumb"},"inLanguage":"de","potentialAction":[{"@type":"ReadAction","target":["https:\/\/metropoliagzm.pl\/zarzad\/"]}]},{"@type":"ImageObject","inLanguage":"de","@id":"https:\/\/metropoliagzm.pl\/zarzad\/#primaryimage","url":"https:\/\/metropoliagzm.pl\/wp-content\/uploads\/2026\/04\/Pietraszek_Leszek_internet.jpg","contentUrl":"https:\/\/metropoliagzm.pl\/wp-content\/uploads\/2026\/04\/Pietraszek_Leszek_internet.jpg"},{"@type":"BreadcrumbList","@id":"https:\/\/metropoliagzm.pl\/zarzad\/#breadcrumb","itemListElement":[{"@type":"ListItem","position":1,"name":"Strona g\u0142\u00f3wna","item":"https:\/\/metropoliagzm.pl\/"},{"@type":"ListItem","position":2,"name":"Zarz\u0105d"}]},{"@type":"WebSite","@id":"https:\/\/metropoliagzm.pl\/en\/#website","url":"https:\/\/metropoliagzm.pl\/en\/","name":"Metropolia GZM","description":"Oficjalny portal G\u00f3rno\u015bl\u0105sko-Zag\u0142\u0119biowskiej Metropolii","publisher":{"@id":"https:\/\/metropoliagzm.pl\/en\/#organization"},"potentialAction":[{"@type":"SearchAction","target":{"@type":"EntryPoint","urlTemplate":"https:\/\/metropoliagzm.pl\/en\/?s={search_term_string}"},"query-input":{"@type":"PropertyValueSpecification","valueRequired":true,"valueName":"search_term_string"}}],"inLanguage":"de"},{"@type":"Organization","@id":"https:\/\/metropoliagzm.pl\/en\/#organization","name":"Metropolia GZM","url":"https:\/\/metropoliagzm.pl\/en\/","logo":{"@type":"ImageObject","inLanguage":"de","@id":"https:\/\/metropoliagzm.pl\/en\/#\/schema\/logo\/image\/","url":"https:\/\/metropoliagzm.pl\/wp-content\/uploads\/2019\/03\/Sygnet-strona-glowna.png","contentUrl":"https:\/\/metropoliagzm.pl\/wp-content\/uploads\/2019\/03\/Sygnet-strona-glowna.png","width":36,"height":45,"caption":"Metropolia GZM"},"image":{"@id":"https:\/\/metropoliagzm.pl\/en\/#\/schema\/logo\/image\/"}}]}},"_links":{"self":[{"href":"https:\/\/metropoliagzm.pl\/de\/wp-json\/wp\/v2\/pages\/15337","targetHints":{"allow":["GET"]}}],"collection":[{"href":"https:\/\/metropoliagzm.pl\/de\/wp-json\/wp\/v2\/pages"}],"about":[{"href":"https:\/\/metropoliagzm.pl\/de\/wp-json\/wp\/v2\/types\/page"}],"author":[{"embeddable":true,"href":"https:\/\/metropoliagzm.pl\/de\/wp-json\/wp\/v2\/users\/161"}],"replies":[{"embeddable":true,"href":"https:\/\/metropoliagzm.pl\/de\/wp-json\/wp\/v2\/comments?post=15337"}],"version-history":[{"count":44,"href":"https:\/\/metropoliagzm.pl\/de\/wp-json\/wp\/v2\/pages\/15337\/revisions"}],"predecessor-version":[{"id":48296,"href":"https:\/\/metropoliagzm.pl\/de\/wp-json\/wp\/v2\/pages\/15337\/revisions\/48296"}],"wp:attachment":[{"href":"https:\/\/metropoliagzm.pl\/de\/wp-json\/wp\/v2\/media?parent=15337"}],"curies":[{"name":"wp","href":"https:\/\/api.w.org\/{rel}","templated":true}]}}