{"id":2861,"date":"2019-04-15T12:52:34","date_gmt":"2019-04-15T10:52:34","guid":{"rendered":"https:\/\/wpgzm.dev.euvic.pl\/?page_id=2861"},"modified":"2025-05-28T10:48:06","modified_gmt":"2025-05-28T08:48:06","slug":"logo-metropolii","status":"publish","type":"page","link":"https:\/\/metropoliagzm.pl\/de\/logo-metropolii\/","title":{"rendered":"Logo der Metropole"},"content":{"rendered":"<div class=\"wpb-content-wrapper\"><div class=\"pdf-block\"><div class=\"pdfprnt-buttons  pdfprnt-new pdfprnt-buttons-page pdfprnt-top-right\"><div class=\"jssocials-share jssocials-share-twitter\"><a target=\"_blank\" href=\"https:\/\/twitter.com\/share?url=https:\/\/metropoliagzm.pl\/de\/wp-json\/wp\/v2\/pages\/2861;text=2861\" class=\"jssocials-share-link\"><i class=\"fa fa-twitter jssocials-share-logo\"><\/i><\/a><\/div><div class=\"jssocials-share jssocials-share-facebook\"><a target=\"_blank\" href=\"https:\/\/facebook.com\/sharer\/sharer.php?u=https:\/\/metropoliagzm.pl\/de\/wp-json\/wp\/v2\/pages\/2861\" class=\"jssocials-share-link\"><i class=\"fa fa-facebook jssocials-share-logo\"><\/i><\/a><\/div><div class=\"jssocials-share jssocials-share-pinterest\"><a target=\"_blank\" href=\"https:\/\/pinterest.com\/pin\/create\/bookmarklet\/?&amp;url=https:\/\/metropoliagzm.pl\/de\/wp-json\/wp\/v2\/pages\/2861;description=2861\" class=\"jssocials-share-link\"><i class=\"fa fa-pinterest jssocials-share-logo\"><\/i><\/a><\/div><a href=\"https:\/\/metropoliagzm.pl\/de\/wp-json\/wp\/v2\/pages\/2861?print=pdf\" class=\"pdfprnt-button pdfprnt-button-pdf\" target=\"_blank\"><img decoding=\"async\" src=\"https:\/\/metropoliagzm.pl\/wp-content\/plugins\/pdf-print\/images\/pdf.png\" alt=\"image_pdf\" title=\"View PDF\" \/><\/a><a href=\"https:\/\/metropoliagzm.pl\/de\/wp-json\/wp\/v2\/pages\/2861?print=print\" class=\"pdfprnt-button pdfprnt-button-print\" target=\"_blank\"><img decoding=\"async\" src=\"https:\/\/metropoliagzm.pl\/wp-content\/plugins\/pdf-print\/images\/print.png\" alt=\"image_print\" title=\"Print Content\" \/><\/a><\/div><\/div><div class=\"post-block-pdf\"><div class=\"pdfprnt-buttons pdfprnt-buttons-page pdfprnt-top-right\"><a href=\"https:\/\/metropoliagzm.pl\/de\/wp-json\/wp\/v2\/pages\/2861?print=pdf\" class=\"pdfprnt-button pdfprnt-button-pdf\" target=\"_blank\"><img decoding=\"async\" src=\"https:\/\/metropoliagzm.pl\/wp-content\/plugins\/pdf-print\/images\/pdf.png\" alt=\"image_pdf\" title=\"View PDF\" \/><\/a><a href=\"https:\/\/metropoliagzm.pl\/de\/wp-json\/wp\/v2\/pages\/2861?print=print\" class=\"pdfprnt-button pdfprnt-button-print\" target=\"_blank\"><img decoding=\"async\" src=\"https:\/\/metropoliagzm.pl\/wp-content\/plugins\/pdf-print\/images\/print.png\" alt=\"image_print\" title=\"Print Content\" \/><\/a><\/div><div class=\"vc_row wpb_row vc_row-fluid\"><div class=\"wpb_column vc_column_container vc_col-sm-8\"><div class=\"vc_column-inner\"><div class=\"wpb_wrapper\">\n\t<div class=\"wpb_text_column wpb_content_element\" >\n\t\t<div class=\"wpb_wrapper\">\n\t\t\t<h1><span style=\"color: #000000;\"><strong>Logo der Metropole<\/strong><\/span><\/h1>\n<p>Den Buchstaben \u201eM\u201c begleitet ein Zeichen, das man allerlei interpretieren kann. Es kann ein Symbol f\u00fcr Herz, Diamant oder das mathematische Mehrheitszeichen sein. Die Tatsache, dass das Zeichen \u201elebt\u201c, unterschiedliche Formen und Gestalten annehmen kann, ist sein gr\u00f6\u00dfter Vorteil. Es ist ein offenes Projekt, das immer wieder neu interpretiert werden kann.<\/p>\n<p>Logotyp mo\u017ce by\u0107 udost\u0119pniony bezp\u0142atnie podmiotom spoza Urz\u0119du Metropolitalnego. Wszelkie materia\u0142y z u\u017cyciem logotyp\u00f3w G\u00f3rno\u015bl\u0105sko-Zag\u0142\u0119biowskiej Metropolii podlegaj\u0105 akceptacji przez Departament Marki i Komunikacji Marketingowej Urz\u0119du Metropolitalnego. W tym celu projekt, nale\u017cy przes\u0142a\u0107 na adres: <em><strong>promocja@metropoliagzm.pl<\/strong><\/em> w terminie 7 dni przed przekazaniem do druku, produkcji, publikacji w prasie, emisji w telewizji, emisji na ekranach LED, zamieszczeniem w Internecie lub przed publiczn\u0105 prezentacj\u0105.<\/p>\n<p>&nbsp;<\/p>\n\n\t\t<\/div>\n\t<\/div>\n<\/div><\/div><\/div><div class=\"wpb_column vc_column_container vc_col-sm-4\"><div class=\"vc_column-inner\"><div class=\"wpb_wrapper\">\n\t<div class=\"wpb_text_column wpb_content_element\" >\n\t\t<div class=\"wpb_wrapper\">\n\t\t\t<h3><span style=\"color: #000000;\"><strong>Powi\u0105zane<\/strong><\/span><\/h3>\n<p><span style=\"color: #000000;\"><strong>Patronat honorowy<\/strong><\/span><\/p>\n<ul>\n<li><span style=\"color: #d7006d;\"><a style=\"color: #d7006d;\" href=\"https:\/\/metropoliagzm.pl\/de\/honorowy-patronat\/\" target=\"_blank\" rel=\"noopener noreferrer\"><em>Zak\u0142adka Honorowy Patronat<\/em><\/a><\/span><\/li>\n<li><span style=\"color: #d7006d;\"><em><a style=\"color: #d7006d;\" href=\"https:\/\/metropoliagzm.pl\/wp-content\/uploads\/2019\/05\/Zarzadzenie_12_2018.pdf\" target=\"_blank\" rel=\"noopener noreferrer\">Regulamin przyznawania honorowego patronatu<\/a><\/em><\/span><\/li>\n<li><a href=\"https:\/\/metropoliagzm.pl\/wp-content\/uploads\/2019\/05\/WNIOSEK-O-OBJ%C4%98CIE-HONOROWYM-PATRONATEM.docx\" target=\"_blank\" rel=\"noopener noreferrer\"><span style=\"color: #d7006d;\"><em>Wniosek o obj\u0119cie honorowym patronatem<\/em><\/span><\/a><\/li>\n<\/ul>\n<p><span style=\"color: #000000;\"><strong>Tablice informacyjne do projekt\u00f3w<\/strong><\/span><\/p>\n<ul>\n<li><span style=\"color: #000000;\">Tablice Informacyjne do projektu Metropolitalny Fundusz Solidarno\u015bci<\/span>\n<ul>\n<li><em><span style=\"color: #d7006d;\"><a style=\"color: #d7006d;\" href=\"https:\/\/metropoliagzm.pl\/wp-content\/uploads\/2020\/06\/01-Wytyczne-Instrukcja-dotycz\u0105ce-przygotowania-tablic-informacyjnych-Metropolitalnego-Funduszu-Solidarno\u015bciowego.pdf\" target=\"_blank\" rel=\"noopener noreferrer\">Instrukcja<\/a><\/span><\/em><\/li>\n<li><a href=\"https:\/\/metropoliagzm.pl\/wp-content\/uploads\/2022\/12\/plik_do_edycji_Metropolitalny_Fundusz_Solidarnosci-z-uzyciem-programu-Adobe-Acrobat-Pro_2022.pdf\" target=\"_blank\" rel=\"noopener\"><em><span style=\"color: #d7006d;\">Plik do uzupe\u0142nienia<\/span><\/em><\/a><\/li>\n<\/ul>\n<\/li>\n<li><span style=\"color: #000000;\">Tablice Informacyjne do projektu Program Dzia\u0142a\u0144 Na Rzecz Ograniczenia Niskiej Emisji<\/span>\n<ul>\n<li><span style=\"color: #d7006d;\"><em><a style=\"color: #d7006d;\" href=\"https:\/\/metropoliagzm.pl\/wp-content\/uploads\/2020\/06\/01-Wytyczne-Instrukcja-dotycz\u0105ce-przygotowania-tablic-informacyjnych-Program-Dzia\u0142a\u0144-na-Rzecz-Ograniczenia-Niskiej-Emisji.pdf\" target=\"_blank\" rel=\"noopener noreferrer\">Instrukcja<\/a><\/em><\/span><\/li>\n<li><a href=\"https:\/\/metropoliagzm.pl\/wp-content\/uploads\/2022\/12\/plik_do_edycji_program_dzialan_na_rzecz_ograniczenia_niskiej_emisji_2022.pdf\" target=\"_blank\" rel=\"noopener\"><em><span style=\"color: #d7006d;\">Plik do uzupe\u0142nienia<\/span><\/em><\/a><\/li>\n<\/ul>\n<\/li>\n<\/ul>\n\n\t\t<\/div>\n\t<\/div>\n<\/div><\/div><\/div><div class=\"wpb_column vc_column_container vc_col-sm-6\"><div class=\"vc_column-inner\"><div class=\"wpb_wrapper\">\n\t<div class=\"wpb_text_column wpb_content_element\" >\n\t\t<div class=\"wpb_wrapper\">\n\t\t\t<table style=\"margin-left: auto; margin-right: auto; width: 480px; border-color: 000000;\" border=\"1\" cellspacing=\"1\" cellpadding=\"1\">\n<tbody>\n<tr>\n<td style=\"width: 160px;\" colspan=\"2\"><img loading=\"lazy\" decoding=\"async\" class=\"wp-image-37603 size-medium aligncenter\" src=\"https:\/\/metropoliagzm.pl\/wp-content\/uploads\/2021\/11\/RGB-Logo-Metropolia-PELNE-Mono-500px-300x142.png\" alt=\"\" width=\"300\" height=\"142\" srcset=\"https:\/\/metropoliagzm.pl\/wp-content\/uploads\/2021\/11\/RGB-Logo-Metropolia-PELNE-Mono-500px-300x142.png 300w, https:\/\/metropoliagzm.pl\/wp-content\/uploads\/2021\/11\/RGB-Logo-Metropolia-PELNE-Mono-500px-768x363.png 768w, https:\/\/metropoliagzm.pl\/wp-content\/uploads\/2021\/11\/RGB-Logo-Metropolia-PELNE-Mono-500px-18x9.png 18w, https:\/\/metropoliagzm.pl\/wp-content\/uploads\/2021\/11\/RGB-Logo-Metropolia-PELNE-Mono-500px-585x276.png 585w, https:\/\/metropoliagzm.pl\/wp-content\/uploads\/2021\/11\/RGB-Logo-Metropolia-PELNE-Mono-500px.png 1001w\" sizes=\"auto, (max-width: 300px) 100vw, 300px\" \/><\/td>\n<\/tr>\n<tr>\n<td style=\"width: 80px; text-align: center;\"><span style=\"color: #000000;\"><strong>CMYK<\/strong><\/span><\/td>\n<td style=\"width: 80px; text-align: center;\"><span style=\"color: #000000;\"><strong>RGB<\/strong><\/span><\/td>\n<\/tr>\n<tr>\n<td style=\"width: 60px; text-align: center;\"><a href=\"https:\/\/metropoliagzm.pl\/wp-content\/uploads\/2020\/06\/Logo-M-CMYK-2020_Logo-Metropolia-PE\u0141NE-Mono.zip\" target=\"_blank\" rel=\"noopener noreferrer\"><span style=\"color: #d7006d;\"><em>.ai<\/em><\/span><\/a><\/td>\n<td style=\"width: 60px; text-align: center;\"><span style=\"color: #d7006d;\"><a style=\"color: #d7006d;\" href=\"https:\/\/metropoliagzm.pl\/wp-content\/uploads\/2020\/06\/ai-RGB-Logo-gzm2020_Logo-Metropolia-PE\u0141NE-Mono.zip\" target=\"_blank\" rel=\"noopener noreferrer\"><em>.ai<\/em><\/a><\/span><\/td>\n<\/tr>\n<tr>\n<td style=\"width: 80px; text-align: center;\"><span style=\"color: #d7006d;\"><a style=\"color: #d7006d;\" href=\"https:\/\/metropoliagzm.pl\/wp-content\/uploads\/2020\/06\/CMYKLogo-Metropolia-PE\u0141NE-Mono.pdf\" target=\"_blank\" rel=\"noopener noreferrer\"><em>.pdf<\/em><\/a><\/span><\/td>\n<td style=\"width: 80px; text-align: center;\"><span style=\"color: #d7006d;\"><a style=\"color: #d7006d;\" href=\"https:\/\/metropoliagzm.pl\/wp-content\/uploads\/2020\/06\/RGBLogo-Metropolia-PE\u0141NE-Mono.pdf\" target=\"_blank\" rel=\"noopener noreferrer\"><em>.pdf<\/em><\/a><\/span><\/td>\n<\/tr>\n<tr>\n<td style=\"width: 80px; text-align: center;\"><a href=\"https:\/\/metropoliagzm.pl\/wp-content\/uploads\/2020\/06\/eps-Logo-METROPOLIAGZM-CMYK__Logo-Metropolia-PE\u0141NE-Mono.zip\" target=\"_blank\" rel=\"noopener noreferrer\"><span style=\"color: #d7006d;\"><em>.eps<\/em><\/span><\/a><\/td>\n<td style=\"width: 80px; text-align: center;\"><a href=\"https:\/\/metropoliagzm.pl\/wp-content\/uploads\/2020\/06\/eps-Logo_METROPOLIAGZM-RGB_Logo-Metropolia-PE\u0141NE-Mono.zip\" target=\"_blank\" rel=\"noopener noreferrer\"><span style=\"color: #d7006d;\"><em>.eps<\/em><\/span><\/a><\/td>\n<\/tr>\n<tr>\n<td style=\"width: 80px; text-align: center;\"><span style=\"color: #d7006d;\"><a style=\"color: #d7006d;\" href=\"https:\/\/metropoliagzm.pl\/wp-content\/uploads\/2020\/06\/CMYK-Logo-Metropolia-PE\u0141NE-Mono-1000px.jpg\" target=\"_blank\" rel=\"noopener noreferrer\"><em>.jpg<\/em><\/a><\/span><\/td>\n<td style=\"width: 80px; text-align: center;\"><span style=\"color: #d7006d;\"><a style=\"color: #d7006d;\" href=\"https:\/\/metropoliagzm.pl\/wp-content\/uploads\/2020\/06\/RGBLogo-Metropolia-PE\u0141NE-Mono-2000px-scaled.jpg\" target=\"_blank\" rel=\"noopener noreferrer\"><em>.jpg<\/em><\/a><\/span><\/td>\n<\/tr>\n<tr>\n<td style=\"width: 80px; text-align: center;\"><span style=\"color: #d7006d;\"><a style=\"color: #d7006d;\" href=\"https:\/\/metropoliagzm.pl\/wp-content\/uploads\/2020\/06\/CMYK-Logo-Metropolia-PE\u0141NE-Mono-1000px.png\" target=\"_blank\" rel=\"noopener noreferrer\"><em>.png<\/em><\/a><\/span><\/td>\n<td style=\"width: 80px; text-align: center;\"><span style=\"color: #d7006d;\"><a style=\"color: #d7006d;\" href=\"https:\/\/metropoliagzm.pl\/wp-content\/uploads\/2020\/06\/RGBLogo-Metropolia-PE\u0141NE-Mono-2000px.png\" target=\"_blank\" rel=\"noopener noreferrer\"><em>.png<\/em><\/a><\/span><\/td>\n<\/tr>\n<\/tbody>\n<\/table>\n\n\t\t<\/div>\n\t<\/div>\n<\/div><\/div><\/div><\/div><div class=\"wpb_column vc_column_container vc_col-sm-12\"><div class=\"vc_column-inner\"><div class=\"wpb_wrapper\"><\/div><\/div><\/div><div class=\"vc_row wpb_row vc_row-fluid\"><div class=\"wpb_column vc_column_container vc_col-sm-12\"><div class=\"vc_column-inner\"><div class=\"wpb_wrapper\">\n\t<div class=\"wpb_text_column wpb_content_element\" >\n\t\t<div class=\"wpb_wrapper\">\n\t\t\t\n\t\t<\/div>\n\t<\/div>\n<\/div><\/div><\/div><\/div><!-- \/wp:post-content --><div class=\"post-author\" style=\"font-size:13px\">admin tresc<\/div><\/div><\/div>","protected":false},"excerpt":{"rendered":"<p>admin tresc<\/p>","protected":false},"author":161,"featured_media":0,"parent":0,"menu_order":0,"comment_status":"closed","ping_status":"closed","template":"","meta":{"_acf_changed":false,"footnotes":""},"class_list":["post-2861","page","type-page","status-publish","hentry"],"acf":[],"yoast_head":"<!-- This site is optimized with the Yoast SEO plugin v27.3 - https:\/\/yoast.com\/product\/yoast-seo-wordpress\/ -->\n<title>Logo Metropolii - Metropolia GZM<\/title>\n<meta name=\"robots\" content=\"index, follow, max-snippet:-1, max-image-preview:large, max-video-preview:-1\" \/>\n<link rel=\"canonical\" href=\"https:\/\/metropoliagzm.pl\/de\/logo-metropolii\/\" \/>\n<meta name=\"twitter:card\" content=\"summary_large_image\" \/>\n<meta name=\"twitter:title\" content=\"Logo Metropolii - Metropolia GZM\" \/>\n<meta name=\"twitter:description\" content=\"admin tresc\" \/>\n<meta name=\"twitter:image\" content=\"https:\/\/metropoliagzm.pl\/wp-content\/uploads\/2021\/11\/RGB-Logo-Metropolia-PELNE-Mono-500px.png\" \/>\n<meta name=\"twitter:label1\" content=\"Gesch\u00e4tzte Lesezeit\" \/>\n\t<meta name=\"twitter:data1\" content=\"2\u00a0Minuten\" \/>\n<script type=\"application\/ld+json\" class=\"yoast-schema-graph\">{\"@context\":\"https:\\\/\\\/schema.org\",\"@graph\":[{\"@type\":\"WebPage\",\"@id\":\"https:\\\/\\\/metropoliagzm.pl\\\/logo-metropolii\\\/\",\"url\":\"https:\\\/\\\/metropoliagzm.pl\\\/logo-metropolii\\\/\",\"name\":\"Logo Metropolii - Metropolia GZM\",\"isPartOf\":{\"@id\":\"https:\\\/\\\/metropoliagzm.pl\\\/en\\\/#website\"},\"primaryImageOfPage\":{\"@id\":\"https:\\\/\\\/metropoliagzm.pl\\\/logo-metropolii\\\/#primaryimage\"},\"image\":{\"@id\":\"https:\\\/\\\/metropoliagzm.pl\\\/logo-metropolii\\\/#primaryimage\"},\"thumbnailUrl\":\"https:\\\/\\\/metropoliagzm.pl\\\/wp-content\\\/uploads\\\/2021\\\/11\\\/RGB-Logo-Metropolia-PELNE-Mono-500px-300x142.png\",\"datePublished\":\"2019-04-15T10:52:34+00:00\",\"dateModified\":\"2025-05-28T08:48:06+00:00\",\"breadcrumb\":{\"@id\":\"https:\\\/\\\/metropoliagzm.pl\\\/logo-metropolii\\\/#breadcrumb\"},\"inLanguage\":\"de\",\"potentialAction\":[{\"@type\":\"ReadAction\",\"target\":[\"https:\\\/\\\/metropoliagzm.pl\\\/logo-metropolii\\\/\"]}]},{\"@type\":\"ImageObject\",\"inLanguage\":\"de\",\"@id\":\"https:\\\/\\\/metropoliagzm.pl\\\/logo-metropolii\\\/#primaryimage\",\"url\":\"https:\\\/\\\/metropoliagzm.pl\\\/wp-content\\\/uploads\\\/2021\\\/11\\\/RGB-Logo-Metropolia-PELNE-Mono-500px-300x142.png\",\"contentUrl\":\"https:\\\/\\\/metropoliagzm.pl\\\/wp-content\\\/uploads\\\/2021\\\/11\\\/RGB-Logo-Metropolia-PELNE-Mono-500px-300x142.png\"},{\"@type\":\"BreadcrumbList\",\"@id\":\"https:\\\/\\\/metropoliagzm.pl\\\/logo-metropolii\\\/#breadcrumb\",\"itemListElement\":[{\"@type\":\"ListItem\",\"position\":1,\"name\":\"Strona g\u0142\u00f3wna\",\"item\":\"https:\\\/\\\/metropoliagzm.pl\\\/\"},{\"@type\":\"ListItem\",\"position\":2,\"name\":\"Logo Metropolii\"}]},{\"@type\":\"WebSite\",\"@id\":\"https:\\\/\\\/metropoliagzm.pl\\\/en\\\/#website\",\"url\":\"https:\\\/\\\/metropoliagzm.pl\\\/en\\\/\",\"name\":\"Metropolia GZM\",\"description\":\"Oficjalny portal G\u00f3rno\u015bl\u0105sko-Zag\u0142\u0119biowskiej Metropolii\",\"publisher\":{\"@id\":\"https:\\\/\\\/metropoliagzm.pl\\\/en\\\/#organization\"},\"potentialAction\":[{\"@type\":\"SearchAction\",\"target\":{\"@type\":\"EntryPoint\",\"urlTemplate\":\"https:\\\/\\\/metropoliagzm.pl\\\/en\\\/?s={search_term_string}\"},\"query-input\":{\"@type\":\"PropertyValueSpecification\",\"valueRequired\":true,\"valueName\":\"search_term_string\"}}],\"inLanguage\":\"de\"},{\"@type\":\"Organization\",\"@id\":\"https:\\\/\\\/metropoliagzm.pl\\\/en\\\/#organization\",\"name\":\"Metropolia GZM\",\"url\":\"https:\\\/\\\/metropoliagzm.pl\\\/en\\\/\",\"logo\":{\"@type\":\"ImageObject\",\"inLanguage\":\"de\",\"@id\":\"https:\\\/\\\/metropoliagzm.pl\\\/en\\\/#\\\/schema\\\/logo\\\/image\\\/\",\"url\":\"https:\\\/\\\/metropoliagzm.pl\\\/wp-content\\\/uploads\\\/2019\\\/03\\\/Sygnet-strona-glowna.png\",\"contentUrl\":\"https:\\\/\\\/metropoliagzm.pl\\\/wp-content\\\/uploads\\\/2019\\\/03\\\/Sygnet-strona-glowna.png\",\"width\":36,\"height\":45,\"caption\":\"Metropolia GZM\"},\"image\":{\"@id\":\"https:\\\/\\\/metropoliagzm.pl\\\/en\\\/#\\\/schema\\\/logo\\\/image\\\/\"}}]}<\/script>\n<!-- \/ Yoast SEO plugin. -->","yoast_head_json":{"title":"Logo Metropolii - Metropolia GZM","robots":{"index":"index","follow":"follow","max-snippet":"max-snippet:-1","max-image-preview":"max-image-preview:large","max-video-preview":"max-video-preview:-1"},"canonical":"https:\/\/metropoliagzm.pl\/de\/logo-metropolii\/","twitter_card":"summary_large_image","twitter_title":"Logo Metropolii - Metropolia GZM","twitter_description":"admin tresc","twitter_image":"https:\/\/metropoliagzm.pl\/wp-content\/uploads\/2021\/11\/RGB-Logo-Metropolia-PELNE-Mono-500px.png","twitter_misc":{"Gesch\u00e4tzte Lesezeit":"2\u00a0Minuten"},"schema":{"@context":"https:\/\/schema.org","@graph":[{"@type":"WebPage","@id":"https:\/\/metropoliagzm.pl\/logo-metropolii\/","url":"https:\/\/metropoliagzm.pl\/logo-metropolii\/","name":"Logo Metropolii - Metropolia GZM","isPartOf":{"@id":"https:\/\/metropoliagzm.pl\/en\/#website"},"primaryImageOfPage":{"@id":"https:\/\/metropoliagzm.pl\/logo-metropolii\/#primaryimage"},"image":{"@id":"https:\/\/metropoliagzm.pl\/logo-metropolii\/#primaryimage"},"thumbnailUrl":"https:\/\/metropoliagzm.pl\/wp-content\/uploads\/2021\/11\/RGB-Logo-Metropolia-PELNE-Mono-500px-300x142.png","datePublished":"2019-04-15T10:52:34+00:00","dateModified":"2025-05-28T08:48:06+00:00","breadcrumb":{"@id":"https:\/\/metropoliagzm.pl\/logo-metropolii\/#breadcrumb"},"inLanguage":"de","potentialAction":[{"@type":"ReadAction","target":["https:\/\/metropoliagzm.pl\/logo-metropolii\/"]}]},{"@type":"ImageObject","inLanguage":"de","@id":"https:\/\/metropoliagzm.pl\/logo-metropolii\/#primaryimage","url":"https:\/\/metropoliagzm.pl\/wp-content\/uploads\/2021\/11\/RGB-Logo-Metropolia-PELNE-Mono-500px-300x142.png","contentUrl":"https:\/\/metropoliagzm.pl\/wp-content\/uploads\/2021\/11\/RGB-Logo-Metropolia-PELNE-Mono-500px-300x142.png"},{"@type":"BreadcrumbList","@id":"https:\/\/metropoliagzm.pl\/logo-metropolii\/#breadcrumb","itemListElement":[{"@type":"ListItem","position":1,"name":"Strona g\u0142\u00f3wna","item":"https:\/\/metropoliagzm.pl\/"},{"@type":"ListItem","position":2,"name":"Logo Metropolii"}]},{"@type":"WebSite","@id":"https:\/\/metropoliagzm.pl\/en\/#website","url":"https:\/\/metropoliagzm.pl\/en\/","name":"Metropolia GZM","description":"Oficjalny portal G\u00f3rno\u015bl\u0105sko-Zag\u0142\u0119biowskiej Metropolii","publisher":{"@id":"https:\/\/metropoliagzm.pl\/en\/#organization"},"potentialAction":[{"@type":"SearchAction","target":{"@type":"EntryPoint","urlTemplate":"https:\/\/metropoliagzm.pl\/en\/?s={search_term_string}"},"query-input":{"@type":"PropertyValueSpecification","valueRequired":true,"valueName":"search_term_string"}}],"inLanguage":"de"},{"@type":"Organization","@id":"https:\/\/metropoliagzm.pl\/en\/#organization","name":"Metropolia GZM","url":"https:\/\/metropoliagzm.pl\/en\/","logo":{"@type":"ImageObject","inLanguage":"de","@id":"https:\/\/metropoliagzm.pl\/en\/#\/schema\/logo\/image\/","url":"https:\/\/metropoliagzm.pl\/wp-content\/uploads\/2019\/03\/Sygnet-strona-glowna.png","contentUrl":"https:\/\/metropoliagzm.pl\/wp-content\/uploads\/2019\/03\/Sygnet-strona-glowna.png","width":36,"height":45,"caption":"Metropolia GZM"},"image":{"@id":"https:\/\/metropoliagzm.pl\/en\/#\/schema\/logo\/image\/"}}]}},"_links":{"self":[{"href":"https:\/\/metropoliagzm.pl\/de\/wp-json\/wp\/v2\/pages\/2861","targetHints":{"allow":["GET"]}}],"collection":[{"href":"https:\/\/metropoliagzm.pl\/de\/wp-json\/wp\/v2\/pages"}],"about":[{"href":"https:\/\/metropoliagzm.pl\/de\/wp-json\/wp\/v2\/types\/page"}],"author":[{"embeddable":true,"href":"https:\/\/metropoliagzm.pl\/de\/wp-json\/wp\/v2\/users\/161"}],"replies":[{"embeddable":true,"href":"https:\/\/metropoliagzm.pl\/de\/wp-json\/wp\/v2\/comments?post=2861"}],"version-history":[{"count":34,"href":"https:\/\/metropoliagzm.pl\/de\/wp-json\/wp\/v2\/pages\/2861\/revisions"}],"predecessor-version":[{"id":45313,"href":"https:\/\/metropoliagzm.pl\/de\/wp-json\/wp\/v2\/pages\/2861\/revisions\/45313"}],"wp:attachment":[{"href":"https:\/\/metropoliagzm.pl\/de\/wp-json\/wp\/v2\/media?parent=2861"}],"curies":[{"name":"wp","href":"https:\/\/api.w.org\/{rel}","templated":true}]}}