{"id":30931,"date":"2020-11-19T09:36:36","date_gmt":"2020-11-19T08:36:36","guid":{"rendered":"https:\/\/metropoliagzm.pl\/?page_id=30931"},"modified":"2021-04-07T11:03:11","modified_gmt":"2021-04-07T09:03:11","slug":"deklaracja-dostepnosci","status":"publish","type":"page","link":"https:\/\/metropoliagzm.pl\/de\/deklaracja-dostepnosci\/","title":{"rendered":"O\u015bwiadczenie w sprawie dost\u0119pno\u015bci"},"content":{"rendered":"<div class=\"pdf-block\"><div class=\"pdfprnt-buttons  pdfprnt-new pdfprnt-buttons-page pdfprnt-top-right\"><div class=\"jssocials-share jssocials-share-twitter\"><a target=\"_blank\" href=\"https:\/\/twitter.com\/share?url=https:\/\/metropoliagzm.pl\/de\/wp-json\/wp\/v2\/pages\/30931;text=30931\" class=\"jssocials-share-link\"><i class=\"fa fa-twitter jssocials-share-logo\"><\/i><\/a><\/div><div class=\"jssocials-share jssocials-share-facebook\"><a target=\"_blank\" href=\"https:\/\/facebook.com\/sharer\/sharer.php?u=https:\/\/metropoliagzm.pl\/de\/wp-json\/wp\/v2\/pages\/30931\" class=\"jssocials-share-link\"><i class=\"fa fa-facebook jssocials-share-logo\"><\/i><\/a><\/div><div class=\"jssocials-share jssocials-share-pinterest\"><a target=\"_blank\" href=\"https:\/\/pinterest.com\/pin\/create\/bookmarklet\/?&amp;url=https:\/\/metropoliagzm.pl\/de\/wp-json\/wp\/v2\/pages\/30931;description=30931\" class=\"jssocials-share-link\"><i class=\"fa fa-pinterest jssocials-share-logo\"><\/i><\/a><\/div><a href=\"https:\/\/metropoliagzm.pl\/de\/wp-json\/wp\/v2\/pages\/30931?print=pdf\" class=\"pdfprnt-button pdfprnt-button-pdf\" target=\"_blank\"><img decoding=\"async\" src=\"https:\/\/metropoliagzm.pl\/wp-content\/plugins\/pdf-print\/images\/pdf.png\" alt=\"image_pdf\" title=\"View PDF\" \/><\/a><a href=\"https:\/\/metropoliagzm.pl\/de\/wp-json\/wp\/v2\/pages\/30931?print=print\" class=\"pdfprnt-button pdfprnt-button-print\" target=\"_blank\"><img decoding=\"async\" src=\"https:\/\/metropoliagzm.pl\/wp-content\/plugins\/pdf-print\/images\/print.png\" alt=\"image_print\" title=\"Print Content\" \/><\/a><\/div><\/div><div class=\"post-block-pdf\"><div class=\"pdfprnt-buttons pdfprnt-buttons-page pdfprnt-top-right\"><a href=\"https:\/\/metropoliagzm.pl\/de\/wp-json\/wp\/v2\/pages\/30931?print=pdf\" class=\"pdfprnt-button pdfprnt-button-pdf\" target=\"_blank\"><img decoding=\"async\" src=\"https:\/\/metropoliagzm.pl\/wp-content\/plugins\/pdf-print\/images\/pdf.png\" alt=\"image_pdf\" title=\"View PDF\" \/><\/a><a href=\"https:\/\/metropoliagzm.pl\/de\/wp-json\/wp\/v2\/pages\/30931?print=print\" class=\"pdfprnt-button pdfprnt-button-print\" target=\"_blank\"><img decoding=\"async\" src=\"https:\/\/metropoliagzm.pl\/wp-content\/plugins\/pdf-print\/images\/print.png\" alt=\"image_print\" title=\"Print Content\" \/><\/a><\/div><h1>O\u015bwiadczenie w sprawie dost\u0119pno\u015bci<\/h1>\n\n\n<p>Urz\u0105d Metropolitalny G\u00f3rno\u015bl\u0105sko-Zag\u0142\u0119biowskiej Metropolii zobowi\u0105zuje si\u0119 zapewni\u0107 dost\u0119pno\u015b\u0107 swojej strony internetowej zgodnie z ustaw\u0105 z dnia 4 kwietnia 2019 r. o dost\u0119pno\u015bci cyfrowej stron internetowych i aplikacji mobilnych podmiot\u00f3w publicznych (Dz.U.2019.848 ze zm.), zwan\u0105 dalej ustaw\u0105.<\/p>\n\n\n\n<p>Niniejsze o\u015bwiadczenie w sprawie dost\u0119pno\u015bci ma zastosowanie do strony internetowej pod adresem <a href=\"https:\/\/metropoliagzm.pl\/de\/\">https:\/\/metropoliagzm.pl\/<\/a>.<\/p>\n\n\n\n<h2 class=\"wp-block-heading\"><strong>Status pod wzgl\u0119dem zgodno\u015bci<\/strong><\/h2>\n\n\n\n<p>Niniejsza strona internetowa jest cz\u0119\u015bciowo zgodna z wymaganiami okre\u015blonymi w za\u0142\u0105czniku do ustawy z powodu niezgodno\u015bci wymienionych poni\u017cej.<\/p>\n\n\n\n<h2 class=\"wp-block-heading\"><strong>Tre\u015bci niedost\u0119pne<\/strong><\/h2>\n\n\n\n<p>Tre\u015bci wymienione poni\u017cej s\u0105 niedost\u0119pne z powodu niezgodno\u015b\u0107 z ustaw\u0105:<\/p>\n\n\n\n<p>W zakresie postrzegalno\u015bci cz\u0119\u015b\u0107 informacji oraz komponent\u00f3w interfejsu u\u017cytkownika nie jest przedstawiona w spos\u00f3b dost\u0119pny dla u\u017cytkownik\u00f3w. Cze\u015b\u0107 element\u00f3w nietekstowych nie posiada alternatywnej tre\u015bci w formie tekstu (wytyczna 1.1). Niekt\u00f3re elementy multimedialne nie maj\u0105 zapewnionej audiodeskrypcji lub innej aternatywy (wytyczna 1.2.3). Strona zawiera b\u0142\u0119dy w strukturze nag\u0142\u00f3wk\u00f3w, nie zastosowano rekomendowanych landmark\u00f3w oraz znacznik\u00f3w label dla p\u00f3l nietekstowych, np. input, buton (wytyczna 1.3.1). Dla cz\u0119\u015bci p\u00f3l nie okre\u015blono przeznaczenia wprowadzanych danych (wytyczna 1.3.5). Niekt\u00f3re elementy strony nie spe\u0142niaj\u0105 wymog\u00f3w dotycz\u0105cych kontrastu (wytyczna 1.4.3). Wyst\u0119puj\u0105 b\u0142\u0119dy podczas zmiany rozmiaru tekstu (wytyczna 1.4.4). Niekt\u00f3re tre\u015bci staj\u0105 si\u0119 niewidoczne po zwi\u0119kszeniu odst\u0119p\u00f3w w tek\u015bcie pomi\u0119dzy literami i wierszami (wytyczna 1.4.12).<\/p>\n\n\n\n<p>W zakresie funkcjonalno\u015bci wyst\u0119puj\u0105 b\u0142\u0119dy dla cz\u0119\u015bci komponent\u00f3w interfejsu u\u017cytkownika, co mo\u017ce utrudnia\u0107 nawigacj\u0119 na stronie. Menu rozwijalne w wersji responsywnej niedost\u0119pne za po\u015brednictwem klawisza TAB (wytyczna 2.1.1). Nie ma mo\u017cliwo\u015bci pomini\u0119cia powtarzaj\u0105cych si\u0119 element\u00f3w strony i bezpo\u015bredniego przej\u015bcia do tre\u015bci, co utrudnia korzystanie ze strony niewidomym lub korzystaj\u0105cym tylko z klawiatury (wytyczna 2.4.1). Na stronie wyst\u0119puj\u0105 podw\u00f3jne linki, tj. cz\u0119\u015b\u0107 s\u0105siaduj\u0105cych element\u00f3w odnosi si\u0119 do tej samej tre\u015bci (wytyczna 2.4.4). Na cz\u0119\u015bci stron struktura nag\u0142\u00f3wk\u00f3w jest nieprawid\u0142owe (2.4.6 wytyczna).<\/p>\n\n\n\n<p>W zakresie zrozumia\u0142o\u015bci cz\u0119\u015b\u0107 informacji mo\u017ce by\u0107 niemo\u017cliwa do odczytania lub niezrozumia\u0142a. Niekt\u00f3re tre\u015bci angloj\u0119zyczne nie posiadaj\u0105 znacznika lang (wytyczna 3.1.2). &nbsp;Cz\u0119\u015b\u0107 link\u00f3w otwieraj\u0105cych si\u0119 w nowym oknie nie posiada stosownej informacji (wytyczna 3.2.2). Wyst\u0119puj\u0105 b\u0142\u0119dy w przypadku niekt\u00f3rych etykiet lub instrukcji (wytyczna 3.3.2).<\/p>\n\n\n\n<p>W zakresie kompatybilno\u015bci (solidno\u015bci) cz\u0119\u015b\u0107 tre\u015bci nie jest skutecznie interpretowana przez r\u00f3\u017cnego rodzaju oprogramowania u\u017cytkownika, w tym technologie wspomagaj\u0105ce. Pojawiaj\u0105 si\u0119 b\u0142\u0119dy podczas walidacji strony (wytyczna 4.1.1)&nbsp; oraz w semantyce kodu HTML (wytyczna 4.1.2).<\/p>\n\n\n\n<p>Zamieszczone na stronie publikacje w formie plik\u00f3w PDF nie s\u0105 dost\u0119pne cyfrowo w ca\u0142o\u015bci.<\/p>\n\n\n\n<h2 class=\"wp-block-heading\">Wy\u0142\u0105czenia<\/h2>\n\n\n\n<p>Wy\u0142\u0105czone z obowi\u0105zku zapewnienia dost\u0119pno\u015bci s\u0105:<\/p>\n\n\n\n<ol class=\"wp-block-list\"><li>mapy oraz mapy interaktywne (w tym geoportale),<\/li><li>tre\u015bci b\u0119d\u0105ce w posiadaniu podmiotu publicznego, kt\u00f3re nie zosta\u0142y przez niego lub na jego rzecz wytworzone albo przez niego nabyte (m. in. dokumenty pochodz\u0105ce od podmiot\u00f3w zewn\u0119trznych);<\/li><li>tre\u015bci b\u0119d\u0105ce w posiadaniu podmiotu publicznego, kt\u00f3rych dostosowanie do wymog\u00f3w dost\u0119pno\u015bci cyfrowej wymaga modyfikacji, do kt\u00f3rej podmiot publiczny nie jest uprawniony (m. in. o\u015bwiadczenia maj\u0105tkowe, projekty techniczne);<\/li><li>multimedia nadawane na \u017cywo;<\/li><li>multimedia opublikowane przed dniem 23 wrze\u015bnia 2020 r.<\/li><\/ol>\n\n\n\n<h2 class=\"wp-block-heading\"><strong>Przygotowanie o\u015bwiadczenia w sprawie dost\u0119pno\u015bci<\/strong><\/h2>\n\n\n\n<p>Niniejsze o\u015bwiadczenie sporz\u0105dzono 07.04.2021 r. O\u015bwiadczenie sporz\u0105dzono po dokonaniu w dniu 18.12.2020 r. oceny niniejszej strony internetowej przez stron\u0119 trzeci\u0105. &nbsp;<\/p>\n\n\n\n<h2 class=\"wp-block-heading\"><strong>Informacje zwrotne i dane kontaktowe<\/strong><\/h2>\n\n\n\n<p>W przypadku problem\u00f3w z dost\u0119pno\u015bci\u0105 cyfrow\u0105 strony internetowej GZM prosimy o kontakt z panem Markiem Go\u0142oszem, tel. 32 718 07 64, e-mail: m.golosz@metropoliagz.pl. T\u0105 sam\u0105 drog\u0105 mo\u017cna sk\u0142ada\u0107 wnioski o udost\u0119pnienie informacji niedost\u0119pnej oraz sk\u0142ada\u0107 skargi na brak zapewnienia dost\u0119pno\u015bci.<\/p>\n\n\n\n<p>Ka\u017cdy ma prawo do wyst\u0105pienia z \u017c\u0105daniem zapewnienia dost\u0119pno\u015bci cyfrowej strony internetowej, aplikacji mobilnej lub jakiego\u015b ich elementu. Mo\u017cna tak\u017ce za\u017c\u0105da\u0107 udost\u0119pnienia informacji w formach alternatywnych, na przyk\u0142ad odczytanie niedost\u0119pnego cyfrowo dokumentu, opisania zawarto\u015bci filmu bez audiodeskrypcji itp. \u017b\u0105danie powinno zawiera\u0107 dane osoby zg\u0142aszaj\u0105cej \u017c\u0105danie, wskazanie, o kt\u00f3r\u0105 stron\u0119 internetow\u0105 lub aplikacj\u0119 mobiln\u0105 chodzi oraz spos\u00f3b kontaktu. Je\u017celi osoba \u017c\u0105daj\u0105ca zg\u0142asza potrzeb\u0119 otrzymania informacji w formie alternatywnej, powinna tak\u017ce okre\u015bli\u0107 form\u0119 tej informacji.<br><br>Podmiot publiczny powinien zrealizowa\u0107 \u017c\u0105danie niezw\u0142ocznie i nie p\u00f3\u017aniej, ni\u017c w ci\u0105gu 7 dni. Je\u017celi dotrzymanie tego terminu nie jest mo\u017cliwe, podmiot publiczny niezw\u0142ocznie informuje o tym, kiedy realizacja \u017c\u0105dania b\u0119dzie mo\u017cliwa, przy czym termin ten nie mo\u017ce by\u0107 d\u0142u\u017cszy ni\u017c 2 miesi\u0105ce. Je\u017celi zapewnienie dost\u0119pno\u015bci nie jest mo\u017cliwe, podmiot publiczny mo\u017ce zaproponowa\u0107 alternatywny spos\u00f3b dost\u0119pu do informacji.<\/p>\n\n\n\n<h2 class=\"wp-block-heading\"><strong>Post\u0119powanie odwo\u0142awcze<\/strong><\/h2>\n\n\n\n<p>W przypadku, gdy podmiot odm\u00f3wi realizacji \u017c\u0105dania zapewnienia dost\u0119pno\u015bci lub alternatywnego dost\u0119pu do informacji, mo\u017cna z\u0142o\u017cy\u0107 skarg\u0119 na takie dzia\u0142anie. Po wyczerpaniu wszystkich mo\u017cliwo\u015bci skarg\u0119 mo\u017cna przes\u0142a\u0107 tak\u017ce do <a href=\"https:\/\/www.rpo.gov.pl\/content\/jak-zglosic-sie-do-rzecznika-praw-obywatelskich\">Rzecznika Praw Obywatelskich<\/a>.<\/p>\n\n\n\n<h2 class=\"wp-block-heading\"><strong>Informacje dodatkowe<\/strong><\/h2>\n\n\n\n<p>Data publikacji strony internetowej: 25.09.2019 r.<br>Data wprowadzenia istotnych zmian na stronie internetowej: 27.08.2020 r. Niniejsza strona internetowa zosta\u0142a stworzona zgodnie ze standardami W3C i WCAG 2.0. W audycie dost\u0119pno\u015bci cyfrowej wed\u0142ug standardu WCAG 2.1. z 18.12.2020 r. wykryto brak zgodno\u015bci z cz\u0119\u015bci\u0105 z wytycznych. Strona spe\u0142nia wymagania WCAG 2.1. na poziomie AA w 60,42%. Urz\u0105d Metropolitalny G\u00f3rno\u015bl\u0105sko-Zag\u0142\u0119biowskiej Metropolii aktualnie podejmuje \u015brodki zaradcze w celu rozwi\u0105zania niedost\u0119pnych tre\u015bci na stronie internetowej. Planowany termin wprowadzania zmian to grudzie\u0144 2021 r.<\/p>\n\n\n\n<h2 class=\"wp-block-heading\" id=\"a11y-architektura\">Dost\u0119pno\u015b\u0107 architektoniczna<\/h2>\n\n\n\n<p>Urz\u0105d Metropolitalny G\u00f3rno\u015bl\u0105sko-Zag\u0142\u0119biowskiej Metropolii mie\u015bci si\u0119 przy ul. Barbary 21A, 40-053 Katowice.<\/p>\n\n\n\n<p><strong>Dost\u0119pno\u015b\u0107 wej\u015bcia do budynku i przechodzenia przez obszary kontroli.<\/strong><\/p>\n\n\n\n<p>Do budynku prowadz\u0105 3 wej\u015bcia \u2013 pierwsze g\u0142\u00f3wne od ul. Hercena, drugie (boczne) od ul. Hercena, trzecie (tylne) od strony ul. Szmausa.<\/p>\n\n\n\n<p>Do ka\u017cdego z wej\u015b\u0107 prowadz\u0105 schody &#8211; &nbsp;przy schodach do wej\u015bcia g\u0142\u00f3wnego znajduje si\u0119 podjazd dla w\u00f3zk\u00f3w.<\/p>\n\n\n\n<p>Dla klient\u00f3w i go\u015bci dost\u0119pne jest wej\u015bcie od ulicy Barbary (g\u0142\u00f3wne) \u2013 posiada podjazd dla w\u00f3zk\u00f3w inwalidzkich, drzwi otwierane automatycznie, umo\u017cliwiaj\u0105ce bezkolizyjne wej\u015bcie do budynku. W budynku funkcjonuje obszar kontroli, przez kt\u00f3ry mo\u017cna przejecha\u0107 w\u00f3zkiem inwalidzkich poprzez specjaln\u0105 bramk\u0119.<\/p>\n\n\n\n<p><strong>Dost\u0119pno\u015b\u0107 korytarzy, schod\u00f3w, wind i toalet.<\/strong><\/p>\n\n\n\n<p>Dla os\u00f3b na w\u00f3zkach inwalidzkich dost\u0119pne s\u0105 wszystkie korytarze i pomieszczenia na ka\u017cdym z pi\u0119ter. W budynku na parterze jest jedna winda, przystosowana do potrzeb os\u00f3b niepe\u0142nosprawnych. Toaleta dla os\u00f3b niepe\u0142nosprawnych znajduje si\u0119 na parterze, &nbsp;w prawym skrzydle budynku.<\/p>\n\n\n\n<p><strong>Opis dostosowa\u0144, na przyk\u0142ad pochylni, platform, informacji g\u0142osowych, p\u0119tli indukcyjnych<\/strong><\/p>\n\n\n\n<p>1. zastosowano pochylni\u0119 dla w\u00f3zk\u00f3w od ulicy Barbary,<\/p>\n\n\n\n<p>2. w budynku nie ma p\u0119tli indukcyjnych, oznacze\u0144 w alfabecie Brajla, oznacze\u0144 kontrastowych lub w druku powi\u0119kszonym dla os\u00f3b niewidomych i s\u0142abowidz\u0105cych,<\/p>\n\n\n\n<p>3. informacja o rozk\u0142adzie pomieszcze\u0144 w budynku zapewniona jest w spos\u00f3b g\u0142osowy (pracownicy ochrony znajduj\u0105cej si\u0119 przy wej\u015bciu g\u0142\u00f3wnym od ul. Barbary). Po przeprowadzeniu remontu punktu informacyjnego\/ochrony b\u0119dzie r\u00f3wnie\u017c dost\u0119pna wizualna informacja o rozk\u0142adzie pomieszcze\u0144 w postaci tablicy informacyjnej,<\/p>\n\n\n\n<p>4. w budynku nie zastosowano urz\u0105dze\u0144 i innych \u015brodk\u00f3w technicznych do obs\u0142ugi os\u00f3b s\u0142abos\u0142ysz\u0105cych. Dost\u0119pno\u015b\u0107 zapewniona jest poprzez wsparcie pracownika, kancelarii og\u00f3lnej znajduj\u0105cej si\u0119 w pokoju 013 po prawej stronie po wej\u015bciu do budynku g\u0142\u00f3wnego od ul. Barbary) tel. 32 718 07 44, email <a href=\"mailto:kancelaria@metropoliagzm.pl\">kancelaria@metropoliagzm.pl<\/a>.<\/p>\n\n\n\n<p><strong>Informacje o miejscu i sposobie korzystania z miejsc parkingowych wyznaczonych dla os\u00f3b niepe\u0142nosprawnych.<\/strong> <\/p>\n\n\n\n<p>Przed budynkiem wyznaczono 3 miejsca parkingowe dla os\u00f3b niepe\u0142nosprawnych.<\/p>\n\n\n\n<p><strong>Informacja o prawie wst\u0119pu z psem asystuj\u0105cym i ewentualnych uzasadnionych ograniczeniach.<\/strong> <\/p>\n\n\n\n<p>Do budynku i wszystkich jego pomieszcze\u0144 mo\u017cna wej\u015b\u0107 z psem asystuj\u0105cym i psem przewodnikiem.<\/p>\n\n\n\n<p><strong>Informacje o mo\u017cliwo\u015bci skorzystania z t\u0142umacza j\u0119zyka migowego na miejscu lub online.<\/strong> W budynku na chwil\u0119 obecn\u0105 nie mo\u017cna skorzysta\u0107 z t\u0142umacza polskiego j\u0119zyka migowego. Us\u0142uga ta b\u0119dzie dost\u0119pna w nied\u0142ugim czasie i b\u0119dzie bezp\u0142atna. Zgodnie z Ustaw\u0105 z dnia 19 sierpnia 2011 r. o j\u0119zyku migowym i innych \u015brodkach komunikowania si\u0119 (t.j. Dz.U. z 2017 r., Nr 1824) osoby do\u015bwiadczaj\u0105ce trwale lub okresowo trudno\u015bci w komunikowaniu si\u0119, maj\u0105 prawo do korzystania z us\u0142ug pozwalaj\u0105cych na komunikowanie si\u0119. Osoba zainteresowania za\u0142atwieniem sprawy urz\u0119dowej przy pomocy t\u0142umacza j\u0119zyka migowego jest zobowi\u0105zana zg\u0142osi\u0107 ten fakt co najmniej na 3 dni robocze przed planowanym terminem jej za\u0142atwienia.<\/p>\n\n\n\n<p><em>Urz\u0105d Metropolitalny G\u00f3rno\u015bl\u0105sko-Zag\u0142\u0119biowskiej Metropolii b\u0119dzie d\u0105\u017cy\u0142 do zapewnienia dost\u0119pno\u015bci poprzez zastosowanie urz\u0105dze\u0144 i innych \u015brodk\u00f3w technicznych do obs\u0142ugi os\u00f3b s\u0142abos\u0142ysz\u0105cych w tym budynku.<\/em><\/p>\n<div class=\"post-author\" style=\"font-size:13px\">j.s.<\/div><\/div>","protected":false},"excerpt":{"rendered":"<p>O\u015bwiadczenie w sprawie dost\u0119pno\u015bci Urz\u0105d Metropolitalny G\u00f3rno\u015bl\u0105sko-Zag\u0142\u0119biowskiej Metropolii zobowi\u0105zuje si\u0119 zapewni\u0107 dost\u0119pno\u015b\u0107 swojej strony internetowej zgodnie z ustaw\u0105 z dnia 4 kwietnia 2019 r. o dost\u0119pno\u015bci cyfrowej stron internetowych i aplikacji mobilnych podmiot\u00f3w publicznych (Dz.U.2019.848 ze zm.), zwan\u0105 dalej ustaw\u0105. Niniejsze o\u015bwiadczenie w sprawie dost\u0119pno\u015bci&#8230;<\/p>","protected":false},"author":157,"featured_media":0,"parent":0,"menu_order":0,"comment_status":"closed","ping_status":"closed","template":"","meta":{"_acf_changed":false,"footnotes":""},"class_list":["post-30931","page","type-page","status-publish","hentry"],"acf":[],"yoast_head":"<!-- This site is optimized with the Yoast SEO plugin v27.3 - https:\/\/yoast.com\/product\/yoast-seo-wordpress\/ -->\n<title>O\u015bwiadczenie w sprawie dost\u0119pno\u015bci - Metropolia GZM<\/title>\n<meta name=\"robots\" content=\"index, follow, max-snippet:-1, max-image-preview:large, max-video-preview:-1\" \/>\n<link rel=\"canonical\" href=\"https:\/\/metropoliagzm.pl\/de\/deklaracja-dostepnosci\/\" \/>\n<meta name=\"twitter:card\" content=\"summary_large_image\" \/>\n<meta name=\"twitter:title\" content=\"O\u015bwiadczenie w sprawie dost\u0119pno\u015bci - Metropolia GZM\" \/>\n<meta name=\"twitter:description\" content=\"O\u015bwiadczenie w sprawie dost\u0119pno\u015bci Urz\u0105d Metropolitalny G\u00f3rno\u015bl\u0105sko-Zag\u0142\u0119biowskiej Metropolii zobowi\u0105zuje si\u0119 zapewni\u0107 dost\u0119pno\u015b\u0107 swojej strony internetowej zgodnie z ustaw\u0105 z dnia 4 kwietnia 2019 r. o dost\u0119pno\u015bci cyfrowej stron internetowych i aplikacji mobilnych podmiot\u00f3w publicznych (Dz.U.2019.848 ze zm.), zwan\u0105 dalej ustaw\u0105. Niniejsze o\u015bwiadczenie w sprawie dost\u0119pno\u015bci...\" \/>\n<meta name=\"twitter:label1\" content=\"Gesch\u00e4tzte Lesezeit\" \/>\n\t<meta name=\"twitter:data1\" content=\"6\u00a0Minuten\" \/>\n<script type=\"application\/ld+json\" class=\"yoast-schema-graph\">{\"@context\":\"https:\\\/\\\/schema.org\",\"@graph\":[{\"@type\":\"WebPage\",\"@id\":\"https:\\\/\\\/metropoliagzm.pl\\\/deklaracja-dostepnosci\\\/\",\"url\":\"https:\\\/\\\/metropoliagzm.pl\\\/deklaracja-dostepnosci\\\/\",\"name\":\"O\u015bwiadczenie w sprawie dost\u0119pno\u015bci - Metropolia GZM\",\"isPartOf\":{\"@id\":\"https:\\\/\\\/metropoliagzm.pl\\\/en\\\/#website\"},\"datePublished\":\"2020-11-19T08:36:36+00:00\",\"dateModified\":\"2021-04-07T09:03:11+00:00\",\"breadcrumb\":{\"@id\":\"https:\\\/\\\/metropoliagzm.pl\\\/deklaracja-dostepnosci\\\/#breadcrumb\"},\"inLanguage\":\"de\",\"potentialAction\":[{\"@type\":\"ReadAction\",\"target\":[\"https:\\\/\\\/metropoliagzm.pl\\\/deklaracja-dostepnosci\\\/\"]}]},{\"@type\":\"BreadcrumbList\",\"@id\":\"https:\\\/\\\/metropoliagzm.pl\\\/deklaracja-dostepnosci\\\/#breadcrumb\",\"itemListElement\":[{\"@type\":\"ListItem\",\"position\":1,\"name\":\"Strona g\u0142\u00f3wna\",\"item\":\"https:\\\/\\\/metropoliagzm.pl\\\/\"},{\"@type\":\"ListItem\",\"position\":2,\"name\":\"O\u015bwiadczenie w sprawie dost\u0119pno\u015bci\"}]},{\"@type\":\"WebSite\",\"@id\":\"https:\\\/\\\/metropoliagzm.pl\\\/en\\\/#website\",\"url\":\"https:\\\/\\\/metropoliagzm.pl\\\/en\\\/\",\"name\":\"Metropolia GZM\",\"description\":\"Oficjalny portal G\u00f3rno\u015bl\u0105sko-Zag\u0142\u0119biowskiej Metropolii\",\"publisher\":{\"@id\":\"https:\\\/\\\/metropoliagzm.pl\\\/en\\\/#organization\"},\"potentialAction\":[{\"@type\":\"SearchAction\",\"target\":{\"@type\":\"EntryPoint\",\"urlTemplate\":\"https:\\\/\\\/metropoliagzm.pl\\\/en\\\/?s={search_term_string}\"},\"query-input\":{\"@type\":\"PropertyValueSpecification\",\"valueRequired\":true,\"valueName\":\"search_term_string\"}}],\"inLanguage\":\"de\"},{\"@type\":\"Organization\",\"@id\":\"https:\\\/\\\/metropoliagzm.pl\\\/en\\\/#organization\",\"name\":\"Metropolia GZM\",\"url\":\"https:\\\/\\\/metropoliagzm.pl\\\/en\\\/\",\"logo\":{\"@type\":\"ImageObject\",\"inLanguage\":\"de\",\"@id\":\"https:\\\/\\\/metropoliagzm.pl\\\/en\\\/#\\\/schema\\\/logo\\\/image\\\/\",\"url\":\"https:\\\/\\\/metropoliagzm.pl\\\/wp-content\\\/uploads\\\/2019\\\/03\\\/Sygnet-strona-glowna.png\",\"contentUrl\":\"https:\\\/\\\/metropoliagzm.pl\\\/wp-content\\\/uploads\\\/2019\\\/03\\\/Sygnet-strona-glowna.png\",\"width\":36,\"height\":45,\"caption\":\"Metropolia GZM\"},\"image\":{\"@id\":\"https:\\\/\\\/metropoliagzm.pl\\\/en\\\/#\\\/schema\\\/logo\\\/image\\\/\"}}]}<\/script>\n<!-- \/ Yoast SEO plugin. -->","yoast_head_json":{"title":"O\u015bwiadczenie w sprawie dost\u0119pno\u015bci - Metropolia GZM","robots":{"index":"index","follow":"follow","max-snippet":"max-snippet:-1","max-image-preview":"max-image-preview:large","max-video-preview":"max-video-preview:-1"},"canonical":"https:\/\/metropoliagzm.pl\/de\/deklaracja-dostepnosci\/","twitter_card":"summary_large_image","twitter_title":"O\u015bwiadczenie w sprawie dost\u0119pno\u015bci - Metropolia GZM","twitter_description":"O\u015bwiadczenie w sprawie dost\u0119pno\u015bci Urz\u0105d Metropolitalny G\u00f3rno\u015bl\u0105sko-Zag\u0142\u0119biowskiej Metropolii zobowi\u0105zuje si\u0119 zapewni\u0107 dost\u0119pno\u015b\u0107 swojej strony internetowej zgodnie z ustaw\u0105 z dnia 4 kwietnia 2019 r. o dost\u0119pno\u015bci cyfrowej stron internetowych i aplikacji mobilnych podmiot\u00f3w publicznych (Dz.U.2019.848 ze zm.), zwan\u0105 dalej ustaw\u0105. Niniejsze o\u015bwiadczenie w sprawie dost\u0119pno\u015bci...","twitter_misc":{"Gesch\u00e4tzte Lesezeit":"6\u00a0Minuten"},"schema":{"@context":"https:\/\/schema.org","@graph":[{"@type":"WebPage","@id":"https:\/\/metropoliagzm.pl\/deklaracja-dostepnosci\/","url":"https:\/\/metropoliagzm.pl\/deklaracja-dostepnosci\/","name":"O\u015bwiadczenie w sprawie dost\u0119pno\u015bci - Metropolia GZM","isPartOf":{"@id":"https:\/\/metropoliagzm.pl\/en\/#website"},"datePublished":"2020-11-19T08:36:36+00:00","dateModified":"2021-04-07T09:03:11+00:00","breadcrumb":{"@id":"https:\/\/metropoliagzm.pl\/deklaracja-dostepnosci\/#breadcrumb"},"inLanguage":"de","potentialAction":[{"@type":"ReadAction","target":["https:\/\/metropoliagzm.pl\/deklaracja-dostepnosci\/"]}]},{"@type":"BreadcrumbList","@id":"https:\/\/metropoliagzm.pl\/deklaracja-dostepnosci\/#breadcrumb","itemListElement":[{"@type":"ListItem","position":1,"name":"Strona g\u0142\u00f3wna","item":"https:\/\/metropoliagzm.pl\/"},{"@type":"ListItem","position":2,"name":"O\u015bwiadczenie w sprawie dost\u0119pno\u015bci"}]},{"@type":"WebSite","@id":"https:\/\/metropoliagzm.pl\/en\/#website","url":"https:\/\/metropoliagzm.pl\/en\/","name":"Metropolia GZM","description":"Oficjalny portal G\u00f3rno\u015bl\u0105sko-Zag\u0142\u0119biowskiej Metropolii","publisher":{"@id":"https:\/\/metropoliagzm.pl\/en\/#organization"},"potentialAction":[{"@type":"SearchAction","target":{"@type":"EntryPoint","urlTemplate":"https:\/\/metropoliagzm.pl\/en\/?s={search_term_string}"},"query-input":{"@type":"PropertyValueSpecification","valueRequired":true,"valueName":"search_term_string"}}],"inLanguage":"de"},{"@type":"Organization","@id":"https:\/\/metropoliagzm.pl\/en\/#organization","name":"Metropolia GZM","url":"https:\/\/metropoliagzm.pl\/en\/","logo":{"@type":"ImageObject","inLanguage":"de","@id":"https:\/\/metropoliagzm.pl\/en\/#\/schema\/logo\/image\/","url":"https:\/\/metropoliagzm.pl\/wp-content\/uploads\/2019\/03\/Sygnet-strona-glowna.png","contentUrl":"https:\/\/metropoliagzm.pl\/wp-content\/uploads\/2019\/03\/Sygnet-strona-glowna.png","width":36,"height":45,"caption":"Metropolia GZM"},"image":{"@id":"https:\/\/metropoliagzm.pl\/en\/#\/schema\/logo\/image\/"}}]}},"_links":{"self":[{"href":"https:\/\/metropoliagzm.pl\/de\/wp-json\/wp\/v2\/pages\/30931","targetHints":{"allow":["GET"]}}],"collection":[{"href":"https:\/\/metropoliagzm.pl\/de\/wp-json\/wp\/v2\/pages"}],"about":[{"href":"https:\/\/metropoliagzm.pl\/de\/wp-json\/wp\/v2\/types\/page"}],"author":[{"embeddable":true,"href":"https:\/\/metropoliagzm.pl\/de\/wp-json\/wp\/v2\/users\/157"}],"replies":[{"embeddable":true,"href":"https:\/\/metropoliagzm.pl\/de\/wp-json\/wp\/v2\/comments?post=30931"}],"version-history":[{"count":11,"href":"https:\/\/metropoliagzm.pl\/de\/wp-json\/wp\/v2\/pages\/30931\/revisions"}],"predecessor-version":[{"id":34431,"href":"https:\/\/metropoliagzm.pl\/de\/wp-json\/wp\/v2\/pages\/30931\/revisions\/34431"}],"wp:attachment":[{"href":"https:\/\/metropoliagzm.pl\/de\/wp-json\/wp\/v2\/media?parent=30931"}],"curies":[{"name":"wp","href":"https:\/\/api.w.org\/{rel}","templated":true}]}}