{"id":3116,"date":"2019-04-23T18:51:38","date_gmt":"2019-04-23T16:51:38","guid":{"rendered":"https:\/\/wpgzm.dev.euvic.pl\/?page_id=3116"},"modified":"2019-09-03T11:16:37","modified_gmt":"2019-09-03T09:16:37","slug":"logo","status":"publish","type":"page","link":"https:\/\/metropoliagzm.pl\/de\/logo\/","title":{"rendered":"Logo"},"content":{"rendered":"<div class=\"wpb-content-wrapper\"><div class=\"pdf-block\"><div class=\"pdfprnt-buttons  pdfprnt-new pdfprnt-buttons-page pdfprnt-top-right\"><div class=\"jssocials-share jssocials-share-twitter\"><a target=\"_blank\" href=\"https:\/\/twitter.com\/share?url=https:\/\/metropoliagzm.pl\/de\/wp-json\/wp\/v2\/pages\/3116;text=3116\" class=\"jssocials-share-link\"><i class=\"fa fa-twitter jssocials-share-logo\"><\/i><\/a><\/div><div class=\"jssocials-share jssocials-share-facebook\"><a target=\"_blank\" href=\"https:\/\/facebook.com\/sharer\/sharer.php?u=https:\/\/metropoliagzm.pl\/de\/wp-json\/wp\/v2\/pages\/3116\" class=\"jssocials-share-link\"><i class=\"fa fa-facebook jssocials-share-logo\"><\/i><\/a><\/div><div class=\"jssocials-share jssocials-share-pinterest\"><a target=\"_blank\" href=\"https:\/\/pinterest.com\/pin\/create\/bookmarklet\/?&amp;url=https:\/\/metropoliagzm.pl\/de\/wp-json\/wp\/v2\/pages\/3116;description=3116\" class=\"jssocials-share-link\"><i class=\"fa fa-pinterest jssocials-share-logo\"><\/i><\/a><\/div><a href=\"https:\/\/metropoliagzm.pl\/de\/wp-json\/wp\/v2\/pages\/3116?print=pdf\" class=\"pdfprnt-button pdfprnt-button-pdf\" target=\"_blank\"><img decoding=\"async\" src=\"https:\/\/metropoliagzm.pl\/wp-content\/plugins\/pdf-print\/images\/pdf.png\" alt=\"image_pdf\" title=\"View PDF\" \/><\/a><a href=\"https:\/\/metropoliagzm.pl\/de\/wp-json\/wp\/v2\/pages\/3116?print=print\" class=\"pdfprnt-button pdfprnt-button-print\" target=\"_blank\"><img decoding=\"async\" src=\"https:\/\/metropoliagzm.pl\/wp-content\/plugins\/pdf-print\/images\/print.png\" alt=\"image_print\" title=\"Print Content\" \/><\/a><\/div><\/div><div class=\"post-block-pdf\"><div class=\"pdfprnt-buttons pdfprnt-buttons-page pdfprnt-top-right\"><a href=\"https:\/\/metropoliagzm.pl\/de\/wp-json\/wp\/v2\/pages\/3116?print=pdf\" class=\"pdfprnt-button pdfprnt-button-pdf\" target=\"_blank\"><img decoding=\"async\" src=\"https:\/\/metropoliagzm.pl\/wp-content\/plugins\/pdf-print\/images\/pdf.png\" alt=\"image_pdf\" title=\"View PDF\" \/><\/a><a href=\"https:\/\/metropoliagzm.pl\/de\/wp-json\/wp\/v2\/pages\/3116?print=print\" class=\"pdfprnt-button pdfprnt-button-print\" target=\"_blank\"><img decoding=\"async\" src=\"https:\/\/metropoliagzm.pl\/wp-content\/plugins\/pdf-print\/images\/print.png\" alt=\"image_print\" title=\"Print Content\" \/><\/a><\/div><div class=\"vc_row wpb_row vc_row-fluid\"><div class=\"wpb_column vc_column_container vc_col-sm-12\"><div class=\"vc_column-inner vc_custom_1557491332839\"><div class=\"wpb_wrapper\">\n\t<div  class=\"wpb_single_image wpb_content_element vc_align_left wpb_content_element\">\n\t\t\n\t\t<figure class=\"wpb_wrapper vc_figure\">\n\t\t\t<div class=\"vc_single_image-wrapper   vc_box_border_grey\"><img loading=\"lazy\" decoding=\"async\" width=\"1200\" height=\"340\" src=\"https:\/\/metropoliagzm.pl\/wp-content\/uploads\/2019\/09\/1200x340-Zakladki-menu-glownego_1_-logo.png\" class=\"vc_single_image-img attachment-full\" alt=\"\" title=\"1200x340 Zakladki menu glownego_1_ logo\" srcset=\"https:\/\/metropoliagzm.pl\/wp-content\/uploads\/2019\/09\/1200x340-Zakladki-menu-glownego_1_-logo.png 1200w, https:\/\/metropoliagzm.pl\/wp-content\/uploads\/2019\/09\/1200x340-Zakladki-menu-glownego_1_-logo-300x85.png 300w, https:\/\/metropoliagzm.pl\/wp-content\/uploads\/2019\/09\/1200x340-Zakladki-menu-glownego_1_-logo-768x218.png 768w, https:\/\/metropoliagzm.pl\/wp-content\/uploads\/2019\/09\/1200x340-Zakladki-menu-glownego_1_-logo-1024x290.png 1024w, https:\/\/metropoliagzm.pl\/wp-content\/uploads\/2019\/09\/1200x340-Zakladki-menu-glownego_1_-logo-585x166.png 585w\" sizes=\"auto, (max-width: 1200px) 100vw, 1200px\" \/><\/div>\n\t\t<\/figure>\n\t<\/div>\n<\/div><\/div><\/div><\/div><div class=\"vc_row wpb_row vc_row-fluid\"><div class=\"wpb_column vc_column_container vc_col-sm-12\"><div class=\"vc_column-inner\"><div class=\"wpb_wrapper\">\n\t<div class=\"wpb_text_column wpb_content_element\" >\n\t\t<div class=\"wpb_wrapper\">\n\t\t\t<p><strong>Prosta i elegancka litera \u201eM\u201d,<br \/>\nprzedstawiona z kszta\u0142tem budz\u0105cym wiele skojarze\u0144, mi\u0119dzy innymi z sercem, ale<br \/>\ntak\u017ce z matematycznym znakiem wi\u0119kszo\u015bci czy z diamentem. To logo, kt\u00f3re jest<br \/>\npodstaw\u0105 identyfikacji wizualnej G\u00f3rno\u015bl\u0105sko-Zag\u0142\u0119biowskiej Metropolii. Zosta\u0142o<br \/>\ndocenione za swoj\u0105 \u201eplastyczno\u015b\u0107\u201d, p<\/strong><strong>rzybieraj\u0105c<br \/>\nr\u00f3\u017cne formy w zale\u017cno\u015bci od sytuacji i kontekstu, w kt\u00f3rym ma zosta\u0107<br \/>\nwykorzystane. Oficjalnymi kolorami Metropolii<br \/>\nGZM jest fuksja, \u017c\u00f3\u0142ty oraz niebieski. <\/strong><\/p>\n<p>Nasze logo ma kojarzy\u0107 si\u0119 ze wsp\u00f3\u0142prac\u0105, integracj\u0105, nowoczesno\u015bci\u0105,<br \/>\nsmart city, pokazywa\u0107 potencja\u0142 gospodarczy i intelektualny Metropolii GZM oraz<br \/>\njako miejsce, gdzie \u2013 po prostu &#8211; dobrze si\u0119 \u017cyje, mieszka, uczy, pracuje i<br \/>\nsp\u0119dza wolny czas.<\/p>\n<p>Naszym celem by\u0142o to, aby zrywa\u0142o ze stereotypami, kt\u00f3re wci\u0105\u017c \u2013 niestety<br \/>\n\u2013 nies\u0142usznie kojarzone s\u0105 z naszym regionem.<\/p>\n<p>Literze \u201eM\u201d towarzysz znak, kt\u00f3ry<br \/>\nmo\u017cna interpretowa\u0107 na wiele r\u00f3\u017cnych sposob\u00f3w. Mo\u017ce by\u0107 to symbol serca,<br \/>\ndiament, matematyczny znak wi\u0119kszo\u015bci. Jej najwi\u0119kszym atutem jest to, \u017ce znak<br \/>\nten mo\u017ce \u201e\u017cy\u0107\u201d i przybiera\u0107 r\u00f3\u017cne formy i kszta\u0142ty. To projekt otwarty, kt\u00f3ry<br \/>\nmo\u017ce by\u0107 interpretowany na nowo.<\/p>\n<p>\u00a0Zbi\u00f3r pomys\u0142\u00f3w, w jaki spos\u00f3b ta prosta i<br \/>\nelegancka litera \u201eM\u201d mo\u017ce si\u0119 przekszta\u0142ca\u0107 i zmienia\u0107, mo\u017cna znale\u017a\u0107 w naszej<br \/>\nksi\u0119dze znaku. Najobszerniejsza jej cz\u0119\u015b\u0107 to fragment przedstawiaj\u0105cy landmarki<br \/>\nposzczeg\u00f3lnych miast i gmin Metropolii. Ka\u017cdy z nich otrzyma\u0142 sw\u00f3j unikatowy znak,<br \/>\nsymbolizuj\u0105cy to, co dla danej gminy jest najbardziej charakterystyczne, to, co<br \/>\nj\u0105 wyr\u00f3\u017cnia.<\/p>\n<p>Towarzyszy im has\u0142o \u201edobrze si\u0119<br \/>\nsk\u0142ada\u201d, bo praca z tym kszta\u0142tem przypomina sk\u0142adaj\u0105ce si\u0119 w sp\u00f3jn\u0105 ca\u0142o\u015b\u0107,<br \/>\njak klocki w popularnej grze tetris.<\/p>\n<p>&#8211; Znak w tym przypadku jest<br \/>\nfragmentem wi\u0119kszego procesu &#8211; nakre\u015bleniem i zdefiniowaniem unikatowego rastra<br \/>\n\u015bl\u0105sko-zag\u0142\u0119biowskiego, mozaiki miast i gmin zjednoczonych wsp\u00f3ln\u0105 definicj\u0105,<br \/>\nnazw\u0105, poj\u0119ciem. Ale tak naprawd\u0119 zaprezentowana ksi\u0119ga, cho\u0107 liczy ponad 120<br \/>\nstron, nakre\u015bla tylko kontur. To, co j\u0105 wype\u0142ni zale\u017cy od mieszka\u0144c\u00f3w i czasu,<br \/>\nkt\u00f3ry stworz\u0105 \u2013 m\u00f3wi o swoim projekcie autor logotypu, Pawe\u0142 Miszewski.<\/p>\n<p>Oficjalnymi kolorami jest fuksja,<br \/>\n\u017c\u00f3\u0142ty oraz niebieski. Ta pierwsza symbolizuje otwarto\u015b\u0107 i now\u0105 warto\u015b\u0107, kt\u00f3r\u0105<br \/>\nwnosi powstanie Metropolii. Z kolei \u017c\u00f3\u0142ty i niebieski to synteza barw<br \/>\nheraldycznych G\u00f3rnego \u015al\u0105ska i Zag\u0142\u0119bia D\u0105browskiego.<\/p>\n<p>Logo G\u00f3rno\u015bl\u0105sko-Zag\u0142\u0119biowskiej<br \/>\nMetropolii zosta\u0142o wybrane w mi\u0119dzynarodowym konkursie, do kt\u00f3rego zg\u0142osi\u0142o si\u0119<br \/>\nponad 140 autor\u00f3w.<\/p>\n\n\t\t<\/div>\n\t<\/div>\n<\/div><\/div><\/div><\/div>\n<div class=\"post-author\" style=\"font-size:13px\">admin tresc<\/div><\/div><\/div>","protected":false},"excerpt":{"rendered":"<p>admin tresc<\/p>","protected":false},"author":161,"featured_media":0,"parent":0,"menu_order":0,"comment_status":"closed","ping_status":"closed","template":"","meta":{"_acf_changed":false,"footnotes":""},"class_list":["post-3116","page","type-page","status-publish","hentry"],"acf":[],"yoast_head":"<!-- This site is optimized with the Yoast SEO plugin v27.2 - https:\/\/yoast.com\/product\/yoast-seo-wordpress\/ -->\n<title>Logo - Metropolia GZM<\/title>\n<meta name=\"robots\" content=\"index, follow, max-snippet:-1, max-image-preview:large, max-video-preview:-1\" \/>\n<link rel=\"canonical\" href=\"https:\/\/metropoliagzm.pl\/de\/logo\/\" \/>\n<meta name=\"twitter:card\" content=\"summary_large_image\" \/>\n<meta name=\"twitter:title\" content=\"Logo - Metropolia GZM\" \/>\n<meta name=\"twitter:description\" content=\"admin tresc\" \/>\n<meta name=\"twitter:label1\" content=\"Gesch\u00e4tzte Lesezeit\" \/>\n\t<meta name=\"twitter:data1\" content=\"2\u00a0Minuten\" \/>\n<script type=\"application\/ld+json\" class=\"yoast-schema-graph\">{\"@context\":\"https:\/\/schema.org\",\"@graph\":[{\"@type\":\"WebPage\",\"@id\":\"https:\/\/metropoliagzm.pl\/logo\/\",\"url\":\"https:\/\/metropoliagzm.pl\/logo\/\",\"name\":\"Logo - Metropolia GZM\",\"isPartOf\":{\"@id\":\"https:\/\/metropoliagzm.pl\/en\/#website\"},\"datePublished\":\"2019-04-23T16:51:38+00:00\",\"dateModified\":\"2019-09-03T09:16:37+00:00\",\"breadcrumb\":{\"@id\":\"https:\/\/metropoliagzm.pl\/logo\/#breadcrumb\"},\"inLanguage\":\"de\",\"potentialAction\":[{\"@type\":\"ReadAction\",\"target\":[\"https:\/\/metropoliagzm.pl\/logo\/\"]}]},{\"@type\":\"BreadcrumbList\",\"@id\":\"https:\/\/metropoliagzm.pl\/logo\/#breadcrumb\",\"itemListElement\":[{\"@type\":\"ListItem\",\"position\":1,\"name\":\"Strona g\u0142\u00f3wna\",\"item\":\"https:\/\/metropoliagzm.pl\/\"},{\"@type\":\"ListItem\",\"position\":2,\"name\":\"Logo\"}]},{\"@type\":\"WebSite\",\"@id\":\"https:\/\/metropoliagzm.pl\/en\/#website\",\"url\":\"https:\/\/metropoliagzm.pl\/en\/\",\"name\":\"Metropolia GZM\",\"description\":\"Oficjalny portal G\u00f3rno\u015bl\u0105sko-Zag\u0142\u0119biowskiej Metropolii\",\"publisher\":{\"@id\":\"https:\/\/metropoliagzm.pl\/en\/#organization\"},\"potentialAction\":[{\"@type\":\"SearchAction\",\"target\":{\"@type\":\"EntryPoint\",\"urlTemplate\":\"https:\/\/metropoliagzm.pl\/en\/?s={search_term_string}\"},\"query-input\":{\"@type\":\"PropertyValueSpecification\",\"valueRequired\":true,\"valueName\":\"search_term_string\"}}],\"inLanguage\":\"de\"},{\"@type\":\"Organization\",\"@id\":\"https:\/\/metropoliagzm.pl\/en\/#organization\",\"name\":\"Metropolia GZM\",\"url\":\"https:\/\/metropoliagzm.pl\/en\/\",\"logo\":{\"@type\":\"ImageObject\",\"inLanguage\":\"de\",\"@id\":\"https:\/\/metropoliagzm.pl\/en\/#\/schema\/logo\/image\/\",\"url\":\"https:\/\/metropoliagzm.pl\/wp-content\/uploads\/2019\/03\/Sygnet-strona-glowna.png\",\"contentUrl\":\"https:\/\/metropoliagzm.pl\/wp-content\/uploads\/2019\/03\/Sygnet-strona-glowna.png\",\"width\":36,\"height\":45,\"caption\":\"Metropolia GZM\"},\"image\":{\"@id\":\"https:\/\/metropoliagzm.pl\/en\/#\/schema\/logo\/image\/\"}}]}<\/script>\n<!-- \/ Yoast SEO plugin. -->","yoast_head_json":{"title":"Logo - Metropolia GZM","robots":{"index":"index","follow":"follow","max-snippet":"max-snippet:-1","max-image-preview":"max-image-preview:large","max-video-preview":"max-video-preview:-1"},"canonical":"https:\/\/metropoliagzm.pl\/de\/logo\/","twitter_card":"summary_large_image","twitter_title":"Logo - Metropolia GZM","twitter_description":"admin tresc","twitter_misc":{"Gesch\u00e4tzte Lesezeit":"2\u00a0Minuten"},"schema":{"@context":"https:\/\/schema.org","@graph":[{"@type":"WebPage","@id":"https:\/\/metropoliagzm.pl\/logo\/","url":"https:\/\/metropoliagzm.pl\/logo\/","name":"Logo - Metropolia GZM","isPartOf":{"@id":"https:\/\/metropoliagzm.pl\/en\/#website"},"datePublished":"2019-04-23T16:51:38+00:00","dateModified":"2019-09-03T09:16:37+00:00","breadcrumb":{"@id":"https:\/\/metropoliagzm.pl\/logo\/#breadcrumb"},"inLanguage":"de","potentialAction":[{"@type":"ReadAction","target":["https:\/\/metropoliagzm.pl\/logo\/"]}]},{"@type":"BreadcrumbList","@id":"https:\/\/metropoliagzm.pl\/logo\/#breadcrumb","itemListElement":[{"@type":"ListItem","position":1,"name":"Strona g\u0142\u00f3wna","item":"https:\/\/metropoliagzm.pl\/"},{"@type":"ListItem","position":2,"name":"Logo"}]},{"@type":"WebSite","@id":"https:\/\/metropoliagzm.pl\/en\/#website","url":"https:\/\/metropoliagzm.pl\/en\/","name":"Metropolia GZM","description":"Oficjalny portal G\u00f3rno\u015bl\u0105sko-Zag\u0142\u0119biowskiej Metropolii","publisher":{"@id":"https:\/\/metropoliagzm.pl\/en\/#organization"},"potentialAction":[{"@type":"SearchAction","target":{"@type":"EntryPoint","urlTemplate":"https:\/\/metropoliagzm.pl\/en\/?s={search_term_string}"},"query-input":{"@type":"PropertyValueSpecification","valueRequired":true,"valueName":"search_term_string"}}],"inLanguage":"de"},{"@type":"Organization","@id":"https:\/\/metropoliagzm.pl\/en\/#organization","name":"Metropolia GZM","url":"https:\/\/metropoliagzm.pl\/en\/","logo":{"@type":"ImageObject","inLanguage":"de","@id":"https:\/\/metropoliagzm.pl\/en\/#\/schema\/logo\/image\/","url":"https:\/\/metropoliagzm.pl\/wp-content\/uploads\/2019\/03\/Sygnet-strona-glowna.png","contentUrl":"https:\/\/metropoliagzm.pl\/wp-content\/uploads\/2019\/03\/Sygnet-strona-glowna.png","width":36,"height":45,"caption":"Metropolia GZM"},"image":{"@id":"https:\/\/metropoliagzm.pl\/en\/#\/schema\/logo\/image\/"}}]}},"_links":{"self":[{"href":"https:\/\/metropoliagzm.pl\/de\/wp-json\/wp\/v2\/pages\/3116","targetHints":{"allow":["GET"]}}],"collection":[{"href":"https:\/\/metropoliagzm.pl\/de\/wp-json\/wp\/v2\/pages"}],"about":[{"href":"https:\/\/metropoliagzm.pl\/de\/wp-json\/wp\/v2\/types\/page"}],"author":[{"embeddable":true,"href":"https:\/\/metropoliagzm.pl\/de\/wp-json\/wp\/v2\/users\/161"}],"replies":[{"embeddable":true,"href":"https:\/\/metropoliagzm.pl\/de\/wp-json\/wp\/v2\/comments?post=3116"}],"version-history":[{"count":5,"href":"https:\/\/metropoliagzm.pl\/de\/wp-json\/wp\/v2\/pages\/3116\/revisions"}],"predecessor-version":[{"id":45555,"href":"https:\/\/metropoliagzm.pl\/de\/wp-json\/wp\/v2\/pages\/3116\/revisions\/45555"}],"wp:attachment":[{"href":"https:\/\/metropoliagzm.pl\/de\/wp-json\/wp\/v2\/media?parent=3116"}],"curies":[{"name":"wp","href":"https:\/\/api.w.org\/{rel}","templated":true}]}}