{"id":32533,"date":"2021-01-29T14:48:54","date_gmt":"2021-01-29T13:48:54","guid":{"rendered":"https:\/\/metropoliagzm.pl\/?page_id=32533"},"modified":"2021-02-02T09:46:21","modified_gmt":"2021-02-02T08:46:21","slug":"uchwala-antysmogowa-wymiana-kotlow","status":"publish","type":"page","link":"https:\/\/metropoliagzm.pl\/de\/uchwala-antysmogowa-wymiana-kotlow\/","title":{"rendered":"Uchwa\u0142a antysmogowa &#8211; wymiana kot\u0142\u00f3w"},"content":{"rendered":"<div class=\"wpb-content-wrapper\"><div class=\"pdf-block\"><div class=\"pdfprnt-buttons  pdfprnt-new pdfprnt-buttons-page pdfprnt-top-right\"><div class=\"jssocials-share jssocials-share-twitter\"><a target=\"_blank\" href=\"https:\/\/twitter.com\/share?url=https:\/\/metropoliagzm.pl\/de\/wp-json\/wp\/v2\/pages\/32533;text=32533\" class=\"jssocials-share-link\"><i class=\"fa fa-twitter jssocials-share-logo\"><\/i><\/a><\/div><div class=\"jssocials-share jssocials-share-facebook\"><a target=\"_blank\" href=\"https:\/\/facebook.com\/sharer\/sharer.php?u=https:\/\/metropoliagzm.pl\/de\/wp-json\/wp\/v2\/pages\/32533\" class=\"jssocials-share-link\"><i class=\"fa fa-facebook jssocials-share-logo\"><\/i><\/a><\/div><div class=\"jssocials-share jssocials-share-pinterest\"><a target=\"_blank\" href=\"https:\/\/pinterest.com\/pin\/create\/bookmarklet\/?&amp;url=https:\/\/metropoliagzm.pl\/de\/wp-json\/wp\/v2\/pages\/32533;description=32533\" class=\"jssocials-share-link\"><i class=\"fa fa-pinterest jssocials-share-logo\"><\/i><\/a><\/div><a href=\"https:\/\/metropoliagzm.pl\/de\/wp-json\/wp\/v2\/pages\/32533?print=pdf\" class=\"pdfprnt-button pdfprnt-button-pdf\" target=\"_blank\"><img decoding=\"async\" src=\"https:\/\/metropoliagzm.pl\/wp-content\/plugins\/pdf-print\/images\/pdf.png\" alt=\"image_pdf\" title=\"View PDF\" \/><\/a><a href=\"https:\/\/metropoliagzm.pl\/de\/wp-json\/wp\/v2\/pages\/32533?print=print\" class=\"pdfprnt-button pdfprnt-button-print\" target=\"_blank\"><img decoding=\"async\" src=\"https:\/\/metropoliagzm.pl\/wp-content\/plugins\/pdf-print\/images\/print.png\" alt=\"image_print\" title=\"Print Content\" \/><\/a><\/div><\/div><div class=\"post-block-pdf\"><div class=\"pdfprnt-buttons pdfprnt-buttons-page pdfprnt-top-right\"><a href=\"https:\/\/metropoliagzm.pl\/de\/wp-json\/wp\/v2\/pages\/32533?print=pdf\" class=\"pdfprnt-button pdfprnt-button-pdf\" target=\"_blank\"><img decoding=\"async\" src=\"https:\/\/metropoliagzm.pl\/wp-content\/plugins\/pdf-print\/images\/pdf.png\" alt=\"image_pdf\" title=\"View PDF\" \/><\/a><a href=\"https:\/\/metropoliagzm.pl\/de\/wp-json\/wp\/v2\/pages\/32533?print=print\" class=\"pdfprnt-button pdfprnt-button-print\" target=\"_blank\"><img decoding=\"async\" src=\"https:\/\/metropoliagzm.pl\/wp-content\/plugins\/pdf-print\/images\/print.png\" alt=\"image_print\" title=\"Print Content\" \/><\/a><\/div><div class=\"vc_row wpb_row vc_row-fluid\"><div class=\"wpb_column vc_column_container vc_col-sm-12\"><div class=\"vc_column-inner\"><div class=\"wpb_wrapper\">\n\t<div  class=\"wpb_single_image wpb_content_element vc_align_left wpb_content_element vc_custom_1611931625816\">\n\t\t\n\t\t<figure class=\"wpb_wrapper vc_figure\">\n\t\t\t<div class=\"vc_single_image-wrapper   vc_box_border_grey\"><img loading=\"lazy\" decoding=\"async\" width=\"1198\" height=\"340\" src=\"https:\/\/metropoliagzm.pl\/wp-content\/uploads\/2021\/01\/smog-4.jpg\" class=\"vc_single_image-img attachment-full\" alt=\"\" title=\"smog-4\" srcset=\"https:\/\/metropoliagzm.pl\/wp-content\/uploads\/2021\/01\/smog-4.jpg 1198w, https:\/\/metropoliagzm.pl\/wp-content\/uploads\/2021\/01\/smog-4-300x85.jpg 300w, https:\/\/metropoliagzm.pl\/wp-content\/uploads\/2021\/01\/smog-4-1024x291.jpg 1024w, https:\/\/metropoliagzm.pl\/wp-content\/uploads\/2021\/01\/smog-4-768x218.jpg 768w, https:\/\/metropoliagzm.pl\/wp-content\/uploads\/2021\/01\/smog-4-16x5.jpg 16w, https:\/\/metropoliagzm.pl\/wp-content\/uploads\/2021\/01\/smog-4-585x166.jpg 585w\" sizes=\"auto, (max-width: 1198px) 100vw, 1198px\" \/><\/div>\n\t\t<\/figure>\n\t<\/div>\n<\/div><\/div><\/div><\/div><div class=\"vc_row wpb_row vc_row-fluid\"><div class=\"wpb_column vc_column_container vc_col-sm-10\"><div class=\"vc_column-inner\"><div class=\"wpb_wrapper\">\n\t<div class=\"wpb_text_column wpb_content_element\" >\n\t\t<div class=\"wpb_wrapper\">\n\t\t\t<p><strong><u>O TYM NALE\u017bY PAMI\u0118TA\u0106!<\/u><\/strong><\/p>\n<p>Uchwa\u0142a antysmogowa dla wojew\u00f3dztwa \u015bl\u0105skiego zawiera wa\u017cne nakazy liczone pocz\u0105wszy od dnia\u00a0<strong>1 wrze\u015bnia 2017 r. tj.: <\/strong><\/p>\n<ul>\n<li>po tej dacie monta\u017c kot\u0142a pozaklasowego, jak r\u00f3wnie\u017c klasy 3 i 4 jest dzia\u0142aniem sprzecznym z prawem \u2013 obowi\u0105zek wymiany jest natychmiastowy,<\/li>\n<li>je\u017celi eksploatacja posiadanego kot\u0142a rozpocz\u0119\u0142a si\u0119 <strong>przed 1 wrze\u015bnia 2017 <\/strong>roku to u\u017cytkownicy zobowi\u0105zani s\u0105 do wymiany takich urz\u0105dze\u0144 grzewczych w nast\u0119puj\u0105cych terminach:<\/li>\n<\/ul>\n<p>&#8211; do ko\u0144ca roku <strong>2021 <\/strong>kot\u0142y starsze ni\u017c 10 lat od daty ich produkcji (wed\u0142ug stanu na dzie\u0144 1 wrze\u015bnia 2017 r.);<\/p>\n<p>&#8211; do ko\u0144ca roku <strong>2023<\/strong> kot\u0142y w przedziale wiekowym od 10 do 5 lat od daty ich produkcji (wed\u0142ug stanu na dzie\u0144 1 wrze\u015bnia 2017 r.);<\/p>\n<p>&#8211; do ko\u0144ca roku <strong>2025<\/strong> wszystkie kot\u0142y niestarsze ni\u017c 5 lat od daty ich produkcji (wed\u0142ug stanu na dzie\u0144 1 wrze\u015bnia 2017 r.);<\/p>\n<p>&#8211; do ko\u0144ca roku <strong>2027<\/strong> kot\u0142y klasy 3 lub 4.<\/p>\n<p>Ponadto obowi\u0105zuje bezwzgl\u0119dny zakaz spalania odpad\u00f3w w\u0119glowych, takich jak mu\u0142y czy flotokoncentraty oraz w\u0119gla niskiej jako\u015bci, jak mia\u0142 w\u0119glowy oraz w\u0119giel brunatny Nale\u017cy pami\u0119ta\u0107, \u017ce niedopuszczalne jest tak\u017ce spalanie wilgotnego drewna \u2013 grozi to emisj\u0105 ogromnych ilo\u015bci rakotw\u00f3rczego benzo(a)pirenu.<\/p>\n<p>\u015al\u0105ska uchwa\u0142a antysmogowa, b\u0119d\u0105ca jedn\u0105 z 13 obowi\u0105zuj\u0105cych wojew\u00f3dzkich uchwa\u0142\u00a0 na terenie naszego kraju, nakazuje wymian\u0119 nieefektywnych piec\u00f3w i kot\u0142\u00f3w w\u0119glowych,\u00a0 wyznaczaj\u0105c graniczne daty ich likwidacji. Wskazuje ona, \u017ce do ko\u0144ca bie\u017c\u0105cego roku (2021) musz\u0105 zosta\u0107 zlikwidowane wszystkie kot\u0142y i piece na paliwa sta\u0142e, kt\u00f3re w momencie wej\u015bcia w \u017cycie tej uchwa\u0142y, a wi\u0119c <strong>1 wrze\u015bnia<\/strong> <strong>2017<\/strong> <strong>roku mia\u0142y wi\u0119cej ni\u017c 10 lat<\/strong> od daty ich produkcji (dotyczy to tak\u017ce kot\u0142\u00f3w i piec\u00f3w, dla kt\u00f3rych nie da si\u0119 oceni\u0107 wieku &#8211; nie posiadaj\u0105 tabliczki znamionowej, np. piece kaflowe). Dzi\u015b te urz\u0105dzenia maj\u0105 ju\u017c co najmniej 12 lat, a wi\u0119c okres ich u\u017cytkowania powoli dobiega ko\u0144ca, a na pewno dawno ju\u017c nie s\u0105 obj\u0119te \u017cadn\u0105 gwarancj\u0105. S\u0105 najbardziej emisyjne i nawet zastosowanie specjalnych technik palenia nie obni\u017ca skutecznie ilo\u015bci wydobywaj\u0105cych si\u0119 gaz\u00f3w i py\u0142\u00f3w do poziom\u00f3w dopuszczalnych. Pami\u0119tajmy, \u017ce uchwa\u0142a antysmogowa jest aktem prawa miejscowego, co oznacza, \u017ce ka\u017cdy w\u0142a\u015bciciel nieruchomo\u015bci stosuj\u0105cy do ogrzewania paliwa sta\u0142e jest zobowi\u0105zany do jej stosowania. Od 1 stycznia 2022 roku zar\u00f3wno stra\u017cnicy miejscy, jak i pracownicy gmin maj\u0105 prawo skontrolowa\u0107 ka\u017cd\u0105 nieruchomo\u015b\u0107 na zgodno\u015b\u0107 u\u017cywanego pieca czy kot\u0142a z uchwa\u0142\u0105 antysmogow\u0105. Za niedostosowanie si\u0119 do jej wymog\u00f3w grozi mandat, ale przede wszystkim musimy pami\u0119ta\u0107, \u017ce niestosowanie si\u0119 do uchwa\u0142y, to trucie siebie, swoich bliskich i ca\u0142ego otoczenia. W przypadku monta\u017cu urz\u0105dze\u0144 grzewczych na paliwa sta\u0142e w nowym domu lub w przypadku modernizacji istniej\u0105cych, obowi\u0105zuje wym\u00f3g monta\u017cu kot\u0142a\u00a0 klasy pi\u0105tej lub ECODESIGN. Oczywi\u015bcie je\u015bli decydujemy si\u0119 nadal na ogrzewanie domu w\u0119glem, pelletem czy drewnem. Nale\u017cy jednak pami\u0119ta\u0107, \u017ce nawet najlepsze kot\u0142y na paliwo sta\u0142e s\u0105 \u017ar\u00f3d\u0142em emisji, dlatego najlepsz\u0105 decyzj\u0105 jest wyb\u00f3r innego sposobu ogrzewania, jak ciep\u0142o systemowe, ogrzewanie gazowe, ogrzewanie elektryczne czy zastosowanie odnawialnych \u017ar\u00f3de\u0142 energii. Pami\u0119tajmy, \u017ce wszystkie nowo montowane kot\u0142y ju\u017c od 1 wrze\u015bnia 2017 roku musz\u0105 spe\u0142nia\u0107 normy KLASY 5 lub ECOPROJEKTU (wymagania dotycz\u0105ce urz\u0105dze\u0144 grzewczych, okre\u015blaj\u0105ce emisyjno\u015b\u0107 py\u0142u na poziomie 40 mg\/m\u00b3, gwarantuj\u0105ce dotrzymanie norm emisji w trakcie pracy przy ni\u017cszym obci\u0105\u017ceniu kot\u0142a). Ecoprojekt okre\u015bla dodatkowo maksymaln\u0105 emisj\u0119 tlenk\u00f3w azotu.<\/p>\n<p>Je\u015bli podejrzewasz, \u017ce osoba z Twojego s\u0105siedztwa nie przestrzega przepis\u00f3w uchwa\u0142y antysmogowej, tzn. spala niedozwolone paliwo lub instaluje pozaklasowy kocio\u0142 \u2013 <u>zg\u0142o\u015b to <strong>986<\/strong> Stra\u017cy Miejskiej lub do urz\u0119du miasta\/gminy.<\/u><\/p>\n<p><strong>Za nieprzestrzeganie przepis\u00f3w uchwa\u0142y antysmogowej grozi mandat od 20 z\u0142 do 500 z\u0142 lub kara grzywny do 5 000 z\u0142.<\/strong><\/p>\n\n\t\t<\/div>\n\t<\/div>\n<\/div><\/div><\/div><div class=\"wpb_column vc_column_container vc_col-sm-2\"><div class=\"vc_column-inner\"><div class=\"wpb_wrapper\"><\/div><\/div><\/div><\/div><div class=\"vc_row wpb_row vc_row-fluid\"><div class=\"wpb_column vc_column_container vc_col-sm-9\"><div class=\"vc_column-inner\"><div class=\"wpb_wrapper\"><div class=\"vc_separator wpb_content_element vc_separator_align_center vc_sep_width_100 vc_sep_border_width_9 vc_sep_pos_align_center vc_separator_no_text vc_sep_color_grey vc_custom_1611933368603 wpb_content_element  vc_custom_1611933368603 wpb_content_element\" ><span class=\"vc_sep_holder vc_sep_holder_l\"><span class=\"vc_sep_line\"><\/span><\/span><span class=\"vc_sep_holder vc_sep_holder_r\"><span class=\"vc_sep_line\"><\/span><\/span>\n<\/div><\/div><\/div><\/div><\/div><div class=\"vc_row wpb_row vc_row-fluid vc_custom_1611928795168\"><div class=\"wpb_column vc_column_container vc_col-sm-9\"><div class=\"vc_column-inner\"><div class=\"wpb_wrapper\">\n\t<div class=\"wpb_text_column wpb_content_element\" >\n\t\t<div class=\"wpb_wrapper\">\n\t\t\t<p style=\"text-align: center;\"><strong><em>UCHWA\u0141A NR V\/36\/1\/2017<br \/>\nSEJMIKU WOJEW\u00d3DZTWA \u015aL\u0104SKIEGO<\/em><\/strong><\/p>\n<p style=\"text-align: center;\"><strong><em>z dnia 7 kwietnia 2017 r.<\/em><\/strong><\/p>\n<p style=\"text-align: center;\"><strong><em>w sprawie wprowadzenia na obszarze wojew\u00f3dztwa \u015bl\u0105skiego ogranicze\u0144<br \/>\n<\/em><\/strong><strong><em>w zakresie eksploatacji instalacji, w kt\u00f3rych nast\u0119puje spalanie paliw<\/em><\/strong><\/p>\n<p><em>Na podstawie art. 18 pkt 1 i art. 89 ust. 1 ustawy z dnia 5 czerwca 1998 roku o samorz\u0105dzie wojew\u00f3dztwa (tekst jednolity Dz. U. z 2016 roku, poz. 486 z p\u00f3\u017an. zm.) oraz art. 96 ustawy z dnia 27 kwietnia 2001 roku Prawo ochrony \u015brodowiska (tekst jednolity Dz. U. z 2017 roku, poz. 519 z p\u00f3\u017an. zm.)<\/em><\/p>\n<p><em>Sejmik Wojew\u00f3dztwa \u015al\u0105skiego<br \/>\nuchwala:<\/em><\/p>\n<ul>\n<li><em> 1.<\/em><\/li>\n<\/ul>\n<ol>\n<li><em>W celu zapobie\u017cenia negatywnemu oddzia\u0142ywaniu na zdrowie ludzi i na \u015brodowisko, w granicach administracyjnych wojew\u00f3dztwa \u015bl\u0105skiego wprowadza si\u0119 ograniczenia i zakazy obejmuj\u0105ce ca\u0142y rok kalendarzowy okre\u015blone niniejsz\u0105 uchwa\u0142\u0105.<\/em><\/li>\n<li><em>Ilekro\u0107 w niniejszej uchwale jest mowa o rozpocz\u0119ciu eksploatacji instalacji nale\u017cy przez to rozumie\u0107 pierwsze uruchomienie w miejscu obecnego u\u017cytkowania.<\/em><\/li>\n<\/ol>\n<ul>\n<li><em> 2.<\/em><\/li>\n<\/ul>\n<p><em>Rodzaje instalacji, dla kt\u00f3rych wprowadza si\u0119 ograniczenia i zakazy w zakresie ich eksploatacji to instalacje, w kt\u00f3rych nast\u0119puje spalanie paliw sta\u0142ych w rozumieniu art. 3 pkt 3 ustawy z dnia 10 kwietnia 1997 roku Prawo energetyczne (tekst jednolity Dz. U. z 2017 roku, poz. 220 z p\u00f3\u017an. zm.), w szczeg\u00f3lno\u015bci kocio\u0142, kominek i piec, je\u017celi:<\/em><\/p>\n<ol>\n<li><em>dostarczaj\u0105 ciep\u0142o do systemu centralnego ogrzewania lub<\/em><\/li>\n<li><em>wydzielaj\u0105 ciep\u0142o lub<\/em><\/li>\n<li><em>wydzielaj\u0105 ciep\u0142o i przenosz\u0105 je do innego no\u015bnika.<\/em><\/li>\n<\/ol>\n<ul>\n<li><em> 3.<\/em><\/li>\n<\/ul>\n<p><em>Podmiotami, dla kt\u00f3rych wprowadza si\u0119 ograniczenia i zakazy s\u0105 podmioty eksploatuj\u0105ce instalacje wskazane w \u00a7 2.<\/em><\/p>\n<ul>\n<li><em> 4.<\/em><\/li>\n<\/ul>\n<p><em>W przypadku instalacji, o kt\u00f3rych mowa w \u00a7 2 pkt 1, dopuszcza si\u0119 wy\u0142\u0105cznie eksploatacj\u0119 instalacji, kt\u00f3re spe\u0142niaj\u0105 minimum standard emisyjny zgodny z 5 klas\u0105 pod wzgl\u0119dem granicznych warto\u015bci emisji zanieczyszcze\u0144 normy PN-EN 303-5:2012, co potwierdza si\u0119 za\u015bwiadczeniem wydanym przez jednostk\u0119 posiadaj\u0105c\u0105 w tym zakresie akredytacj\u0119 Polskiego Centrum Akredytacji lub innej jednostki akredytuj\u0105cej w Europie, b\u0119d\u0105cej sygnatariuszem wielostronnego porozumienia o wzajemnym uznawaniu akredytacji EA (European co-operation for Accreditation).<\/em><\/p>\n<ul>\n<li><em> 5.<\/em><\/li>\n<\/ul>\n<p><em>W przypadku instalacji, o kt\u00f3rych mowa w \u00a7 2 pkt 2 i pkt 3, dopuszcza si\u0119 wy\u0142\u0105cznie eksploatacj\u0119 instalacji, kt\u00f3re spe\u0142niaj\u0105 minimalne poziomy sezonowej efektywno\u015bci energetycznej i normy emisji zanieczyszcze\u0144 dla sezonowego ogrzewania pomieszcze\u0144 okre\u015blone w punkcie 1 i 2 za\u0142\u0105cznika II do Rozporz\u0105dzenia Komisji (UE) 2015\/1185 z dnia 24 kwietnia 2015 roku w sprawie wykonania dyrektywy Parlamentu Europejskiego i Rady 2009\/125\/WE w odniesieniu do wymog\u00f3w dotycz\u0105cych ekoprojektu dla miejscowych ogrzewaczy pomieszcze\u0144 na paliwo sta\u0142e. Podmiot eksploatuj\u0105cy instalacj\u0119 jest zobowi\u0105zany do wykazania spe\u0142niania wymaga\u0144 okre\u015blonych w niniejszym zapisie poprzez przedstawienie instrukcji dla instalator\u00f3w i u\u017cytkownik\u00f3w, o kt\u00f3rej mowa w punkcie 3 lit. a za\u0142\u0105cznika II w\/w rozporz\u0105dzenia.<\/em><\/p>\n<ul>\n<li><em> 6.<\/em><\/li>\n<\/ul>\n<p><em>W instalacjach wskazanych w \u00a7 2 zakazuje si\u0119 stosowania:<\/em><\/p>\n<ol>\n<li><em>w\u0119gla brunatnego oraz paliw sta\u0142ych produkowanych z wykorzystaniem tego w\u0119gla,<\/em><\/li>\n<li><em>mu\u0142\u00f3w i flotokoncentrat\u00f3w w\u0119glowych oraz mieszanek produkowanych z ich wykorzystaniem,<\/em><\/li>\n<li><em>paliw, w kt\u00f3rych udzia\u0142 masowy w\u0119gla kamiennego o uziarnieniu poni\u017cej 3 mm wynosi wi\u0119cej ni\u017c 15 %,<\/em><\/li>\n<li><em>biomasy sta\u0142ej, kt\u00f3rej wilgotno\u015b\u0107 w stanie roboczym przekracza 20 %.<\/em><\/li>\n<\/ol>\n<ul>\n<li><em> 7.<\/em><\/li>\n<\/ul>\n<p><em>Wykonanie uchwa\u0142y powierza si\u0119 Zarz\u0105dowi Wojew\u00f3dztwa \u015al\u0105skiego.<\/em><\/p>\n<ul>\n<li><em> 8.<\/em><\/li>\n<\/ul>\n<ol>\n<li><em>Uchwa\u0142a podlega og\u0142oszeniu w Dzienniku Urz\u0119dowym Wojew\u00f3dztwa \u015al\u0105skiego.<\/em><\/li>\n<li><em>Uchwa\u0142a wchodzi w \u017cycie z dniem 1 wrze\u015bnia 2017 roku z nast\u0119puj\u0105cymi wyj\u0105tkami: <\/em>\n<ol>\n<li><em>wymagania wskazane w \u00a7 4 dla instalacji, kt\u00f3rych eksploatacja rozpocz\u0119\u0142a si\u0119 przed 1 wrze\u015bnia 2017 roku b\u0119d\u0105 obowi\u0105zywa\u0107: <\/em>\n<ol>\n<li><em>od 1 stycznia 2022 roku w przypadku instalacji eksploatowanych w okresie powy\u017cej 10 lat od daty ich produkcji lub nieposiadaj\u0105cych tabliczki znamionowej,<\/em><\/li>\n<li><em>od 1 stycznia 2024 roku w przypadku instalacji eksploatowanych w okresie od 5 do 10 lat od daty ich produkcji,<\/em><\/li>\n<li><em>od 1 stycznia 2026 roku w przypadku instalacji eksploatowanych w okresie poni\u017cej 5 lat od daty ich produkcji,<\/em><\/li>\n<li><em>\u00a0od 1 stycznia 2028 roku w przypadku instalacji spe\u0142niaj\u0105cych wymagania w zakresie emisji zanieczyszcze\u0144 okre\u015blonych dla klasy 3 lub klasy 4 wed\u0142ug normy PN-EN 303-5:2012,<\/em><\/li>\n<\/ol>\n<\/li>\n<li><em>wymagania wskazane w \u00a7 5 dla instalacji, kt\u00f3rych eksploatacja rozpocz\u0119\u0142a si\u0119 przed 1 wrze\u015bnia 2017 roku, b\u0119d\u0105 obowi\u0105zywa\u0107 od 1 stycznia 2023 roku, chyba \u017ce instalacje te b\u0119d\u0105: <\/em>\n<ol>\n<li><em>osi\u0105ga\u0107 sprawno\u015b\u0107 ciepln\u0105 na poziomie co najmniej 80 % lub<\/em><\/li>\n<\/ol>\n<\/li>\n<\/ol>\n<\/li>\n<\/ol>\n<p><em>zostan\u0105 wyposa\u017cone w urz\u0105dzenie zapewniaj\u0105ce redukcj\u0119 emisji py\u0142u do warto\u015bci okre\u015blonych w punkcie 2 lit. a za\u0142\u0105cznika II do Rozporz\u0105dzenia Komisji (UE) 2015\/1185 z dnia 24 kwietnia 2015 roku w sprawie wykonania dyrektywy Parlamentu Europejskiego i Rady 2009\/125\/WE w odniesieniu do wymog\u00f3w dotycz\u0105cych ekoprojektu dla miejscowych ogrzewaczy pomieszcze\u0144 na paliwo sta\u0142e.<\/em><\/p>\n\n\t\t<\/div>\n\t<\/div>\n<\/div><\/div><\/div><\/div>\n<div class=\"post-author\" style=\"font-size:13px\">Micha\u0142 Nowak<\/div><\/div><\/div>","protected":false},"excerpt":{"rendered":"<p>Micha\u0142 Nowak<\/p>","protected":false},"author":134,"featured_media":0,"parent":0,"menu_order":0,"comment_status":"closed","ping_status":"closed","template":"","meta":{"_acf_changed":false,"footnotes":""},"class_list":["post-32533","page","type-page","status-publish","hentry"],"acf":[],"yoast_head":"<!-- This site is optimized with the Yoast SEO plugin v27.3 - https:\/\/yoast.com\/product\/yoast-seo-wordpress\/ -->\n<title>Uchwa\u0142a antysmogowa - wymiana kot\u0142\u00f3w - Metropolia GZM<\/title>\n<meta name=\"robots\" content=\"index, follow, max-snippet:-1, max-image-preview:large, max-video-preview:-1\" \/>\n<link rel=\"canonical\" href=\"https:\/\/metropoliagzm.pl\/de\/uchwala-antysmogowa-wymiana-kotlow\/\" \/>\n<meta name=\"twitter:card\" content=\"summary_large_image\" \/>\n<meta name=\"twitter:title\" content=\"Uchwa\u0142a antysmogowa - wymiana kot\u0142\u00f3w - Metropolia GZM\" \/>\n<meta name=\"twitter:description\" content=\"Micha\u0142 Nowak\" \/>\n<meta name=\"twitter:label1\" content=\"Gesch\u00e4tzte Lesezeit\" \/>\n\t<meta name=\"twitter:data1\" content=\"7\u00a0Minuten\" \/>\n<script type=\"application\/ld+json\" class=\"yoast-schema-graph\">{\"@context\":\"https:\\\/\\\/schema.org\",\"@graph\":[{\"@type\":\"WebPage\",\"@id\":\"https:\\\/\\\/metropoliagzm.pl\\\/uchwala-antysmogowa-wymiana-kotlow\\\/\",\"url\":\"https:\\\/\\\/metropoliagzm.pl\\\/uchwala-antysmogowa-wymiana-kotlow\\\/\",\"name\":\"Uchwa\u0142a antysmogowa - wymiana kot\u0142\u00f3w - Metropolia GZM\",\"isPartOf\":{\"@id\":\"https:\\\/\\\/metropoliagzm.pl\\\/en\\\/#website\"},\"datePublished\":\"2021-01-29T13:48:54+00:00\",\"dateModified\":\"2021-02-02T08:46:21+00:00\",\"breadcrumb\":{\"@id\":\"https:\\\/\\\/metropoliagzm.pl\\\/uchwala-antysmogowa-wymiana-kotlow\\\/#breadcrumb\"},\"inLanguage\":\"de\",\"potentialAction\":[{\"@type\":\"ReadAction\",\"target\":[\"https:\\\/\\\/metropoliagzm.pl\\\/uchwala-antysmogowa-wymiana-kotlow\\\/\"]}]},{\"@type\":\"BreadcrumbList\",\"@id\":\"https:\\\/\\\/metropoliagzm.pl\\\/uchwala-antysmogowa-wymiana-kotlow\\\/#breadcrumb\",\"itemListElement\":[{\"@type\":\"ListItem\",\"position\":1,\"name\":\"Strona g\u0142\u00f3wna\",\"item\":\"https:\\\/\\\/metropoliagzm.pl\\\/\"},{\"@type\":\"ListItem\",\"position\":2,\"name\":\"Uchwa\u0142a antysmogowa &#8211; wymiana kot\u0142\u00f3w\"}]},{\"@type\":\"WebSite\",\"@id\":\"https:\\\/\\\/metropoliagzm.pl\\\/en\\\/#website\",\"url\":\"https:\\\/\\\/metropoliagzm.pl\\\/en\\\/\",\"name\":\"Metropolia GZM\",\"description\":\"Oficjalny portal G\u00f3rno\u015bl\u0105sko-Zag\u0142\u0119biowskiej Metropolii\",\"publisher\":{\"@id\":\"https:\\\/\\\/metropoliagzm.pl\\\/en\\\/#organization\"},\"potentialAction\":[{\"@type\":\"SearchAction\",\"target\":{\"@type\":\"EntryPoint\",\"urlTemplate\":\"https:\\\/\\\/metropoliagzm.pl\\\/en\\\/?s={search_term_string}\"},\"query-input\":{\"@type\":\"PropertyValueSpecification\",\"valueRequired\":true,\"valueName\":\"search_term_string\"}}],\"inLanguage\":\"de\"},{\"@type\":\"Organization\",\"@id\":\"https:\\\/\\\/metropoliagzm.pl\\\/en\\\/#organization\",\"name\":\"Metropolia GZM\",\"url\":\"https:\\\/\\\/metropoliagzm.pl\\\/en\\\/\",\"logo\":{\"@type\":\"ImageObject\",\"inLanguage\":\"de\",\"@id\":\"https:\\\/\\\/metropoliagzm.pl\\\/en\\\/#\\\/schema\\\/logo\\\/image\\\/\",\"url\":\"https:\\\/\\\/metropoliagzm.pl\\\/wp-content\\\/uploads\\\/2019\\\/03\\\/Sygnet-strona-glowna.png\",\"contentUrl\":\"https:\\\/\\\/metropoliagzm.pl\\\/wp-content\\\/uploads\\\/2019\\\/03\\\/Sygnet-strona-glowna.png\",\"width\":36,\"height\":45,\"caption\":\"Metropolia GZM\"},\"image\":{\"@id\":\"https:\\\/\\\/metropoliagzm.pl\\\/en\\\/#\\\/schema\\\/logo\\\/image\\\/\"}}]}<\/script>\n<!-- \/ Yoast SEO plugin. -->","yoast_head_json":{"title":"Uchwa\u0142a antysmogowa - wymiana kot\u0142\u00f3w - Metropolia GZM","robots":{"index":"index","follow":"follow","max-snippet":"max-snippet:-1","max-image-preview":"max-image-preview:large","max-video-preview":"max-video-preview:-1"},"canonical":"https:\/\/metropoliagzm.pl\/de\/uchwala-antysmogowa-wymiana-kotlow\/","twitter_card":"summary_large_image","twitter_title":"Uchwa\u0142a antysmogowa - wymiana kot\u0142\u00f3w - Metropolia GZM","twitter_description":"Micha\u0142 Nowak","twitter_misc":{"Gesch\u00e4tzte Lesezeit":"7\u00a0Minuten"},"schema":{"@context":"https:\/\/schema.org","@graph":[{"@type":"WebPage","@id":"https:\/\/metropoliagzm.pl\/uchwala-antysmogowa-wymiana-kotlow\/","url":"https:\/\/metropoliagzm.pl\/uchwala-antysmogowa-wymiana-kotlow\/","name":"Uchwa\u0142a antysmogowa - wymiana kot\u0142\u00f3w - Metropolia GZM","isPartOf":{"@id":"https:\/\/metropoliagzm.pl\/en\/#website"},"datePublished":"2021-01-29T13:48:54+00:00","dateModified":"2021-02-02T08:46:21+00:00","breadcrumb":{"@id":"https:\/\/metropoliagzm.pl\/uchwala-antysmogowa-wymiana-kotlow\/#breadcrumb"},"inLanguage":"de","potentialAction":[{"@type":"ReadAction","target":["https:\/\/metropoliagzm.pl\/uchwala-antysmogowa-wymiana-kotlow\/"]}]},{"@type":"BreadcrumbList","@id":"https:\/\/metropoliagzm.pl\/uchwala-antysmogowa-wymiana-kotlow\/#breadcrumb","itemListElement":[{"@type":"ListItem","position":1,"name":"Strona g\u0142\u00f3wna","item":"https:\/\/metropoliagzm.pl\/"},{"@type":"ListItem","position":2,"name":"Uchwa\u0142a antysmogowa &#8211; wymiana kot\u0142\u00f3w"}]},{"@type":"WebSite","@id":"https:\/\/metropoliagzm.pl\/en\/#website","url":"https:\/\/metropoliagzm.pl\/en\/","name":"Metropolia GZM","description":"Oficjalny portal G\u00f3rno\u015bl\u0105sko-Zag\u0142\u0119biowskiej Metropolii","publisher":{"@id":"https:\/\/metropoliagzm.pl\/en\/#organization"},"potentialAction":[{"@type":"SearchAction","target":{"@type":"EntryPoint","urlTemplate":"https:\/\/metropoliagzm.pl\/en\/?s={search_term_string}"},"query-input":{"@type":"PropertyValueSpecification","valueRequired":true,"valueName":"search_term_string"}}],"inLanguage":"de"},{"@type":"Organization","@id":"https:\/\/metropoliagzm.pl\/en\/#organization","name":"Metropolia GZM","url":"https:\/\/metropoliagzm.pl\/en\/","logo":{"@type":"ImageObject","inLanguage":"de","@id":"https:\/\/metropoliagzm.pl\/en\/#\/schema\/logo\/image\/","url":"https:\/\/metropoliagzm.pl\/wp-content\/uploads\/2019\/03\/Sygnet-strona-glowna.png","contentUrl":"https:\/\/metropoliagzm.pl\/wp-content\/uploads\/2019\/03\/Sygnet-strona-glowna.png","width":36,"height":45,"caption":"Metropolia GZM"},"image":{"@id":"https:\/\/metropoliagzm.pl\/en\/#\/schema\/logo\/image\/"}}]}},"_links":{"self":[{"href":"https:\/\/metropoliagzm.pl\/de\/wp-json\/wp\/v2\/pages\/32533","targetHints":{"allow":["GET"]}}],"collection":[{"href":"https:\/\/metropoliagzm.pl\/de\/wp-json\/wp\/v2\/pages"}],"about":[{"href":"https:\/\/metropoliagzm.pl\/de\/wp-json\/wp\/v2\/types\/page"}],"author":[{"embeddable":true,"href":"https:\/\/metropoliagzm.pl\/de\/wp-json\/wp\/v2\/users\/134"}],"replies":[{"embeddable":true,"href":"https:\/\/metropoliagzm.pl\/de\/wp-json\/wp\/v2\/comments?post=32533"}],"version-history":[{"count":32,"href":"https:\/\/metropoliagzm.pl\/de\/wp-json\/wp\/v2\/pages\/32533\/revisions"}],"predecessor-version":[{"id":32652,"href":"https:\/\/metropoliagzm.pl\/de\/wp-json\/wp\/v2\/pages\/32533\/revisions\/32652"}],"wp:attachment":[{"href":"https:\/\/metropoliagzm.pl\/de\/wp-json\/wp\/v2\/media?parent=32533"}],"curies":[{"name":"wp","href":"https:\/\/api.w.org\/{rel}","templated":true}]}}