{"id":38641,"date":"2022-01-24T09:01:13","date_gmt":"2022-01-24T08:01:13","guid":{"rendered":"https:\/\/metropoliagzm.pl\/?page_id=38641"},"modified":"2022-01-26T14:11:35","modified_gmt":"2022-01-26T13:11:35","slug":"zglaszanie-nieprawidlowosci-i-naduzyc-w-pois-2014-2020","status":"publish","type":"page","link":"https:\/\/metropoliagzm.pl\/de\/zglaszanie-nieprawidlowosci-i-naduzyc-w-pois-2014-2020\/","title":{"rendered":"Zg\u0142aszanie nieprawid\u0142owo\u015bci i nadu\u017cy\u0107 w POI\u015a 2014-2020"},"content":{"rendered":"<div class=\"pdf-block\"><div class=\"pdfprnt-buttons  pdfprnt-new pdfprnt-buttons-page pdfprnt-top-right\"><div class=\"jssocials-share jssocials-share-twitter\"><a target=\"_blank\" href=\"https:\/\/twitter.com\/share?url=https:\/\/metropoliagzm.pl\/de\/wp-json\/wp\/v2\/pages\/38641;text=38641\" class=\"jssocials-share-link\"><i class=\"fa fa-twitter jssocials-share-logo\"><\/i><\/a><\/div><div class=\"jssocials-share jssocials-share-facebook\"><a target=\"_blank\" href=\"https:\/\/facebook.com\/sharer\/sharer.php?u=https:\/\/metropoliagzm.pl\/de\/wp-json\/wp\/v2\/pages\/38641\" class=\"jssocials-share-link\"><i class=\"fa fa-facebook jssocials-share-logo\"><\/i><\/a><\/div><div class=\"jssocials-share jssocials-share-pinterest\"><a target=\"_blank\" href=\"https:\/\/pinterest.com\/pin\/create\/bookmarklet\/?&amp;url=https:\/\/metropoliagzm.pl\/de\/wp-json\/wp\/v2\/pages\/38641;description=38641\" class=\"jssocials-share-link\"><i class=\"fa fa-pinterest jssocials-share-logo\"><\/i><\/a><\/div><a href=\"https:\/\/metropoliagzm.pl\/de\/wp-json\/wp\/v2\/pages\/38641?print=pdf\" class=\"pdfprnt-button pdfprnt-button-pdf\" target=\"_blank\"><img decoding=\"async\" src=\"https:\/\/metropoliagzm.pl\/wp-content\/plugins\/pdf-print\/images\/pdf.png\" alt=\"image_pdf\" title=\"View PDF\" \/><\/a><a href=\"https:\/\/metropoliagzm.pl\/de\/wp-json\/wp\/v2\/pages\/38641?print=print\" class=\"pdfprnt-button pdfprnt-button-print\" target=\"_blank\"><img decoding=\"async\" src=\"https:\/\/metropoliagzm.pl\/wp-content\/plugins\/pdf-print\/images\/print.png\" alt=\"image_print\" title=\"Print Content\" \/><\/a><\/div><\/div><div class=\"post-block-pdf\"><div class=\"pdfprnt-buttons pdfprnt-buttons-page pdfprnt-top-right\"><a href=\"https:\/\/metropoliagzm.pl\/de\/wp-json\/wp\/v2\/pages\/38641?print=pdf\" class=\"pdfprnt-button pdfprnt-button-pdf\" target=\"_blank\"><img decoding=\"async\" src=\"https:\/\/metropoliagzm.pl\/wp-content\/plugins\/pdf-print\/images\/pdf.png\" alt=\"image_pdf\" title=\"View PDF\" \/><\/a><a href=\"https:\/\/metropoliagzm.pl\/de\/wp-json\/wp\/v2\/pages\/38641?print=print\" class=\"pdfprnt-button pdfprnt-button-print\" target=\"_blank\"><img decoding=\"async\" src=\"https:\/\/metropoliagzm.pl\/wp-content\/plugins\/pdf-print\/images\/print.png\" alt=\"image_print\" title=\"Print Content\" \/><\/a><\/div><p>Zg\u0142aszanie nieprawid\u0142owo\u015bci lub nadu\u017cy\u0107 w POI\u015a 2014-2020<\/p>\n<p>Instytucja Zarz\u0105dzaj\u0105ca POIi\u015a stworzy\u0142a mechanizm umo\u017cliwiaj\u0105cy sygnalizowanie potencjalnych nieprawid\u0142owo\u015bci lub nadu\u017cy\u0107 w wykorzystywaniu \u015brodk\u00f3w unijnych w ramach Programu Infrastruktura i \u015arodowisko.<\/p>\n<p>Wszelkie nieprawid\u0142owo\u015bci mo\u017cna zg\u0142asza\u0107 za po\u015brednictwem adresu e-mail: <strong><a href=\"mailto:naduzycia.POIS@mfipr.gov.pl\">naduzycia.POIS@mfipr.gov.pl<\/a><\/strong><\/p>\n<p>Wi\u0119cej informacji na temat mechanizmu znajduje si\u0119<strong>\u00a0<a href=\"https:\/\/www.pois.gov.pl\/strony\/zglaszanie-nieprawidlowosci\/\">na stronie internetowej instytucji Zarz\u0105dzaj\u0105cej<\/a>.<\/strong><\/p>\n<div class=\"post-author\" style=\"font-size:13px\">j.s.<\/div><\/div>","protected":false},"excerpt":{"rendered":"<p>Zg\u0142aszanie nieprawid\u0142owo\u015bci lub nadu\u017cy\u0107 w POI\u015a 2014-2020 Instytucja Zarz\u0105dzaj\u0105ca POIi\u015a stworzy\u0142a mechanizm umo\u017cliwiaj\u0105cy sygnalizowanie potencjalnych nieprawid\u0142owo\u015bci lub nadu\u017cy\u0107 w wykorzystywaniu \u015brodk\u00f3w unijnych w ramach Programu Infrastruktura i \u015arodowisko. Wszelkie nieprawid\u0142owo\u015bci mo\u017cna zg\u0142asza\u0107 za po\u015brednictwem adresu e-mail: naduzycia.POIS@mfipr.gov.pl Wi\u0119cej informacji na temat mechanizmu znajduje si\u0119\u00a0na stronie&#8230;<\/p>","protected":false},"author":157,"featured_media":0,"parent":0,"menu_order":0,"comment_status":"closed","ping_status":"closed","template":"","meta":{"_acf_changed":false,"footnotes":""},"class_list":["post-38641","page","type-page","status-publish","hentry"],"acf":[],"yoast_head":"<!-- This site is optimized with the Yoast SEO plugin v27.3 - https:\/\/yoast.com\/product\/yoast-seo-wordpress\/ -->\n<title>Zg\u0142aszanie nieprawid\u0142owo\u015bci i nadu\u017cy\u0107 w POI\u015a 2014-2020 - Metropolia GZM<\/title>\n<meta name=\"robots\" content=\"index, follow, max-snippet:-1, max-image-preview:large, max-video-preview:-1\" \/>\n<link rel=\"canonical\" href=\"https:\/\/metropoliagzm.pl\/de\/zglaszanie-nieprawidlowosci-i-naduzyc-w-pois-2014-2020\/\" \/>\n<meta name=\"twitter:card\" content=\"summary_large_image\" \/>\n<meta name=\"twitter:title\" content=\"Zg\u0142aszanie nieprawid\u0142owo\u015bci i nadu\u017cy\u0107 w POI\u015a 2014-2020 - Metropolia GZM\" \/>\n<meta name=\"twitter:description\" content=\"Zg\u0142aszanie nieprawid\u0142owo\u015bci lub nadu\u017cy\u0107 w POI\u015a 2014-2020 Instytucja Zarz\u0105dzaj\u0105ca POIi\u015a stworzy\u0142a mechanizm umo\u017cliwiaj\u0105cy sygnalizowanie potencjalnych nieprawid\u0142owo\u015bci lub nadu\u017cy\u0107 w wykorzystywaniu \u015brodk\u00f3w unijnych w ramach Programu Infrastruktura i \u015arodowisko. Wszelkie nieprawid\u0142owo\u015bci mo\u017cna zg\u0142asza\u0107 za po\u015brednictwem adresu e-mail: naduzycia.POIS@mfipr.gov.pl Wi\u0119cej informacji na temat mechanizmu znajduje si\u0119\u00a0na stronie...\" \/>\n<script type=\"application\/ld+json\" class=\"yoast-schema-graph\">{\"@context\":\"https:\\\/\\\/schema.org\",\"@graph\":[{\"@type\":\"WebPage\",\"@id\":\"https:\\\/\\\/metropoliagzm.pl\\\/zglaszanie-nieprawidlowosci-i-naduzyc-w-pois-2014-2020\\\/\",\"url\":\"https:\\\/\\\/metropoliagzm.pl\\\/zglaszanie-nieprawidlowosci-i-naduzyc-w-pois-2014-2020\\\/\",\"name\":\"Zg\u0142aszanie nieprawid\u0142owo\u015bci i nadu\u017cy\u0107 w POI\u015a 2014-2020 - Metropolia GZM\",\"isPartOf\":{\"@id\":\"https:\\\/\\\/metropoliagzm.pl\\\/en\\\/#website\"},\"datePublished\":\"2022-01-24T08:01:13+00:00\",\"dateModified\":\"2022-01-26T13:11:35+00:00\",\"breadcrumb\":{\"@id\":\"https:\\\/\\\/metropoliagzm.pl\\\/zglaszanie-nieprawidlowosci-i-naduzyc-w-pois-2014-2020\\\/#breadcrumb\"},\"inLanguage\":\"de\",\"potentialAction\":[{\"@type\":\"ReadAction\",\"target\":[\"https:\\\/\\\/metropoliagzm.pl\\\/zglaszanie-nieprawidlowosci-i-naduzyc-w-pois-2014-2020\\\/\"]}]},{\"@type\":\"BreadcrumbList\",\"@id\":\"https:\\\/\\\/metropoliagzm.pl\\\/zglaszanie-nieprawidlowosci-i-naduzyc-w-pois-2014-2020\\\/#breadcrumb\",\"itemListElement\":[{\"@type\":\"ListItem\",\"position\":1,\"name\":\"Strona g\u0142\u00f3wna\",\"item\":\"https:\\\/\\\/metropoliagzm.pl\\\/\"},{\"@type\":\"ListItem\",\"position\":2,\"name\":\"Zg\u0142aszanie nieprawid\u0142owo\u015bci i nadu\u017cy\u0107 w POI\u015a 2014-2020\"}]},{\"@type\":\"WebSite\",\"@id\":\"https:\\\/\\\/metropoliagzm.pl\\\/en\\\/#website\",\"url\":\"https:\\\/\\\/metropoliagzm.pl\\\/en\\\/\",\"name\":\"Metropolia GZM\",\"description\":\"Oficjalny portal G\u00f3rno\u015bl\u0105sko-Zag\u0142\u0119biowskiej Metropolii\",\"publisher\":{\"@id\":\"https:\\\/\\\/metropoliagzm.pl\\\/en\\\/#organization\"},\"potentialAction\":[{\"@type\":\"SearchAction\",\"target\":{\"@type\":\"EntryPoint\",\"urlTemplate\":\"https:\\\/\\\/metropoliagzm.pl\\\/en\\\/?s={search_term_string}\"},\"query-input\":{\"@type\":\"PropertyValueSpecification\",\"valueRequired\":true,\"valueName\":\"search_term_string\"}}],\"inLanguage\":\"de\"},{\"@type\":\"Organization\",\"@id\":\"https:\\\/\\\/metropoliagzm.pl\\\/en\\\/#organization\",\"name\":\"Metropolia GZM\",\"url\":\"https:\\\/\\\/metropoliagzm.pl\\\/en\\\/\",\"logo\":{\"@type\":\"ImageObject\",\"inLanguage\":\"de\",\"@id\":\"https:\\\/\\\/metropoliagzm.pl\\\/en\\\/#\\\/schema\\\/logo\\\/image\\\/\",\"url\":\"https:\\\/\\\/metropoliagzm.pl\\\/wp-content\\\/uploads\\\/2019\\\/03\\\/Sygnet-strona-glowna.png\",\"contentUrl\":\"https:\\\/\\\/metropoliagzm.pl\\\/wp-content\\\/uploads\\\/2019\\\/03\\\/Sygnet-strona-glowna.png\",\"width\":36,\"height\":45,\"caption\":\"Metropolia GZM\"},\"image\":{\"@id\":\"https:\\\/\\\/metropoliagzm.pl\\\/en\\\/#\\\/schema\\\/logo\\\/image\\\/\"}}]}<\/script>\n<!-- \/ Yoast SEO plugin. -->","yoast_head_json":{"title":"Zg\u0142aszanie nieprawid\u0142owo\u015bci i nadu\u017cy\u0107 w POI\u015a 2014-2020 - Metropolia GZM","robots":{"index":"index","follow":"follow","max-snippet":"max-snippet:-1","max-image-preview":"max-image-preview:large","max-video-preview":"max-video-preview:-1"},"canonical":"https:\/\/metropoliagzm.pl\/de\/zglaszanie-nieprawidlowosci-i-naduzyc-w-pois-2014-2020\/","twitter_card":"summary_large_image","twitter_title":"Zg\u0142aszanie nieprawid\u0142owo\u015bci i nadu\u017cy\u0107 w POI\u015a 2014-2020 - Metropolia GZM","twitter_description":"Zg\u0142aszanie nieprawid\u0142owo\u015bci lub nadu\u017cy\u0107 w POI\u015a 2014-2020 Instytucja Zarz\u0105dzaj\u0105ca POIi\u015a stworzy\u0142a mechanizm umo\u017cliwiaj\u0105cy sygnalizowanie potencjalnych nieprawid\u0142owo\u015bci lub nadu\u017cy\u0107 w wykorzystywaniu \u015brodk\u00f3w unijnych w ramach Programu Infrastruktura i \u015arodowisko. Wszelkie nieprawid\u0142owo\u015bci mo\u017cna zg\u0142asza\u0107 za po\u015brednictwem adresu e-mail: naduzycia.POIS@mfipr.gov.pl Wi\u0119cej informacji na temat mechanizmu znajduje si\u0119\u00a0na stronie...","schema":{"@context":"https:\/\/schema.org","@graph":[{"@type":"WebPage","@id":"https:\/\/metropoliagzm.pl\/zglaszanie-nieprawidlowosci-i-naduzyc-w-pois-2014-2020\/","url":"https:\/\/metropoliagzm.pl\/zglaszanie-nieprawidlowosci-i-naduzyc-w-pois-2014-2020\/","name":"Zg\u0142aszanie nieprawid\u0142owo\u015bci i nadu\u017cy\u0107 w POI\u015a 2014-2020 - Metropolia GZM","isPartOf":{"@id":"https:\/\/metropoliagzm.pl\/en\/#website"},"datePublished":"2022-01-24T08:01:13+00:00","dateModified":"2022-01-26T13:11:35+00:00","breadcrumb":{"@id":"https:\/\/metropoliagzm.pl\/zglaszanie-nieprawidlowosci-i-naduzyc-w-pois-2014-2020\/#breadcrumb"},"inLanguage":"de","potentialAction":[{"@type":"ReadAction","target":["https:\/\/metropoliagzm.pl\/zglaszanie-nieprawidlowosci-i-naduzyc-w-pois-2014-2020\/"]}]},{"@type":"BreadcrumbList","@id":"https:\/\/metropoliagzm.pl\/zglaszanie-nieprawidlowosci-i-naduzyc-w-pois-2014-2020\/#breadcrumb","itemListElement":[{"@type":"ListItem","position":1,"name":"Strona g\u0142\u00f3wna","item":"https:\/\/metropoliagzm.pl\/"},{"@type":"ListItem","position":2,"name":"Zg\u0142aszanie nieprawid\u0142owo\u015bci i nadu\u017cy\u0107 w POI\u015a 2014-2020"}]},{"@type":"WebSite","@id":"https:\/\/metropoliagzm.pl\/en\/#website","url":"https:\/\/metropoliagzm.pl\/en\/","name":"Metropolia GZM","description":"Oficjalny portal G\u00f3rno\u015bl\u0105sko-Zag\u0142\u0119biowskiej Metropolii","publisher":{"@id":"https:\/\/metropoliagzm.pl\/en\/#organization"},"potentialAction":[{"@type":"SearchAction","target":{"@type":"EntryPoint","urlTemplate":"https:\/\/metropoliagzm.pl\/en\/?s={search_term_string}"},"query-input":{"@type":"PropertyValueSpecification","valueRequired":true,"valueName":"search_term_string"}}],"inLanguage":"de"},{"@type":"Organization","@id":"https:\/\/metropoliagzm.pl\/en\/#organization","name":"Metropolia GZM","url":"https:\/\/metropoliagzm.pl\/en\/","logo":{"@type":"ImageObject","inLanguage":"de","@id":"https:\/\/metropoliagzm.pl\/en\/#\/schema\/logo\/image\/","url":"https:\/\/metropoliagzm.pl\/wp-content\/uploads\/2019\/03\/Sygnet-strona-glowna.png","contentUrl":"https:\/\/metropoliagzm.pl\/wp-content\/uploads\/2019\/03\/Sygnet-strona-glowna.png","width":36,"height":45,"caption":"Metropolia GZM"},"image":{"@id":"https:\/\/metropoliagzm.pl\/en\/#\/schema\/logo\/image\/"}}]}},"_links":{"self":[{"href":"https:\/\/metropoliagzm.pl\/de\/wp-json\/wp\/v2\/pages\/38641","targetHints":{"allow":["GET"]}}],"collection":[{"href":"https:\/\/metropoliagzm.pl\/de\/wp-json\/wp\/v2\/pages"}],"about":[{"href":"https:\/\/metropoliagzm.pl\/de\/wp-json\/wp\/v2\/types\/page"}],"author":[{"embeddable":true,"href":"https:\/\/metropoliagzm.pl\/de\/wp-json\/wp\/v2\/users\/157"}],"replies":[{"embeddable":true,"href":"https:\/\/metropoliagzm.pl\/de\/wp-json\/wp\/v2\/comments?post=38641"}],"version-history":[{"count":2,"href":"https:\/\/metropoliagzm.pl\/de\/wp-json\/wp\/v2\/pages\/38641\/revisions"}],"predecessor-version":[{"id":38722,"href":"https:\/\/metropoliagzm.pl\/de\/wp-json\/wp\/v2\/pages\/38641\/revisions\/38722"}],"wp:attachment":[{"href":"https:\/\/metropoliagzm.pl\/de\/wp-json\/wp\/v2\/media?parent=38641"}],"curies":[{"name":"wp","href":"https:\/\/api.w.org\/{rel}","templated":true}]}}