{"id":47780,"date":"2026-02-02T09:20:08","date_gmt":"2026-02-02T08:20:08","guid":{"rendered":"https:\/\/metropoliagzm.pl\/?page_id=47780"},"modified":"2026-02-02T09:26:31","modified_gmt":"2026-02-02T08:26:31","slug":"life-renoss","status":"publish","type":"page","link":"https:\/\/metropoliagzm.pl\/de\/life-renoss\/","title":{"rendered":"Projekt Life RenOSS"},"content":{"rendered":"<div class=\"wpb-content-wrapper\"><div class=\"pdf-block\"><div class=\"pdfprnt-buttons  pdfprnt-new pdfprnt-buttons-page pdfprnt-top-right\"><div class=\"jssocials-share jssocials-share-twitter\"><a target=\"_blank\" href=\"https:\/\/twitter.com\/share?url=https:\/\/metropoliagzm.pl\/de\/wp-json\/wp\/v2\/pages\/47780;text=47780\" class=\"jssocials-share-link\"><i class=\"fa fa-twitter jssocials-share-logo\"><\/i><\/a><\/div><div class=\"jssocials-share jssocials-share-facebook\"><a target=\"_blank\" href=\"https:\/\/facebook.com\/sharer\/sharer.php?u=https:\/\/metropoliagzm.pl\/de\/wp-json\/wp\/v2\/pages\/47780\" class=\"jssocials-share-link\"><i class=\"fa fa-facebook jssocials-share-logo\"><\/i><\/a><\/div><div class=\"jssocials-share jssocials-share-pinterest\"><a target=\"_blank\" href=\"https:\/\/pinterest.com\/pin\/create\/bookmarklet\/?&amp;url=https:\/\/metropoliagzm.pl\/de\/wp-json\/wp\/v2\/pages\/47780;description=47780\" class=\"jssocials-share-link\"><i class=\"fa fa-pinterest jssocials-share-logo\"><\/i><\/a><\/div><a href=\"https:\/\/metropoliagzm.pl\/de\/wp-json\/wp\/v2\/pages\/47780?print=pdf\" class=\"pdfprnt-button pdfprnt-button-pdf\" target=\"_blank\"><img decoding=\"async\" src=\"https:\/\/metropoliagzm.pl\/wp-content\/plugins\/pdf-print\/images\/pdf.png\" alt=\"image_pdf\" title=\"View PDF\" \/><\/a><a href=\"https:\/\/metropoliagzm.pl\/de\/wp-json\/wp\/v2\/pages\/47780?print=print\" class=\"pdfprnt-button pdfprnt-button-print\" target=\"_blank\"><img decoding=\"async\" src=\"https:\/\/metropoliagzm.pl\/wp-content\/plugins\/pdf-print\/images\/print.png\" alt=\"image_print\" title=\"Print Content\" \/><\/a><\/div><\/div><div class=\"post-block-pdf\"><div class=\"pdfprnt-buttons pdfprnt-buttons-page pdfprnt-top-right\"><a href=\"https:\/\/metropoliagzm.pl\/de\/wp-json\/wp\/v2\/pages\/47780?print=pdf\" class=\"pdfprnt-button pdfprnt-button-pdf\" target=\"_blank\"><img decoding=\"async\" src=\"https:\/\/metropoliagzm.pl\/wp-content\/plugins\/pdf-print\/images\/pdf.png\" alt=\"image_pdf\" title=\"View PDF\" \/><\/a><a href=\"https:\/\/metropoliagzm.pl\/de\/wp-json\/wp\/v2\/pages\/47780?print=print\" class=\"pdfprnt-button pdfprnt-button-print\" target=\"_blank\"><img decoding=\"async\" src=\"https:\/\/metropoliagzm.pl\/wp-content\/plugins\/pdf-print\/images\/print.png\" alt=\"image_print\" title=\"Print Content\" \/><\/a><\/div><div class=\"vc_row wpb_row vc_row-fluid\"><div class=\"wpb_column vc_column_container vc_col-sm-12\"><div class=\"vc_column-inner vc_custom_1557493000875\"><div class=\"wpb_wrapper\">\n\t<div  class=\"wpb_single_image wpb_content_element vc_align_left wpb_content_element\">\n\t\t\n\t\t<figure class=\"wpb_wrapper vc_figure\">\n\t\t\t<div class=\"vc_single_image-wrapper   vc_box_border_grey\"><img loading=\"lazy\" decoding=\"async\" width=\"1200\" height=\"340\" src=\"https:\/\/metropoliagzm.pl\/wp-content\/uploads\/2020\/04\/1200x340-Zakladki-menu-glownego_1_-planowanie-przestrzenne.png\" class=\"vc_single_image-img attachment-full\" alt=\"\" title=\"1200x340-Zakladki-menu-glownego_1_-planowanie-przestrzenne\" srcset=\"https:\/\/metropoliagzm.pl\/wp-content\/uploads\/2020\/04\/1200x340-Zakladki-menu-glownego_1_-planowanie-przestrzenne.png 1200w, https:\/\/metropoliagzm.pl\/wp-content\/uploads\/2020\/04\/1200x340-Zakladki-menu-glownego_1_-planowanie-przestrzenne-300x85.png 300w, https:\/\/metropoliagzm.pl\/wp-content\/uploads\/2020\/04\/1200x340-Zakladki-menu-glownego_1_-planowanie-przestrzenne-1024x290.png 1024w, https:\/\/metropoliagzm.pl\/wp-content\/uploads\/2020\/04\/1200x340-Zakladki-menu-glownego_1_-planowanie-przestrzenne-768x218.png 768w, https:\/\/metropoliagzm.pl\/wp-content\/uploads\/2020\/04\/1200x340-Zakladki-menu-glownego_1_-planowanie-przestrzenne-585x166.png 585w\" sizes=\"auto, (max-width: 1200px) 100vw, 1200px\" \/><\/div>\n\t\t<\/figure>\n\t<\/div>\n<\/div><\/div><\/div><\/div><div class=\"vc_row wpb_row vc_row-fluid\"><div class=\"wpb_column vc_column_container vc_col-sm-8\"><div class=\"vc_column-inner\"><div class=\"wpb_wrapper\">\n\t<div class=\"wpb_text_column wpb_content_element\" >\n\t\t<div class=\"wpb_wrapper\">\n\t\t\t<h2><strong>Wsparcie gmin w przej\u015bciu na czyst\u0105 energi\u0119 &#8211; wdro\u017cenie zintegrowanych us\u0142ug renowacji budynk\u00f3w<\/strong><\/h2>\n<p>Has\u0142o przewodnie: Zintegrowane Us\u0142ugi Renowacji Budynk\u00f3w dla Gmin<\/p>\n<p>G\u0142\u00f3wnym celem projektu RenOSS (LIFE-RENOSS-PL) jest wsparcie polskich samorz\u0105d\u00f3w w przyspieszeniu tempa i poprawie jako\u015bci renowacji budynk\u00f3w u\u017cyteczno\u015bci publicznej. Projekt wdra\u017ca model kompleksowej obs\u0142ugi (One-Stop-Shop), kt\u00f3ry integruje wsparcie techniczne, finansowe i prawne, pomagaj\u0105c gminom w realizacji ambitnych inwestycji w\u00a0standardzie zeroemisyjnym.<\/p>\n<ol>\n<li><strong> Wzmocnienie d\u0142ugoterminowych zdolno\u015bci organizacyjnych, finansowych i\u00a0technicznych w\u0142adz publicznych (gmin) <\/strong>w zakresie planowania i realizacji ambitnych projekt\u00f3w modernizacji budynk\u00f3w z wykorzystaniem OZE.<br \/>Realizowany poprzez:<br \/>&#8211; Opracowanie bazy wiedzy i narz\u0119dzi, wspieraj\u0105cych gminy w renowacjach budynk\u00f3w.<br \/>&#8211; Udost\u0119pnienie narz\u0119dzia do cyklicznego zbierania i oceny danych dotycz\u0105cych budynk\u00f3w.<\/li>\n<li><strong> Wdro\u017cenie, testowanie i rozw\u00f3j zintegrowanych struktur OSS (One-Stop-Shop). <\/strong>Realizowane przez:<strong> <br \/>&#8211; <\/strong>Testowanie dw\u00f3ch regionalnych Punkt\u00f3w Kompleksowej Obs\u0142ugi z projektami pilota\u017cowymi budynk\u00f3w publicznych zgodnych z normami ZEB\/nZEB.<br \/>&#8211; Integracj\u0119 us\u0142ug w punktach OSS w celu wspierania proces\u00f3w inwestycyjnych.<br \/>&#8211; Zwi\u0119kszenie dost\u0119pno\u015bci wsparcia na poziomie krajowym poprzez replikacj\u0119 modelu: 4\u00a0dodatkowe OSS na koniec projektu.<\/li>\n<li><strong> Stymulowanie jednostek publicznych do pe\u0142nienia roli lider\u00f3w zmian w procesie transformacji energetycznej. <br \/><\/strong>Realizowane przez:<br \/>&#8211; Stworzenie platformy do dialogu i wymiany wiedzy oraz najlepszych praktyk.<br \/>&#8211; Dzia\u0142ania informacyjne i edukacyjne, zwi\u0119kszaj\u0105ce \u015bwiadomo\u015b\u0107 na temat roli sektora publicznego w modernizacji budynk\u00f3w. <br \/>Upowszechnienie sprawdzonych rozwi\u0105za\u0144 w innych regionach Polski, aby skala renowacji budynk\u00f3w publicznych wzros\u0142a w ca\u0142ym kraju.<\/li>\n<\/ol>\n<p><strong>Jak RenOSS wesprze gminy?<\/strong><\/p>\n<p>W ramach projektu b\u0119dziemy wdra\u017ca\u0107 dwa poziomy wsparcia dla gmin:<\/p>\n<ul>\n<li>fizyczne punkty OSS w regionach pilota\u017cowych &#8211; \u015al\u0105skim i Mazowieckim<\/li>\n<li>og\u00f3lnokrajowe us\u0142ugi online<\/li>\n<\/ul>\n<p>W obu wariantach samorz\u0105dy zyskaj\u0105\u00a0dost\u0119p do doradztwa w zakresie doradztwa:<\/p>\n<ul>\n<li>technicznego<\/li>\n<li>finansowego<\/li>\n<li>prawnego<\/li>\n<li>organizacyjnego<\/li>\n<\/ul>\n<p>Wybrane podstawowe us\u0142ugi doradcze, dost\u0119pne dla wszystkich JST w Polsce w formule zdalnej lub za po\u015brednictwem platformy online &#8211; dost\u0119pnej ju\u017c wkr\u00f3tce.<\/p>\n<p><strong>Konsorcjum projektowe<\/strong><\/p>\n<p>Projekt realizowany jest przez zesp\u00f3\u0142 ekspert\u00f3w \u0142\u0105cz\u0105cy wiedz\u0119 techniczn\u0105, samorz\u0105dow\u0105 i komunikacyjn\u0105:<\/p>\n<p><a href=\"https:\/\/eur04.safelinks.protection.outlook.com\/?url=http%3A%2F%2Ffewe.pl%2F&amp;data=05%7C02%7Cmichal.nowak%40metropoliagzm.pl%7C349f8ca1d3ac4460b62d08de5f4533b6%7C96a94bc122174af582dfa379226e417c%7C0%7C0%7C639052949150136741%7CUnknown%7CTWFpbGZsb3d8eyJFbXB0eU1hcGkiOnRydWUsIlYiOiIwLjAuMDAwMCIsIlAiOiJXaW4zMiIsIkFOIjoiTWFpbCIsIldUIjoyfQ%3D%3D%7C0%7C%7C%7C&amp;sdata=shky2ofMAcTgSuOmncacN1MHjeIiItdGI44jsAaP5lg%3D&amp;reserved=0\"><strong>FEWE<\/strong><\/a> &#8211; Fundacja na rzecz Efektywnego Wykorzystania Energii (Lider projektu)<\/p>\n<p><a href=\"https:\/\/eur04.safelinks.protection.outlook.com\/?url=https%3A%2F%2Fwww.metropoliagzm.pl%2F&amp;data=05%7C02%7Cmichal.nowak%40metropoliagzm.pl%7C349f8ca1d3ac4460b62d08de5f4533b6%7C96a94bc122174af582dfa379226e417c%7C0%7C0%7C639052949150154549%7CUnknown%7CTWFpbGZsb3d8eyJFbXB0eU1hcGkiOnRydWUsIlYiOiIwLjAuMDAwMCIsIlAiOiJXaW4zMiIsIkFOIjoiTWFpbCIsIldUIjoyfQ%3D%3D%7C0%7C%7C%7C&amp;sdata=jyCt0j9tejiXj5qDTDPNCV53HHa0TxYTqKukDdTcQyY%3D&amp;reserved=0\"><strong>GZM<\/strong><\/a> &#8211; G\u00f3rno\u015bl\u0105sko-Zag\u0142\u0119biowska Metropolia<\/p>\n<p><a href=\"https:\/\/eur04.safelinks.protection.outlook.com\/?url=https%3A%2F%2Fwww.mae.com.pl%2F&amp;data=05%7C02%7Cmichal.nowak%40metropoliagzm.pl%7C349f8ca1d3ac4460b62d08de5f4533b6%7C96a94bc122174af582dfa379226e417c%7C0%7C0%7C639052949150174358%7CUnknown%7CTWFpbGZsb3d8eyJFbXB0eU1hcGkiOnRydWUsIlYiOiIwLjAuMDAwMCIsIlAiOiJXaW4zMiIsIkFOIjoiTWFpbCIsIldUIjoyfQ%3D%3D%7C0%7C%7C%7C&amp;sdata=fZS62caz0UZVtOeS7F0bhbk0aqUkKwMx6k9Iv1odi18%3D&amp;reserved=0\"><strong>MAE<\/strong><\/a> &#8211; Mazowiecka Agencja Energetyczna<\/p>\n<p><a href=\"https:\/\/eur04.safelinks.protection.outlook.com\/?url=https%3A%2F%2Fwww.nape.pl%2F&amp;data=05%7C02%7Cmichal.nowak%40metropoliagzm.pl%7C349f8ca1d3ac4460b62d08de5f4533b6%7C96a94bc122174af582dfa379226e417c%7C0%7C0%7C639052949150190613%7CUnknown%7CTWFpbGZsb3d8eyJFbXB0eU1hcGkiOnRydWUsIlYiOiIwLjAuMDAwMCIsIlAiOiJXaW4zMiIsIkFOIjoiTWFpbCIsIldUIjoyfQ%3D%3D%7C0%7C%7C%7C&amp;sdata=WzcXYMLUA%2BzmxKwbIsjNuy0xvwmJFDsk1RP9Syd4AYI%3D&amp;reserved=0\"><strong>NAPE<\/strong><\/a> &#8211; Narodowa Agencja Poszanowania Energii S.A.<\/p>\n<p><a href=\"https:\/\/eur04.safelinks.protection.outlook.com\/?url=https%3A%2F%2Fwww.sape.org.pl%2F&amp;data=05%7C02%7Cmichal.nowak%40metropoliagzm.pl%7C349f8ca1d3ac4460b62d08de5f4533b6%7C96a94bc122174af582dfa379226e417c%7C0%7C0%7C639052949150206294%7CUnknown%7CTWFpbGZsb3d8eyJFbXB0eU1hcGkiOnRydWUsIlYiOiIwLjAuMDAwMCIsIlAiOiJXaW4zMiIsIkFOIjoiTWFpbCIsIldUIjoyfQ%3D%3D%7C0%7C%7C%7C&amp;sdata=VfJ7rGoTYBC6XU2tS8VrFq3qGXCJbVbn2A8FRUUs%2BFg%3D&amp;reserved=0\"><strong>SAPE-Polska<\/strong><\/a> &#8211; Og\u00f3lnokrajowe Stowarzyszenie Poszanowanie Energii i \u015arodowiska<\/p>\n<p>oraz wybrani cz\u0142onkowie SAPE-Polska:<\/p>\n<p><a href=\"https:\/\/eur04.safelinks.protection.outlook.com\/?url=https%3A%2F%2Fdaeis.pl%2F&amp;data=05%7C02%7Cmichal.nowak%40metropoliagzm.pl%7C349f8ca1d3ac4460b62d08de5f4533b6%7C96a94bc122174af582dfa379226e417c%7C0%7C0%7C639052949150222371%7CUnknown%7CTWFpbGZsb3d8eyJFbXB0eU1hcGkiOnRydWUsIlYiOiIwLjAuMDAwMCIsIlAiOiJXaW4zMiIsIkFOIjoiTWFpbCIsIldUIjoyfQ%3D%3D%7C0%7C%7C%7C&amp;sdata=%2BnuQH%2Fp7AlVgDKWDn%2FvAXfsZmojgV%2FT31LRRn1P5Qj4%3D&amp;reserved=0\"><strong>DAE\u015a<\/strong><\/a> &#8211; Dolno\u015bl\u0105ska Agencja Energii i \u015arodowiska<\/p>\n<p><a href=\"https:\/\/eur04.safelinks.protection.outlook.com\/?url=https%3A%2F%2Fwww.enms.pl%2F&amp;data=05%7C02%7Cmichal.nowak%40metropoliagzm.pl%7C349f8ca1d3ac4460b62d08de5f4533b6%7C96a94bc122174af582dfa379226e417c%7C0%7C0%7C639052949150238030%7CUnknown%7CTWFpbGZsb3d8eyJFbXB0eU1hcGkiOnRydWUsIlYiOiIwLjAuMDAwMCIsIlAiOiJXaW4zMiIsIkFOIjoiTWFpbCIsIldUIjoyfQ%3D%3D%7C0%7C%7C%7C&amp;sdata=jVLv49EmMlvvs%2FUSfZDp7a0omDSJR4Xhp9pi2AWB1VU%3D&amp;reserved=0\"><strong>EnMS<\/strong><\/a> Polska<\/p>\n<p><a href=\"https:\/\/eur04.safelinks.protection.outlook.com\/?url=https%3A%2F%2Fwww.auipe.pl%2F&amp;data=05%7C02%7Cmichal.nowak%40metropoliagzm.pl%7C349f8ca1d3ac4460b62d08de5f4533b6%7C96a94bc122174af582dfa379226e417c%7C0%7C0%7C639052949150253268%7CUnknown%7CTWFpbGZsb3d8eyJFbXB0eU1hcGkiOnRydWUsIlYiOiIwLjAuMDAwMCIsIlAiOiJXaW4zMiIsIkFOIjoiTWFpbCIsIldUIjoyfQ%3D%3D%7C0%7C%7C%7C&amp;sdata=yP4xSapTGEepcwW0FCgJqLHpOMwsiJZKnEmvELUbD80%3D&amp;reserved=0\"><strong>AUiPE<\/strong><\/a> &#8211; Agencja U\u017cytkowania i Poszanowania Energii<\/p>\n<p><strong>Kontakt<\/strong><\/p>\n<p>LinkedIn: <a href=\"https:\/\/eur04.safelinks.protection.outlook.com\/?url=https%3A%2F%2Fwww.linkedin.com%2Fcompany%2Frenoss-pl&amp;data=05%7C02%7Cmichal.nowak%40metropoliagzm.pl%7C349f8ca1d3ac4460b62d08de5f4533b6%7C96a94bc122174af582dfa379226e417c%7C0%7C0%7C639052949150268938%7CUnknown%7CTWFpbGZsb3d8eyJFbXB0eU1hcGkiOnRydWUsIlYiOiIwLjAuMDAwMCIsIlAiOiJXaW4zMiIsIkFOIjoiTWFpbCIsIldUIjoyfQ%3D%3D%7C0%7C%7C%7C&amp;sdata=gUn3IMGIYQy58KX%2FN7u%2BKg4aU13daGmYSzTSyWZs1OQ%3D&amp;reserved=0\">https:\/\/www.linkedin.com\/company\/renoss-pl<\/a> <br \/>Osoba kontaktowa: Monika Ptak: <a href=\"mailto:m.ptak@metropoliagzm.pl\">m.ptak@metropoliagzm.pl<\/a>; 032\u00a0718 07 40<\/p>\n<p><strong>Dane Projektowe<\/strong><\/p>\n<p>Akronim: LIFE-RENOSS-PL<\/p>\n<p>Tytu\u0142 (PL): Wsparcie gmin w przej\u015bciu na czyst\u0105 energi\u0119 &#8211; wdro\u017cenie zintegrowanych us\u0142ug renowacji budynk\u00f3w<\/p>\n<p>Tytu\u0142 (EN): Support to Municipalities in the Clean Energy Transition &#8211; Implementation of Integrated Building Renovation Services.<\/p>\n<p>Nr umowy grantowej: 101216026<\/p>\n<p>Program: LIFE-CET<\/p>\n<p>Czas trwania: 42 miesi\u0105ce (1 wrze\u015bnia 2025 r. &#8211; 28 lutego 2029 r.)<\/p>\n<p>Dofinansowanie UE: 1 242 356 EUR<\/p>\n<p>Projekt LIFE nr 101216026 wsp\u00f3\u0142finansowany jest przez Uni\u0119 Europejsk\u0105. Pogl\u0105dy i\u00a0opinie wyra\u017cone w niniejszym materiale s\u0105 wy\u0142\u0105cznie pogl\u0105dami autora(-\u00f3w) i nie musz\u0105 odzwierciedla\u0107 stanowiska Unii Europejskiej ani Europejskiej Agencji Wykonawczej ds. Klimatu, Infrastruktury i \u015arodowiska (CINEA). Ani Unia Europejska, ani CINEA nie ponosz\u0105 odpowiedzialno\u015bci za ich tre\u015b\u0107.<\/p>\n\n\t\t<\/div>\n\t<\/div>\n<\/div><\/div><\/div><\/div>\n\n\n<figure class=\"wp-block-image size-large is-resized\"><img loading=\"lazy\" decoding=\"async\" width=\"1024\" height=\"390\" src=\"https:\/\/metropoliagzm.pl\/wp-content\/uploads\/2026\/02\/RENOSS-fullcolor-1-1024x390.jpg\" alt=\"\" class=\"wp-image-47785\" style=\"width:576px;height:auto\" srcset=\"https:\/\/metropoliagzm.pl\/wp-content\/uploads\/2026\/02\/RENOSS-fullcolor-1-1024x390.jpg 1024w, https:\/\/metropoliagzm.pl\/wp-content\/uploads\/2026\/02\/RENOSS-fullcolor-1-300x114.jpg 300w, https:\/\/metropoliagzm.pl\/wp-content\/uploads\/2026\/02\/RENOSS-fullcolor-1-768x293.jpg 768w, https:\/\/metropoliagzm.pl\/wp-content\/uploads\/2026\/02\/RENOSS-fullcolor-1-1536x586.jpg 1536w, https:\/\/metropoliagzm.pl\/wp-content\/uploads\/2026\/02\/RENOSS-fullcolor-1-2048x781.jpg 2048w, https:\/\/metropoliagzm.pl\/wp-content\/uploads\/2026\/02\/RENOSS-fullcolor-1-18x7.jpg 18w, https:\/\/metropoliagzm.pl\/wp-content\/uploads\/2026\/02\/RENOSS-fullcolor-1-585x223.jpg 585w\" sizes=\"auto, (max-width: 1024px) 100vw, 1024px\" \/><\/figure>\n\n\n\n<figure class=\"wp-block-image size-large is-resized\"><img loading=\"lazy\" decoding=\"async\" width=\"1024\" height=\"214\" src=\"https:\/\/metropoliagzm.pl\/wp-content\/uploads\/2026\/02\/life6463768-1-1024x214.jpg\" alt=\"\" class=\"wp-image-47782\" style=\"width:361px;height:auto\" srcset=\"https:\/\/metropoliagzm.pl\/wp-content\/uploads\/2026\/02\/life6463768-1-1024x214.jpg 1024w, https:\/\/metropoliagzm.pl\/wp-content\/uploads\/2026\/02\/life6463768-1-300x63.jpg 300w, https:\/\/metropoliagzm.pl\/wp-content\/uploads\/2026\/02\/life6463768-1-768x161.jpg 768w, https:\/\/metropoliagzm.pl\/wp-content\/uploads\/2026\/02\/life6463768-1-1536x322.jpg 1536w, https:\/\/metropoliagzm.pl\/wp-content\/uploads\/2026\/02\/life6463768-1-18x4.jpg 18w, https:\/\/metropoliagzm.pl\/wp-content\/uploads\/2026\/02\/life6463768-1-585x122.jpg 585w, https:\/\/metropoliagzm.pl\/wp-content\/uploads\/2026\/02\/life6463768-1.jpg 1600w\" sizes=\"auto, (max-width: 1024px) 100vw, 1024px\" \/><\/figure>\n<div class=\"post-author\" style=\"font-size:13px\">Micha\u0142 Nowak<\/div><\/div><\/div>","protected":false},"excerpt":{"rendered":"<p>Micha\u0142 Nowak<\/p>","protected":false},"author":134,"featured_media":0,"parent":0,"menu_order":0,"comment_status":"closed","ping_status":"closed","template":"","meta":{"_acf_changed":false,"footnotes":""},"class_list":["post-47780","page","type-page","status-publish","hentry"],"acf":[],"yoast_head":"<!-- This site is optimized with the Yoast SEO plugin v27.3 - https:\/\/yoast.com\/product\/yoast-seo-wordpress\/ -->\n<title>Projekt Life RenOSS - Metropolia GZM<\/title>\n<meta name=\"robots\" content=\"index, follow, max-snippet:-1, max-image-preview:large, max-video-preview:-1\" \/>\n<link rel=\"canonical\" href=\"https:\/\/metropoliagzm.pl\/de\/life-renoss\/\" \/>\n<meta name=\"twitter:card\" content=\"summary_large_image\" \/>\n<meta name=\"twitter:title\" content=\"Projekt Life RenOSS - Metropolia GZM\" \/>\n<meta name=\"twitter:description\" content=\"Micha\u0142 Nowak\" \/>\n<meta name=\"twitter:image\" content=\"https:\/\/metropoliagzm.pl\/wp-content\/uploads\/2026\/02\/RENOSS-fullcolor-1-1024x390.jpg\" \/>\n<meta name=\"twitter:label1\" content=\"Gesch\u00e4tzte Lesezeit\" \/>\n\t<meta name=\"twitter:data1\" content=\"4\u00a0Minuten\" \/>\n<script type=\"application\/ld+json\" class=\"yoast-schema-graph\">{\"@context\":\"https:\\\/\\\/schema.org\",\"@graph\":[{\"@type\":\"WebPage\",\"@id\":\"https:\\\/\\\/metropoliagzm.pl\\\/life-renoss\\\/\",\"url\":\"https:\\\/\\\/metropoliagzm.pl\\\/life-renoss\\\/\",\"name\":\"Projekt Life RenOSS - Metropolia GZM\",\"isPartOf\":{\"@id\":\"https:\\\/\\\/metropoliagzm.pl\\\/en\\\/#website\"},\"primaryImageOfPage\":{\"@id\":\"https:\\\/\\\/metropoliagzm.pl\\\/life-renoss\\\/#primaryimage\"},\"image\":{\"@id\":\"https:\\\/\\\/metropoliagzm.pl\\\/life-renoss\\\/#primaryimage\"},\"thumbnailUrl\":\"https:\\\/\\\/metropoliagzm.pl\\\/wp-content\\\/uploads\\\/2026\\\/02\\\/RENOSS-fullcolor-1-1024x390.jpg\",\"datePublished\":\"2026-02-02T08:20:08+00:00\",\"dateModified\":\"2026-02-02T08:26:31+00:00\",\"breadcrumb\":{\"@id\":\"https:\\\/\\\/metropoliagzm.pl\\\/life-renoss\\\/#breadcrumb\"},\"inLanguage\":\"de\",\"potentialAction\":[{\"@type\":\"ReadAction\",\"target\":[\"https:\\\/\\\/metropoliagzm.pl\\\/life-renoss\\\/\"]}]},{\"@type\":\"ImageObject\",\"inLanguage\":\"de\",\"@id\":\"https:\\\/\\\/metropoliagzm.pl\\\/life-renoss\\\/#primaryimage\",\"url\":\"https:\\\/\\\/metropoliagzm.pl\\\/wp-content\\\/uploads\\\/2026\\\/02\\\/RENOSS-fullcolor-1-1024x390.jpg\",\"contentUrl\":\"https:\\\/\\\/metropoliagzm.pl\\\/wp-content\\\/uploads\\\/2026\\\/02\\\/RENOSS-fullcolor-1-1024x390.jpg\"},{\"@type\":\"BreadcrumbList\",\"@id\":\"https:\\\/\\\/metropoliagzm.pl\\\/life-renoss\\\/#breadcrumb\",\"itemListElement\":[{\"@type\":\"ListItem\",\"position\":1,\"name\":\"Strona g\u0142\u00f3wna\",\"item\":\"https:\\\/\\\/metropoliagzm.pl\\\/\"},{\"@type\":\"ListItem\",\"position\":2,\"name\":\"Projekt Life RenOSS\"}]},{\"@type\":\"WebSite\",\"@id\":\"https:\\\/\\\/metropoliagzm.pl\\\/en\\\/#website\",\"url\":\"https:\\\/\\\/metropoliagzm.pl\\\/en\\\/\",\"name\":\"Metropolia GZM\",\"description\":\"Oficjalny portal G\u00f3rno\u015bl\u0105sko-Zag\u0142\u0119biowskiej Metropolii\",\"publisher\":{\"@id\":\"https:\\\/\\\/metropoliagzm.pl\\\/en\\\/#organization\"},\"potentialAction\":[{\"@type\":\"SearchAction\",\"target\":{\"@type\":\"EntryPoint\",\"urlTemplate\":\"https:\\\/\\\/metropoliagzm.pl\\\/en\\\/?s={search_term_string}\"},\"query-input\":{\"@type\":\"PropertyValueSpecification\",\"valueRequired\":true,\"valueName\":\"search_term_string\"}}],\"inLanguage\":\"de\"},{\"@type\":\"Organization\",\"@id\":\"https:\\\/\\\/metropoliagzm.pl\\\/en\\\/#organization\",\"name\":\"Metropolia GZM\",\"url\":\"https:\\\/\\\/metropoliagzm.pl\\\/en\\\/\",\"logo\":{\"@type\":\"ImageObject\",\"inLanguage\":\"de\",\"@id\":\"https:\\\/\\\/metropoliagzm.pl\\\/en\\\/#\\\/schema\\\/logo\\\/image\\\/\",\"url\":\"https:\\\/\\\/metropoliagzm.pl\\\/wp-content\\\/uploads\\\/2019\\\/03\\\/Sygnet-strona-glowna.png\",\"contentUrl\":\"https:\\\/\\\/metropoliagzm.pl\\\/wp-content\\\/uploads\\\/2019\\\/03\\\/Sygnet-strona-glowna.png\",\"width\":36,\"height\":45,\"caption\":\"Metropolia GZM\"},\"image\":{\"@id\":\"https:\\\/\\\/metropoliagzm.pl\\\/en\\\/#\\\/schema\\\/logo\\\/image\\\/\"}}]}<\/script>\n<!-- \/ Yoast SEO plugin. -->","yoast_head_json":{"title":"Projekt Life RenOSS - Metropolia GZM","robots":{"index":"index","follow":"follow","max-snippet":"max-snippet:-1","max-image-preview":"max-image-preview:large","max-video-preview":"max-video-preview:-1"},"canonical":"https:\/\/metropoliagzm.pl\/de\/life-renoss\/","twitter_card":"summary_large_image","twitter_title":"Projekt Life RenOSS - Metropolia GZM","twitter_description":"Micha\u0142 Nowak","twitter_image":"https:\/\/metropoliagzm.pl\/wp-content\/uploads\/2026\/02\/RENOSS-fullcolor-1-1024x390.jpg","twitter_misc":{"Gesch\u00e4tzte Lesezeit":"4\u00a0Minuten"},"schema":{"@context":"https:\/\/schema.org","@graph":[{"@type":"WebPage","@id":"https:\/\/metropoliagzm.pl\/life-renoss\/","url":"https:\/\/metropoliagzm.pl\/life-renoss\/","name":"Projekt Life RenOSS - Metropolia GZM","isPartOf":{"@id":"https:\/\/metropoliagzm.pl\/en\/#website"},"primaryImageOfPage":{"@id":"https:\/\/metropoliagzm.pl\/life-renoss\/#primaryimage"},"image":{"@id":"https:\/\/metropoliagzm.pl\/life-renoss\/#primaryimage"},"thumbnailUrl":"https:\/\/metropoliagzm.pl\/wp-content\/uploads\/2026\/02\/RENOSS-fullcolor-1-1024x390.jpg","datePublished":"2026-02-02T08:20:08+00:00","dateModified":"2026-02-02T08:26:31+00:00","breadcrumb":{"@id":"https:\/\/metropoliagzm.pl\/life-renoss\/#breadcrumb"},"inLanguage":"de","potentialAction":[{"@type":"ReadAction","target":["https:\/\/metropoliagzm.pl\/life-renoss\/"]}]},{"@type":"ImageObject","inLanguage":"de","@id":"https:\/\/metropoliagzm.pl\/life-renoss\/#primaryimage","url":"https:\/\/metropoliagzm.pl\/wp-content\/uploads\/2026\/02\/RENOSS-fullcolor-1-1024x390.jpg","contentUrl":"https:\/\/metropoliagzm.pl\/wp-content\/uploads\/2026\/02\/RENOSS-fullcolor-1-1024x390.jpg"},{"@type":"BreadcrumbList","@id":"https:\/\/metropoliagzm.pl\/life-renoss\/#breadcrumb","itemListElement":[{"@type":"ListItem","position":1,"name":"Strona g\u0142\u00f3wna","item":"https:\/\/metropoliagzm.pl\/"},{"@type":"ListItem","position":2,"name":"Projekt Life RenOSS"}]},{"@type":"WebSite","@id":"https:\/\/metropoliagzm.pl\/en\/#website","url":"https:\/\/metropoliagzm.pl\/en\/","name":"Metropolia GZM","description":"Oficjalny portal G\u00f3rno\u015bl\u0105sko-Zag\u0142\u0119biowskiej Metropolii","publisher":{"@id":"https:\/\/metropoliagzm.pl\/en\/#organization"},"potentialAction":[{"@type":"SearchAction","target":{"@type":"EntryPoint","urlTemplate":"https:\/\/metropoliagzm.pl\/en\/?s={search_term_string}"},"query-input":{"@type":"PropertyValueSpecification","valueRequired":true,"valueName":"search_term_string"}}],"inLanguage":"de"},{"@type":"Organization","@id":"https:\/\/metropoliagzm.pl\/en\/#organization","name":"Metropolia GZM","url":"https:\/\/metropoliagzm.pl\/en\/","logo":{"@type":"ImageObject","inLanguage":"de","@id":"https:\/\/metropoliagzm.pl\/en\/#\/schema\/logo\/image\/","url":"https:\/\/metropoliagzm.pl\/wp-content\/uploads\/2019\/03\/Sygnet-strona-glowna.png","contentUrl":"https:\/\/metropoliagzm.pl\/wp-content\/uploads\/2019\/03\/Sygnet-strona-glowna.png","width":36,"height":45,"caption":"Metropolia GZM"},"image":{"@id":"https:\/\/metropoliagzm.pl\/en\/#\/schema\/logo\/image\/"}}]}},"_links":{"self":[{"href":"https:\/\/metropoliagzm.pl\/de\/wp-json\/wp\/v2\/pages\/47780","targetHints":{"allow":["GET"]}}],"collection":[{"href":"https:\/\/metropoliagzm.pl\/de\/wp-json\/wp\/v2\/pages"}],"about":[{"href":"https:\/\/metropoliagzm.pl\/de\/wp-json\/wp\/v2\/types\/page"}],"author":[{"embeddable":true,"href":"https:\/\/metropoliagzm.pl\/de\/wp-json\/wp\/v2\/users\/134"}],"replies":[{"embeddable":true,"href":"https:\/\/metropoliagzm.pl\/de\/wp-json\/wp\/v2\/comments?post=47780"}],"version-history":[{"count":2,"href":"https:\/\/metropoliagzm.pl\/de\/wp-json\/wp\/v2\/pages\/47780\/revisions"}],"predecessor-version":[{"id":47786,"href":"https:\/\/metropoliagzm.pl\/de\/wp-json\/wp\/v2\/pages\/47780\/revisions\/47786"}],"wp:attachment":[{"href":"https:\/\/metropoliagzm.pl\/de\/wp-json\/wp\/v2\/media?parent=47780"}],"curies":[{"name":"wp","href":"https:\/\/api.w.org\/{rel}","templated":true}]}}