{"id":5614,"date":"2019-05-08T09:58:48","date_gmt":"2019-05-08T07:58:48","guid":{"rendered":"https:\/\/wpgzm.dev.euvic.pl\/?page_id=5614"},"modified":"2024-02-14T10:11:14","modified_gmt":"2024-02-14T09:11:14","slug":"biblioteka-2","status":"publish","type":"page","link":"https:\/\/metropoliagzm.pl\/de\/biblioteka-2\/","title":{"rendered":"Bibliothek"},"content":{"rendered":"<div class=\"wpb-content-wrapper\"><div class=\"pdf-block\"><div class=\"pdfprnt-buttons  pdfprnt-new pdfprnt-buttons-page pdfprnt-top-right\"><div class=\"jssocials-share jssocials-share-twitter\"><a target=\"_blank\" href=\"https:\/\/twitter.com\/share?url=https:\/\/metropoliagzm.pl\/de\/wp-json\/wp\/v2\/pages\/5614;text=5614\" class=\"jssocials-share-link\"><i class=\"fa fa-twitter jssocials-share-logo\"><\/i><\/a><\/div><div class=\"jssocials-share jssocials-share-facebook\"><a target=\"_blank\" href=\"https:\/\/facebook.com\/sharer\/sharer.php?u=https:\/\/metropoliagzm.pl\/de\/wp-json\/wp\/v2\/pages\/5614\" class=\"jssocials-share-link\"><i class=\"fa fa-facebook jssocials-share-logo\"><\/i><\/a><\/div><div class=\"jssocials-share jssocials-share-pinterest\"><a target=\"_blank\" href=\"https:\/\/pinterest.com\/pin\/create\/bookmarklet\/?&amp;url=https:\/\/metropoliagzm.pl\/de\/wp-json\/wp\/v2\/pages\/5614;description=5614\" class=\"jssocials-share-link\"><i class=\"fa fa-pinterest jssocials-share-logo\"><\/i><\/a><\/div><a href=\"https:\/\/metropoliagzm.pl\/de\/wp-json\/wp\/v2\/pages\/5614?print=pdf\" class=\"pdfprnt-button pdfprnt-button-pdf\" target=\"_blank\"><img decoding=\"async\" src=\"https:\/\/metropoliagzm.pl\/wp-content\/plugins\/pdf-print\/images\/pdf.png\" alt=\"image_pdf\" title=\"View PDF\" \/><\/a><a href=\"https:\/\/metropoliagzm.pl\/de\/wp-json\/wp\/v2\/pages\/5614?print=print\" class=\"pdfprnt-button pdfprnt-button-print\" target=\"_blank\"><img decoding=\"async\" src=\"https:\/\/metropoliagzm.pl\/wp-content\/plugins\/pdf-print\/images\/print.png\" alt=\"image_print\" title=\"Print Content\" \/><\/a><\/div><\/div><div class=\"post-block-pdf\"><div class=\"pdfprnt-buttons pdfprnt-buttons-page pdfprnt-top-right\"><a href=\"https:\/\/metropoliagzm.pl\/de\/wp-json\/wp\/v2\/pages\/5614?print=pdf\" class=\"pdfprnt-button pdfprnt-button-pdf\" target=\"_blank\"><img decoding=\"async\" src=\"https:\/\/metropoliagzm.pl\/wp-content\/plugins\/pdf-print\/images\/pdf.png\" alt=\"image_pdf\" title=\"View PDF\" \/><\/a><a href=\"https:\/\/metropoliagzm.pl\/de\/wp-json\/wp\/v2\/pages\/5614?print=print\" class=\"pdfprnt-button pdfprnt-button-print\" target=\"_blank\"><img decoding=\"async\" src=\"https:\/\/metropoliagzm.pl\/wp-content\/plugins\/pdf-print\/images\/print.png\" alt=\"image_print\" title=\"Print Content\" \/><\/a><\/div><div class=\"vc_row wpb_row vc_row-fluid\"><div class=\"wpb_column vc_column_container vc_col-sm-12\"><div class=\"vc_column-inner\"><div class=\"wpb_wrapper\"><div class=\"vc_row wpb_row vc_inner vc_row-fluid\"><div class=\"wpb_column vc_column_container vc_col-sm-12\"><div class=\"vc_column-inner\"><div class=\"wpb_wrapper\">\n\t<div class=\"wpb_text_column wpb_content_element\" >\n\t\t<div class=\"wpb_wrapper\">\n\t\t\t<h1>Bibliothek<\/h1>\n\n\t\t<\/div>\n\t<\/div>\n<\/div><\/div><\/div><\/div><\/div><\/div><\/div><\/div><div class=\"vc_row wpb_row vc_row-fluid\"><div class=\"wpb_column vc_column_container vc_col-sm-12\"><div class=\"vc_column-inner\"><div class=\"wpb_wrapper\"><div class=\"vc_btn3-container vc_btn3-inline vc_do_btn\" ><button class=\"vc_general vc_btn3 vc_btn3-size-md vc_btn3-shape-rounded vc_btn3-style-modern vc_btn3-color-black\">Pobierz.<\/button><\/div>\n\t<div class=\"wpb_text_column wpb_content_element\" >\n\t\t<div class=\"wpb_wrapper\">\n\t\t\t<p><a href=\"https:\/\/metropoliagzm.pl\/wp-content\/uploads\/2024\/02\/Akademia-Miejskiej-Odpornos\u0301ci-Podre\u0328cznik-Dobrych-Praktyk-CoopTech-Hub.pdf\">Akademia Miejskiej Odpornos\u0301ci Podre\u0328cznik Dobrych Praktyk CoopTech Hub<\/a><\/p>\n<p><a href=\"https:\/\/metropoliagzm.pl\/wp-content\/uploads\/2024\/01\/Jak-wykorzystac-proces-prototypowania-w-zarzadzaniu-zielenia-miejska-Pawel-Nowak.pdf\">Jak wykorzysta\u0107 proces prototypowania w zarz\u0105dzaniu zieleni\u0105 miejska<\/a><\/p>\n<p><a href=\"https:\/\/metropoliagzm.pl\/wp-content\/uploads\/2024\/01\/Metropolitalna-Szkola-Prototypowania-Podre\u0328cznik-wdraz\u0307ania-Inicjatywy-Lokalnej-urze\u0328dnik-wersja-2024-01-02-1.pdf\" target=\"_blank\" rel=\"noopener\">Metropolitalna Szko\u0142a Prototypowania &#8211; Podr\u0119cznik wdra\u017cania Inicjatywy Lokalnej &#8211; urze\u0328dnik<\/a><\/p>\n<p><a href=\"https:\/\/metropoliagzm.pl\/wp-content\/uploads\/2024\/01\/Metropolitalna-Szkola-Prototypowania-Podre\u0328cznik-wdraz\u0307ania-Inicjatywy-Lokalnej-mieszkaniec-wersja-2024-01-08.pdf\" target=\"_blank\" rel=\"noopener\">Metropolitalna Szko\u0142a Prototypowania &#8211; Podr\u0119cznik wdra\u017cania Inicjatywy Lokalnej &#8211; mieszkaniec<\/a><\/p>\n<p><a href=\"https:\/\/metropoliagzm.pl\/wp-content\/uploads\/2023\/07\/Dobre-centrum-parkingi-web-1.pdf\">Dobre centrum \u2013 instrukcja dla ludzi chc\u0105cych uporz\u0105dkowa\u0107 parkowanie w centrum miasta<\/a><\/p>\n<p><a href=\"https:\/\/metropoliagzm.pl\/wp-content\/uploads\/2022\/06\/Raport_17_celow_www.pdf\" target=\"_blank\" rel=\"noopener\"><span dir=\"ltr\" role=\"presentation\">G\u00f3rno\u015bl\u0105sko-Zag\u0142\u0119biowska <\/span><span dir=\"ltr\" role=\"presentation\">Metropolia realizuje Cele <\/span><span dir=\"ltr\" role=\"presentation\">Zr\u00f3wnowa\u017conego Rozwoju<\/span><\/a><\/p>\n<p><a href=\"https:\/\/metropoliagzm.pl\/wp-content\/uploads\/2022\/02\/IPA_GZM-Koncepcja-rozwoju-Odnawialnych-Zrodel-Energii-OZE-w-gminach-GZM-jako-jedno-z-narzedzi-osiagniecia-celu-Metropolii-samowystarczalnej-energetycznie.pdf\" target=\"_blank\" rel=\"noopener\">Koncepcja rozwoju Odnawialnych \u0179r\u00f3de\u0142 Energii (OZE) w gminach GZM jako jedno z narz\u0119dzi osi\u0105gni\u0119cia celu Metropolii samowystarczalnej energetycznie<\/a><\/p>\n<p><a href=\"https:\/\/metropoliagzm.pl\/wp-content\/uploads\/2022\/02\/Raport_GZM_2020_samowystarczalnosc-energetyczna.pdf\" target=\"_blank\" rel=\"noopener\">Raport GZM: Samowystarczalno\u015b\u0107 energetyczna<\/a><\/p>\n<p><a href=\"https:\/\/metropoliagzm.pl\/wp-content\/uploads\/2022\/02\/Efektywnosc-energetyczna_A5.pdf\">Efektywno\u015b\u0107 energetyczna<\/a><\/p>\n<p><a href=\"https:\/\/metropoliagzm.pl\/wp-content\/uploads\/2022\/02\/Metropolitalne-Laki-Kwietnie.-Broszura.pdf\">Metropolitalne \u0141\u0105ki Kwietnie. Broszura<\/a><\/p>\n<p><a href=\"https:\/\/metropoliagzm.pl\/wp-content\/uploads\/2021\/09\/Raport-Potencjal-gospodarczy-i-spoleczny-GZM.pdf\" target=\"_blank\" rel=\"noopener\">Raport o potencjale spo\u0142eczno gospodarczym GZM 2021 \/ The socio-economic potential of Metropolis GZM 2021<\/a><\/p>\n<p><a href=\"https:\/\/metropoliagzm.pl\/wp-content\/uploads\/2021\/07\/SUMP_raport_web2.pdf\" target=\"_blank\" rel=\"noopener\">Dobra mobilno\u015b\u0107 od przeszk\u00f3d do rozwi\u0105za\u0144<\/a><\/p>\n<p><a href=\"https:\/\/metropoliagzm.pl\/wp-content\/uploads\/2021\/02\/3-lata-Metropolii.-Raport-podsumowujacy.pdf\">Podsumowanie trzech lat dzia\u0142alno\u015bci G\u00f3rno\u015bl\u0105sko-Zag\u0142\u0119biowskiej Metropolii 2018-2020<\/a><a class=\"wp-block-file__button\" href=\"https:\/\/metropoliagzm.pl\/wp-content\/uploads\/2021\/02\/3-lata-Metropolii.-Raport-podsumowujacy.pdf\" download=\"\">Pobierz<\/a><br \/><a href=\"https:\/\/metropoliagzm.pl\/wp-content\/uploads\/2021\/08\/NARZEDZIOWNIK_FINAL_NET.pdf\" target=\"_blank\" rel=\"noopener\">Nie tra\u0107 czasu na dojazdy. Jak naprawi\u0107 swoj\u0105 mobilno\u015b\u0107. Narz\u0119dziownik dla mieszka\u0144c\u00f3w<\/a><\/p>\n<div class=\"wp-block-file\"><a href=\"https:\/\/metropoliagzm.pl\/wp-content\/uploads\/2020\/02\/2-lata-Metropolii.-FINAL.pdf\">Podsumowanie dw\u00f3ch lat dzia\u0142alno\u015bci G\u00f3rno\u015bl\u0105sko-Zag\u0142\u0119biowskiej Metropolii 2018-2019<\/a><a class=\"wp-block-file__button\" href=\"https:\/\/metropoliagzm.pl\/wp-content\/uploads\/2020\/02\/2-lata-Metropolii.-FINAL.pdf\" download=\"\">Pobierz<\/a><\/div>\n<div class=\"wp-block-file\"><a href=\"https:\/\/metropoliagzm.pl\/wp-content\/uploads\/2020\/02\/RAPORT-2019-28I20-g.15-30.pdf\">Raport podsumowuj\u0105cy pierwszy rok dzia\u0142alno\u015bci ZTM<\/a><a class=\"wp-block-file__button\" href=\"https:\/\/metropoliagzm.pl\/wp-content\/uploads\/2020\/02\/RAPORT-2019-28I20-g.15-30.pdf\" download=\"\">Pobierz<\/a><\/div>\n<div class=\"wp-block-file\"><a href=\"https:\/\/metropoliagzm.pl\/wp-content\/uploads\/2019\/05\/Ustawa-o-zwi\u0105zku-metropolitalnym-w-wojew\u00f3dztwie-\u015bl\u0105skim.pdf\">Ustawa o zwi\u0105zku metropolitalnym w wojew\u00f3dztwie \u015bl\u0105skim<\/a><a class=\"wp-block-file__button\" href=\"https:\/\/metropoliagzm.pl\/wp-content\/uploads\/2019\/05\/Ustawa-o-zwi\u0105zku-metropolitalnym-w-wojew\u00f3dztwie-\u015bl\u0105skim.pdf\" download=\"\">Pobierz<\/a><\/div>\n<div class=\"wp-block-file\"><a href=\"https:\/\/metropoliagzm.pl\/wp-content\/uploads\/2019\/05\/Rozporz\u0105dzenie-Rady-Ministr\u00f3w-ws.-utworzenia-zwi\u0105zku-metropolitalnego-w-wojew\u00f3dztwie-\u015bl\u0105skim.pdf\">Rozporz\u0105dzenie Rady Ministr\u00f3w ws. utworzenia zwi\u0105zku metropolitalnego w wojew\u00f3dztwie \u015bl\u0105skim<\/a><a class=\"wp-block-file__button\" href=\"https:\/\/metropoliagzm.pl\/wp-content\/uploads\/2019\/05\/Rozporz\u0105dzenie-Rady-Ministr\u00f3w-ws.-utworzenia-zwi\u0105zku-metropolitalnego-w-wojew\u00f3dztwie-\u015bl\u0105skim.pdf\" download=\"\">Pobierz<\/a><\/div>\n<div class=\"wp-block-file\"><a href=\"https:\/\/metropoliagzm.pl\/wp-content\/uploads\/2019\/05\/Statut-G\u00f3rno\u015bl\u0105sko-Zag\u0142\u0119biowskiej-Metropolii.pdf\">Statut G\u00f3rno\u015bl\u0105sko-Zag\u0142\u0119biowskiej Metropolii<\/a><a class=\"wp-block-file__button\" href=\"https:\/\/metropoliagzm.pl\/wp-content\/uploads\/2019\/05\/Statut-G\u00f3rno\u015bl\u0105sko-Zag\u0142\u0119biowskiej-Metropolii.pdf\" download=\"\">Pobierz<\/a><\/div>\n<div class=\"wp-block-file\"><a href=\"https:\/\/metropoliagzm.pl\/wp-content\/uploads\/2019\/05\/Uchwa\u0142a-nr-XII_73_2018.pdf\">Program dzia\u0142a\u0144 strategicznych do roku 2022<\/a><a class=\"wp-block-file__button\" href=\"https:\/\/metropoliagzm.pl\/wp-content\/uploads\/2019\/05\/Uchwa\u0142a-nr-XII_73_2018.pdf\" download=\"\">Pobierz<\/a><\/div>\n<div><a href=\"https:\/\/metropoliagzm.pl\/wp-content\/uploads\/2021\/05\/Program-dzialan-strategicznych-Gornoslasko-Zaglebiowskiej-Metropolii-do-roku-2022-Aneks-nr-2-2021.pdf\">Aneks_nr2_Program dzia\u0142a\u0144 strategicznych G\u00f3rno\u015bl\u0105sko-Zag\u0142\u0119biowskiej Metropolii do roku 2022<\/a><\/div>\n<div>\u00a0<\/div>\n<div class=\"wp-block-file\"><a href=\"https:\/\/metropoliagzm.pl\/wp-content\/uploads\/2020\/01\/Aneks_nr1_Program-dzia\u0142a\u0144-strategicznych-G\u00f3rno\u015bl\u0105sko-Zag\u0142\u0119biowskiej-Metropolii-do-roku-2022.pdf\">Aneks_nr1_Program dzia\u0142a\u0144 strategicznych G\u00f3rno\u015bl\u0105sko-Zag\u0142\u0119biowskiej Metropolii do roku 2022<\/a><\/div>\n<div class=\"wp-block-file\"><a href=\"https:\/\/metropoliagzm.pl\/wp-content\/uploads\/2019\/09\/Program-dzia\u0142a\u0144-strategicznych.-Skr\u00f3t-menad\u017cerski-PL.pdf\">Program dzia\u0142a\u0144 strategicznych. Skr\u00f3t menad\u017cerski PL<\/a><a class=\"wp-block-file__button\" href=\"https:\/\/metropoliagzm.pl\/wp-content\/uploads\/2019\/09\/Program-dzia\u0142a\u0144-strategicznych.-Skr\u00f3t-menad\u017cerski-PL.pdf\" download=\"\">Pobierz<\/a><\/div>\n<div class=\"wp-block-file\"><a href=\"https:\/\/metropoliagzm.pl\/wp-content\/uploads\/2019\/09\/ENG-Program-dzia\u0142a\u0144-strategicznych.-Skr\u00f3t-menad\u017cerski.pdf\">Metropolis GZM &#8211; Strategic Action Programme 2022<\/a><a class=\"wp-block-file__button\" href=\"https:\/\/metropoliagzm.pl\/wp-content\/uploads\/2019\/09\/ENG-Program-dzia\u0142a\u0144-strategicznych.-Skr\u00f3t-menad\u017cerski.pdf\" download=\"\">Pobierz<\/a><\/div>\n<div class=\"wp-block-file\"><a href=\"https:\/\/metropoliagzm.pl\/wp-content\/uploads\/2019\/05\/K-KM-SYNTEZA.pdf\">Koncepcja Kolei Metropolitalnej SYNTEZA<\/a><a class=\"wp-block-file__button\" href=\"https:\/\/metropoliagzm.pl\/wp-content\/uploads\/2019\/05\/K-KM-SYNTEZA.pdf\" download=\"\">Pobierz<\/a><\/div>\n<div class=\"wp-block-file\"><a href=\"https:\/\/metropoliagzm.pl\/wp-content\/uploads\/2019\/05\/K-KM-TOM-1.pdf\">Koncepcja Kolei Metropolitalnej TOM 1<\/a><a class=\"wp-block-file__button\" href=\"https:\/\/metropoliagzm.pl\/wp-content\/uploads\/2019\/05\/K-KM-TOM-1.pdf\" download=\"\">Pobierz<\/a><\/div>\n<div class=\"wp-block-file\"><a href=\"https:\/\/metropoliagzm.pl\/wp-content\/uploads\/2019\/05\/K-KM-TOM-2.pdf\">Koncepcja Kolei Metropolitalnej TOM 2<\/a><a class=\"wp-block-file__button\" href=\"https:\/\/metropoliagzm.pl\/wp-content\/uploads\/2019\/05\/K-KM-TOM-2.pdf\" download=\"\">Pobierz<\/a><\/div>\n<div class=\"wp-block-file\"><a href=\"https:\/\/metropoliagzm.pl\/wp-content\/uploads\/2019\/05\/K-KM-TOM-3.pdf\">Koncepcja Kolei Metropolitalnej TOM 3<\/a><a class=\"wp-block-file__button\" href=\"https:\/\/metropoliagzm.pl\/wp-content\/uploads\/2019\/05\/K-KM-TOM-3.pdf\" download=\"\">Pobierz<\/a><\/div>\n<div class=\"wp-block-file\"><a href=\"https:\/\/metropoliagzm.pl\/wp-content\/uploads\/2019\/05\/K-KM-TOM-4.pdf\">Koncepcja Kolei Metropolitalnej TOM 4<\/a><a class=\"wp-block-file__button\" href=\"https:\/\/metropoliagzm.pl\/wp-content\/uploads\/2019\/05\/K-KM-TOM-4.pdf\" download=\"\">Pobierz<\/a><\/div>\n<div class=\"wp-block-file\"><a href=\"https:\/\/metropoliagzm.pl\/wp-content\/uploads\/2019\/05\/K-KM-TOM-5.pdf\">Koncepcja Kolei Metropolitalnej TOM 5<\/a><a class=\"wp-block-file__button\" href=\"https:\/\/metropoliagzm.pl\/wp-content\/uploads\/2019\/05\/K-KM-TOM-5.pdf\" download=\"\">Pobierz<\/a><\/div>\n<div class=\"wp-block-file\"><a href=\"https:\/\/metropoliagzm.pl\/wp-content\/uploads\/2019\/05\/K-KM-TOM-6.pdf\">Koncepcja Kolei Metropolitalnej TOM 6<\/a><a class=\"wp-block-file__button\" href=\"https:\/\/metropoliagzm.pl\/wp-content\/uploads\/2019\/05\/K-KM-TOM-6.pdf\" download=\"\">Pobierz<\/a><\/div>\n<div class=\"wp-block-file\"><a href=\"https:\/\/metropoliagzm.pl\/wp-content\/uploads\/2019\/05\/K-KM-TOM-7.pdf\">Koncepcja Kolei Metropolitalnej TOM 7<\/a><a class=\"wp-block-file__button\" href=\"https:\/\/metropoliagzm.pl\/wp-content\/uploads\/2019\/05\/K-KM-TOM-7.pdf\" download=\"\">Pobierz<\/a><\/div>\n<div class=\"wp-block-file\"><a href=\"https:\/\/metropoliagzm.pl\/wp-content\/uploads\/2019\/09\/Raport-o-potencjale-spo\u0142eczno-gospodarczym-GZM.pdf\">Raport o potencjale spo\u0142eczno gospodarczym GZM \/ The socio-economic potential of Metropolis GZM <\/a><a class=\"wp-block-file__button\" href=\"https:\/\/metropoliagzm.pl\/wp-content\/uploads\/2019\/09\/Raport-o-potencjale-spo\u0142eczno-gospodarczym-GZM.pdf\" download=\"\">Pobierz<\/a><\/div>\n<div class=\"wp-block-file\"><a href=\"https:\/\/metropoliagzm.pl\/wp-content\/uploads\/2019\/09\/Rekomendacje-dla-rozwoju-nowoczesnej-mobilno\u015bci-GZM.pdf\">Rekomendacje dla rozwoju nowoczesnej mobilno\u015bci GZM<\/a><a class=\"wp-block-file__button\" href=\"https:\/\/metropoliagzm.pl\/wp-content\/uploads\/2019\/09\/Rekomendacje-dla-rozwoju-nowoczesnej-mobilno\u015bci-GZM.pdf\" download=\"\">Pobierz<\/a><\/div>\n<div class=\"wp-block-file\"><a href=\"https:\/\/metropoliagzm.pl\/wp-content\/uploads\/2023\/01\/Standardy-i-wytyczne-ksztaltowania-infrastruktury-rowerowej-1.pdf\">Standardy i wytyczne kszta\u0142towania infrastruktury rowerowej<\/a><\/div>\n<div><a href=\"https:\/\/metropoliagzm.pl\/wp-content\/uploads\/2020\/09\/Standardy_Piesze_Raport_final_online.pdf\">Standardy dost\u0119pno\u015bci ruchu pieszych dla miast i gmin G\u00f3rno\u015bl\u0105sko-Zag\u0142\u0119biowskiej Metropolii <\/a><a class=\"wp-block-file__button\" href=\"https:\/\/metropoliagzm.pl\/wp-content\/uploads\/2020\/09\/Standardy_Piesze_Raport_final_online.pdf\" download=\"\">Pobierz<\/a><\/div>\n<p><a href=\"http:\/\/bip.metropoliagzm.pl\/artykul\/31846\/122606\/metropolia-przyjazna-rowerom-studium-systemu-tras-rowerowych-dla-gornoslasko-zaglebiowskiej-metropolii-gzm\">Metropolia przyjazna rowerom. Studium tras rowerowych<\/a><\/p>\n<p><a href=\"https:\/\/metropoliagzm.pl\/wp-content\/uploads\/2020\/02\/Metropolitalna-rada-senior%C3%B3w.pdf\">Metropolia przyjazna seniorom &#8211; poradnik<\/a><\/p>\n\n\t\t<\/div>\n\t<\/div>\n<\/div><\/div><\/div><\/div><div class=\"vc_row wpb_row vc_row-fluid\"><div class=\"wpb_column vc_column_container vc_col-sm-12\"><div class=\"vc_column-inner\"><div class=\"wpb_wrapper\"><div class=\"vc_btn3-container vc_btn3-inline vc_do_btn\" ><a class=\"vc_general vc_btn3 vc_btn3-size-md vc_btn3-shape-square vc_btn3-style-modern vc_btn3-color-black\" href=\"https:\/\/metropoliagzm.pl\/wp-content\/uploads\/2020\/08\/Lista-uczestnik\u00f3w-projektu-M\u0142odzi-robi\u0105-Metropoli\u0119.pdf\" title=\"Lista uczestnik\u00f3w projektu &quot;M\u0142odzi robi\u0105 Metropoli\u0119&quot;\" target=\"_blank\">Pobierz<\/a><\/div><\/div><\/div><\/div><\/div><div class=\"post-author\" style=\"font-size:13px\">admin tresc<\/div><\/div><\/div>","protected":false},"excerpt":{"rendered":"<p>admin tresc<\/p>","protected":false},"author":161,"featured_media":0,"parent":0,"menu_order":0,"comment_status":"closed","ping_status":"closed","template":"","meta":{"_acf_changed":false,"footnotes":""},"class_list":["post-5614","page","type-page","status-publish","hentry"],"acf":[],"yoast_head":"<!-- This site is optimized with the Yoast SEO plugin v27.3 - https:\/\/yoast.com\/product\/yoast-seo-wordpress\/ -->\n<title>Biblioteka - Metropolia GZM<\/title>\n<meta name=\"robots\" content=\"index, follow, max-snippet:-1, max-image-preview:large, max-video-preview:-1\" \/>\n<link rel=\"canonical\" href=\"https:\/\/metropoliagzm.pl\/de\/biblioteka-2\/\" \/>\n<meta name=\"twitter:card\" content=\"summary_large_image\" \/>\n<meta name=\"twitter:title\" content=\"Biblioteka - Metropolia GZM\" \/>\n<meta name=\"twitter:description\" content=\"admin tresc\" \/>\n<meta name=\"twitter:label1\" content=\"Gesch\u00e4tzte Lesezeit\" \/>\n\t<meta name=\"twitter:data1\" content=\"2\u00a0Minuten\" \/>\n<script type=\"application\/ld+json\" class=\"yoast-schema-graph\">{\"@context\":\"https:\\\/\\\/schema.org\",\"@graph\":[{\"@type\":\"WebPage\",\"@id\":\"https:\\\/\\\/metropoliagzm.pl\\\/biblioteka-2\\\/\",\"url\":\"https:\\\/\\\/metropoliagzm.pl\\\/biblioteka-2\\\/\",\"name\":\"Biblioteka - Metropolia GZM\",\"isPartOf\":{\"@id\":\"https:\\\/\\\/metropoliagzm.pl\\\/en\\\/#website\"},\"datePublished\":\"2019-05-08T07:58:48+00:00\",\"dateModified\":\"2024-02-14T09:11:14+00:00\",\"breadcrumb\":{\"@id\":\"https:\\\/\\\/metropoliagzm.pl\\\/biblioteka-2\\\/#breadcrumb\"},\"inLanguage\":\"de\",\"potentialAction\":[{\"@type\":\"ReadAction\",\"target\":[\"https:\\\/\\\/metropoliagzm.pl\\\/biblioteka-2\\\/\"]}]},{\"@type\":\"BreadcrumbList\",\"@id\":\"https:\\\/\\\/metropoliagzm.pl\\\/biblioteka-2\\\/#breadcrumb\",\"itemListElement\":[{\"@type\":\"ListItem\",\"position\":1,\"name\":\"Strona g\u0142\u00f3wna\",\"item\":\"https:\\\/\\\/metropoliagzm.pl\\\/\"},{\"@type\":\"ListItem\",\"position\":2,\"name\":\"Biblioteka\"}]},{\"@type\":\"WebSite\",\"@id\":\"https:\\\/\\\/metropoliagzm.pl\\\/en\\\/#website\",\"url\":\"https:\\\/\\\/metropoliagzm.pl\\\/en\\\/\",\"name\":\"Metropolia GZM\",\"description\":\"Oficjalny portal G\u00f3rno\u015bl\u0105sko-Zag\u0142\u0119biowskiej Metropolii\",\"publisher\":{\"@id\":\"https:\\\/\\\/metropoliagzm.pl\\\/en\\\/#organization\"},\"potentialAction\":[{\"@type\":\"SearchAction\",\"target\":{\"@type\":\"EntryPoint\",\"urlTemplate\":\"https:\\\/\\\/metropoliagzm.pl\\\/en\\\/?s={search_term_string}\"},\"query-input\":{\"@type\":\"PropertyValueSpecification\",\"valueRequired\":true,\"valueName\":\"search_term_string\"}}],\"inLanguage\":\"de\"},{\"@type\":\"Organization\",\"@id\":\"https:\\\/\\\/metropoliagzm.pl\\\/en\\\/#organization\",\"name\":\"Metropolia GZM\",\"url\":\"https:\\\/\\\/metropoliagzm.pl\\\/en\\\/\",\"logo\":{\"@type\":\"ImageObject\",\"inLanguage\":\"de\",\"@id\":\"https:\\\/\\\/metropoliagzm.pl\\\/en\\\/#\\\/schema\\\/logo\\\/image\\\/\",\"url\":\"https:\\\/\\\/metropoliagzm.pl\\\/wp-content\\\/uploads\\\/2019\\\/03\\\/Sygnet-strona-glowna.png\",\"contentUrl\":\"https:\\\/\\\/metropoliagzm.pl\\\/wp-content\\\/uploads\\\/2019\\\/03\\\/Sygnet-strona-glowna.png\",\"width\":36,\"height\":45,\"caption\":\"Metropolia GZM\"},\"image\":{\"@id\":\"https:\\\/\\\/metropoliagzm.pl\\\/en\\\/#\\\/schema\\\/logo\\\/image\\\/\"}}]}<\/script>\n<!-- \/ Yoast SEO plugin. -->","yoast_head_json":{"title":"Biblioteka - Metropolia GZM","robots":{"index":"index","follow":"follow","max-snippet":"max-snippet:-1","max-image-preview":"max-image-preview:large","max-video-preview":"max-video-preview:-1"},"canonical":"https:\/\/metropoliagzm.pl\/de\/biblioteka-2\/","twitter_card":"summary_large_image","twitter_title":"Biblioteka - Metropolia GZM","twitter_description":"admin tresc","twitter_misc":{"Gesch\u00e4tzte Lesezeit":"2\u00a0Minuten"},"schema":{"@context":"https:\/\/schema.org","@graph":[{"@type":"WebPage","@id":"https:\/\/metropoliagzm.pl\/biblioteka-2\/","url":"https:\/\/metropoliagzm.pl\/biblioteka-2\/","name":"Biblioteka - Metropolia GZM","isPartOf":{"@id":"https:\/\/metropoliagzm.pl\/en\/#website"},"datePublished":"2019-05-08T07:58:48+00:00","dateModified":"2024-02-14T09:11:14+00:00","breadcrumb":{"@id":"https:\/\/metropoliagzm.pl\/biblioteka-2\/#breadcrumb"},"inLanguage":"de","potentialAction":[{"@type":"ReadAction","target":["https:\/\/metropoliagzm.pl\/biblioteka-2\/"]}]},{"@type":"BreadcrumbList","@id":"https:\/\/metropoliagzm.pl\/biblioteka-2\/#breadcrumb","itemListElement":[{"@type":"ListItem","position":1,"name":"Strona g\u0142\u00f3wna","item":"https:\/\/metropoliagzm.pl\/"},{"@type":"ListItem","position":2,"name":"Biblioteka"}]},{"@type":"WebSite","@id":"https:\/\/metropoliagzm.pl\/en\/#website","url":"https:\/\/metropoliagzm.pl\/en\/","name":"Metropolia GZM","description":"Oficjalny portal G\u00f3rno\u015bl\u0105sko-Zag\u0142\u0119biowskiej Metropolii","publisher":{"@id":"https:\/\/metropoliagzm.pl\/en\/#organization"},"potentialAction":[{"@type":"SearchAction","target":{"@type":"EntryPoint","urlTemplate":"https:\/\/metropoliagzm.pl\/en\/?s={search_term_string}"},"query-input":{"@type":"PropertyValueSpecification","valueRequired":true,"valueName":"search_term_string"}}],"inLanguage":"de"},{"@type":"Organization","@id":"https:\/\/metropoliagzm.pl\/en\/#organization","name":"Metropolia GZM","url":"https:\/\/metropoliagzm.pl\/en\/","logo":{"@type":"ImageObject","inLanguage":"de","@id":"https:\/\/metropoliagzm.pl\/en\/#\/schema\/logo\/image\/","url":"https:\/\/metropoliagzm.pl\/wp-content\/uploads\/2019\/03\/Sygnet-strona-glowna.png","contentUrl":"https:\/\/metropoliagzm.pl\/wp-content\/uploads\/2019\/03\/Sygnet-strona-glowna.png","width":36,"height":45,"caption":"Metropolia GZM"},"image":{"@id":"https:\/\/metropoliagzm.pl\/en\/#\/schema\/logo\/image\/"}}]}},"_links":{"self":[{"href":"https:\/\/metropoliagzm.pl\/de\/wp-json\/wp\/v2\/pages\/5614","targetHints":{"allow":["GET"]}}],"collection":[{"href":"https:\/\/metropoliagzm.pl\/de\/wp-json\/wp\/v2\/pages"}],"about":[{"href":"https:\/\/metropoliagzm.pl\/de\/wp-json\/wp\/v2\/types\/page"}],"author":[{"embeddable":true,"href":"https:\/\/metropoliagzm.pl\/de\/wp-json\/wp\/v2\/users\/161"}],"replies":[{"embeddable":true,"href":"https:\/\/metropoliagzm.pl\/de\/wp-json\/wp\/v2\/comments?post=5614"}],"version-history":[{"count":85,"href":"https:\/\/metropoliagzm.pl\/de\/wp-json\/wp\/v2\/pages\/5614\/revisions"}],"predecessor-version":[{"id":44308,"href":"https:\/\/metropoliagzm.pl\/de\/wp-json\/wp\/v2\/pages\/5614\/revisions\/44308"}],"wp:attachment":[{"href":"https:\/\/metropoliagzm.pl\/de\/wp-json\/wp\/v2\/media?parent=5614"}],"curies":[{"name":"wp","href":"https:\/\/api.w.org\/{rel}","templated":true}]}}