{"id":22697,"date":"2020-06-03T18:21:33","date_gmt":"2020-06-03T16:21:33","guid":{"rendered":"https:\/\/metropoliagzm.pl\/?page_id=22697"},"modified":"2022-02-25T11:12:40","modified_gmt":"2022-02-25T10:12:40","slug":"honorowy-patronat","status":"publish","type":"page","link":"https:\/\/metropoliagzm.pl\/en\/honorowy-patronat\/","title":{"rendered":"Honorary Patronage"},"content":{"rendered":"<div class=\"wpb-content-wrapper\"><div class=\"pdf-block\"><div class=\"pdfprnt-buttons  pdfprnt-new pdfprnt-buttons-page pdfprnt-top-right\"><div class=\"jssocials-share jssocials-share-twitter\"><a target=\"_blank\" href=\"https:\/\/twitter.com\/share?url=https:\/\/metropoliagzm.pl\/en\/wp-json\/wp\/v2\/pages\/22697;text=22697\" class=\"jssocials-share-link\"><i class=\"fa fa-twitter jssocials-share-logo\"><\/i><\/a><\/div><div class=\"jssocials-share jssocials-share-facebook\"><a target=\"_blank\" href=\"https:\/\/facebook.com\/sharer\/sharer.php?u=https:\/\/metropoliagzm.pl\/en\/wp-json\/wp\/v2\/pages\/22697\" class=\"jssocials-share-link\"><i class=\"fa fa-facebook jssocials-share-logo\"><\/i><\/a><\/div><div class=\"jssocials-share jssocials-share-pinterest\"><a target=\"_blank\" href=\"https:\/\/pinterest.com\/pin\/create\/bookmarklet\/?&amp;url=https:\/\/metropoliagzm.pl\/en\/wp-json\/wp\/v2\/pages\/22697;description=22697\" class=\"jssocials-share-link\"><i class=\"fa fa-pinterest jssocials-share-logo\"><\/i><\/a><\/div><a href=\"https:\/\/metropoliagzm.pl\/en\/wp-json\/wp\/v2\/pages\/22697?print=pdf\" class=\"pdfprnt-button pdfprnt-button-pdf\" target=\"_blank\"><img decoding=\"async\" src=\"https:\/\/metropoliagzm.pl\/wp-content\/plugins\/pdf-print\/images\/pdf.png\" alt=\"image_pdf\" title=\"View PDF\" \/><\/a><a href=\"https:\/\/metropoliagzm.pl\/en\/wp-json\/wp\/v2\/pages\/22697?print=print\" class=\"pdfprnt-button pdfprnt-button-print\" target=\"_blank\"><img decoding=\"async\" src=\"https:\/\/metropoliagzm.pl\/wp-content\/plugins\/pdf-print\/images\/print.png\" alt=\"image_print\" title=\"Print Content\" \/><\/a><\/div><\/div><div class=\"post-block-pdf\"><div class=\"pdfprnt-buttons pdfprnt-buttons-page pdfprnt-top-right\"><a href=\"https:\/\/metropoliagzm.pl\/en\/wp-json\/wp\/v2\/pages\/22697?print=pdf\" class=\"pdfprnt-button pdfprnt-button-pdf\" target=\"_blank\"><img decoding=\"async\" src=\"https:\/\/metropoliagzm.pl\/wp-content\/plugins\/pdf-print\/images\/pdf.png\" alt=\"image_pdf\" title=\"View PDF\" \/><\/a><a href=\"https:\/\/metropoliagzm.pl\/en\/wp-json\/wp\/v2\/pages\/22697?print=print\" class=\"pdfprnt-button pdfprnt-button-print\" target=\"_blank\"><img decoding=\"async\" src=\"https:\/\/metropoliagzm.pl\/wp-content\/plugins\/pdf-print\/images\/print.png\" alt=\"image_print\" title=\"Print Content\" \/><\/a><\/div><div class=\"vc_row wpb_row vc_row-fluid\"><div class=\"wpb_column vc_column_container vc_col-sm-8\"><div class=\"vc_column-inner\"><div class=\"wpb_wrapper\">\n\t<div class=\"wpb_text_column wpb_content_element\" >\n\t\t<div class=\"wpb_wrapper\">\n\t\t\t<h3><strong>Honorary Patronage <\/strong><strong>Patronat <\/strong><\/h3>\n<p>&nbsp;<\/p>\n<p>Honorary Patronage of the Chairman of the Management Board of Metropolis GZM is a distinction which emphasises the special nature of the event. The Chairman of the Management Board of Metropolis GZM may also grant an Honorary Patronage to any metropolitan, regional, national or international events. Granting an Honorary Patronage or membership in the Honorary Committee does not mean declaring any financial or organisational support for the event.<\/p>\n<p>&nbsp;<\/p>\n<p><strong>DOWNLOADABLES<\/strong><\/p>\n<ul>\n<li><span style=\"color: #d7006d;\"><em><a style=\"color: #d7006d;\" href=\"https:\/\/metropoliagzm.pl\/wp-content\/uploads\/2019\/05\/Zarzadzenie_12_2018.pdf\" target=\"_blank\" rel=\"noopener noreferrer\">Rules and Regulations of Granting Honorary Patronage<\/a><\/em><\/span><\/li>\n<li><a href=\"https:\/\/metropoliagzm.pl\/wp-content\/uploads\/2022\/02\/WNIOSEK-O-OBJECIE-HONOROWYM-PATRONATEM.rtf\" target=\"_blank\" rel=\"noopener noreferrer\"><em><span style=\"color: #d7006d;\">Request for Honorary Patronage<\/span><\/em><\/a><\/li>\n<\/ul>\n<p>&nbsp;<\/p>\n<p><strong>NOTE<\/strong><br \/>\nThe request and appendices thereto should be submitted <strong>not later than two months<\/strong> before the scheduled date of event.<\/p>\n<p>Please send your request and appendices thereto to the following address:<\/p>\n<p style=\"padding-left: 40px;\"><strong><em>Urz\u0105d Metropolitalny G\u00f3rno\u015bl\u0105sko-Zag\u0142\u0119biowskiej Metropolii<\/em><\/strong><br \/>\n<strong><em>Departament Zarz\u0105du i Zgromadzenia Metropolii\u00a0<\/em><\/strong><br \/>\n<strong><em>ul. Barbary 21A, 40-053 Katowice<\/em><\/strong><\/p>\n<p>or deliver it in person to the Chief Office with a note on the envelope \u201cPatronat Honorowy\u201d [Honorary Patronage].<\/p>\n\n\t\t<\/div>\n\t<\/div>\n<\/div><\/div><\/div><div class=\"wpb_column vc_column_container vc_col-sm-4\"><div class=\"vc_column-inner\"><div class=\"wpb_wrapper\">\n\t<div class=\"wpb_text_column wpb_content_element\" >\n\t\t<div class=\"wpb_wrapper\">\n\t\t\t<h3><strong>Related<\/strong><\/h3>\n<p>&nbsp;<\/p>\n<p><strong>Logo Book \/ Metropolis Logo<br \/>\n<\/strong><\/p>\n<ul>\n<li><em>Metropolis Logo Bookmark<br \/>\n<\/em><\/li>\n<li><span style=\"color: #d7006d;\"><em><a style=\"color: #d7006d;\" href=\"https:\/\/metropoliagzm.pl\/wp-content\/uploads\/2020\/02\/GZM-MANUAL-1-32str.pdf\" target=\"_blank\" rel=\"noopener noreferrer\">Logo Book of Metropolis GZM<\/a><\/em><\/span><\/li>\n<\/ul>\n<p><strong>Information boards for projects<\/strong><\/p>\n<ul>\n<li>Information boards for the Metropolitan Solidarity Fund projects\n<ul>\n<li><em><span style=\"color: #d7006d;\"><a style=\"color: #d7006d;\" href=\"https:\/\/metropoliagzm.pl\/wp-content\/uploads\/2020\/06\/01-Wytyczne-Instrukcja-dotycz\u0105ce-przygotowania-tablic-informacyjnych-Metropolitalnego-Funduszu-Solidarno\u015bciowego.pdf\" target=\"_blank\" rel=\"noopener noreferrer\">Manual<\/a><\/span><\/em><\/li>\n<li><a href=\"https:\/\/metropoliagzm.pl\/wp-content\/uploads\/2020\/06\/plik_pusty_Metropolitalny_Fundusz_Solidarnosci-do-edycji-w-programach-graficznych.pdf\" target=\"_blank\" rel=\"noopener noreferrer\"><em><span style=\"color: #d7006d;\">Files to be filled in<\/span><\/em><\/a><\/li>\n<\/ul>\n<\/li>\n<li>Information boards for the Action Programme aimed at Reducing Low-Stack Emissions projects\n<ul>\n<li><span style=\"color: #d7006d;\"><em><a style=\"color: #d7006d;\" href=\"https:\/\/metropoliagzm.pl\/wp-content\/uploads\/2020\/06\/01-Wytyczne-Instrukcja-dotycz\u0105ce-przygotowania-tablic-informacyjnych-Program-Dzia\u0142a\u0144-na-Rzecz-Ograniczenia-Niskiej-Emisji.pdf\" target=\"_blank\" rel=\"noopener noreferrer\">Manual<\/a><\/em><\/span><\/li>\n<li><a href=\"https:\/\/metropoliagzm.pl\/wp-content\/uploads\/2020\/06\/plik_pusty_program_dzialan_na_rzecz_ograniczenia_niskiej_emisjido-edycji-w-programach-graficznych.pdf\" target=\"_blank\" rel=\"noopener noreferrer\"><em><span style=\"color: #d7006d;\">Files to be filled in<\/span><\/em><\/a><\/li>\n<\/ul>\n<\/li>\n<\/ul>\n\n\t\t<\/div>\n\t<\/div>\n<\/div><\/div><\/div><\/div><div class=\"wpb_column vc_column_container vc_col-sm-12\"><div class=\"vc_column-inner\"><div class=\"wpb_wrapper\"><\/div><\/div><\/div>\n<div class=\"post-author\" style=\"font-size:13px\">j.s.<\/div><\/div><\/div>","protected":false},"excerpt":{"rendered":"<p>j.s.<\/p>","protected":false},"author":157,"featured_media":0,"parent":0,"menu_order":0,"comment_status":"closed","ping_status":"closed","template":"","meta":{"_acf_changed":false,"footnotes":""},"class_list":["post-22697","page","type-page","status-publish","hentry"],"acf":[],"yoast_head":"<!-- This site is optimized with the Yoast SEO plugin v27.3 - https:\/\/yoast.com\/product\/yoast-seo-wordpress\/ -->\n<title>Honorowy Patronat - Metropolia GZM<\/title>\n<meta name=\"robots\" content=\"index, follow, max-snippet:-1, max-image-preview:large, max-video-preview:-1\" \/>\n<link rel=\"canonical\" href=\"https:\/\/metropoliagzm.pl\/en\/honorowy-patronat\/\" \/>\n<meta name=\"twitter:card\" content=\"summary_large_image\" \/>\n<meta name=\"twitter:title\" content=\"Honorowy Patronat - Metropolia GZM\" \/>\n<meta name=\"twitter:description\" content=\"j.s.\" \/>\n<meta name=\"twitter:label1\" content=\"Estimated reading time\" \/>\n\t<meta name=\"twitter:data1\" content=\"1 minute\" \/>\n<script type=\"application\/ld+json\" class=\"yoast-schema-graph\">{\"@context\":\"https:\\\/\\\/schema.org\",\"@graph\":[{\"@type\":\"WebPage\",\"@id\":\"https:\\\/\\\/metropoliagzm.pl\\\/honorowy-patronat\\\/\",\"url\":\"https:\\\/\\\/metropoliagzm.pl\\\/honorowy-patronat\\\/\",\"name\":\"Honorowy Patronat - Metropolia GZM\",\"isPartOf\":{\"@id\":\"https:\\\/\\\/metropoliagzm.pl\\\/en\\\/#website\"},\"datePublished\":\"2020-06-03T16:21:33+00:00\",\"dateModified\":\"2022-02-25T10:12:40+00:00\",\"breadcrumb\":{\"@id\":\"https:\\\/\\\/metropoliagzm.pl\\\/honorowy-patronat\\\/#breadcrumb\"},\"inLanguage\":\"en-GB\",\"potentialAction\":[{\"@type\":\"ReadAction\",\"target\":[\"https:\\\/\\\/metropoliagzm.pl\\\/honorowy-patronat\\\/\"]}]},{\"@type\":\"BreadcrumbList\",\"@id\":\"https:\\\/\\\/metropoliagzm.pl\\\/honorowy-patronat\\\/#breadcrumb\",\"itemListElement\":[{\"@type\":\"ListItem\",\"position\":1,\"name\":\"Strona g\u0142\u00f3wna\",\"item\":\"https:\\\/\\\/metropoliagzm.pl\\\/\"},{\"@type\":\"ListItem\",\"position\":2,\"name\":\"Honorowy Patronat\"}]},{\"@type\":\"WebSite\",\"@id\":\"https:\\\/\\\/metropoliagzm.pl\\\/en\\\/#website\",\"url\":\"https:\\\/\\\/metropoliagzm.pl\\\/en\\\/\",\"name\":\"Metropolia GZM\",\"description\":\"Oficjalny portal G\u00f3rno\u015bl\u0105sko-Zag\u0142\u0119biowskiej Metropolii\",\"publisher\":{\"@id\":\"https:\\\/\\\/metropoliagzm.pl\\\/en\\\/#organization\"},\"potentialAction\":[{\"@type\":\"SearchAction\",\"target\":{\"@type\":\"EntryPoint\",\"urlTemplate\":\"https:\\\/\\\/metropoliagzm.pl\\\/en\\\/?s={search_term_string}\"},\"query-input\":{\"@type\":\"PropertyValueSpecification\",\"valueRequired\":true,\"valueName\":\"search_term_string\"}}],\"inLanguage\":\"en-GB\"},{\"@type\":\"Organization\",\"@id\":\"https:\\\/\\\/metropoliagzm.pl\\\/en\\\/#organization\",\"name\":\"Metropolia GZM\",\"url\":\"https:\\\/\\\/metropoliagzm.pl\\\/en\\\/\",\"logo\":{\"@type\":\"ImageObject\",\"inLanguage\":\"en-GB\",\"@id\":\"https:\\\/\\\/metropoliagzm.pl\\\/en\\\/#\\\/schema\\\/logo\\\/image\\\/\",\"url\":\"https:\\\/\\\/metropoliagzm.pl\\\/wp-content\\\/uploads\\\/2019\\\/03\\\/Sygnet-strona-glowna.png\",\"contentUrl\":\"https:\\\/\\\/metropoliagzm.pl\\\/wp-content\\\/uploads\\\/2019\\\/03\\\/Sygnet-strona-glowna.png\",\"width\":36,\"height\":45,\"caption\":\"Metropolia GZM\"},\"image\":{\"@id\":\"https:\\\/\\\/metropoliagzm.pl\\\/en\\\/#\\\/schema\\\/logo\\\/image\\\/\"}}]}<\/script>\n<!-- \/ Yoast SEO plugin. -->","yoast_head_json":{"title":"Honorowy Patronat - Metropolia GZM","robots":{"index":"index","follow":"follow","max-snippet":"max-snippet:-1","max-image-preview":"max-image-preview:large","max-video-preview":"max-video-preview:-1"},"canonical":"https:\/\/metropoliagzm.pl\/en\/honorowy-patronat\/","twitter_card":"summary_large_image","twitter_title":"Honorowy Patronat - Metropolia GZM","twitter_description":"j.s.","twitter_misc":{"Estimated reading time":"1 minute"},"schema":{"@context":"https:\/\/schema.org","@graph":[{"@type":"WebPage","@id":"https:\/\/metropoliagzm.pl\/honorowy-patronat\/","url":"https:\/\/metropoliagzm.pl\/honorowy-patronat\/","name":"Honorowy Patronat - Metropolia GZM","isPartOf":{"@id":"https:\/\/metropoliagzm.pl\/en\/#website"},"datePublished":"2020-06-03T16:21:33+00:00","dateModified":"2022-02-25T10:12:40+00:00","breadcrumb":{"@id":"https:\/\/metropoliagzm.pl\/honorowy-patronat\/#breadcrumb"},"inLanguage":"en-GB","potentialAction":[{"@type":"ReadAction","target":["https:\/\/metropoliagzm.pl\/honorowy-patronat\/"]}]},{"@type":"BreadcrumbList","@id":"https:\/\/metropoliagzm.pl\/honorowy-patronat\/#breadcrumb","itemListElement":[{"@type":"ListItem","position":1,"name":"Strona g\u0142\u00f3wna","item":"https:\/\/metropoliagzm.pl\/"},{"@type":"ListItem","position":2,"name":"Honorowy Patronat"}]},{"@type":"WebSite","@id":"https:\/\/metropoliagzm.pl\/en\/#website","url":"https:\/\/metropoliagzm.pl\/en\/","name":"Metropolia GZM","description":"Oficjalny portal G\u00f3rno\u015bl\u0105sko-Zag\u0142\u0119biowskiej Metropolii","publisher":{"@id":"https:\/\/metropoliagzm.pl\/en\/#organization"},"potentialAction":[{"@type":"SearchAction","target":{"@type":"EntryPoint","urlTemplate":"https:\/\/metropoliagzm.pl\/en\/?s={search_term_string}"},"query-input":{"@type":"PropertyValueSpecification","valueRequired":true,"valueName":"search_term_string"}}],"inLanguage":"en-GB"},{"@type":"Organization","@id":"https:\/\/metropoliagzm.pl\/en\/#organization","name":"Metropolia GZM","url":"https:\/\/metropoliagzm.pl\/en\/","logo":{"@type":"ImageObject","inLanguage":"en-GB","@id":"https:\/\/metropoliagzm.pl\/en\/#\/schema\/logo\/image\/","url":"https:\/\/metropoliagzm.pl\/wp-content\/uploads\/2019\/03\/Sygnet-strona-glowna.png","contentUrl":"https:\/\/metropoliagzm.pl\/wp-content\/uploads\/2019\/03\/Sygnet-strona-glowna.png","width":36,"height":45,"caption":"Metropolia GZM"},"image":{"@id":"https:\/\/metropoliagzm.pl\/en\/#\/schema\/logo\/image\/"}}]}},"_links":{"self":[{"href":"https:\/\/metropoliagzm.pl\/en\/wp-json\/wp\/v2\/pages\/22697","targetHints":{"allow":["GET"]}}],"collection":[{"href":"https:\/\/metropoliagzm.pl\/en\/wp-json\/wp\/v2\/pages"}],"about":[{"href":"https:\/\/metropoliagzm.pl\/en\/wp-json\/wp\/v2\/types\/page"}],"author":[{"embeddable":true,"href":"https:\/\/metropoliagzm.pl\/en\/wp-json\/wp\/v2\/users\/157"}],"replies":[{"embeddable":true,"href":"https:\/\/metropoliagzm.pl\/en\/wp-json\/wp\/v2\/comments?post=22697"}],"version-history":[{"count":13,"href":"https:\/\/metropoliagzm.pl\/en\/wp-json\/wp\/v2\/pages\/22697\/revisions"}],"predecessor-version":[{"id":39246,"href":"https:\/\/metropoliagzm.pl\/en\/wp-json\/wp\/v2\/pages\/22697\/revisions\/39246"}],"wp:attachment":[{"href":"https:\/\/metropoliagzm.pl\/en\/wp-json\/wp\/v2\/media?parent=22697"}],"curies":[{"name":"wp","href":"https:\/\/api.w.org\/{rel}","templated":true}]}}