{"id":2853,"date":"2019-04-15T12:50:44","date_gmt":"2019-04-15T10:50:44","guid":{"rendered":"https:\/\/wpgzm.dev.euvic.pl\/?page_id=2853"},"modified":"2021-03-15T14:32:37","modified_gmt":"2021-03-15T13:32:37","slug":"droga-do-metropolii","status":"publish","type":"page","link":"https:\/\/metropoliagzm.pl\/en\/droga-do-metropolii\/","title":{"rendered":"Road to Metropolis"},"content":{"rendered":"<div class=\"wpb-content-wrapper\"><div class=\"pdf-block\"><div class=\"pdfprnt-buttons  pdfprnt-new pdfprnt-buttons-page pdfprnt-top-right\"><div class=\"jssocials-share jssocials-share-twitter\"><a target=\"_blank\" href=\"https:\/\/twitter.com\/share?url=https:\/\/metropoliagzm.pl\/en\/wp-json\/wp\/v2\/pages\/2853;text=2853\" class=\"jssocials-share-link\"><i class=\"fa fa-twitter jssocials-share-logo\"><\/i><\/a><\/div><div class=\"jssocials-share jssocials-share-facebook\"><a target=\"_blank\" href=\"https:\/\/facebook.com\/sharer\/sharer.php?u=https:\/\/metropoliagzm.pl\/en\/wp-json\/wp\/v2\/pages\/2853\" class=\"jssocials-share-link\"><i class=\"fa fa-facebook jssocials-share-logo\"><\/i><\/a><\/div><div class=\"jssocials-share jssocials-share-pinterest\"><a target=\"_blank\" href=\"https:\/\/pinterest.com\/pin\/create\/bookmarklet\/?&amp;url=https:\/\/metropoliagzm.pl\/en\/wp-json\/wp\/v2\/pages\/2853;description=2853\" class=\"jssocials-share-link\"><i class=\"fa fa-pinterest jssocials-share-logo\"><\/i><\/a><\/div><a href=\"https:\/\/metropoliagzm.pl\/en\/wp-json\/wp\/v2\/pages\/2853?print=pdf\" class=\"pdfprnt-button pdfprnt-button-pdf\" target=\"_blank\"><img decoding=\"async\" src=\"https:\/\/metropoliagzm.pl\/wp-content\/plugins\/pdf-print\/images\/pdf.png\" alt=\"image_pdf\" title=\"View PDF\" \/><\/a><a href=\"https:\/\/metropoliagzm.pl\/en\/wp-json\/wp\/v2\/pages\/2853?print=print\" class=\"pdfprnt-button pdfprnt-button-print\" target=\"_blank\"><img decoding=\"async\" src=\"https:\/\/metropoliagzm.pl\/wp-content\/plugins\/pdf-print\/images\/print.png\" alt=\"image_print\" title=\"Print Content\" \/><\/a><\/div><\/div><div class=\"post-block-pdf\"><div class=\"pdfprnt-buttons pdfprnt-buttons-page pdfprnt-top-right\"><a href=\"https:\/\/metropoliagzm.pl\/en\/wp-json\/wp\/v2\/pages\/2853?print=pdf\" class=\"pdfprnt-button pdfprnt-button-pdf\" target=\"_blank\"><img decoding=\"async\" src=\"https:\/\/metropoliagzm.pl\/wp-content\/plugins\/pdf-print\/images\/pdf.png\" alt=\"image_pdf\" title=\"View PDF\" \/><\/a><a href=\"https:\/\/metropoliagzm.pl\/en\/wp-json\/wp\/v2\/pages\/2853?print=print\" class=\"pdfprnt-button pdfprnt-button-print\" target=\"_blank\"><img decoding=\"async\" src=\"https:\/\/metropoliagzm.pl\/wp-content\/plugins\/pdf-print\/images\/print.png\" alt=\"image_print\" title=\"Print Content\" \/><\/a><\/div><div class=\"vc_row wpb_row vc_row-fluid\"><div class=\"wpb_column vc_column_container vc_col-sm-12\"><div class=\"vc_column-inner vc_custom_1557490999915\"><div class=\"wpb_wrapper\">\n\t<div  class=\"wpb_single_image wpb_content_element vc_align_left wpb_content_element\">\n\t\t\n\t\t<figure class=\"wpb_wrapper vc_figure\">\n\t\t\t<div class=\"vc_single_image-wrapper   vc_box_border_grey\"><img loading=\"lazy\" decoding=\"async\" width=\"1200\" height=\"340\" src=\"https:\/\/metropoliagzm.pl\/wp-content\/uploads\/2019\/09\/1200x340-Zakladki-menu-glownego_1_-droga-do-metropolii.png\" class=\"vc_single_image-img attachment-full\" alt=\"\" title=\"1200x340 Zakladki menu glownego_1_ droga do metropolii\" srcset=\"https:\/\/metropoliagzm.pl\/wp-content\/uploads\/2019\/09\/1200x340-Zakladki-menu-glownego_1_-droga-do-metropolii.png 1200w, https:\/\/metropoliagzm.pl\/wp-content\/uploads\/2019\/09\/1200x340-Zakladki-menu-glownego_1_-droga-do-metropolii-300x85.png 300w, https:\/\/metropoliagzm.pl\/wp-content\/uploads\/2019\/09\/1200x340-Zakladki-menu-glownego_1_-droga-do-metropolii-768x218.png 768w, https:\/\/metropoliagzm.pl\/wp-content\/uploads\/2019\/09\/1200x340-Zakladki-menu-glownego_1_-droga-do-metropolii-1024x290.png 1024w, https:\/\/metropoliagzm.pl\/wp-content\/uploads\/2019\/09\/1200x340-Zakladki-menu-glownego_1_-droga-do-metropolii-585x166.png 585w\" sizes=\"auto, (max-width: 1200px) 100vw, 1200px\" \/><\/div>\n\t\t<\/figure>\n\t<\/div>\n<\/div><\/div><\/div><\/div><div class=\"vc_row wpb_row vc_row-fluid\"><div class=\"wpb_column vc_column_container vc_col-sm-12\"><div class=\"vc_column-inner\"><div class=\"wpb_wrapper\">\n\t<div class=\"wpb_text_column wpb_content_element static-no-sidebar\" >\n\t\t<div class=\"wpb_wrapper\">\n\t\t\t<h1><strong>Road to Metropolis<\/strong><\/h1>\n<p><strong>Efforts to create a metropolis in the center of the Silesian Province were being made for almost 20 years. Throughout this time, local government officials have repeatedly proven that they wanted to work together. They were aware that one \u2013 even the largest and richest, but functioning independently \u2013 city would not be as strong and would not have as much to offer as a synergy of the potential of many cities. Metropolis GZM is Poland\u2019s first statutory metropolis. <\/strong><\/p>\n<p>The inhabitants of Upper Silesia and the D\u0105browa Basin have long felt that they function in one coherent urban organism and the borders between the cities have been purely conventional. The creation of a metropolis in the center of the Silesian Province has been something natural for years.<\/p>\n<p>The efforts have been made since the beginning of the local government reform of the 1990s. The creation of the Metropolitan Association of Upper Silesia in 2006 was an important step. It included 14 largest cities of the Silesian conurbation. The association\u2019s activities laid the foundations for further work on building a strong metropolitan center.<\/p>\n<p>The draft of the act on the metropolitan association in the Silesian Province was submitted to the Sejm on 10 January 2017. Voting in both houses of parliament took place in March 2017: on 9 March in the Sejm, and a week later in the Senate.<\/p>\n<p>The historical and long-awaited moment took place on 4 April 2017. It was then that the act establishing the metropolis in the Silesian Province was signed by the President of the Republic of Poland in Katowice.<\/p>\n<p>On 29 June 2017, the Council of Ministers issued the regulation regarding the creation of the metropolitan association under the name \u201cG\u00f3rno\u015bl\u0105sko-Zag\u0142\u0119biowska Metropolia\u201d. The Metropolis was established two days later \u2013 on 1 July 2017. The first Assembly was held on 29 August 2017, while the Metropolitan Management Board was elected on 12 September 2017. GZM structures were built over the next few months. On 1 January 2018, the Metropolis began implementing statutory tasks.<\/p>\n\n\t\t<\/div>\n\t<\/div>\n<\/div><\/div><\/div><\/div>\n<div class=\"post-author\" style=\"font-size:13px\">admin tresc<\/div><\/div><\/div>","protected":false},"excerpt":{"rendered":"<p>admin tresc<\/p>","protected":false},"author":161,"featured_media":0,"parent":0,"menu_order":0,"comment_status":"closed","ping_status":"closed","template":"","meta":{"_acf_changed":false,"footnotes":""},"class_list":["post-2853","page","type-page","status-publish","hentry"],"acf":[],"yoast_head":"<!-- This site is optimized with the Yoast SEO plugin v27.3 - https:\/\/yoast.com\/product\/yoast-seo-wordpress\/ -->\n<title>Droga do metropolii - Metropolia GZM<\/title>\n<meta name=\"robots\" content=\"index, follow, max-snippet:-1, max-image-preview:large, max-video-preview:-1\" \/>\n<link rel=\"canonical\" href=\"https:\/\/metropoliagzm.pl\/en\/droga-do-metropolii\/\" \/>\n<meta name=\"twitter:card\" content=\"summary_large_image\" \/>\n<meta name=\"twitter:title\" content=\"Droga do metropolii - Metropolia GZM\" \/>\n<meta name=\"twitter:description\" content=\"admin tresc\" \/>\n<meta name=\"twitter:label1\" content=\"Estimated reading time\" \/>\n\t<meta name=\"twitter:data1\" content=\"2 minutes\" \/>\n<script type=\"application\/ld+json\" class=\"yoast-schema-graph\">{\"@context\":\"https:\\\/\\\/schema.org\",\"@graph\":[{\"@type\":\"WebPage\",\"@id\":\"https:\\\/\\\/metropoliagzm.pl\\\/de\\\/droga-do-metropolii\\\/\",\"url\":\"https:\\\/\\\/metropoliagzm.pl\\\/de\\\/droga-do-metropolii\\\/\",\"name\":\"Droga do metropolii - Metropolia GZM\",\"isPartOf\":{\"@id\":\"https:\\\/\\\/metropoliagzm.pl\\\/en\\\/#website\"},\"datePublished\":\"2019-04-15T10:50:44+00:00\",\"dateModified\":\"2021-03-15T13:32:37+00:00\",\"breadcrumb\":{\"@id\":\"https:\\\/\\\/metropoliagzm.pl\\\/de\\\/droga-do-metropolii\\\/#breadcrumb\"},\"inLanguage\":\"en-GB\",\"potentialAction\":[{\"@type\":\"ReadAction\",\"target\":[\"https:\\\/\\\/metropoliagzm.pl\\\/de\\\/droga-do-metropolii\\\/\"]}]},{\"@type\":\"BreadcrumbList\",\"@id\":\"https:\\\/\\\/metropoliagzm.pl\\\/de\\\/droga-do-metropolii\\\/#breadcrumb\",\"itemListElement\":[{\"@type\":\"ListItem\",\"position\":1,\"name\":\"Strona g\u0142\u00f3wna\",\"item\":\"https:\\\/\\\/metropoliagzm.pl\\\/\"},{\"@type\":\"ListItem\",\"position\":2,\"name\":\"Droga do metropolii\"}]},{\"@type\":\"WebSite\",\"@id\":\"https:\\\/\\\/metropoliagzm.pl\\\/en\\\/#website\",\"url\":\"https:\\\/\\\/metropoliagzm.pl\\\/en\\\/\",\"name\":\"Metropolia GZM\",\"description\":\"Oficjalny portal G\u00f3rno\u015bl\u0105sko-Zag\u0142\u0119biowskiej Metropolii\",\"publisher\":{\"@id\":\"https:\\\/\\\/metropoliagzm.pl\\\/en\\\/#organization\"},\"potentialAction\":[{\"@type\":\"SearchAction\",\"target\":{\"@type\":\"EntryPoint\",\"urlTemplate\":\"https:\\\/\\\/metropoliagzm.pl\\\/en\\\/?s={search_term_string}\"},\"query-input\":{\"@type\":\"PropertyValueSpecification\",\"valueRequired\":true,\"valueName\":\"search_term_string\"}}],\"inLanguage\":\"en-GB\"},{\"@type\":\"Organization\",\"@id\":\"https:\\\/\\\/metropoliagzm.pl\\\/en\\\/#organization\",\"name\":\"Metropolia GZM\",\"url\":\"https:\\\/\\\/metropoliagzm.pl\\\/en\\\/\",\"logo\":{\"@type\":\"ImageObject\",\"inLanguage\":\"en-GB\",\"@id\":\"https:\\\/\\\/metropoliagzm.pl\\\/en\\\/#\\\/schema\\\/logo\\\/image\\\/\",\"url\":\"https:\\\/\\\/metropoliagzm.pl\\\/wp-content\\\/uploads\\\/2019\\\/03\\\/Sygnet-strona-glowna.png\",\"contentUrl\":\"https:\\\/\\\/metropoliagzm.pl\\\/wp-content\\\/uploads\\\/2019\\\/03\\\/Sygnet-strona-glowna.png\",\"width\":36,\"height\":45,\"caption\":\"Metropolia GZM\"},\"image\":{\"@id\":\"https:\\\/\\\/metropoliagzm.pl\\\/en\\\/#\\\/schema\\\/logo\\\/image\\\/\"}}]}<\/script>\n<!-- \/ Yoast SEO plugin. -->","yoast_head_json":{"title":"Droga do metropolii - Metropolia GZM","robots":{"index":"index","follow":"follow","max-snippet":"max-snippet:-1","max-image-preview":"max-image-preview:large","max-video-preview":"max-video-preview:-1"},"canonical":"https:\/\/metropoliagzm.pl\/en\/droga-do-metropolii\/","twitter_card":"summary_large_image","twitter_title":"Droga do metropolii - Metropolia GZM","twitter_description":"admin tresc","twitter_misc":{"Estimated reading time":"2 minutes"},"schema":{"@context":"https:\/\/schema.org","@graph":[{"@type":"WebPage","@id":"https:\/\/metropoliagzm.pl\/de\/droga-do-metropolii\/","url":"https:\/\/metropoliagzm.pl\/de\/droga-do-metropolii\/","name":"Droga do metropolii - Metropolia GZM","isPartOf":{"@id":"https:\/\/metropoliagzm.pl\/en\/#website"},"datePublished":"2019-04-15T10:50:44+00:00","dateModified":"2021-03-15T13:32:37+00:00","breadcrumb":{"@id":"https:\/\/metropoliagzm.pl\/de\/droga-do-metropolii\/#breadcrumb"},"inLanguage":"en-GB","potentialAction":[{"@type":"ReadAction","target":["https:\/\/metropoliagzm.pl\/de\/droga-do-metropolii\/"]}]},{"@type":"BreadcrumbList","@id":"https:\/\/metropoliagzm.pl\/de\/droga-do-metropolii\/#breadcrumb","itemListElement":[{"@type":"ListItem","position":1,"name":"Strona g\u0142\u00f3wna","item":"https:\/\/metropoliagzm.pl\/"},{"@type":"ListItem","position":2,"name":"Droga do metropolii"}]},{"@type":"WebSite","@id":"https:\/\/metropoliagzm.pl\/en\/#website","url":"https:\/\/metropoliagzm.pl\/en\/","name":"Metropolia GZM","description":"Oficjalny portal G\u00f3rno\u015bl\u0105sko-Zag\u0142\u0119biowskiej Metropolii","publisher":{"@id":"https:\/\/metropoliagzm.pl\/en\/#organization"},"potentialAction":[{"@type":"SearchAction","target":{"@type":"EntryPoint","urlTemplate":"https:\/\/metropoliagzm.pl\/en\/?s={search_term_string}"},"query-input":{"@type":"PropertyValueSpecification","valueRequired":true,"valueName":"search_term_string"}}],"inLanguage":"en-GB"},{"@type":"Organization","@id":"https:\/\/metropoliagzm.pl\/en\/#organization","name":"Metropolia GZM","url":"https:\/\/metropoliagzm.pl\/en\/","logo":{"@type":"ImageObject","inLanguage":"en-GB","@id":"https:\/\/metropoliagzm.pl\/en\/#\/schema\/logo\/image\/","url":"https:\/\/metropoliagzm.pl\/wp-content\/uploads\/2019\/03\/Sygnet-strona-glowna.png","contentUrl":"https:\/\/metropoliagzm.pl\/wp-content\/uploads\/2019\/03\/Sygnet-strona-glowna.png","width":36,"height":45,"caption":"Metropolia GZM"},"image":{"@id":"https:\/\/metropoliagzm.pl\/en\/#\/schema\/logo\/image\/"}}]}},"_links":{"self":[{"href":"https:\/\/metropoliagzm.pl\/en\/wp-json\/wp\/v2\/pages\/2853","targetHints":{"allow":["GET"]}}],"collection":[{"href":"https:\/\/metropoliagzm.pl\/en\/wp-json\/wp\/v2\/pages"}],"about":[{"href":"https:\/\/metropoliagzm.pl\/en\/wp-json\/wp\/v2\/types\/page"}],"author":[{"embeddable":true,"href":"https:\/\/metropoliagzm.pl\/en\/wp-json\/wp\/v2\/users\/161"}],"replies":[{"embeddable":true,"href":"https:\/\/metropoliagzm.pl\/en\/wp-json\/wp\/v2\/comments?post=2853"}],"version-history":[{"count":26,"href":"https:\/\/metropoliagzm.pl\/en\/wp-json\/wp\/v2\/pages\/2853\/revisions"}],"predecessor-version":[{"id":38051,"href":"https:\/\/metropoliagzm.pl\/en\/wp-json\/wp\/v2\/pages\/2853\/revisions\/38051"}],"wp:attachment":[{"href":"https:\/\/metropoliagzm.pl\/en\/wp-json\/wp\/v2\/media?parent=2853"}],"curies":[{"name":"wp","href":"https:\/\/api.w.org\/{rel}","templated":true}]}}