{"id":3099,"date":"2019-04-23T18:33:10","date_gmt":"2019-04-23T16:33:10","guid":{"rendered":"https:\/\/wpgzm.dev.euvic.pl\/?page_id=3099"},"modified":"2019-04-23T18:33:10","modified_gmt":"2019-04-23T16:33:10","slug":"o-metropolii","status":"publish","type":"page","link":"https:\/\/metropoliagzm.pl\/en\/o-metropolii\/","title":{"rendered":"O metropolii"},"content":{"rendered":"<div class=\"pdf-block\"><div class=\"pdfprnt-buttons  pdfprnt-new pdfprnt-buttons-page pdfprnt-top-right\"><div class=\"jssocials-share jssocials-share-twitter\"><a target=\"_blank\" href=\"https:\/\/twitter.com\/share?url=https:\/\/metropoliagzm.pl\/en\/wp-json\/wp\/v2\/pages\/3099;text=3099\" class=\"jssocials-share-link\"><i class=\"fa fa-twitter jssocials-share-logo\"><\/i><\/a><\/div><div class=\"jssocials-share jssocials-share-facebook\"><a target=\"_blank\" href=\"https:\/\/facebook.com\/sharer\/sharer.php?u=https:\/\/metropoliagzm.pl\/en\/wp-json\/wp\/v2\/pages\/3099\" class=\"jssocials-share-link\"><i class=\"fa fa-facebook jssocials-share-logo\"><\/i><\/a><\/div><div class=\"jssocials-share jssocials-share-pinterest\"><a target=\"_blank\" href=\"https:\/\/pinterest.com\/pin\/create\/bookmarklet\/?&amp;url=https:\/\/metropoliagzm.pl\/en\/wp-json\/wp\/v2\/pages\/3099;description=3099\" class=\"jssocials-share-link\"><i class=\"fa fa-pinterest jssocials-share-logo\"><\/i><\/a><\/div><a href=\"https:\/\/metropoliagzm.pl\/en\/wp-json\/wp\/v2\/pages\/3099?print=pdf\" class=\"pdfprnt-button pdfprnt-button-pdf\" target=\"_blank\"><img decoding=\"async\" src=\"https:\/\/metropoliagzm.pl\/wp-content\/plugins\/pdf-print\/images\/pdf.png\" alt=\"image_pdf\" title=\"View PDF\" \/><\/a><a href=\"https:\/\/metropoliagzm.pl\/en\/wp-json\/wp\/v2\/pages\/3099?print=print\" class=\"pdfprnt-button pdfprnt-button-print\" target=\"_blank\"><img decoding=\"async\" src=\"https:\/\/metropoliagzm.pl\/wp-content\/plugins\/pdf-print\/images\/print.png\" alt=\"image_print\" title=\"Print Content\" \/><\/a><\/div><\/div><div class=\"post-block-pdf\"><div class=\"pdfprnt-buttons pdfprnt-buttons-page pdfprnt-top-right\"><a href=\"https:\/\/metropoliagzm.pl\/en\/wp-json\/wp\/v2\/pages\/3099?print=pdf\" class=\"pdfprnt-button pdfprnt-button-pdf\" target=\"_blank\"><img decoding=\"async\" src=\"https:\/\/metropoliagzm.pl\/wp-content\/plugins\/pdf-print\/images\/pdf.png\" alt=\"image_pdf\" title=\"View PDF\" \/><\/a><a href=\"https:\/\/metropoliagzm.pl\/en\/wp-json\/wp\/v2\/pages\/3099?print=print\" class=\"pdfprnt-button pdfprnt-button-print\" target=\"_blank\"><img decoding=\"async\" src=\"https:\/\/metropoliagzm.pl\/wp-content\/plugins\/pdf-print\/images\/print.png\" alt=\"image_print\" title=\"Print Content\" \/><\/a><\/div>\n<p><strong>41 miast i gmin o \u0142\u0105cznej powierzchni 2,5 tys. km kw., w kt\u00f3rych\nmieszka 2,3 mln mieszka\u0144c\u00f3w, dzia\u0142a 240 tys. firm i przedsi\u0119biorstw, kt\u00f3re\nwytwarzaj\u0105 ok. 8 proc. PKB naszego kraju. To G\u00f3rno\u015bl\u0105sko-Zag\u0142\u0119biowska\nMetropolia \u2013 pierwsza metropolia w Polsce. Realizacj\u0119 ustawowych zada\u0144\nrozpocz\u0119\u0142a 1 stycznia 2018 roku. <\/strong><\/p>\n\n\n\n<p>Mieszka\u0144cy centrum wojew\u00f3dztwa\n\u015bl\u0105skiego od lat mieli poczucie, \u017ce funkcjonuj\u0105 w sp\u00f3jnym organizmie miejskim,\ngdzie granice administracyjne maj\u0105 charakter czysto umowny. Dlatego te\u017c\npowstanie Metropolii w centrum wojew\u00f3dztwa \u015bl\u0105skiego by\u0142o czym\u015b naturalnym. <\/p>\n\n\n\n<p>Najwa\u017cniejszym celem dla nas jest\npodejmowanie dzia\u0142a\u0144 poprawiaj\u0105cych jako\u015b\u0107 i komfort \u017cycia poprzez wprowadzanie\nwsp\u00f3lnych rozwi\u0105za\u0144. Chcemy wykorzystywa\u0107 potencja\u0142 gmin cz\u0142onkowskich,\npobudza\u0107 kreatywno\u015b\u0107 mieszka\u0144c\u00f3w oraz inspirowa\u0107 zmiany, umo\u017cliwiaj\u0105ce\nprzyspieszenie proces\u00f3w gospodarczych i spo\u0142ecznych, prowadz\u0105cych do stworzenia\no\u015brodka wzrostu, mog\u0105cego konkurowa\u0107 z innymi obszarami metropolitalnymi. <\/p>\n\n\n\n<p>Specjalnie dedykowana nam ustawa,\nna mocy kt\u00f3rej Metropolia GZM powsta\u0142a, okre\u015bli\u0142a list\u0119 zada\u0144, do kt\u00f3rych\nrealizacji zostali\u015bmy powo\u0142ani:<\/p>\n\n\n\n<p>TRANSPORT PUBLICZNY: Dobrze\nzorganizowany transport publiczny, to nie tylko wsp\u00f3lny bilet na poci\u0105g,\nautobus i tramwaj; wygodna komunikacja miejska, pozwalaj\u0105ca na sprawne dotarcie\ndo pracy, szko\u0142y, na zakupy czy do kina \u2013 to tak\u017ce rozw\u00f3j infrastruktury\nrowerowej i nowoczesnej kolei. S\u0142owem kluczem jest tutaj zr\u00f3wnowa\u017cona mobilno\u015b\u0107\nmiejska, czyli zapewnienie wielu mo\u017cliwo\u015bci podr\u00f3\u017cowania przy wykorzystaniu\nnajbardziej efektywnych &#8211; w danej sytuacji &#8211; \u015brodk\u00f3w transportu. Potrzeby\nkomunikacyjne mieszka\u0144c\u00f3w zmieniaj\u0105 si\u0119 i musimy za nimi pod\u0105\u017ca\u0107. W naszej\nocenie przysz\u0142o\u015b\u0107 mobilno\u015bci w miastach b\u0119dzie oparta na pojazdach\nelektrycznych, autonomicznych i wsp\u00f3\u0142dzielonych. Nasz\u0105 rol\u0105 jest zapewnienie\nmieszka\u0144com wachlarza komunikacyjnych mo\u017cliwo\u015bci, kt\u00f3re b\u0119d\u0105 dopasowane do\npotrzeb danej chwili i ich osobistych preferencji. <\/p>\n\n\n\n<p>ROZW\u00d3J SPO\u0141ECZNO-GOSPODARCZY:\nDzia\u0142aj\u0105c wsp\u00f3lnie, mamy szans\u0119 stawa\u0107 si\u0119 bardziej skutecznymi. Dzi\u0119ki temu\nmo\u017cemy szybciej si\u0119 rozwija\u0107, staj\u0105c si\u0119 silnym partnerem dla innych, du\u017cych\no\u015brodk\u00f3w miejskich w kraju i za granic\u0105. Chcemy bra\u0107 aktywny udzia\u0142 w procesie\nbudowania gospodarki opartej na wiedzy; koordynowa\u0107 wsp\u00f3\u0142prac\u0119 podmiot\u00f3w, dzia\u0142aj\u0105cych\nna naszym obszarze; inspirowa\u0107 rozw\u00f3j bran\u017c kluczowych. Widzimy tak\u017ce potencja\u0142\nwe wsp\u00f3\u0142pracy na linii biznes-nauka-samorz\u0105d i wsp\u00f3lnych dzia\u0142aniach z\ninstytucjami otoczenia biznesu oraz uczelniami wy\u017cszymi. W\u0142a\u015bnie tak\u0105 wsp\u00f3ln\u0105\naktywno\u015bci\u0105 szukamy efektu synergii, by powi\u0119ksza\u0107 szanse na zainteresowanie inwestor\u00f3w\nofert\u0105 miast i gmin Metropolii oraz poprawia\u0107 jako\u015b\u0107 i komfort \u017cycia\nmieszka\u0144c\u00f3w.&nbsp; <\/p>\n\n\n\n<p>KSZTA\u0141TOWANIE \u0141ADU\nPRZESTRZENNEGO: To dba\u0142o\u015b\u0107 o to, jak wygl\u0105da nasze otoczenie, aby by\u0142o\nuporz\u0105dkowane, jego uk\u0142ad przemy\u015blany, a stosowane rozwi\u0105zania \u2013 dostosowane do\npotrzeb mieszka\u0144c\u00f3w. Naszym celem jest to, aby\nrozwojowi przestrzennemu nada\u0107 charakter metropolitalny, ujednolicony,\nr\u00f3wnomierny i zracjonalizowany. To r\u00f3wnie\u017c wsp\u00f3\u0142praca na rzecz rozwoju\nsystem\u00f3w komunikacyjnych, w tym tras rowerowych. <\/p>\n\n\n\n<p>PROMOCJA: To upowszechnianie w\nkraju i za granic\u0105 wszelkich walor\u00f3w Metropolii. Chcemy zrywa\u0107 \u2013 z nies\u0142usznie\nwci\u0105\u017c funkcjonuj\u0105cymi stereotypami &#8211; i pokazywa\u0107 potencja\u0142 naszego obszaru takim,\njakim jest w rzeczywisto\u015bci. Metropolia GZM to najwi\u0119ksza metropolia w Europie\n\u015arodkowej, o olbrzymim potencjale gospodarczym, spo\u0142ecznym, intelektualnym,\nkomunikacyjnym i kulturalnym. <\/p>\n\n\n\n<p>W sk\u0142ad\nG\u00f3rno\u015bl\u0105sko-Zag\u0142\u0119biowskiej Metropolii wchodzi 41 miast i gmin. To: B\u0119dzin,\nBieru\u0144, Bobrowniki, Bojszowy, Bytom, Che\u0142m \u015al\u0105ski, Chorz\u00f3w, Czelad\u017a, D\u0105browa\nG\u00f3rnicza, Giera\u0142towice, Gliwice, Imielin, Katowice, Knur\u00f3w, Kobi\u00f3r, L\u0119dziny,\n\u0141aziska G\u00f3rne, Mierz\u0119cice, Miko\u0142\u00f3w, Mys\u0142owice, O\u017carowice, Piekary \u015al\u0105skie,\nPilchowice, Psary, Pyskowice, Radzionk\u00f3w, Ruda \u015al\u0105ska, Rudziniec, Siemianowice\n\u015al\u0105skie, Siewierz, S\u0142awk\u00f3w, Sosnowiec, So\u015bnicowice, \u015awierklaniec,\n\u015awi\u0119toch\u0142owice, Tarnowskie G\u00f3ry, Tychy, Wojkowice, Wyry, Zabrze i Zbros\u0142awice. <\/p>\n\n\n\n<p>Stolic\u0105\nG\u00f3rno\u015bl\u0105sko-Zag\u0142\u0119biowskiej Metropolii s\u0105 Katowice. Tam znajduje si\u0119 jej\nsiedziba. <\/p>\n\n\n\n<p>Pomi\u0119dzy najdalej na wsch\u00f3d\nwysuni\u0119tymi lasami Rudzi\u0144ca a \u2013 znajduj\u0105c\u0105 si\u0119 w D\u0105browie G\u00f3rniczej -Pustyni\u0105\nB\u0142\u0119dowsk\u0105 dzieli 81 km. <\/p>\n\n\n\n<p>Najwy\u017cszym naturalnym punktem Metropolii jest wzniesienie, znajduj\u0105ce si\u0119 w gminie Psary. Wysoko\u015b\u0107 G\u00f3ry Gr\u00f3jec\u00a0zbli\u017ca si\u0119 do 400 metr\u00f3w nad poziomem morza. Przy sprzyjaj\u0105cych warunkach mo\u017cna z nich podziwia\u0107 panoram\u0119 oddalonych o kilkadziesi\u0105t kilometr\u00f3w kilku pasm g\u00f3rskich \u2013 Beskid\u00f3w, a nawet Tatr. Najni\u017cej po\u0142o\u017cny<del>m<\/del> punkt znajduje si\u0119 ponad kilometr pod ziemi\u0105 w kopalni Halemba, znajduj\u0105cej si\u0119 w Rudzie \u015al\u0105skiej. <\/p>\n\n\n\n<p>Geograficzne centrum Metropolii\nznajduje si\u0119 w rejonie stadionu Ska\u0142ka w \u015awi\u0119toch\u0142owicach. <\/p>\n\n\n\n<p>Ka\u017cdego dnia na ulice Metropolii\nwyje\u017cd\u017ca ponad tysi\u0105c autobus\u00f3w, tramwaj\u00f3w i trolejbus\u00f3w, kt\u00f3re obs\u0142uguj\u0105\nprawie 7 tys. przystank\u00f3w. W ci\u0105gu roku pokonuj\u0105 ponad 100 mln km. To\npozwoli\u0142oby im okr\u0105\u017cy\u0107 r\u00f3wnik 2500 razy. <\/p>\n<div class=\"post-author\" style=\"font-size:13px\">admin tresc<\/div><\/div>","protected":false},"excerpt":{"rendered":"<p>41 miast i gmin o \u0142\u0105cznej powierzchni 2,5 tys. km kw., w kt\u00f3rych mieszka 2,3 mln mieszka\u0144c\u00f3w, dzia\u0142a 240 tys. firm i przedsi\u0119biorstw, kt\u00f3re wytwarzaj\u0105 ok. 8 proc. PKB naszego kraju. To G\u00f3rno\u015bl\u0105sko-Zag\u0142\u0119biowska Metropolia \u2013 pierwsza metropolia w Polsce. Realizacj\u0119 ustawowych zada\u0144 rozpocz\u0119\u0142a 1 stycznia&#8230;<\/p>","protected":false},"author":161,"featured_media":0,"parent":0,"menu_order":0,"comment_status":"closed","ping_status":"closed","template":"","meta":{"_acf_changed":false,"footnotes":""},"class_list":["post-3099","page","type-page","status-publish","hentry"],"acf":[],"yoast_head":"<!-- This site is optimized with the Yoast SEO plugin v27.3 - https:\/\/yoast.com\/product\/yoast-seo-wordpress\/ -->\n<title>O metropolii - Metropolia GZM<\/title>\n<meta name=\"robots\" content=\"index, follow, max-snippet:-1, max-image-preview:large, max-video-preview:-1\" \/>\n<link rel=\"canonical\" href=\"https:\/\/metropoliagzm.pl\/en\/o-metropolii\/\" \/>\n<meta name=\"twitter:card\" content=\"summary_large_image\" \/>\n<meta name=\"twitter:title\" content=\"O metropolii - Metropolia GZM\" \/>\n<meta name=\"twitter:description\" content=\"41 miast i gmin o \u0142\u0105cznej powierzchni 2,5 tys. km kw., w kt\u00f3rych mieszka 2,3 mln mieszka\u0144c\u00f3w, dzia\u0142a 240 tys. firm i przedsi\u0119biorstw, kt\u00f3re wytwarzaj\u0105 ok. 8 proc. PKB naszego kraju. To G\u00f3rno\u015bl\u0105sko-Zag\u0142\u0119biowska Metropolia \u2013 pierwsza metropolia w Polsce. Realizacj\u0119 ustawowych zada\u0144 rozpocz\u0119\u0142a 1 stycznia...\" \/>\n<meta name=\"twitter:label1\" content=\"Estimated reading time\" \/>\n\t<meta name=\"twitter:data1\" content=\"4 minutes\" \/>\n<script type=\"application\/ld+json\" class=\"yoast-schema-graph\">{\"@context\":\"https:\\\/\\\/schema.org\",\"@graph\":[{\"@type\":\"WebPage\",\"@id\":\"https:\\\/\\\/metropoliagzm.pl\\\/o-metropolii\\\/\",\"url\":\"https:\\\/\\\/metropoliagzm.pl\\\/o-metropolii\\\/\",\"name\":\"O metropolii - Metropolia GZM\",\"isPartOf\":{\"@id\":\"https:\\\/\\\/metropoliagzm.pl\\\/en\\\/#website\"},\"datePublished\":\"2019-04-23T16:33:10+00:00\",\"breadcrumb\":{\"@id\":\"https:\\\/\\\/metropoliagzm.pl\\\/o-metropolii\\\/#breadcrumb\"},\"inLanguage\":\"en-GB\",\"potentialAction\":[{\"@type\":\"ReadAction\",\"target\":[\"https:\\\/\\\/metropoliagzm.pl\\\/o-metropolii\\\/\"]}]},{\"@type\":\"BreadcrumbList\",\"@id\":\"https:\\\/\\\/metropoliagzm.pl\\\/o-metropolii\\\/#breadcrumb\",\"itemListElement\":[{\"@type\":\"ListItem\",\"position\":1,\"name\":\"Strona g\u0142\u00f3wna\",\"item\":\"https:\\\/\\\/metropoliagzm.pl\\\/\"},{\"@type\":\"ListItem\",\"position\":2,\"name\":\"O metropolii\"}]},{\"@type\":\"WebSite\",\"@id\":\"https:\\\/\\\/metropoliagzm.pl\\\/en\\\/#website\",\"url\":\"https:\\\/\\\/metropoliagzm.pl\\\/en\\\/\",\"name\":\"Metropolia GZM\",\"description\":\"Oficjalny portal G\u00f3rno\u015bl\u0105sko-Zag\u0142\u0119biowskiej Metropolii\",\"publisher\":{\"@id\":\"https:\\\/\\\/metropoliagzm.pl\\\/en\\\/#organization\"},\"potentialAction\":[{\"@type\":\"SearchAction\",\"target\":{\"@type\":\"EntryPoint\",\"urlTemplate\":\"https:\\\/\\\/metropoliagzm.pl\\\/en\\\/?s={search_term_string}\"},\"query-input\":{\"@type\":\"PropertyValueSpecification\",\"valueRequired\":true,\"valueName\":\"search_term_string\"}}],\"inLanguage\":\"en-GB\"},{\"@type\":\"Organization\",\"@id\":\"https:\\\/\\\/metropoliagzm.pl\\\/en\\\/#organization\",\"name\":\"Metropolia GZM\",\"url\":\"https:\\\/\\\/metropoliagzm.pl\\\/en\\\/\",\"logo\":{\"@type\":\"ImageObject\",\"inLanguage\":\"en-GB\",\"@id\":\"https:\\\/\\\/metropoliagzm.pl\\\/en\\\/#\\\/schema\\\/logo\\\/image\\\/\",\"url\":\"https:\\\/\\\/metropoliagzm.pl\\\/wp-content\\\/uploads\\\/2019\\\/03\\\/Sygnet-strona-glowna.png\",\"contentUrl\":\"https:\\\/\\\/metropoliagzm.pl\\\/wp-content\\\/uploads\\\/2019\\\/03\\\/Sygnet-strona-glowna.png\",\"width\":36,\"height\":45,\"caption\":\"Metropolia GZM\"},\"image\":{\"@id\":\"https:\\\/\\\/metropoliagzm.pl\\\/en\\\/#\\\/schema\\\/logo\\\/image\\\/\"}}]}<\/script>\n<!-- \/ Yoast SEO plugin. -->","yoast_head_json":{"title":"O metropolii - Metropolia GZM","robots":{"index":"index","follow":"follow","max-snippet":"max-snippet:-1","max-image-preview":"max-image-preview:large","max-video-preview":"max-video-preview:-1"},"canonical":"https:\/\/metropoliagzm.pl\/en\/o-metropolii\/","twitter_card":"summary_large_image","twitter_title":"O metropolii - Metropolia GZM","twitter_description":"41 miast i gmin o \u0142\u0105cznej powierzchni 2,5 tys. km kw., w kt\u00f3rych mieszka 2,3 mln mieszka\u0144c\u00f3w, dzia\u0142a 240 tys. firm i przedsi\u0119biorstw, kt\u00f3re wytwarzaj\u0105 ok. 8 proc. PKB naszego kraju. To G\u00f3rno\u015bl\u0105sko-Zag\u0142\u0119biowska Metropolia \u2013 pierwsza metropolia w Polsce. Realizacj\u0119 ustawowych zada\u0144 rozpocz\u0119\u0142a 1 stycznia...","twitter_misc":{"Estimated reading time":"4 minutes"},"schema":{"@context":"https:\/\/schema.org","@graph":[{"@type":"WebPage","@id":"https:\/\/metropoliagzm.pl\/o-metropolii\/","url":"https:\/\/metropoliagzm.pl\/o-metropolii\/","name":"O metropolii - Metropolia GZM","isPartOf":{"@id":"https:\/\/metropoliagzm.pl\/en\/#website"},"datePublished":"2019-04-23T16:33:10+00:00","breadcrumb":{"@id":"https:\/\/metropoliagzm.pl\/o-metropolii\/#breadcrumb"},"inLanguage":"en-GB","potentialAction":[{"@type":"ReadAction","target":["https:\/\/metropoliagzm.pl\/o-metropolii\/"]}]},{"@type":"BreadcrumbList","@id":"https:\/\/metropoliagzm.pl\/o-metropolii\/#breadcrumb","itemListElement":[{"@type":"ListItem","position":1,"name":"Strona g\u0142\u00f3wna","item":"https:\/\/metropoliagzm.pl\/"},{"@type":"ListItem","position":2,"name":"O metropolii"}]},{"@type":"WebSite","@id":"https:\/\/metropoliagzm.pl\/en\/#website","url":"https:\/\/metropoliagzm.pl\/en\/","name":"Metropolia GZM","description":"Oficjalny portal G\u00f3rno\u015bl\u0105sko-Zag\u0142\u0119biowskiej Metropolii","publisher":{"@id":"https:\/\/metropoliagzm.pl\/en\/#organization"},"potentialAction":[{"@type":"SearchAction","target":{"@type":"EntryPoint","urlTemplate":"https:\/\/metropoliagzm.pl\/en\/?s={search_term_string}"},"query-input":{"@type":"PropertyValueSpecification","valueRequired":true,"valueName":"search_term_string"}}],"inLanguage":"en-GB"},{"@type":"Organization","@id":"https:\/\/metropoliagzm.pl\/en\/#organization","name":"Metropolia GZM","url":"https:\/\/metropoliagzm.pl\/en\/","logo":{"@type":"ImageObject","inLanguage":"en-GB","@id":"https:\/\/metropoliagzm.pl\/en\/#\/schema\/logo\/image\/","url":"https:\/\/metropoliagzm.pl\/wp-content\/uploads\/2019\/03\/Sygnet-strona-glowna.png","contentUrl":"https:\/\/metropoliagzm.pl\/wp-content\/uploads\/2019\/03\/Sygnet-strona-glowna.png","width":36,"height":45,"caption":"Metropolia GZM"},"image":{"@id":"https:\/\/metropoliagzm.pl\/en\/#\/schema\/logo\/image\/"}}]}},"_links":{"self":[{"href":"https:\/\/metropoliagzm.pl\/en\/wp-json\/wp\/v2\/pages\/3099","targetHints":{"allow":["GET"]}}],"collection":[{"href":"https:\/\/metropoliagzm.pl\/en\/wp-json\/wp\/v2\/pages"}],"about":[{"href":"https:\/\/metropoliagzm.pl\/en\/wp-json\/wp\/v2\/types\/page"}],"author":[{"embeddable":true,"href":"https:\/\/metropoliagzm.pl\/en\/wp-json\/wp\/v2\/users\/161"}],"replies":[{"embeddable":true,"href":"https:\/\/metropoliagzm.pl\/en\/wp-json\/wp\/v2\/comments?post=3099"}],"version-history":[{"count":1,"href":"https:\/\/metropoliagzm.pl\/en\/wp-json\/wp\/v2\/pages\/3099\/revisions"}],"predecessor-version":[{"id":3100,"href":"https:\/\/metropoliagzm.pl\/en\/wp-json\/wp\/v2\/pages\/3099\/revisions\/3100"}],"wp:attachment":[{"href":"https:\/\/metropoliagzm.pl\/en\/wp-json\/wp\/v2\/media?parent=3099"}],"curies":[{"name":"wp","href":"https:\/\/api.w.org\/{rel}","templated":true}]}}