{"id":3114,"date":"2019-04-23T18:49:47","date_gmt":"2019-04-23T16:49:47","guid":{"rendered":"https:\/\/wpgzm.dev.euvic.pl\/?page_id=3114"},"modified":"2024-05-29T12:12:01","modified_gmt":"2024-05-29T10:12:01","slug":"zgromadzenie","status":"publish","type":"page","link":"https:\/\/metropoliagzm.pl\/en\/zgromadzenie\/","title":{"rendered":"collection"},"content":{"rendered":"<div class=\"wpb-content-wrapper\"><div class=\"pdf-block\"><div class=\"pdfprnt-buttons  pdfprnt-new pdfprnt-buttons-page pdfprnt-top-right\"><div class=\"jssocials-share jssocials-share-twitter\"><a target=\"_blank\" href=\"https:\/\/twitter.com\/share?url=https:\/\/metropoliagzm.pl\/en\/wp-json\/wp\/v2\/pages\/3114;text=3114\" class=\"jssocials-share-link\"><i class=\"fa fa-twitter jssocials-share-logo\"><\/i><\/a><\/div><div class=\"jssocials-share jssocials-share-facebook\"><a target=\"_blank\" href=\"https:\/\/facebook.com\/sharer\/sharer.php?u=https:\/\/metropoliagzm.pl\/en\/wp-json\/wp\/v2\/pages\/3114\" class=\"jssocials-share-link\"><i class=\"fa fa-facebook jssocials-share-logo\"><\/i><\/a><\/div><div class=\"jssocials-share jssocials-share-pinterest\"><a target=\"_blank\" href=\"https:\/\/pinterest.com\/pin\/create\/bookmarklet\/?&amp;url=https:\/\/metropoliagzm.pl\/en\/wp-json\/wp\/v2\/pages\/3114;description=3114\" class=\"jssocials-share-link\"><i class=\"fa fa-pinterest jssocials-share-logo\"><\/i><\/a><\/div><a href=\"https:\/\/metropoliagzm.pl\/en\/wp-json\/wp\/v2\/pages\/3114?print=pdf\" class=\"pdfprnt-button pdfprnt-button-pdf\" target=\"_blank\"><img decoding=\"async\" src=\"https:\/\/metropoliagzm.pl\/wp-content\/plugins\/pdf-print\/images\/pdf.png\" alt=\"image_pdf\" title=\"View PDF\" \/><\/a><a href=\"https:\/\/metropoliagzm.pl\/en\/wp-json\/wp\/v2\/pages\/3114?print=print\" class=\"pdfprnt-button pdfprnt-button-print\" target=\"_blank\"><img decoding=\"async\" src=\"https:\/\/metropoliagzm.pl\/wp-content\/plugins\/pdf-print\/images\/print.png\" alt=\"image_print\" title=\"Print Content\" \/><\/a><\/div><\/div><div class=\"post-block-pdf\"><div class=\"pdfprnt-buttons pdfprnt-buttons-page pdfprnt-top-right\"><a href=\"https:\/\/metropoliagzm.pl\/en\/wp-json\/wp\/v2\/pages\/3114?print=pdf\" class=\"pdfprnt-button pdfprnt-button-pdf\" target=\"_blank\"><img decoding=\"async\" src=\"https:\/\/metropoliagzm.pl\/wp-content\/plugins\/pdf-print\/images\/pdf.png\" alt=\"image_pdf\" title=\"View PDF\" \/><\/a><a href=\"https:\/\/metropoliagzm.pl\/en\/wp-json\/wp\/v2\/pages\/3114?print=print\" class=\"pdfprnt-button pdfprnt-button-print\" target=\"_blank\"><img decoding=\"async\" src=\"https:\/\/metropoliagzm.pl\/wp-content\/plugins\/pdf-print\/images\/print.png\" alt=\"image_print\" title=\"Print Content\" \/><\/a><\/div><div class=\"vc_row wpb_row vc_row-fluid\"><div class=\"wpb_column vc_column_container vc_col-sm-12\"><div class=\"vc_column-inner\"><div class=\"wpb_wrapper\">\n\t<div  class=\"wpb_single_image wpb_content_element vc_align_left wpb_content_element\">\n\t\t\n\t\t<figure class=\"wpb_wrapper vc_figure\">\n\t\t\t<div class=\"vc_single_image-wrapper   vc_box_border_grey\"><img loading=\"lazy\" decoding=\"async\" width=\"1200\" height=\"340\" src=\"https:\/\/metropoliagzm.pl\/wp-content\/uploads\/2019\/09\/1200x340-Zakladki-menu-glownego_zagromadze-metropolii.png\" class=\"vc_single_image-img attachment-full\" alt=\"\" title=\"1200x340 Zakladki menu glownego_zagromadze metropolii\" srcset=\"https:\/\/metropoliagzm.pl\/wp-content\/uploads\/2019\/09\/1200x340-Zakladki-menu-glownego_zagromadze-metropolii.png 1200w, https:\/\/metropoliagzm.pl\/wp-content\/uploads\/2019\/09\/1200x340-Zakladki-menu-glownego_zagromadze-metropolii-300x85.png 300w, https:\/\/metropoliagzm.pl\/wp-content\/uploads\/2019\/09\/1200x340-Zakladki-menu-glownego_zagromadze-metropolii-768x218.png 768w, https:\/\/metropoliagzm.pl\/wp-content\/uploads\/2019\/09\/1200x340-Zakladki-menu-glownego_zagromadze-metropolii-1024x290.png 1024w, https:\/\/metropoliagzm.pl\/wp-content\/uploads\/2019\/09\/1200x340-Zakladki-menu-glownego_zagromadze-metropolii-585x166.png 585w\" sizes=\"auto, (max-width: 1200px) 100vw, 1200px\" \/><\/div>\n\t\t<\/figure>\n\t<\/div>\n\n\t<div class=\"wpb_text_column wpb_content_element\" >\n\t\t<div class=\"wpb_wrapper\">\n\t\t\t<h1><\/h1>\n<h1><strong>Metropolis Assembly<\/strong><\/h1>\n<p><strong>The Assembly is a legislative and control body of Metropolis GZM. It consists of representatives of all 41 member cities and communes. <\/strong><\/p>\n<p>The Assembly adopts resolutions regarding the manner, form and financing of projects related to the implementation of statutory tasks by the Metropolis. The Assembly also has a controlling function over the Management Board.<\/p>\n<p>Resolutions of the Assembly are adopted by a double majority of votes. This means that a given project must not only get the majority of the votes of the statutory composition of delegates, but they must also represent more than half of the Metropolitan population.<\/p>\n<p>Representatives of the Assembly elect the Chairperson and a maximum of three Deputy Chairpersons. The task of the Chairperson or, in their absence, the Deputy Chairpersons is to convene the sessions of the Assembly and to conduct them. The first session of the Assembly after local government elections is convened by the President of Katowice, who acts as the government\u2019s representative for the Metropolis. Until the Assembly\u2019s Chairperson and Deputy Chairpersons are elected, the session is led by the oldest delegate.<\/p>\n<p>The Assembly appoints an audit committee that oversees the legality, reliability, expediency and economy of the activities undertaken by the Metropolis and its organizational units.<\/p>\n<p>A Disputes Committee also operates in Metropolis GZM. Its task is to find compromise solutions when at least one of the communes decides that a resolution adopted or proceeded by the General Assembly violates its interest. Other delegates may also join the objection raised by one commune. The Disputes Committee prepares an opinion and a proposal to solve this situation, which is later presented to all Assembly delegates.<\/p>\n<p>Resolution initiatives can be brought up by at least 11 delegates of the Assembly, committees of the Assembly and the Management Board.<\/p>\n\n\t\t<\/div>\n\t<\/div>\n\n\t<div class=\"wpb_text_column wpb_content_element\" >\n\t\t<div class=\"wpb_wrapper\">\n\t\t\t\n\t\t<\/div>\n\t<\/div>\n\n\t<div class=\"wpb_text_column wpb_content_element\" >\n\t\t<div class=\"wpb_wrapper\">\n\t\t\t<p style=\"text-align: center;\"><span style=\"color: #d7006d; font-size: 21px;\"><strong>Bureau of the Metropolis GZM Assembly<\/strong><\/span><\/p>\n\n\t\t<\/div>\n\t<\/div>\n\n\t<div class=\"wpb_text_column wpb_content_element\" >\n\t\t<div class=\"wpb_wrapper\">\n\t\t\t\n\t\t<\/div>\n\t<\/div>\n\n\t<div class=\"wpb_text_column wpb_content_element\" >\n\t\t<div class=\"wpb_wrapper\">\n\t\t\t\n\t\t<\/div>\n\t<\/div>\n<\/div><\/div><\/div><\/div><div class=\"vc_row wpb_row vc_row-fluid\"><div class=\"wpb_column vc_column_container vc_col-sm-12\"><div class=\"vc_column-inner\"><div class=\"wpb_wrapper\">\n\t<div class=\"wpb_text_column wpb_content_element vc_custom_1716977039385\" >\n\t\t<div class=\"wpb_wrapper\">\n\t\t\t<p style=\"text-align: center;\"><strong><img loading=\"lazy\" decoding=\"async\" class=\"alignnone size-medium wp-image-44741\" src=\"https:\/\/metropoliagzm.pl\/wp-content\/uploads\/2024\/05\/krupamarcin-300x300.jpg\" alt=\"\" width=\"300\" height=\"300\" srcset=\"https:\/\/metropoliagzm.pl\/wp-content\/uploads\/2024\/05\/krupamarcin-300x300.jpg 300w, https:\/\/metropoliagzm.pl\/wp-content\/uploads\/2024\/05\/krupamarcin-150x150.jpg 150w, https:\/\/metropoliagzm.pl\/wp-content\/uploads\/2024\/05\/krupamarcin-768x767.jpg 768w, https:\/\/metropoliagzm.pl\/wp-content\/uploads\/2024\/05\/krupamarcin-12x12.jpg 12w, https:\/\/metropoliagzm.pl\/wp-content\/uploads\/2024\/05\/krupamarcin-585x584.jpg 585w, https:\/\/metropoliagzm.pl\/wp-content\/uploads\/2024\/05\/krupamarcin-220x220.jpg 220w, https:\/\/metropoliagzm.pl\/wp-content\/uploads\/2024\/05\/krupamarcin-80x80.jpg 80w, https:\/\/metropoliagzm.pl\/wp-content\/uploads\/2024\/05\/krupamarcin.jpg 960w\" sizes=\"auto, (max-width: 300px) 100vw, 300px\" \/><\/strong><\/p>\n<p style=\"text-align: center;\"><strong>Marcin Krupa, prezydent Katowic, przewodnicz\u0105cy Zgromadzenia GZM<\/strong><\/p>\n\n\t\t<\/div>\n\t<\/div>\n<\/div><\/div><\/div><\/div><div class=\"vc_row wpb_row vc_row-fluid\"><div class=\"wpb_column vc_column_container vc_col-sm-12\"><div class=\"vc_column-inner\"><div class=\"wpb_wrapper\">\n\t<div class=\"wpb_text_column wpb_content_element vc_custom_1716977145791\" >\n\t\t<div class=\"wpb_wrapper\">\n\t\t\t<p style=\"text-align: center;\"><strong><img loading=\"lazy\" decoding=\"async\" class=\"alignnone size-medium wp-image-44742\" src=\"https:\/\/metropoliagzm.pl\/wp-content\/uploads\/2024\/05\/20240529104722_IMG_7880-300x300.jpg\" alt=\"\" width=\"300\" height=\"300\" srcset=\"https:\/\/metropoliagzm.pl\/wp-content\/uploads\/2024\/05\/20240529104722_IMG_7880-300x300.jpg 300w, https:\/\/metropoliagzm.pl\/wp-content\/uploads\/2024\/05\/20240529104722_IMG_7880-1024x1024.jpg 1024w, https:\/\/metropoliagzm.pl\/wp-content\/uploads\/2024\/05\/20240529104722_IMG_7880-150x150.jpg 150w, https:\/\/metropoliagzm.pl\/wp-content\/uploads\/2024\/05\/20240529104722_IMG_7880-768x768.jpg 768w, https:\/\/metropoliagzm.pl\/wp-content\/uploads\/2024\/05\/20240529104722_IMG_7880-1536x1536.jpg 1536w, https:\/\/metropoliagzm.pl\/wp-content\/uploads\/2024\/05\/20240529104722_IMG_7880-12x12.jpg 12w, https:\/\/metropoliagzm.pl\/wp-content\/uploads\/2024\/05\/20240529104722_IMG_7880-585x585.jpg 585w, https:\/\/metropoliagzm.pl\/wp-content\/uploads\/2024\/05\/20240529104722_IMG_7880-220x220.jpg 220w, https:\/\/metropoliagzm.pl\/wp-content\/uploads\/2024\/05\/20240529104722_IMG_7880-80x80.jpg 80w, https:\/\/metropoliagzm.pl\/wp-content\/uploads\/2024\/05\/20240529104722_IMG_7880.jpg 1600w\" sizes=\"auto, (max-width: 300px) 100vw, 300px\" \/><\/strong><\/p>\n<p style=\"text-align: center;\"><strong>Katarzyna Kuczy\u0144ska-Budka, prezydentka Gliwic, wiceprzewodnicz\u0105ca Zgromadzenia GZM<\/strong><\/p>\n\n\t\t<\/div>\n\t<\/div>\n<\/div><\/div><\/div><\/div><div class=\"vc_row wpb_row vc_row-fluid\"><div class=\"wpb_column vc_column_container vc_col-sm-12\"><div class=\"vc_column-inner\"><div class=\"wpb_wrapper\">\n\t<div class=\"wpb_text_column wpb_content_element vc_custom_1716977503350\" >\n\t\t<div class=\"wpb_wrapper\">\n\t\t\t<p style=\"text-align: center;\"><strong><img loading=\"lazy\" decoding=\"async\" class=\"alignnone size-medium wp-image-44744\" src=\"https:\/\/metropoliagzm.pl\/wp-content\/uploads\/2024\/05\/Zrzut-ekranu-2024-05-29-120859-300x300.png\" alt=\"\" width=\"300\" height=\"300\" srcset=\"https:\/\/metropoliagzm.pl\/wp-content\/uploads\/2024\/05\/Zrzut-ekranu-2024-05-29-120859-300x300.png 300w, https:\/\/metropoliagzm.pl\/wp-content\/uploads\/2024\/05\/Zrzut-ekranu-2024-05-29-120859-150x150.png 150w, https:\/\/metropoliagzm.pl\/wp-content\/uploads\/2024\/05\/Zrzut-ekranu-2024-05-29-120859-12x12.png 12w, https:\/\/metropoliagzm.pl\/wp-content\/uploads\/2024\/05\/Zrzut-ekranu-2024-05-29-120859-220x220.png 220w, https:\/\/metropoliagzm.pl\/wp-content\/uploads\/2024\/05\/Zrzut-ekranu-2024-05-29-120859-80x80.png 80w, https:\/\/metropoliagzm.pl\/wp-content\/uploads\/2024\/05\/Zrzut-ekranu-2024-05-29-120859.png 556w\" sizes=\"auto, (max-width: 300px) 100vw, 300px\" \/><\/strong><\/p>\n<p style=\"text-align: center;\"><strong>Arkadiusz Ch\u0119ci\u0144ski, prezydent Sosnowca, wiceprzewodnicz\u0105cy Zgromadzenia GZM<\/strong><\/p>\n\n\t\t<\/div>\n\t<\/div>\n<\/div><\/div><\/div><\/div><div class=\"vc_row wpb_row vc_row-fluid\"><div class=\"wpb_column vc_column_container vc_col-sm-12\"><div class=\"vc_column-inner\"><div class=\"wpb_wrapper\">\n\t<div class=\"wpb_text_column wpb_content_element vc_custom_1716977240397\" >\n\t\t<div class=\"wpb_wrapper\">\n\t\t\t<p style=\"text-align: center;\"><strong><img loading=\"lazy\" decoding=\"async\" class=\"alignnone size-medium wp-image-44743\" src=\"https:\/\/metropoliagzm.pl\/wp-content\/uploads\/2024\/05\/gramatykamaciej-300x300.jpg\" alt=\"\" width=\"300\" height=\"300\" srcset=\"https:\/\/metropoliagzm.pl\/wp-content\/uploads\/2024\/05\/gramatykamaciej-300x300.jpg 300w, https:\/\/metropoliagzm.pl\/wp-content\/uploads\/2024\/05\/gramatykamaciej-1024x1024.jpg 1024w, https:\/\/metropoliagzm.pl\/wp-content\/uploads\/2024\/05\/gramatykamaciej-150x150.jpg 150w, https:\/\/metropoliagzm.pl\/wp-content\/uploads\/2024\/05\/gramatykamaciej-768x768.jpg 768w, https:\/\/metropoliagzm.pl\/wp-content\/uploads\/2024\/05\/gramatykamaciej-12x12.jpg 12w, https:\/\/metropoliagzm.pl\/wp-content\/uploads\/2024\/05\/gramatykamaciej-585x585.jpg 585w, https:\/\/metropoliagzm.pl\/wp-content\/uploads\/2024\/05\/gramatykamaciej-220x220.jpg 220w, https:\/\/metropoliagzm.pl\/wp-content\/uploads\/2024\/05\/gramatykamaciej-80x80.jpg 80w, https:\/\/metropoliagzm.pl\/wp-content\/uploads\/2024\/05\/gramatykamaciej.jpg 1536w\" sizes=\"auto, (max-width: 300px) 100vw, 300px\" \/><\/strong><\/p>\n<p style=\"text-align: center;\"><strong>Maciej Gramatyka, prezydent Tych\u00f3w, wiceprzewodnicz\u0105cy Zgromadzenia GZM<\/strong><\/p>\n\n\t\t<\/div>\n\t<\/div>\n<\/div><\/div><\/div><\/div>\n<div class=\"post-author\" style=\"font-size:13px\">admin tresc<\/div><\/div><\/div>","protected":false},"excerpt":{"rendered":"<p>admin tresc<\/p>","protected":false},"author":161,"featured_media":0,"parent":0,"menu_order":0,"comment_status":"closed","ping_status":"closed","template":"","meta":{"_acf_changed":false,"footnotes":""},"class_list":["post-3114","page","type-page","status-publish","hentry"],"acf":[],"yoast_head":"<!-- This site is optimized with the Yoast SEO plugin v27.3 - https:\/\/yoast.com\/product\/yoast-seo-wordpress\/ -->\n<title>Zgromadzenie - Metropolia GZM<\/title>\n<meta name=\"robots\" content=\"index, follow, max-snippet:-1, max-image-preview:large, max-video-preview:-1\" \/>\n<link rel=\"canonical\" href=\"https:\/\/metropoliagzm.pl\/en\/zgromadzenie\/\" \/>\n<meta name=\"twitter:card\" content=\"summary_large_image\" \/>\n<meta name=\"twitter:title\" content=\"Zgromadzenie - Metropolia GZM\" \/>\n<meta name=\"twitter:description\" content=\"admin tresc\" \/>\n<meta name=\"twitter:image\" content=\"https:\/\/metropoliagzm.pl\/wp-content\/uploads\/2024\/05\/krupamarcin-300x300.jpg\" \/>\n<meta name=\"twitter:label1\" content=\"Estimated reading time\" \/>\n\t<meta name=\"twitter:data1\" content=\"3 minutes\" \/>\n<script type=\"application\/ld+json\" class=\"yoast-schema-graph\">{\"@context\":\"https:\\\/\\\/schema.org\",\"@graph\":[{\"@type\":\"WebPage\",\"@id\":\"https:\\\/\\\/metropoliagzm.pl\\\/zgromadzenie\\\/\",\"url\":\"https:\\\/\\\/metropoliagzm.pl\\\/zgromadzenie\\\/\",\"name\":\"Zgromadzenie - Metropolia GZM\",\"isPartOf\":{\"@id\":\"https:\\\/\\\/metropoliagzm.pl\\\/en\\\/#website\"},\"primaryImageOfPage\":{\"@id\":\"https:\\\/\\\/metropoliagzm.pl\\\/zgromadzenie\\\/#primaryimage\"},\"image\":{\"@id\":\"https:\\\/\\\/metropoliagzm.pl\\\/zgromadzenie\\\/#primaryimage\"},\"thumbnailUrl\":\"https:\\\/\\\/metropoliagzm.pl\\\/wp-content\\\/uploads\\\/2024\\\/05\\\/krupamarcin-300x300.jpg\",\"datePublished\":\"2019-04-23T16:49:47+00:00\",\"dateModified\":\"2024-05-29T10:12:01+00:00\",\"breadcrumb\":{\"@id\":\"https:\\\/\\\/metropoliagzm.pl\\\/zgromadzenie\\\/#breadcrumb\"},\"inLanguage\":\"en-GB\",\"potentialAction\":[{\"@type\":\"ReadAction\",\"target\":[\"https:\\\/\\\/metropoliagzm.pl\\\/zgromadzenie\\\/\"]}]},{\"@type\":\"ImageObject\",\"inLanguage\":\"en-GB\",\"@id\":\"https:\\\/\\\/metropoliagzm.pl\\\/zgromadzenie\\\/#primaryimage\",\"url\":\"https:\\\/\\\/metropoliagzm.pl\\\/wp-content\\\/uploads\\\/2024\\\/05\\\/krupamarcin-300x300.jpg\",\"contentUrl\":\"https:\\\/\\\/metropoliagzm.pl\\\/wp-content\\\/uploads\\\/2024\\\/05\\\/krupamarcin-300x300.jpg\"},{\"@type\":\"BreadcrumbList\",\"@id\":\"https:\\\/\\\/metropoliagzm.pl\\\/zgromadzenie\\\/#breadcrumb\",\"itemListElement\":[{\"@type\":\"ListItem\",\"position\":1,\"name\":\"Strona g\u0142\u00f3wna\",\"item\":\"https:\\\/\\\/metropoliagzm.pl\\\/\"},{\"@type\":\"ListItem\",\"position\":2,\"name\":\"Zgromadzenie\"}]},{\"@type\":\"WebSite\",\"@id\":\"https:\\\/\\\/metropoliagzm.pl\\\/en\\\/#website\",\"url\":\"https:\\\/\\\/metropoliagzm.pl\\\/en\\\/\",\"name\":\"Metropolia GZM\",\"description\":\"Oficjalny portal G\u00f3rno\u015bl\u0105sko-Zag\u0142\u0119biowskiej Metropolii\",\"publisher\":{\"@id\":\"https:\\\/\\\/metropoliagzm.pl\\\/en\\\/#organization\"},\"potentialAction\":[{\"@type\":\"SearchAction\",\"target\":{\"@type\":\"EntryPoint\",\"urlTemplate\":\"https:\\\/\\\/metropoliagzm.pl\\\/en\\\/?s={search_term_string}\"},\"query-input\":{\"@type\":\"PropertyValueSpecification\",\"valueRequired\":true,\"valueName\":\"search_term_string\"}}],\"inLanguage\":\"en-GB\"},{\"@type\":\"Organization\",\"@id\":\"https:\\\/\\\/metropoliagzm.pl\\\/en\\\/#organization\",\"name\":\"Metropolia GZM\",\"url\":\"https:\\\/\\\/metropoliagzm.pl\\\/en\\\/\",\"logo\":{\"@type\":\"ImageObject\",\"inLanguage\":\"en-GB\",\"@id\":\"https:\\\/\\\/metropoliagzm.pl\\\/en\\\/#\\\/schema\\\/logo\\\/image\\\/\",\"url\":\"https:\\\/\\\/metropoliagzm.pl\\\/wp-content\\\/uploads\\\/2019\\\/03\\\/Sygnet-strona-glowna.png\",\"contentUrl\":\"https:\\\/\\\/metropoliagzm.pl\\\/wp-content\\\/uploads\\\/2019\\\/03\\\/Sygnet-strona-glowna.png\",\"width\":36,\"height\":45,\"caption\":\"Metropolia GZM\"},\"image\":{\"@id\":\"https:\\\/\\\/metropoliagzm.pl\\\/en\\\/#\\\/schema\\\/logo\\\/image\\\/\"}}]}<\/script>\n<!-- \/ Yoast SEO plugin. -->","yoast_head_json":{"title":"Zgromadzenie - Metropolia GZM","robots":{"index":"index","follow":"follow","max-snippet":"max-snippet:-1","max-image-preview":"max-image-preview:large","max-video-preview":"max-video-preview:-1"},"canonical":"https:\/\/metropoliagzm.pl\/en\/zgromadzenie\/","twitter_card":"summary_large_image","twitter_title":"Zgromadzenie - Metropolia GZM","twitter_description":"admin tresc","twitter_image":"https:\/\/metropoliagzm.pl\/wp-content\/uploads\/2024\/05\/krupamarcin-300x300.jpg","twitter_misc":{"Estimated reading time":"3 minutes"},"schema":{"@context":"https:\/\/schema.org","@graph":[{"@type":"WebPage","@id":"https:\/\/metropoliagzm.pl\/zgromadzenie\/","url":"https:\/\/metropoliagzm.pl\/zgromadzenie\/","name":"Zgromadzenie - Metropolia GZM","isPartOf":{"@id":"https:\/\/metropoliagzm.pl\/en\/#website"},"primaryImageOfPage":{"@id":"https:\/\/metropoliagzm.pl\/zgromadzenie\/#primaryimage"},"image":{"@id":"https:\/\/metropoliagzm.pl\/zgromadzenie\/#primaryimage"},"thumbnailUrl":"https:\/\/metropoliagzm.pl\/wp-content\/uploads\/2024\/05\/krupamarcin-300x300.jpg","datePublished":"2019-04-23T16:49:47+00:00","dateModified":"2024-05-29T10:12:01+00:00","breadcrumb":{"@id":"https:\/\/metropoliagzm.pl\/zgromadzenie\/#breadcrumb"},"inLanguage":"en-GB","potentialAction":[{"@type":"ReadAction","target":["https:\/\/metropoliagzm.pl\/zgromadzenie\/"]}]},{"@type":"ImageObject","inLanguage":"en-GB","@id":"https:\/\/metropoliagzm.pl\/zgromadzenie\/#primaryimage","url":"https:\/\/metropoliagzm.pl\/wp-content\/uploads\/2024\/05\/krupamarcin-300x300.jpg","contentUrl":"https:\/\/metropoliagzm.pl\/wp-content\/uploads\/2024\/05\/krupamarcin-300x300.jpg"},{"@type":"BreadcrumbList","@id":"https:\/\/metropoliagzm.pl\/zgromadzenie\/#breadcrumb","itemListElement":[{"@type":"ListItem","position":1,"name":"Strona g\u0142\u00f3wna","item":"https:\/\/metropoliagzm.pl\/"},{"@type":"ListItem","position":2,"name":"Zgromadzenie"}]},{"@type":"WebSite","@id":"https:\/\/metropoliagzm.pl\/en\/#website","url":"https:\/\/metropoliagzm.pl\/en\/","name":"Metropolia GZM","description":"Oficjalny portal G\u00f3rno\u015bl\u0105sko-Zag\u0142\u0119biowskiej Metropolii","publisher":{"@id":"https:\/\/metropoliagzm.pl\/en\/#organization"},"potentialAction":[{"@type":"SearchAction","target":{"@type":"EntryPoint","urlTemplate":"https:\/\/metropoliagzm.pl\/en\/?s={search_term_string}"},"query-input":{"@type":"PropertyValueSpecification","valueRequired":true,"valueName":"search_term_string"}}],"inLanguage":"en-GB"},{"@type":"Organization","@id":"https:\/\/metropoliagzm.pl\/en\/#organization","name":"Metropolia GZM","url":"https:\/\/metropoliagzm.pl\/en\/","logo":{"@type":"ImageObject","inLanguage":"en-GB","@id":"https:\/\/metropoliagzm.pl\/en\/#\/schema\/logo\/image\/","url":"https:\/\/metropoliagzm.pl\/wp-content\/uploads\/2019\/03\/Sygnet-strona-glowna.png","contentUrl":"https:\/\/metropoliagzm.pl\/wp-content\/uploads\/2019\/03\/Sygnet-strona-glowna.png","width":36,"height":45,"caption":"Metropolia GZM"},"image":{"@id":"https:\/\/metropoliagzm.pl\/en\/#\/schema\/logo\/image\/"}}]}},"_links":{"self":[{"href":"https:\/\/metropoliagzm.pl\/en\/wp-json\/wp\/v2\/pages\/3114","targetHints":{"allow":["GET"]}}],"collection":[{"href":"https:\/\/metropoliagzm.pl\/en\/wp-json\/wp\/v2\/pages"}],"about":[{"href":"https:\/\/metropoliagzm.pl\/en\/wp-json\/wp\/v2\/types\/page"}],"author":[{"embeddable":true,"href":"https:\/\/metropoliagzm.pl\/en\/wp-json\/wp\/v2\/users\/161"}],"replies":[{"embeddable":true,"href":"https:\/\/metropoliagzm.pl\/en\/wp-json\/wp\/v2\/comments?post=3114"}],"version-history":[{"count":63,"href":"https:\/\/metropoliagzm.pl\/en\/wp-json\/wp\/v2\/pages\/3114\/revisions"}],"predecessor-version":[{"id":44745,"href":"https:\/\/metropoliagzm.pl\/en\/wp-json\/wp\/v2\/pages\/3114\/revisions\/44745"}],"wp:attachment":[{"href":"https:\/\/metropoliagzm.pl\/en\/wp-json\/wp\/v2\/media?parent=3114"}],"curies":[{"name":"wp","href":"https:\/\/api.w.org\/{rel}","templated":true}]}}