{"id":45685,"date":"2025-01-09T11:41:10","date_gmt":"2025-01-09T10:41:10","guid":{"rendered":"https:\/\/metropoliagzm.pl\/?page_id=45685"},"modified":"2025-09-22T13:25:45","modified_gmt":"2025-09-22T11:25:45","slug":"zglaszanie-nieprawidlowosci-i-naduzyc","status":"publish","type":"page","link":"https:\/\/metropoliagzm.pl\/en\/zglaszanie-nieprawidlowosci-i-naduzyc\/","title":{"rendered":"Zg\u0142aszanie nieprawid\u0142owo\u015bci i nadu\u017cy\u0107"},"content":{"rendered":"<div class=\"wpb-content-wrapper\"><div class=\"pdf-block\"><div class=\"pdfprnt-buttons  pdfprnt-new pdfprnt-buttons-page pdfprnt-top-right\"><div class=\"jssocials-share jssocials-share-twitter\"><a target=\"_blank\" href=\"https:\/\/twitter.com\/share?url=https:\/\/metropoliagzm.pl\/en\/wp-json\/wp\/v2\/pages\/45685;text=45685\" class=\"jssocials-share-link\"><i class=\"fa fa-twitter jssocials-share-logo\"><\/i><\/a><\/div><div class=\"jssocials-share jssocials-share-facebook\"><a target=\"_blank\" href=\"https:\/\/facebook.com\/sharer\/sharer.php?u=https:\/\/metropoliagzm.pl\/en\/wp-json\/wp\/v2\/pages\/45685\" class=\"jssocials-share-link\"><i class=\"fa fa-facebook jssocials-share-logo\"><\/i><\/a><\/div><div class=\"jssocials-share jssocials-share-pinterest\"><a target=\"_blank\" href=\"https:\/\/pinterest.com\/pin\/create\/bookmarklet\/?&amp;url=https:\/\/metropoliagzm.pl\/en\/wp-json\/wp\/v2\/pages\/45685;description=45685\" class=\"jssocials-share-link\"><i class=\"fa fa-pinterest jssocials-share-logo\"><\/i><\/a><\/div><a href=\"https:\/\/metropoliagzm.pl\/en\/wp-json\/wp\/v2\/pages\/45685?print=pdf\" class=\"pdfprnt-button pdfprnt-button-pdf\" target=\"_blank\"><img decoding=\"async\" src=\"https:\/\/metropoliagzm.pl\/wp-content\/plugins\/pdf-print\/images\/pdf.png\" alt=\"image_pdf\" title=\"View PDF\" \/><\/a><a href=\"https:\/\/metropoliagzm.pl\/en\/wp-json\/wp\/v2\/pages\/45685?print=print\" class=\"pdfprnt-button pdfprnt-button-print\" target=\"_blank\"><img decoding=\"async\" src=\"https:\/\/metropoliagzm.pl\/wp-content\/plugins\/pdf-print\/images\/print.png\" alt=\"image_print\" title=\"Print Content\" \/><\/a><\/div><\/div><div class=\"post-block-pdf\"><div class=\"pdfprnt-buttons pdfprnt-buttons-page pdfprnt-top-right\"><a href=\"https:\/\/metropoliagzm.pl\/en\/wp-json\/wp\/v2\/pages\/45685?print=pdf\" class=\"pdfprnt-button pdfprnt-button-pdf\" target=\"_blank\"><img decoding=\"async\" src=\"https:\/\/metropoliagzm.pl\/wp-content\/plugins\/pdf-print\/images\/pdf.png\" alt=\"image_pdf\" title=\"View PDF\" \/><\/a><a href=\"https:\/\/metropoliagzm.pl\/en\/wp-json\/wp\/v2\/pages\/45685?print=print\" class=\"pdfprnt-button pdfprnt-button-print\" target=\"_blank\"><img decoding=\"async\" src=\"https:\/\/metropoliagzm.pl\/wp-content\/plugins\/pdf-print\/images\/print.png\" alt=\"image_print\" title=\"Print Content\" \/><\/a><\/div><div class=\"vc_row wpb_row vc_row-fluid\"><div class=\"wpb_column vc_column_container vc_col-sm-12\"><div class=\"vc_column-inner\"><div class=\"wpb_wrapper\">\n\t<div  class=\"wpb_single_image wpb_content_element vc_align_left wpb_content_element vc_custom_1610111670616\">\n\t\t\n\t\t<figure class=\"wpb_wrapper vc_figure\">\n\t\t\t<div class=\"vc_single_image-wrapper   vc_box_border_grey\"><img loading=\"lazy\" decoding=\"async\" width=\"1200\" height=\"340\" src=\"https:\/\/metropoliagzm.pl\/wp-content\/uploads\/2021\/01\/1200x340-Zakladki-menu-glownego_1_-kolej.png\" class=\"vc_single_image-img attachment-full\" alt=\"\" title=\"1200x340 Zakladki menu glownego_1_ kolej\" srcset=\"https:\/\/metropoliagzm.pl\/wp-content\/uploads\/2021\/01\/1200x340-Zakladki-menu-glownego_1_-kolej.png 1200w, https:\/\/metropoliagzm.pl\/wp-content\/uploads\/2021\/01\/1200x340-Zakladki-menu-glownego_1_-kolej-300x85.png 300w, https:\/\/metropoliagzm.pl\/wp-content\/uploads\/2021\/01\/1200x340-Zakladki-menu-glownego_1_-kolej-1024x290.png 1024w, https:\/\/metropoliagzm.pl\/wp-content\/uploads\/2021\/01\/1200x340-Zakladki-menu-glownego_1_-kolej-768x218.png 768w, https:\/\/metropoliagzm.pl\/wp-content\/uploads\/2021\/01\/1200x340-Zakladki-menu-glownego_1_-kolej-16x5.png 16w, https:\/\/metropoliagzm.pl\/wp-content\/uploads\/2021\/01\/1200x340-Zakladki-menu-glownego_1_-kolej-585x166.png 585w\" sizes=\"auto, (max-width: 1200px) 100vw, 1200px\" \/><\/div>\n\t\t<\/figure>\n\t<\/div>\n<\/div><\/div><\/div><\/div><div class=\"vc_row wpb_row vc_row-fluid\"><div class=\"wpb_column vc_column_container vc_col-sm-8\"><div class=\"vc_column-inner\"><div class=\"wpb_wrapper\">\n\t<div class=\"wpb_text_column wpb_content_element\" >\n\t\t<div class=\"wpb_wrapper\">\n\t\t\t<h1><strong>Zg\u0142aszanie nieprawid\u0142owo\u015bci i nadu\u017cy\u0107<\/strong><\/h1>\n<p>G\u00f3rno\u015bl\u0105sko \u2013 Zag\u0142\u0119biowska Metropolia stworzy\u0142a mechanizm umo\u017cliwiaj\u0105cy sygnalizowanie o podw\u00f3jnym finansowaniu lub potencjalnych powa\u017cnych nieprawid\u0142owo\u015bciach w ramach realizowanego projektu. Przekazywane sygna\u0142y o nieprawid\u0142owo\u015bciach pozwol\u0105 na wprowadzenie odpowiednich \u015brodk\u00f3w zaradczych oraz przyczyni\u0105 si\u0119 do zapewnienia najwy\u017cszych standard\u00f3w realizacji projekt\u00f3w.<\/p>\n<p>Wszelkie informacje o podw\u00f3jnym finansowaniu lub nieprawid\u0142owo\u015bciach w ramach realizowanego projektu mo\u017cna zg\u0142asza\u0107 za po\u015brednictwem adresu e-mail:<strong>\u00a0<\/strong><a href=\"mailto:fz@metropoliagzm.pl\"><strong>fz@metropoliagzm.pl<\/strong><\/a><\/p>\n<p>Ponadto, w G\u00f3rno\u015bl\u0105sko-Zag\u0142\u0119biowskiej Metropolii zosta\u0142a przyj\u0119ta\u00a0 \u201eProcedura dokonywania zg\u0142osze\u0144 wewn\u0119trznych narusze\u0144 prawa i podejmowania dzia\u0142a\u0144 nast\u0119pczych\u201d. Przedmiotowa Procedura dost\u0119pna jest pod linkiem\u00a0<a href=\"https:\/\/bip.metropoliagzm.pl\/artykul\/34626\/132678\/sygnalisci-osoby-zglaszajace-naruszenia-prawa-w-trybie-zgloszen-wewnetrznych\">Sygnali\u015bci \u2013 osoby zg\u0142aszaj\u0105ce naruszenia prawa w trybie zg\u0142osze\u0144 wewn\u0119trznych. \u2013 Sygnali\u015bci \u2013 Biuletyn Informacji Publicznej Urz\u0105d Metropolitalny G\u00f3rno\u015bl\u0105sko-Zag\u0142\u0119biowskiej Metropolii<\/a><\/p>\n\n\t\t<\/div>\n\t<\/div>\n<\/div><\/div><\/div><div class=\"wpb_column vc_column_container vc_col-sm-4\"><div class=\"vc_column-inner\"><div class=\"wpb_wrapper\"><div  class=\"wpb_widgetised_column wpb_content_element\">\n\t\t<div class=\"wpb_wrapper\">\n\t\t\t\n\t\t\t<div class=\"widget widget_nav_menu\"><div class=\"widget-content\"><h2 class=\"widget-title\">Metropolis Activities<\/h2><div class=\"menu-dzialania-metropolii-container\"><ul id=\"menu-dzialania-metropolii\" class=\"menu\"><li id=\"menu-item-10827\" class=\"menu-item menu-item-type-post_type menu-item-object-page menu-item-10827\"><a href=\"https:\/\/metropoliagzm.pl\/en\/transport\/\" >Public transport<\/a><\/li>\n<li id=\"menu-item-10829\" class=\"menu-item menu-item-type-post_type menu-item-object-page menu-item-10829\"><a href=\"https:\/\/metropoliagzm.pl\/en\/kolej-metropolitalna\/\" >Metropolitan Railway<\/a><\/li>\n<li id=\"menu-item-10836\" class=\"menu-item menu-item-type-post_type menu-item-object-page menu-item-10836\"><a href=\"https:\/\/metropoliagzm.pl\/en\/zrownowazona-mobilnosc\/\" >Sustainable mobility<\/a><\/li>\n<li id=\"menu-item-10837\" class=\"menu-item menu-item-type-post_type menu-item-object-page menu-item-10837\"><a href=\"https:\/\/metropoliagzm.pl\/en\/rower-metropolitalny\/\" >Metropolitan Bike<\/a><\/li>\n<li id=\"menu-item-10830\" class=\"menu-item menu-item-type-post_type menu-item-object-page menu-item-10830\"><a href=\"https:\/\/metropoliagzm.pl\/en\/drony\/\" >Drones<\/a><\/li>\n<li id=\"menu-item-10831\" class=\"menu-item menu-item-type-post_type menu-item-object-page menu-item-10831\"><a href=\"https:\/\/metropoliagzm.pl\/en\/grupa-zakupowa\/\" >Purchasing group<\/a><\/li>\n<li id=\"menu-item-10832\" class=\"menu-item menu-item-type-post_type menu-item-object-page menu-item-10832\"><a href=\"https:\/\/metropoliagzm.pl\/en\/wspolpraca-miedzynarodowa\/\" >International Cooperation<\/a><\/li>\n<li id=\"menu-item-10833\" class=\"menu-item menu-item-type-post_type menu-item-object-page menu-item-10833\"><a href=\"https:\/\/metropoliagzm.pl\/en\/polityka-przestrzenna\/\" >GZM FUNCTIONAL AND SPATIAL STRUCTURE<\/a><\/li>\n<li id=\"menu-item-10834\" class=\"menu-item menu-item-type-post_type menu-item-object-page menu-item-10834\"><a href=\"https:\/\/metropoliagzm.pl\/en\/fundusz-solidarnosci\/\" >Solidarity Fund<\/a><\/li>\n<li id=\"menu-item-22420\" class=\"menu-item menu-item-type-post_type menu-item-object-page menu-item-22420\"><a href=\"https:\/\/metropoliagzm.pl\/en\/program-ograniczania-niskiej-emisji\/\" >2020 action programme aimed at reducing low-stack emissions<\/a><\/li>\n<li id=\"menu-item-42194\" class=\"menu-item menu-item-type-post_type menu-item-object-page menu-item-42194\"><a href=\"https:\/\/metropoliagzm.pl\/en\/stop-smog\/\" >Stop Smog<\/a><\/li>\n<li id=\"menu-item-10835\" class=\"menu-item menu-item-type-post_type menu-item-object-page menu-item-10835\"><a href=\"https:\/\/metropoliagzm.pl\/en\/stategia\/\" >Strategy<\/a><\/li>\n<li id=\"menu-item-29076\" class=\"menu-item menu-item-type-post_type menu-item-object-page menu-item-29076\"><a href=\"https:\/\/metropoliagzm.pl\/en\/program-ograniczania-niskiej-emisji-2\/\" >Drought prevention<\/a><\/li>\n<\/ul><\/div><\/div><\/div><div class=\"widget widget_text\"><div class=\"widget-content\">\t\t\t<div class=\"textwidget\"><div class=\"sidebar-categories-title\">\n<h3>The latest news:<\/h3>\n<\/div>\n<\/div>\n\t\t<\/div><\/div><div class=\"widget_facebook widget widget_posts_categories_tabs\"><div class=\"widget_facebook widget-content\"><div class=\"sh-widget-poststab sh-widget-posts-categories\">\r\n\r\n    <!-- Nav tabs -->\r\n            <div class=\"sh-widget-title-styling\">\r\n            <div class=\"sh-table\">\r\n                <div class=\"sh-table-cell\">\r\n                    <h3 class=\"widget-title\">\r\n                                                    Post Categories                                            <\/h3>\r\n                <\/div>\r\n                <div class=\"sh-table-cell\">\r\n    \r\n            <div class=\"sh-widget-poststab-title\">\r\n            <ul class=\"nav nav-tabs sh-tabs-stying\" role=\"tablist\">\r\n                \r\n                    <li role=\"presentation\" class=\"active\">\r\n                        <a href=\"#tab-9FVnAjqyf5IQK0HaG2uD-1\" role=\"tab\" data-toggle=\"tab\">\r\n                            Public transport                        <\/a>\r\n                    <\/li>\r\n\r\n                            <\/ul>\r\n        <\/div>\r\n    \r\n                    <\/div>\r\n            <\/div>\r\n        <\/div>\r\n    \r\n\r\n            <!-- Tab panes -->\r\n    \t<div class=\"tab-content\">\r\n            \r\n            \t\t<div role=\"tabpanel\" class=\"tab-pane active\" id=\"tab-9FVnAjqyf5IQK0HaG2uD-1\">\r\n                        <div class=\"sh-widget-posts-slider-init\">\r\n            \t\t\t\r\n            \t\t\t\t\t\r\n                                    <div class=\"sh-widget-posts-slider-item sh-widget-posts-slider-item-large sh-widget-posts-slider-style1 sh-widget-posts-categories-item\">\r\n                                        <div href=\"https:\/\/metropoliagzm.pl\/en\/2026\/04\/17\/nowy-przystanek-kolejowy-w-dabrowie-gorniczej\/\" class=\"post-thumbnail\">\r\n                                            <img loading=\"lazy\" decoding=\"async\" width=\"420\" height=\"265\" src=\"https:\/\/metropoliagzm.pl\/wp-content\/uploads\/2026\/04\/20260410-020-pl-dg-centrum-stacja-pkp-dg-centrum-konferencja-1536x1025-1-420x265.jpg\" class=\"attachment-gillion-landscape-small size-gillion-landscape-small wp-post-image\" alt=\"\" srcset=\"https:\/\/metropoliagzm.pl\/wp-content\/uploads\/2026\/04\/20260410-020-pl-dg-centrum-stacja-pkp-dg-centrum-konferencja-1536x1025-1-420x265.jpg 420w, https:\/\/metropoliagzm.pl\/wp-content\/uploads\/2026\/04\/20260410-020-pl-dg-centrum-stacja-pkp-dg-centrum-konferencja-1536x1025-1-18x12.jpg 18w\" sizes=\"auto, (max-width: 420px) 100vw, 420px\" \/>                                                        <a href=\"https:\/\/metropoliagzm.pl\/en\/2026\/04\/17\/nowy-przystanek-kolejowy-w-dabrowie-gorniczej\/\" class=\"post-overlay\"><\/a>\r\n                                                                                                <div class=\"post-categories-container\">\r\n                <div class=\"post-categories\"><a style=\"border-radius: 0 !important\" href=\"\/en\/Dabrowa-Gornicza\/\">D\u0105browa G\u00f3rnicza<\/a>, <a style=\"border-radius: 0 !important\" href=\"\/en\/Transport-publiczny\/\">Public transport<\/a><\/div>\r\n            <\/div>                                        <\/div>\r\n        \t\t\t\t\t\t\t\t<a href=\"https:\/\/metropoliagzm.pl\/en\/2026\/04\/17\/nowy-przystanek-kolejowy-w-dabrowie-gorniczej\/\">\r\n        \t\t\t\t\t\t\t\t\t<h5 class=\"post-title\">\r\n        \t\t\t\t\t\t\t\t\t\tNowy przystanek kolejowy w D\u0105browie G\u00f3rniczej        \t\t\t\t\t\t\t\t\t<\/h5>\r\n        \t\t\t\t\t\t\t\t<\/a>\r\n        \t\t\t\t\t\t\t\t\r\n            \t\t\t\t\t\t<\/div>\r\n\r\n                                \r\n                                    <div class=\"sh-widget-posts-slider-item sh-widget-posts-slider-item-large sh-widget-posts-slider-style1 sh-widget-posts-categories-item\">\r\n                                        <div href=\"https:\/\/metropoliagzm.pl\/en\/2026\/04\/17\/katowice-inwestuja-w-nowoczesne-i-ekologiczne-autobusy-2\/\" class=\"post-thumbnail\">\r\n                                            <img loading=\"lazy\" decoding=\"async\" width=\"420\" height=\"265\" src=\"https:\/\/metropoliagzm.pl\/wp-content\/uploads\/2026\/04\/Autobus-CNG_fot.-KAW-420x265.jpg\" class=\"attachment-gillion-landscape-small size-gillion-landscape-small wp-post-image\" alt=\"\" srcset=\"https:\/\/metropoliagzm.pl\/wp-content\/uploads\/2026\/04\/Autobus-CNG_fot.-KAW-420x265.jpg 420w, https:\/\/metropoliagzm.pl\/wp-content\/uploads\/2026\/04\/Autobus-CNG_fot.-KAW-18x10.jpg 18w\" sizes=\"auto, (max-width: 420px) 100vw, 420px\" \/>                                                        <a href=\"https:\/\/metropoliagzm.pl\/en\/2026\/04\/17\/katowice-inwestuja-w-nowoczesne-i-ekologiczne-autobusy-2\/\" class=\"post-overlay\"><\/a>\r\n                                                                                                <div class=\"post-categories-container\">\r\n                <div class=\"post-categories\"><a style=\"border-radius: 0 !important\" href=\"\/en\/Katowice\/\">Katowice<\/a>, <a style=\"border-radius: 0 !important\" href=\"\/en\/Transport-publiczny\/\">Public transport<\/a><\/div>\r\n            <\/div>                                        <\/div>\r\n        \t\t\t\t\t\t\t\t<a href=\"https:\/\/metropoliagzm.pl\/en\/2026\/04\/17\/katowice-inwestuja-w-nowoczesne-i-ekologiczne-autobusy-2\/\">\r\n        \t\t\t\t\t\t\t\t\t<h5 class=\"post-title\">\r\n        \t\t\t\t\t\t\t\t\t\tKatowice inwestuj\u0105 w nowoczesne i ekologiczne autobusy        \t\t\t\t\t\t\t\t\t<\/h5>\r\n        \t\t\t\t\t\t\t\t<\/a>\r\n        \t\t\t\t\t\t\t\t\r\n            \t\t\t\t\t\t<\/div>\r\n\r\n                                \r\n                                    <div class=\"sh-widget-posts-slider-item sh-widget-posts-slider-item-large sh-widget-posts-slider-style1 sh-widget-posts-categories-item\">\r\n                                        <div href=\"https:\/\/metropoliagzm.pl\/en\/2026\/04\/03\/nowe-nazwy-przystankow-w-bytomiu\/\" class=\"post-thumbnail\">\r\n                                            <img loading=\"lazy\" decoding=\"async\" width=\"420\" height=\"265\" src=\"https:\/\/metropoliagzm.pl\/wp-content\/uploads\/2022\/05\/bytom-m3-metrolinia-blur-420x265.png\" class=\"attachment-gillion-landscape-small size-gillion-landscape-small wp-post-image\" alt=\"Autobus linii M3 na stanowisku przystankowym dworca autobusowego w Bytomiu\" srcset=\"https:\/\/metropoliagzm.pl\/wp-content\/uploads\/2022\/05\/bytom-m3-metrolinia-blur-420x265.png 420w, https:\/\/metropoliagzm.pl\/wp-content\/uploads\/2022\/05\/bytom-m3-metrolinia-blur-18x12.png 18w\" sizes=\"auto, (max-width: 420px) 100vw, 420px\" \/>                                                        <a href=\"https:\/\/metropoliagzm.pl\/en\/2026\/04\/03\/nowe-nazwy-przystankow-w-bytomiu\/\" class=\"post-overlay\"><\/a>\r\n                                                                                                <div class=\"post-categories-container\">\r\n                <div class=\"post-categories\"><a style=\"border-radius: 0 !important\" href=\"\/en\/Bytom\/\">Bytom<\/a>, <a style=\"border-radius: 0 !important\" href=\"\/en\/Transport-publiczny\/\">Public transport<\/a><\/div>\r\n            <\/div>                                        <\/div>\r\n        \t\t\t\t\t\t\t\t<a href=\"https:\/\/metropoliagzm.pl\/en\/2026\/04\/03\/nowe-nazwy-przystankow-w-bytomiu\/\">\r\n        \t\t\t\t\t\t\t\t\t<h5 class=\"post-title\">\r\n        \t\t\t\t\t\t\t\t\t\tNowe nazwy przystank\u00f3w w Bytomiu        \t\t\t\t\t\t\t\t\t<\/h5>\r\n        \t\t\t\t\t\t\t\t<\/a>\r\n        \t\t\t\t\t\t\t\t\r\n            \t\t\t\t\t\t<\/div>\r\n\r\n                                \r\n                                    <div class=\"sh-widget-posts-slider-item sh-widget-posts-slider-item-large sh-widget-posts-slider-style1 sh-widget-posts-categories-item\">\r\n                                        <div href=\"https:\/\/metropoliagzm.pl\/en\/2026\/03\/31\/metropolia-sprawdzila-nowe-autobusy-elektryczne-hiszpanskie-pojazdy-trafia-do-czterech-operatorow\/\" class=\"post-thumbnail\">\r\n                                            <img loading=\"lazy\" decoding=\"async\" width=\"420\" height=\"265\" src=\"https:\/\/metropoliagzm.pl\/wp-content\/uploads\/2026\/03\/DSC_8309-420x265.jpg\" class=\"attachment-gillion-landscape-small size-gillion-landscape-small wp-post-image\" alt=\"\" srcset=\"https:\/\/metropoliagzm.pl\/wp-content\/uploads\/2026\/03\/DSC_8309-420x265.jpg 420w, https:\/\/metropoliagzm.pl\/wp-content\/uploads\/2026\/03\/DSC_8309-18x12.jpg 18w\" sizes=\"auto, (max-width: 420px) 100vw, 420px\" \/>                                                        <a href=\"https:\/\/metropoliagzm.pl\/en\/2026\/03\/31\/metropolia-sprawdzila-nowe-autobusy-elektryczne-hiszpanskie-pojazdy-trafia-do-czterech-operatorow\/\" class=\"post-overlay\"><\/a>\r\n                                                                                                <div class=\"post-categories-container\">\r\n                <div class=\"post-categories\"><a style=\"border-radius: 0 !important\" href=\"\/en\/GZM\/\">GZM<\/a>, <a style=\"border-radius: 0 !important\" href=\"\/en\/Transport-publiczny\/\">Public transport<\/a><\/div>\r\n            <\/div>                                        <\/div>\r\n        \t\t\t\t\t\t\t\t<a href=\"https:\/\/metropoliagzm.pl\/en\/2026\/03\/31\/metropolia-sprawdzila-nowe-autobusy-elektryczne-hiszpanskie-pojazdy-trafia-do-czterech-operatorow\/\">\r\n        \t\t\t\t\t\t\t\t\t<h5 class=\"post-title\">\r\n        \t\t\t\t\t\t\t\t\t\tMetropolia sprawdzi\u0142a nowe autobusy elektryczne. Hiszpa\u0144skie pojazdy trafi\u0105 do czterech operator\u00f3w        \t\t\t\t\t\t\t\t\t<\/h5>\r\n        \t\t\t\t\t\t\t\t<\/a>\r\n        \t\t\t\t\t\t\t\t\r\n            \t\t\t\t\t\t<\/div>\r\n\r\n                                                                \r\n\r\n                                                \r\n                        <\/div>\r\n                        <!--                             <div class=\"widget-slide-arrows sh-carousel-buttons-styling\"><\/div>\r\n                         -->\r\n            \t\t<\/div>\r\n\r\n                \t<\/div>\r\n    \r\n<\/div>\r\n<\/div><\/div>\n\t\t<\/div>\n\t<\/div>\n<\/div><\/div><\/div><\/div>\n<div class=\"post-author\" style=\"font-size:13px\">j.s.<\/div><\/div><\/div>","protected":false},"excerpt":{"rendered":"<p>Micha\u0142 Nowak<\/p>","protected":false},"author":157,"featured_media":0,"parent":0,"menu_order":0,"comment_status":"closed","ping_status":"closed","template":"","meta":{"_acf_changed":false,"footnotes":""},"class_list":["post-45685","page","type-page","status-publish","hentry"],"acf":[],"yoast_head":"<!-- This site is optimized with the Yoast SEO plugin v27.3 - https:\/\/yoast.com\/product\/yoast-seo-wordpress\/ -->\n<title>Zg\u0142aszanie nieprawid\u0142owo\u015bci i nadu\u017cy\u0107 - Metropolia GZM<\/title>\n<meta name=\"robots\" content=\"index, follow, max-snippet:-1, max-image-preview:large, max-video-preview:-1\" \/>\n<link rel=\"canonical\" href=\"https:\/\/metropoliagzm.pl\/en\/zglaszanie-nieprawidlowosci-i-naduzyc\/\" \/>\n<meta name=\"twitter:card\" content=\"summary_large_image\" \/>\n<meta name=\"twitter:title\" content=\"Zg\u0142aszanie nieprawid\u0142owo\u015bci i nadu\u017cy\u0107 - Metropolia GZM\" \/>\n<meta name=\"twitter:description\" content=\"Micha\u0142 Nowak\" \/>\n<meta name=\"twitter:label1\" content=\"Estimated reading time\" \/>\n\t<meta name=\"twitter:data1\" content=\"1 minute\" \/>\n<script type=\"application\/ld+json\" class=\"yoast-schema-graph\">{\"@context\":\"https:\\\/\\\/schema.org\",\"@graph\":[{\"@type\":\"WebPage\",\"@id\":\"https:\\\/\\\/metropoliagzm.pl\\\/zglaszanie-nieprawidlowosci-i-naduzyc\\\/\",\"url\":\"https:\\\/\\\/metropoliagzm.pl\\\/zglaszanie-nieprawidlowosci-i-naduzyc\\\/\",\"name\":\"Zg\u0142aszanie nieprawid\u0142owo\u015bci i nadu\u017cy\u0107 - Metropolia GZM\",\"isPartOf\":{\"@id\":\"https:\\\/\\\/metropoliagzm.pl\\\/en\\\/#website\"},\"datePublished\":\"2025-01-09T10:41:10+00:00\",\"dateModified\":\"2025-09-22T11:25:45+00:00\",\"breadcrumb\":{\"@id\":\"https:\\\/\\\/metropoliagzm.pl\\\/zglaszanie-nieprawidlowosci-i-naduzyc\\\/#breadcrumb\"},\"inLanguage\":\"en-GB\",\"potentialAction\":[{\"@type\":\"ReadAction\",\"target\":[\"https:\\\/\\\/metropoliagzm.pl\\\/zglaszanie-nieprawidlowosci-i-naduzyc\\\/\"]}]},{\"@type\":\"BreadcrumbList\",\"@id\":\"https:\\\/\\\/metropoliagzm.pl\\\/zglaszanie-nieprawidlowosci-i-naduzyc\\\/#breadcrumb\",\"itemListElement\":[{\"@type\":\"ListItem\",\"position\":1,\"name\":\"Strona g\u0142\u00f3wna\",\"item\":\"https:\\\/\\\/metropoliagzm.pl\\\/\"},{\"@type\":\"ListItem\",\"position\":2,\"name\":\"Zg\u0142aszanie nieprawid\u0142owo\u015bci i nadu\u017cy\u0107\"}]},{\"@type\":\"WebSite\",\"@id\":\"https:\\\/\\\/metropoliagzm.pl\\\/en\\\/#website\",\"url\":\"https:\\\/\\\/metropoliagzm.pl\\\/en\\\/\",\"name\":\"Metropolia GZM\",\"description\":\"Oficjalny portal G\u00f3rno\u015bl\u0105sko-Zag\u0142\u0119biowskiej Metropolii\",\"publisher\":{\"@id\":\"https:\\\/\\\/metropoliagzm.pl\\\/en\\\/#organization\"},\"potentialAction\":[{\"@type\":\"SearchAction\",\"target\":{\"@type\":\"EntryPoint\",\"urlTemplate\":\"https:\\\/\\\/metropoliagzm.pl\\\/en\\\/?s={search_term_string}\"},\"query-input\":{\"@type\":\"PropertyValueSpecification\",\"valueRequired\":true,\"valueName\":\"search_term_string\"}}],\"inLanguage\":\"en-GB\"},{\"@type\":\"Organization\",\"@id\":\"https:\\\/\\\/metropoliagzm.pl\\\/en\\\/#organization\",\"name\":\"Metropolia GZM\",\"url\":\"https:\\\/\\\/metropoliagzm.pl\\\/en\\\/\",\"logo\":{\"@type\":\"ImageObject\",\"inLanguage\":\"en-GB\",\"@id\":\"https:\\\/\\\/metropoliagzm.pl\\\/en\\\/#\\\/schema\\\/logo\\\/image\\\/\",\"url\":\"https:\\\/\\\/metropoliagzm.pl\\\/wp-content\\\/uploads\\\/2019\\\/03\\\/Sygnet-strona-glowna.png\",\"contentUrl\":\"https:\\\/\\\/metropoliagzm.pl\\\/wp-content\\\/uploads\\\/2019\\\/03\\\/Sygnet-strona-glowna.png\",\"width\":36,\"height\":45,\"caption\":\"Metropolia GZM\"},\"image\":{\"@id\":\"https:\\\/\\\/metropoliagzm.pl\\\/en\\\/#\\\/schema\\\/logo\\\/image\\\/\"}}]}<\/script>\n<!-- \/ Yoast SEO plugin. -->","yoast_head_json":{"title":"Zg\u0142aszanie nieprawid\u0142owo\u015bci i nadu\u017cy\u0107 - Metropolia GZM","robots":{"index":"index","follow":"follow","max-snippet":"max-snippet:-1","max-image-preview":"max-image-preview:large","max-video-preview":"max-video-preview:-1"},"canonical":"https:\/\/metropoliagzm.pl\/en\/zglaszanie-nieprawidlowosci-i-naduzyc\/","twitter_card":"summary_large_image","twitter_title":"Zg\u0142aszanie nieprawid\u0142owo\u015bci i nadu\u017cy\u0107 - Metropolia GZM","twitter_description":"Micha\u0142 Nowak","twitter_misc":{"Estimated reading time":"1 minute"},"schema":{"@context":"https:\/\/schema.org","@graph":[{"@type":"WebPage","@id":"https:\/\/metropoliagzm.pl\/zglaszanie-nieprawidlowosci-i-naduzyc\/","url":"https:\/\/metropoliagzm.pl\/zglaszanie-nieprawidlowosci-i-naduzyc\/","name":"Zg\u0142aszanie nieprawid\u0142owo\u015bci i nadu\u017cy\u0107 - Metropolia GZM","isPartOf":{"@id":"https:\/\/metropoliagzm.pl\/en\/#website"},"datePublished":"2025-01-09T10:41:10+00:00","dateModified":"2025-09-22T11:25:45+00:00","breadcrumb":{"@id":"https:\/\/metropoliagzm.pl\/zglaszanie-nieprawidlowosci-i-naduzyc\/#breadcrumb"},"inLanguage":"en-GB","potentialAction":[{"@type":"ReadAction","target":["https:\/\/metropoliagzm.pl\/zglaszanie-nieprawidlowosci-i-naduzyc\/"]}]},{"@type":"BreadcrumbList","@id":"https:\/\/metropoliagzm.pl\/zglaszanie-nieprawidlowosci-i-naduzyc\/#breadcrumb","itemListElement":[{"@type":"ListItem","position":1,"name":"Strona g\u0142\u00f3wna","item":"https:\/\/metropoliagzm.pl\/"},{"@type":"ListItem","position":2,"name":"Zg\u0142aszanie nieprawid\u0142owo\u015bci i nadu\u017cy\u0107"}]},{"@type":"WebSite","@id":"https:\/\/metropoliagzm.pl\/en\/#website","url":"https:\/\/metropoliagzm.pl\/en\/","name":"Metropolia GZM","description":"Oficjalny portal G\u00f3rno\u015bl\u0105sko-Zag\u0142\u0119biowskiej Metropolii","publisher":{"@id":"https:\/\/metropoliagzm.pl\/en\/#organization"},"potentialAction":[{"@type":"SearchAction","target":{"@type":"EntryPoint","urlTemplate":"https:\/\/metropoliagzm.pl\/en\/?s={search_term_string}"},"query-input":{"@type":"PropertyValueSpecification","valueRequired":true,"valueName":"search_term_string"}}],"inLanguage":"en-GB"},{"@type":"Organization","@id":"https:\/\/metropoliagzm.pl\/en\/#organization","name":"Metropolia GZM","url":"https:\/\/metropoliagzm.pl\/en\/","logo":{"@type":"ImageObject","inLanguage":"en-GB","@id":"https:\/\/metropoliagzm.pl\/en\/#\/schema\/logo\/image\/","url":"https:\/\/metropoliagzm.pl\/wp-content\/uploads\/2019\/03\/Sygnet-strona-glowna.png","contentUrl":"https:\/\/metropoliagzm.pl\/wp-content\/uploads\/2019\/03\/Sygnet-strona-glowna.png","width":36,"height":45,"caption":"Metropolia GZM"},"image":{"@id":"https:\/\/metropoliagzm.pl\/en\/#\/schema\/logo\/image\/"}}]}},"_links":{"self":[{"href":"https:\/\/metropoliagzm.pl\/en\/wp-json\/wp\/v2\/pages\/45685","targetHints":{"allow":["GET"]}}],"collection":[{"href":"https:\/\/metropoliagzm.pl\/en\/wp-json\/wp\/v2\/pages"}],"about":[{"href":"https:\/\/metropoliagzm.pl\/en\/wp-json\/wp\/v2\/types\/page"}],"author":[{"embeddable":true,"href":"https:\/\/metropoliagzm.pl\/en\/wp-json\/wp\/v2\/users\/157"}],"replies":[{"embeddable":true,"href":"https:\/\/metropoliagzm.pl\/en\/wp-json\/wp\/v2\/comments?post=45685"}],"version-history":[{"count":4,"href":"https:\/\/metropoliagzm.pl\/en\/wp-json\/wp\/v2\/pages\/45685\/revisions"}],"predecessor-version":[{"id":47252,"href":"https:\/\/metropoliagzm.pl\/en\/wp-json\/wp\/v2\/pages\/45685\/revisions\/47252"}],"wp:attachment":[{"href":"https:\/\/metropoliagzm.pl\/en\/wp-json\/wp\/v2\/media?parent=45685"}],"curies":[{"name":"wp","href":"https:\/\/api.w.org\/{rel}","templated":true}]}}